{"id":11192,"date":"2025-11-14T18:46:47","date_gmt":"2025-11-14T18:46:47","guid":{"rendered":"https:\/\/livrariasolmar.pt\/?post_type=product&#038;p=11192"},"modified":"2026-02-08T17:58:35","modified_gmt":"2026-02-08T17:58:35","slug":"travalengas-a-dobrar-trava-linguas-e-lengalengas","status":"publish","type":"product","link":"https:\/\/livrariasolmar.pt\/en\/produto\/travalengas-a-dobrar-trava-linguas-e-lengalengas\/","title":{"rendered":"Travalengas a Dobrar: Trava-l\u00ednguas e Lengalengas"},"content":{"rendered":"","protected":false},"excerpt":{"rendered":"<p>N\u00e3o \u00e9 preciso saber<br \/>\nLer a correr<br \/>\nE escrever sem errar.<br \/>\nMas \u00e9 preciso contar<br \/>\nQue, para poderes viajar<br \/>\nCom as letras engasgadas<br \/>\nE as palavras engra\u00e7adas,<br \/>\n\u00c9 bom gostar de cantar,<br \/>\nE \u00e9 melhor saber sonhar.<br \/>\nS\u00f3 assim podes sentir<br \/>\nComo \u00e9 t\u00e3o bom sorrir,<br \/>\nNo comboio das brincadeiras,<br \/>\nCom as palavras viageiras.<br \/>\nQueres vir experimentar?<br \/>\nEnt\u00e3o est\u00e1 bem,<br \/>\npodes entrar!<\/p>\n","protected":false},"author":2,"featured_media":11193,"template":"","meta":[],"product_cat":[172],"product_tag":[],"cat_produtos":[],"yoast_head":"<!-- This site is optimized with the Yoast SEO plugin v16.6 - https:\/\/yoast.com\/wordpress\/plugins\/seo\/ -->\n<title>Travalengas a Dobrar: Trava-l\u00ednguas e Lengalengas - Livraria Solmar - Livraria online<\/title>\n<meta name=\"robots\" content=\"index, follow, max-snippet:-1, max-image-preview:large, max-video-preview:-1\" \/>\n<link rel=\"canonical\" href=\"https:\/\/livrariasolmar.pt\/en\/produto\/travalengas-a-dobrar-trava-linguas-e-lengalengas\/\" \/>\n<meta property=\"og:locale\" content=\"en_US\" \/>\n<meta property=\"og:type\" content=\"article\" \/>\n<meta property=\"og:title\" content=\"Travalengas a Dobrar: Trava-l\u00ednguas e Lengalengas - Livraria Solmar - Livraria online\" \/>\n<meta property=\"og:description\" content=\"N\u00e3o \u00e9 preciso saber Ler a correr E escrever sem errar. Mas \u00e9 preciso contar Que, para poderes viajar Com as letras engasgadas E as palavras engra\u00e7adas, \u00c9 bom gostar de cantar, E \u00e9 melhor saber sonhar. S\u00f3 assim podes sentir Como \u00e9 t\u00e3o bom sorrir, No comboio das brincadeiras, Com as palavras viageiras. Queres vir experimentar? Ent\u00e3o est\u00e1 bem, podes entrar!\" \/>\n<meta property=\"og:url\" content=\"https:\/\/livrariasolmar.pt\/produto\/travalengas-a-dobrar-trava-linguas-e-lengalengas\/\" \/>\n<meta property=\"og:site_name\" content=\"Livraria Solmar - Livraria online\" \/>\n<meta property=\"article:modified_time\" content=\"2026-02-08T17:58:35+00:00\" \/>\n<meta property=\"og:image\" content=\"https:\/\/livrariasolmar.pt\/wp-content\/uploads\/2025\/11\/Travalengas-a-Dobrar.jpg\" \/>\n\t<meta property=\"og:image:width\" content=\"340\" \/>\n\t<meta property=\"og:image:height\" content=\"340\" \/>\n<meta name=\"twitter:card\" content=\"summary_large_image\" \/>\n<script type=\"application\/ld+json\" class=\"yoast-schema-graph\">{\"@context\":\"https:\/\/schema.org\",\"@graph\":[{\"@type\":\"WebSite\",\"@id\":\"https:\/\/livrariasolmar.pt\/#website\",\"url\":\"https:\/\/livrariasolmar.pt\/\",\"name\":\"Livraria Solmar - Livraria online\",\"description\":\"Com\\u00e9rcio Livros E Objetos De Arte, Lda - Ponta Delgada, A\\u00e7ores\",\"potentialAction\":[{\"@type\":\"SearchAction\",\"target\":{\"@type\":\"EntryPoint\",\"urlTemplate\":\"https:\/\/livrariasolmar.pt\/?s={search_term_string}\"},\"query-input\":\"required name=search_term_string\"}],\"inLanguage\":\"en-US\"},{\"@type\":\"ImageObject\",\"@id\":\"https:\/\/livrariasolmar.pt\/produto\/travalengas-a-dobrar-trava-linguas-e-lengalengas\/#primaryimage\",\"inLanguage\":\"en-US\",\"url\":\"https:\/\/livrariasolmar.pt\/wp-content\/uploads\/2025\/11\/Travalengas-a-Dobrar.jpg\",\"contentUrl\":\"https:\/\/livrariasolmar.pt\/wp-content\/uploads\/2025\/11\/Travalengas-a-Dobrar.jpg\",\"width\":340,\"height\":340},{\"@type\":\"WebPage\",\"@id\":\"https:\/\/livrariasolmar.pt\/produto\/travalengas-a-dobrar-trava-linguas-e-lengalengas\/#webpage\",\"url\":\"https:\/\/livrariasolmar.pt\/produto\/travalengas-a-dobrar-trava-linguas-e-lengalengas\/\",\"name\":\"Travalengas a Dobrar: Trava-l\\u00ednguas e Lengalengas - Livraria Solmar - Livraria online\",\"isPartOf\":{\"@id\":\"https:\/\/livrariasolmar.pt\/#website\"},\"primaryImageOfPage\":{\"@id\":\"https:\/\/livrariasolmar.pt\/produto\/travalengas-a-dobrar-trava-linguas-e-lengalengas\/#primaryimage\"},\"datePublished\":\"2025-11-14T18:46:47+00:00\",\"dateModified\":\"2026-02-08T17:58:35+00:00\",\"breadcrumb\":{\"@id\":\"https:\/\/livrariasolmar.pt\/produto\/travalengas-a-dobrar-trava-linguas-e-lengalengas\/#breadcrumb\"},\"inLanguage\":\"en-US\",\"potentialAction\":[{\"@type\":\"ReadAction\",\"target\":[\"https:\/\/livrariasolmar.pt\/produto\/travalengas-a-dobrar-trava-linguas-e-lengalengas\/\"]}]},{\"@type\":\"BreadcrumbList\",\"@id\":\"https:\/\/livrariasolmar.pt\/produto\/travalengas-a-dobrar-trava-linguas-e-lengalengas\/#breadcrumb\",\"itemListElement\":[{\"@type\":\"ListItem\",\"position\":1,\"name\":\"In\\u00edcio\",\"item\":\"https:\/\/livrariasolmar.pt\/en\/\"},{\"@type\":\"ListItem\",\"position\":2,\"name\":\"Shop\",\"item\":\"https:\/\/livrariasolmar.pt\/en\/shop\/\"},{\"@type\":\"ListItem\",\"position\":3,\"name\":\"Travalengas a Dobrar: Trava-l\\u00ednguas e Lengalengas\"}]}]}<\/script>\n<!-- \/ Yoast SEO plugin. -->","_links":{"self":[{"href":"https:\/\/livrariasolmar.pt\/en\/wp-json\/wp\/v2\/product\/11192"}],"collection":[{"href":"https:\/\/livrariasolmar.pt\/en\/wp-json\/wp\/v2\/product"}],"about":[{"href":"https:\/\/livrariasolmar.pt\/en\/wp-json\/wp\/v2\/types\/product"}],"author":[{"embeddable":true,"href":"https:\/\/livrariasolmar.pt\/en\/wp-json\/wp\/v2\/users\/2"}],"wp:featuredmedia":[{"embeddable":true,"href":"https:\/\/livrariasolmar.pt\/en\/wp-json\/wp\/v2\/media\/11193"}],"wp:attachment":[{"href":"https:\/\/livrariasolmar.pt\/en\/wp-json\/wp\/v2\/media?parent=11192"}],"wp:term":[{"taxonomy":"product_cat","embeddable":true,"href":"https:\/\/livrariasolmar.pt\/en\/wp-json\/wp\/v2\/product_cat?post=11192"},{"taxonomy":"product_tag","embeddable":true,"href":"https:\/\/livrariasolmar.pt\/en\/wp-json\/wp\/v2\/product_tag?post=11192"},{"taxonomy":"cat_produtos","embeddable":true,"href":"https:\/\/livrariasolmar.pt\/en\/wp-json\/wp\/v2\/cat_produtos?post=11192"}],"curies":[{"name":"wp","href":"https:\/\/api.w.org\/{rel}","templated":true}]}}