{"id":11198,"date":"2025-11-14T19:01:08","date_gmt":"2025-11-14T19:01:08","guid":{"rendered":"https:\/\/livrariasolmar.pt\/?post_type=product&#038;p=11198"},"modified":"2025-12-13T14:38:44","modified_gmt":"2025-12-13T14:38:44","slug":"juntos-conseguimos","status":"publish","type":"product","link":"https:\/\/livrariasolmar.pt\/en\/produto\/juntos-conseguimos\/","title":{"rendered":"Juntos Conseguimos!"},"content":{"rendered":"","protected":false},"excerpt":{"rendered":"<p>Era uma vez uma abelha preocupada por n\u00e3o saber voar. At\u00e9 que chegou o dia em que se viu numa grande afli\u00e7\u00e3o\u2026 e, por causa de um amigo, arranjou a solu\u00e7\u00e3o!<\/p>\n<p>A Bizi \u00e9 uma abelhinha que se sente demasiado assustada para voar, por isso prefere caminhar. Ela quer visitar as flores, mas tem receio de que as suas asinhas n\u00e3o sejam suficientemente fortes\u2026 e de se perder\u2026 e, pior ainda, de cair.<\/p>\n<p>Ser\u00e1 que, com a motiva\u00e7\u00e3o certa, a Bizi vai ganhar coragem para tentar?<\/p>\n<p>Uma hist\u00f3ria reconfortante sobre valentia e \u00e2nimo.<\/p>\n","protected":false},"author":2,"featured_media":11199,"template":"","meta":[],"product_cat":[172],"product_tag":[],"cat_produtos":[],"yoast_head":"<!-- This site is optimized with the Yoast SEO plugin v16.6 - https:\/\/yoast.com\/wordpress\/plugins\/seo\/ -->\n<title>Juntos Conseguimos! - Livraria Solmar - Livraria online<\/title>\n<meta name=\"robots\" content=\"index, follow, max-snippet:-1, max-image-preview:large, max-video-preview:-1\" \/>\n<link rel=\"canonical\" href=\"https:\/\/livrariasolmar.pt\/en\/produto\/juntos-conseguimos\/\" \/>\n<meta property=\"og:locale\" content=\"en_US\" \/>\n<meta property=\"og:type\" content=\"article\" \/>\n<meta property=\"og:title\" content=\"Juntos Conseguimos! - Livraria Solmar - Livraria online\" \/>\n<meta property=\"og:description\" content=\"Era uma vez uma abelha preocupada por n\u00e3o saber voar. At\u00e9 que chegou o dia em que se viu numa grande afli\u00e7\u00e3o\u2026 e, por causa de um amigo, arranjou a solu\u00e7\u00e3o!  A Bizi \u00e9 uma abelhinha que se sente demasiado assustada para voar, por isso prefere caminhar. Ela quer visitar as flores, mas tem receio de que as suas asinhas n\u00e3o sejam suficientemente fortes\u2026 e de se perder\u2026 e, pior ainda, de cair.  Ser\u00e1 que, com a motiva\u00e7\u00e3o certa, a Bizi vai ganhar coragem para tentar?  Uma hist\u00f3ria reconfortante sobre valentia e \u00e2nimo.\" \/>\n<meta property=\"og:url\" content=\"https:\/\/livrariasolmar.pt\/produto\/juntos-conseguimos\/\" \/>\n<meta property=\"og:site_name\" content=\"Livraria Solmar - Livraria online\" \/>\n<meta property=\"article:modified_time\" content=\"2025-12-13T14:38:44+00:00\" \/>\n<meta property=\"og:image\" content=\"https:\/\/livrariasolmar.pt\/wp-content\/uploads\/2025\/11\/1540-1-50.jpg\" \/>\n\t<meta property=\"og:image:width\" content=\"340\" \/>\n\t<meta property=\"og:image:height\" content=\"340\" \/>\n<meta name=\"twitter:card\" content=\"summary_large_image\" \/>\n<script type=\"application\/ld+json\" class=\"yoast-schema-graph\">{\"@context\":\"https:\/\/schema.org\",\"@graph\":[{\"@type\":\"WebSite\",\"@id\":\"https:\/\/livrariasolmar.pt\/#website\",\"url\":\"https:\/\/livrariasolmar.pt\/\",\"name\":\"Livraria Solmar - Livraria online\",\"description\":\"Com\\u00e9rcio Livros E Objetos De Arte, Lda - Ponta Delgada, A\\u00e7ores\",\"potentialAction\":[{\"@type\":\"SearchAction\",\"target\":{\"@type\":\"EntryPoint\",\"urlTemplate\":\"https:\/\/livrariasolmar.pt\/?s={search_term_string}\"},\"query-input\":\"required name=search_term_string\"}],\"inLanguage\":\"en-US\"},{\"@type\":\"ImageObject\",\"@id\":\"https:\/\/livrariasolmar.pt\/produto\/juntos-conseguimos\/#primaryimage\",\"inLanguage\":\"en-US\",\"url\":\"https:\/\/livrariasolmar.pt\/wp-content\/uploads\/2025\/11\/1540-1-50.jpg\",\"contentUrl\":\"https:\/\/livrariasolmar.pt\/wp-content\/uploads\/2025\/11\/1540-1-50.jpg\",\"width\":340,\"height\":340},{\"@type\":\"WebPage\",\"@id\":\"https:\/\/livrariasolmar.pt\/produto\/juntos-conseguimos\/#webpage\",\"url\":\"https:\/\/livrariasolmar.pt\/produto\/juntos-conseguimos\/\",\"name\":\"Juntos Conseguimos! - Livraria Solmar - Livraria online\",\"isPartOf\":{\"@id\":\"https:\/\/livrariasolmar.pt\/#website\"},\"primaryImageOfPage\":{\"@id\":\"https:\/\/livrariasolmar.pt\/produto\/juntos-conseguimos\/#primaryimage\"},\"datePublished\":\"2025-11-14T19:01:08+00:00\",\"dateModified\":\"2025-12-13T14:38:44+00:00\",\"breadcrumb\":{\"@id\":\"https:\/\/livrariasolmar.pt\/produto\/juntos-conseguimos\/#breadcrumb\"},\"inLanguage\":\"en-US\",\"potentialAction\":[{\"@type\":\"ReadAction\",\"target\":[\"https:\/\/livrariasolmar.pt\/produto\/juntos-conseguimos\/\"]}]},{\"@type\":\"BreadcrumbList\",\"@id\":\"https:\/\/livrariasolmar.pt\/produto\/juntos-conseguimos\/#breadcrumb\",\"itemListElement\":[{\"@type\":\"ListItem\",\"position\":1,\"name\":\"In\\u00edcio\",\"item\":\"https:\/\/livrariasolmar.pt\/en\/\"},{\"@type\":\"ListItem\",\"position\":2,\"name\":\"Shop\",\"item\":\"https:\/\/livrariasolmar.pt\/en\/shop\/\"},{\"@type\":\"ListItem\",\"position\":3,\"name\":\"Juntos Conseguimos!\"}]}]}<\/script>\n<!-- \/ Yoast SEO plugin. -->","_links":{"self":[{"href":"https:\/\/livrariasolmar.pt\/en\/wp-json\/wp\/v2\/product\/11198"}],"collection":[{"href":"https:\/\/livrariasolmar.pt\/en\/wp-json\/wp\/v2\/product"}],"about":[{"href":"https:\/\/livrariasolmar.pt\/en\/wp-json\/wp\/v2\/types\/product"}],"author":[{"embeddable":true,"href":"https:\/\/livrariasolmar.pt\/en\/wp-json\/wp\/v2\/users\/2"}],"wp:featuredmedia":[{"embeddable":true,"href":"https:\/\/livrariasolmar.pt\/en\/wp-json\/wp\/v2\/media\/11199"}],"wp:attachment":[{"href":"https:\/\/livrariasolmar.pt\/en\/wp-json\/wp\/v2\/media?parent=11198"}],"wp:term":[{"taxonomy":"product_cat","embeddable":true,"href":"https:\/\/livrariasolmar.pt\/en\/wp-json\/wp\/v2\/product_cat?post=11198"},{"taxonomy":"product_tag","embeddable":true,"href":"https:\/\/livrariasolmar.pt\/en\/wp-json\/wp\/v2\/product_tag?post=11198"},{"taxonomy":"cat_produtos","embeddable":true,"href":"https:\/\/livrariasolmar.pt\/en\/wp-json\/wp\/v2\/cat_produtos?post=11198"}],"curies":[{"name":"wp","href":"https:\/\/api.w.org\/{rel}","templated":true}]}}