{"id":11201,"date":"2025-11-14T19:04:47","date_gmt":"2025-11-14T19:04:47","guid":{"rendered":"https:\/\/livrariasolmar.pt\/?post_type=product&#038;p=11201"},"modified":"2026-02-08T17:58:08","modified_gmt":"2026-02-08T17:58:08","slug":"como-e-que-um-caracol-foge-de-casa","status":"publish","type":"product","link":"https:\/\/livrariasolmar.pt\/en\/produto\/como-e-que-um-caracol-foge-de-casa\/","title":{"rendered":"Como \u00e9 que um Caracol Foge de Casa?"},"content":{"rendered":"","protected":false},"excerpt":{"rendered":"<p>Depois de\u00a0<i>Cor de Margarida<\/i>, Capicua apresenta uma nova hist\u00f3ria para os mais pequenos.<\/p>\n<p>O caracol est\u00e1 cansado de ter a casa \u00e0s costas. Gostava de ser \u00e1gil e de se libertar do peso da carapa\u00e7a. Mas como \u00e9 que um caracol foge de casa?<\/p>\n<p>Exasperado, decide tirar pelo menos umas f\u00e9rias e ir \u00e0 praia visitar os primos. Pelo caminho, vai tentando fazer amigos, mas percebe que anda tudo demasiado ocupado com o t\u00e3o falado problema da habita\u00e7\u00e3o.<\/p>\n","protected":false},"author":2,"featured_media":11202,"template":"","meta":[],"product_cat":[172],"product_tag":[],"cat_produtos":[],"yoast_head":"<!-- This site is optimized with the Yoast SEO plugin v16.6 - https:\/\/yoast.com\/wordpress\/plugins\/seo\/ -->\n<title>Como \u00e9 que um Caracol Foge de Casa? - Livraria Solmar - Livraria online<\/title>\n<meta name=\"robots\" content=\"index, follow, max-snippet:-1, max-image-preview:large, max-video-preview:-1\" \/>\n<link rel=\"canonical\" href=\"https:\/\/livrariasolmar.pt\/en\/produto\/como-e-que-um-caracol-foge-de-casa\/\" \/>\n<meta property=\"og:locale\" content=\"en_US\" \/>\n<meta property=\"og:type\" content=\"article\" \/>\n<meta property=\"og:title\" content=\"Como \u00e9 que um Caracol Foge de Casa? - Livraria Solmar - Livraria online\" \/>\n<meta property=\"og:description\" content=\"Depois de\u00a0Cor de Margarida, Capicua apresenta uma nova hist\u00f3ria para os mais pequenos.  O caracol est\u00e1 cansado de ter a casa \u00e0s costas. Gostava de ser \u00e1gil e de se libertar do peso da carapa\u00e7a. Mas como \u00e9 que um caracol foge de casa?  Exasperado, decide tirar pelo menos umas f\u00e9rias e ir \u00e0 praia visitar os primos. Pelo caminho, vai tentando fazer amigos, mas percebe que anda tudo demasiado ocupado com o t\u00e3o falado problema da habita\u00e7\u00e3o.\" \/>\n<meta property=\"og:url\" content=\"https:\/\/livrariasolmar.pt\/produto\/como-e-que-um-caracol-foge-de-casa\/\" \/>\n<meta property=\"og:site_name\" content=\"Livraria Solmar - Livraria online\" \/>\n<meta property=\"article:modified_time\" content=\"2026-02-08T17:58:08+00:00\" \/>\n<meta property=\"og:image\" content=\"https:\/\/livrariasolmar.pt\/wp-content\/uploads\/2025\/11\/1540-1-51.jpg\" \/>\n\t<meta property=\"og:image:width\" content=\"340\" \/>\n\t<meta property=\"og:image:height\" content=\"340\" \/>\n<meta name=\"twitter:card\" content=\"summary_large_image\" \/>\n<script type=\"application\/ld+json\" class=\"yoast-schema-graph\">{\"@context\":\"https:\/\/schema.org\",\"@graph\":[{\"@type\":\"WebSite\",\"@id\":\"https:\/\/livrariasolmar.pt\/#website\",\"url\":\"https:\/\/livrariasolmar.pt\/\",\"name\":\"Livraria Solmar - Livraria online\",\"description\":\"Com\\u00e9rcio Livros E Objetos De Arte, Lda - Ponta Delgada, A\\u00e7ores\",\"potentialAction\":[{\"@type\":\"SearchAction\",\"target\":{\"@type\":\"EntryPoint\",\"urlTemplate\":\"https:\/\/livrariasolmar.pt\/?s={search_term_string}\"},\"query-input\":\"required name=search_term_string\"}],\"inLanguage\":\"en-US\"},{\"@type\":\"ImageObject\",\"@id\":\"https:\/\/livrariasolmar.pt\/produto\/como-e-que-um-caracol-foge-de-casa\/#primaryimage\",\"inLanguage\":\"en-US\",\"url\":\"https:\/\/livrariasolmar.pt\/wp-content\/uploads\/2025\/11\/1540-1-51.jpg\",\"contentUrl\":\"https:\/\/livrariasolmar.pt\/wp-content\/uploads\/2025\/11\/1540-1-51.jpg\",\"width\":340,\"height\":340},{\"@type\":\"WebPage\",\"@id\":\"https:\/\/livrariasolmar.pt\/produto\/como-e-que-um-caracol-foge-de-casa\/#webpage\",\"url\":\"https:\/\/livrariasolmar.pt\/produto\/como-e-que-um-caracol-foge-de-casa\/\",\"name\":\"Como \\u00e9 que um Caracol Foge de Casa? - Livraria Solmar - Livraria online\",\"isPartOf\":{\"@id\":\"https:\/\/livrariasolmar.pt\/#website\"},\"primaryImageOfPage\":{\"@id\":\"https:\/\/livrariasolmar.pt\/produto\/como-e-que-um-caracol-foge-de-casa\/#primaryimage\"},\"datePublished\":\"2025-11-14T19:04:47+00:00\",\"dateModified\":\"2026-02-08T17:58:08+00:00\",\"breadcrumb\":{\"@id\":\"https:\/\/livrariasolmar.pt\/produto\/como-e-que-um-caracol-foge-de-casa\/#breadcrumb\"},\"inLanguage\":\"en-US\",\"potentialAction\":[{\"@type\":\"ReadAction\",\"target\":[\"https:\/\/livrariasolmar.pt\/produto\/como-e-que-um-caracol-foge-de-casa\/\"]}]},{\"@type\":\"BreadcrumbList\",\"@id\":\"https:\/\/livrariasolmar.pt\/produto\/como-e-que-um-caracol-foge-de-casa\/#breadcrumb\",\"itemListElement\":[{\"@type\":\"ListItem\",\"position\":1,\"name\":\"In\\u00edcio\",\"item\":\"https:\/\/livrariasolmar.pt\/en\/\"},{\"@type\":\"ListItem\",\"position\":2,\"name\":\"Shop\",\"item\":\"https:\/\/livrariasolmar.pt\/en\/shop\/\"},{\"@type\":\"ListItem\",\"position\":3,\"name\":\"Como \\u00e9 que um Caracol Foge de Casa?\"}]}]}<\/script>\n<!-- \/ Yoast SEO plugin. -->","_links":{"self":[{"href":"https:\/\/livrariasolmar.pt\/en\/wp-json\/wp\/v2\/product\/11201"}],"collection":[{"href":"https:\/\/livrariasolmar.pt\/en\/wp-json\/wp\/v2\/product"}],"about":[{"href":"https:\/\/livrariasolmar.pt\/en\/wp-json\/wp\/v2\/types\/product"}],"author":[{"embeddable":true,"href":"https:\/\/livrariasolmar.pt\/en\/wp-json\/wp\/v2\/users\/2"}],"wp:featuredmedia":[{"embeddable":true,"href":"https:\/\/livrariasolmar.pt\/en\/wp-json\/wp\/v2\/media\/11202"}],"wp:attachment":[{"href":"https:\/\/livrariasolmar.pt\/en\/wp-json\/wp\/v2\/media?parent=11201"}],"wp:term":[{"taxonomy":"product_cat","embeddable":true,"href":"https:\/\/livrariasolmar.pt\/en\/wp-json\/wp\/v2\/product_cat?post=11201"},{"taxonomy":"product_tag","embeddable":true,"href":"https:\/\/livrariasolmar.pt\/en\/wp-json\/wp\/v2\/product_tag?post=11201"},{"taxonomy":"cat_produtos","embeddable":true,"href":"https:\/\/livrariasolmar.pt\/en\/wp-json\/wp\/v2\/cat_produtos?post=11201"}],"curies":[{"name":"wp","href":"https:\/\/api.w.org\/{rel}","templated":true}]}}