{"id":11210,"date":"2025-11-14T19:43:45","date_gmt":"2025-11-14T19:43:45","guid":{"rendered":"https:\/\/livrariasolmar.pt\/?post_type=product&#038;p=11210"},"modified":"2025-12-03T18:52:45","modified_gmt":"2025-12-03T18:52:45","slug":"nunca-fiques-onde-ja-nao-estas","status":"publish","type":"product","link":"https:\/\/livrariasolmar.pt\/en\/produto\/nunca-fiques-onde-ja-nao-estas\/","title":{"rendered":"Nunca Fiques Onde J\u00e1 N\u00e3o Est\u00e1s"},"content":{"rendered":"","protected":false},"excerpt":{"rendered":"<p>Vivemos num mundo em que se prefere o med\u00edocre, mas familiar e previs\u00edvel, em vez do desconhecido e, quem sabe, potencialmente melhor. O pessimismo e o medo, tantas vezes infundados, levam-nos a ficar demasiado tempo em lugares, pensamentos e rela\u00e7\u00f5es que j\u00e1 n\u00e3o s\u00e3o para n\u00f3s.<\/p>\n<p>Como poderemos n\u00f3s viver de forma leve, se ainda carregamos pesos desnecess\u00e1rios? Como nos ser\u00e1 poss\u00edvel apreciar o presente, se ainda o contemplamos com os olhos do passado? Como conseguiremos n\u00f3s criar uma vida nova, se ainda repetimos padr\u00f5es antigos?<\/p>\n<p>SEM EXPERI\u00caNCIA, N\u00c3O H\u00c1 MATURIDADE. SEM MATURIDADE, N\u00c3O H\u00c1 EVOLU\u00c7\u00c3O.<br \/>\nNingu\u00e9m consegue sem tentar. N\u00e3o basta querer e acreditar, \u00e9 preciso mergulhar no processo individual e partir \u00e0 descoberta de quem realmente somos \u2014 esta \u00e9 a \u00fanica viagem que importa fazer.<br \/>\nPorque n\u00e3o experimentar, de uma vez por todas, amar-nos como gostar\u00edamos que nos amassem? Estamos sempre a tempo de descobrir que somos muito mais do que imaginamos.<br \/>\nAp\u00f3s o \u00eaxito de N\u00e3o Forces, a Vida Flui, Manuel Clemente regressa com novas reflex\u00f5es, hist\u00f3rias in\u00e9ditas e in\u00fameros pensamentos capazes de nos fazer ver a vida como nunca a vimos.<\/p>\n<p>Nunca Fiques Onde J\u00e1 N\u00e3o Est\u00e1s n\u00e3o \u00e9 um guia com solu\u00e7\u00f5es milagrosas nem m\u00e9todos infal\u00edveis. \u00c9 antes uma travessia pelo nosso interior, pelas quest\u00f5es que nos inquietam e pelos bloqueios que nos impedem de viver em paz. Uma partilha profunda e sincera que nos permite tomar consci\u00eancia das mudan\u00e7as que precisamos de fazer.<\/p>\n","protected":false},"author":2,"featured_media":11211,"template":"","meta":[],"product_cat":[173],"product_tag":[],"cat_produtos":[1854],"yoast_head":"<!-- This site is optimized with the Yoast SEO plugin v16.6 - https:\/\/yoast.com\/wordpress\/plugins\/seo\/ -->\n<title>Nunca Fiques Onde J\u00e1 N\u00e3o Est\u00e1s - Livraria Solmar - Livraria online<\/title>\n<meta name=\"robots\" content=\"index, follow, max-snippet:-1, max-image-preview:large, max-video-preview:-1\" \/>\n<link rel=\"canonical\" href=\"https:\/\/livrariasolmar.pt\/en\/produto\/nunca-fiques-onde-ja-nao-estas\/\" \/>\n<meta property=\"og:locale\" content=\"en_US\" \/>\n<meta property=\"og:type\" content=\"article\" \/>\n<meta property=\"og:title\" content=\"Nunca Fiques Onde J\u00e1 N\u00e3o Est\u00e1s - Livraria Solmar - Livraria online\" \/>\n<meta property=\"og:description\" content=\"Vivemos num mundo em que se prefere o med\u00edocre, mas familiar e previs\u00edvel, em vez do desconhecido e, quem sabe, potencialmente melhor. O pessimismo e o medo, tantas vezes infundados, levam-nos a ficar demasiado tempo em lugares, pensamentos e rela\u00e7\u00f5es que j\u00e1 n\u00e3o s\u00e3o para n\u00f3s.  Como poderemos n\u00f3s viver de forma leve, se ainda carregamos pesos desnecess\u00e1rios? Como nos ser\u00e1 poss\u00edvel apreciar o presente, se ainda o contemplamos com os olhos do passado? Como conseguiremos n\u00f3s criar uma vida nova, se ainda repetimos padr\u00f5es antigos?  SEM EXPERI\u00caNCIA, N\u00c3O H\u00c1 MATURIDADE. SEM MATURIDADE, N\u00c3O H\u00c1 EVOLU\u00c7\u00c3O. Ningu\u00e9m consegue sem tentar. N\u00e3o basta querer e acreditar, \u00e9 preciso mergulhar no processo individual e partir \u00e0 descoberta de quem realmente somos \u2014 esta \u00e9 a \u00fanica viagem que importa fazer. Porque n\u00e3o experimentar, de uma vez por todas, amar-nos como gostar\u00edamos que nos amassem? Estamos sempre a tempo de descobrir que somos muito mais do que imaginamos. Ap\u00f3s o \u00eaxito de N\u00e3o Forces, a Vida Flui, Manuel Clemente regressa com novas reflex\u00f5es, hist\u00f3rias in\u00e9ditas e in\u00fameros pensamentos capazes de nos fazer ver a vida como nunca a vimos.  Nunca Fiques Onde J\u00e1 N\u00e3o Est\u00e1s n\u00e3o \u00e9 um guia com solu\u00e7\u00f5es milagrosas nem m\u00e9todos infal\u00edveis. \u00c9 antes uma travessia pelo nosso interior, pelas quest\u00f5es que nos inquietam e pelos bloqueios que nos impedem de viver em paz. Uma partilha profunda e sincera que nos permite tomar consci\u00eancia das mudan\u00e7as que precisamos de fazer.\" \/>\n<meta property=\"og:url\" content=\"https:\/\/livrariasolmar.pt\/produto\/nunca-fiques-onde-ja-nao-estas\/\" \/>\n<meta property=\"og:site_name\" content=\"Livraria Solmar - Livraria online\" \/>\n<meta property=\"article:modified_time\" content=\"2025-12-03T18:52:45+00:00\" \/>\n<meta property=\"og:image\" content=\"https:\/\/livrariasolmar.pt\/wp-content\/uploads\/2025\/11\/1507-1-20.jpg\" \/>\n\t<meta property=\"og:image:width\" content=\"400\" \/>\n\t<meta property=\"og:image:height\" content=\"448\" \/>\n<meta name=\"twitter:card\" content=\"summary_large_image\" \/>\n<script type=\"application\/ld+json\" class=\"yoast-schema-graph\">{\"@context\":\"https:\/\/schema.org\",\"@graph\":[{\"@type\":\"WebSite\",\"@id\":\"https:\/\/livrariasolmar.pt\/#website\",\"url\":\"https:\/\/livrariasolmar.pt\/\",\"name\":\"Livraria Solmar - Livraria online\",\"description\":\"Com\\u00e9rcio Livros E Objetos De Arte, Lda - Ponta Delgada, A\\u00e7ores\",\"potentialAction\":[{\"@type\":\"SearchAction\",\"target\":{\"@type\":\"EntryPoint\",\"urlTemplate\":\"https:\/\/livrariasolmar.pt\/?s={search_term_string}\"},\"query-input\":\"required name=search_term_string\"}],\"inLanguage\":\"en-US\"},{\"@type\":\"ImageObject\",\"@id\":\"https:\/\/livrariasolmar.pt\/produto\/nunca-fiques-onde-ja-nao-estas\/#primaryimage\",\"inLanguage\":\"en-US\",\"url\":\"https:\/\/livrariasolmar.pt\/wp-content\/uploads\/2025\/11\/1507-1-20.jpg\",\"contentUrl\":\"https:\/\/livrariasolmar.pt\/wp-content\/uploads\/2025\/11\/1507-1-20.jpg\",\"width\":400,\"height\":448},{\"@type\":\"WebPage\",\"@id\":\"https:\/\/livrariasolmar.pt\/produto\/nunca-fiques-onde-ja-nao-estas\/#webpage\",\"url\":\"https:\/\/livrariasolmar.pt\/produto\/nunca-fiques-onde-ja-nao-estas\/\",\"name\":\"Nunca Fiques Onde J\\u00e1 N\\u00e3o Est\\u00e1s - Livraria Solmar - Livraria online\",\"isPartOf\":{\"@id\":\"https:\/\/livrariasolmar.pt\/#website\"},\"primaryImageOfPage\":{\"@id\":\"https:\/\/livrariasolmar.pt\/produto\/nunca-fiques-onde-ja-nao-estas\/#primaryimage\"},\"datePublished\":\"2025-11-14T19:43:45+00:00\",\"dateModified\":\"2025-12-03T18:52:45+00:00\",\"breadcrumb\":{\"@id\":\"https:\/\/livrariasolmar.pt\/produto\/nunca-fiques-onde-ja-nao-estas\/#breadcrumb\"},\"inLanguage\":\"en-US\",\"potentialAction\":[{\"@type\":\"ReadAction\",\"target\":[\"https:\/\/livrariasolmar.pt\/produto\/nunca-fiques-onde-ja-nao-estas\/\"]}]},{\"@type\":\"BreadcrumbList\",\"@id\":\"https:\/\/livrariasolmar.pt\/produto\/nunca-fiques-onde-ja-nao-estas\/#breadcrumb\",\"itemListElement\":[{\"@type\":\"ListItem\",\"position\":1,\"name\":\"In\\u00edcio\",\"item\":\"https:\/\/livrariasolmar.pt\/en\/\"},{\"@type\":\"ListItem\",\"position\":2,\"name\":\"Shop\",\"item\":\"https:\/\/livrariasolmar.pt\/en\/shop\/\"},{\"@type\":\"ListItem\",\"position\":3,\"name\":\"Nunca Fiques Onde J\\u00e1 N\\u00e3o Est\\u00e1s\"}]}]}<\/script>\n<!-- \/ Yoast SEO plugin. -->","_links":{"self":[{"href":"https:\/\/livrariasolmar.pt\/en\/wp-json\/wp\/v2\/product\/11210"}],"collection":[{"href":"https:\/\/livrariasolmar.pt\/en\/wp-json\/wp\/v2\/product"}],"about":[{"href":"https:\/\/livrariasolmar.pt\/en\/wp-json\/wp\/v2\/types\/product"}],"author":[{"embeddable":true,"href":"https:\/\/livrariasolmar.pt\/en\/wp-json\/wp\/v2\/users\/2"}],"wp:featuredmedia":[{"embeddable":true,"href":"https:\/\/livrariasolmar.pt\/en\/wp-json\/wp\/v2\/media\/11211"}],"wp:attachment":[{"href":"https:\/\/livrariasolmar.pt\/en\/wp-json\/wp\/v2\/media?parent=11210"}],"wp:term":[{"taxonomy":"product_cat","embeddable":true,"href":"https:\/\/livrariasolmar.pt\/en\/wp-json\/wp\/v2\/product_cat?post=11210"},{"taxonomy":"product_tag","embeddable":true,"href":"https:\/\/livrariasolmar.pt\/en\/wp-json\/wp\/v2\/product_tag?post=11210"},{"taxonomy":"cat_produtos","embeddable":true,"href":"https:\/\/livrariasolmar.pt\/en\/wp-json\/wp\/v2\/cat_produtos?post=11210"}],"curies":[{"name":"wp","href":"https:\/\/api.w.org\/{rel}","templated":true}]}}