{"id":11213,"date":"2025-11-14T19:47:02","date_gmt":"2025-11-14T19:47:02","guid":{"rendered":"https:\/\/livrariasolmar.pt\/?post_type=product&#038;p=11213"},"modified":"2026-02-08T17:57:58","modified_gmt":"2026-02-08T17:57:58","slug":"reiki-para-a-ansiedade","status":"publish","type":"product","link":"https:\/\/livrariasolmar.pt\/en\/produto\/reiki-para-a-ansiedade\/","title":{"rendered":"Reiki para a Ansiedade"},"content":{"rendered":"","protected":false},"excerpt":{"rendered":"<p>A ansiedade \u00e9 uma rea\u00e7\u00e3o normal ao perigo ou ao stress do quotidiano. Mas se for exagerada ou prolongada, pode tornar-se grave. Em Portugal, cerca de um ter\u00e7o da popula\u00e7\u00e3o sofre de ansiedade generalizada, pelo que \u00e9 fundamental aprender a lidar com ela.<\/p>\n<p>O Reiki, enquanto terapia complementar ou como filosofia de vida, pode proporcionar in\u00fameros benef\u00edcios a quem padece deste problema. Este livro, repleto de exerc\u00edcios pr\u00e1ticos, torna-se assim uma excelente ferramenta para praticantes e n\u00e3o praticantes, em dire\u00e7\u00e3o a uma vida mais equilibrada e saud\u00e1vel.<\/p>\n<p>A simples aplica\u00e7\u00e3o dos Cinco Princ\u00edpios do Reiki j\u00e1 seria de enorme utilidade para estimular a harmonia interior, mas aqui apresentam-se ainda diversas t\u00e9cnicas e medita\u00e7\u00f5es, al\u00e9m de se explicar como integrar o Reiki com a Medicina.<\/p>\n","protected":false},"author":2,"featured_media":11214,"template":"","meta":[],"product_cat":[173],"product_tag":[],"cat_produtos":[],"yoast_head":"<!-- This site is optimized with the Yoast SEO plugin v16.6 - https:\/\/yoast.com\/wordpress\/plugins\/seo\/ -->\n<title>Reiki para a Ansiedade - Livraria Solmar - Livraria online<\/title>\n<meta name=\"robots\" content=\"index, follow, max-snippet:-1, max-image-preview:large, max-video-preview:-1\" \/>\n<link rel=\"canonical\" href=\"https:\/\/livrariasolmar.pt\/en\/produto\/reiki-para-a-ansiedade\/\" \/>\n<meta property=\"og:locale\" content=\"en_US\" \/>\n<meta property=\"og:type\" content=\"article\" \/>\n<meta property=\"og:title\" content=\"Reiki para a Ansiedade - Livraria Solmar - Livraria online\" \/>\n<meta property=\"og:description\" content=\"A ansiedade \u00e9 uma rea\u00e7\u00e3o normal ao perigo ou ao stress do quotidiano. Mas se for exagerada ou prolongada, pode tornar-se grave. Em Portugal, cerca de um ter\u00e7o da popula\u00e7\u00e3o sofre de ansiedade generalizada, pelo que \u00e9 fundamental aprender a lidar com ela.  O Reiki, enquanto terapia complementar ou como filosofia de vida, pode proporcionar in\u00fameros benef\u00edcios a quem padece deste problema. Este livro, repleto de exerc\u00edcios pr\u00e1ticos, torna-se assim uma excelente ferramenta para praticantes e n\u00e3o praticantes, em dire\u00e7\u00e3o a uma vida mais equilibrada e saud\u00e1vel.  A simples aplica\u00e7\u00e3o dos Cinco Princ\u00edpios do Reiki j\u00e1 seria de enorme utilidade para estimular a harmonia interior, mas aqui apresentam-se ainda diversas t\u00e9cnicas e medita\u00e7\u00f5es, al\u00e9m de se explicar como integrar o Reiki com a Medicina.\" \/>\n<meta property=\"og:url\" content=\"https:\/\/livrariasolmar.pt\/produto\/reiki-para-a-ansiedade\/\" \/>\n<meta property=\"og:site_name\" content=\"Livraria Solmar - Livraria online\" \/>\n<meta property=\"article:modified_time\" content=\"2026-02-08T17:57:58+00:00\" \/>\n<meta property=\"og:image\" content=\"https:\/\/livrariasolmar.pt\/wp-content\/uploads\/2025\/11\/1540-1-53.jpg\" \/>\n\t<meta property=\"og:image:width\" content=\"340\" \/>\n\t<meta property=\"og:image:height\" content=\"340\" \/>\n<meta name=\"twitter:card\" content=\"summary_large_image\" \/>\n<script type=\"application\/ld+json\" class=\"yoast-schema-graph\">{\"@context\":\"https:\/\/schema.org\",\"@graph\":[{\"@type\":\"WebSite\",\"@id\":\"https:\/\/livrariasolmar.pt\/#website\",\"url\":\"https:\/\/livrariasolmar.pt\/\",\"name\":\"Livraria Solmar - Livraria online\",\"description\":\"Com\\u00e9rcio Livros E Objetos De Arte, Lda - Ponta Delgada, A\\u00e7ores\",\"potentialAction\":[{\"@type\":\"SearchAction\",\"target\":{\"@type\":\"EntryPoint\",\"urlTemplate\":\"https:\/\/livrariasolmar.pt\/?s={search_term_string}\"},\"query-input\":\"required name=search_term_string\"}],\"inLanguage\":\"en-US\"},{\"@type\":\"ImageObject\",\"@id\":\"https:\/\/livrariasolmar.pt\/produto\/reiki-para-a-ansiedade\/#primaryimage\",\"inLanguage\":\"en-US\",\"url\":\"https:\/\/livrariasolmar.pt\/wp-content\/uploads\/2025\/11\/1540-1-53.jpg\",\"contentUrl\":\"https:\/\/livrariasolmar.pt\/wp-content\/uploads\/2025\/11\/1540-1-53.jpg\",\"width\":340,\"height\":340},{\"@type\":\"WebPage\",\"@id\":\"https:\/\/livrariasolmar.pt\/produto\/reiki-para-a-ansiedade\/#webpage\",\"url\":\"https:\/\/livrariasolmar.pt\/produto\/reiki-para-a-ansiedade\/\",\"name\":\"Reiki para a Ansiedade - Livraria Solmar - Livraria online\",\"isPartOf\":{\"@id\":\"https:\/\/livrariasolmar.pt\/#website\"},\"primaryImageOfPage\":{\"@id\":\"https:\/\/livrariasolmar.pt\/produto\/reiki-para-a-ansiedade\/#primaryimage\"},\"datePublished\":\"2025-11-14T19:47:02+00:00\",\"dateModified\":\"2026-02-08T17:57:58+00:00\",\"breadcrumb\":{\"@id\":\"https:\/\/livrariasolmar.pt\/produto\/reiki-para-a-ansiedade\/#breadcrumb\"},\"inLanguage\":\"en-US\",\"potentialAction\":[{\"@type\":\"ReadAction\",\"target\":[\"https:\/\/livrariasolmar.pt\/produto\/reiki-para-a-ansiedade\/\"]}]},{\"@type\":\"BreadcrumbList\",\"@id\":\"https:\/\/livrariasolmar.pt\/produto\/reiki-para-a-ansiedade\/#breadcrumb\",\"itemListElement\":[{\"@type\":\"ListItem\",\"position\":1,\"name\":\"In\\u00edcio\",\"item\":\"https:\/\/livrariasolmar.pt\/en\/\"},{\"@type\":\"ListItem\",\"position\":2,\"name\":\"Shop\",\"item\":\"https:\/\/livrariasolmar.pt\/en\/shop\/\"},{\"@type\":\"ListItem\",\"position\":3,\"name\":\"Reiki para a Ansiedade\"}]}]}<\/script>\n<!-- \/ Yoast SEO plugin. -->","_links":{"self":[{"href":"https:\/\/livrariasolmar.pt\/en\/wp-json\/wp\/v2\/product\/11213"}],"collection":[{"href":"https:\/\/livrariasolmar.pt\/en\/wp-json\/wp\/v2\/product"}],"about":[{"href":"https:\/\/livrariasolmar.pt\/en\/wp-json\/wp\/v2\/types\/product"}],"author":[{"embeddable":true,"href":"https:\/\/livrariasolmar.pt\/en\/wp-json\/wp\/v2\/users\/2"}],"wp:featuredmedia":[{"embeddable":true,"href":"https:\/\/livrariasolmar.pt\/en\/wp-json\/wp\/v2\/media\/11214"}],"wp:attachment":[{"href":"https:\/\/livrariasolmar.pt\/en\/wp-json\/wp\/v2\/media?parent=11213"}],"wp:term":[{"taxonomy":"product_cat","embeddable":true,"href":"https:\/\/livrariasolmar.pt\/en\/wp-json\/wp\/v2\/product_cat?post=11213"},{"taxonomy":"product_tag","embeddable":true,"href":"https:\/\/livrariasolmar.pt\/en\/wp-json\/wp\/v2\/product_tag?post=11213"},{"taxonomy":"cat_produtos","embeddable":true,"href":"https:\/\/livrariasolmar.pt\/en\/wp-json\/wp\/v2\/cat_produtos?post=11213"}],"curies":[{"name":"wp","href":"https:\/\/api.w.org\/{rel}","templated":true}]}}