{"id":11216,"date":"2025-11-14T19:55:27","date_gmt":"2025-11-14T19:55:27","guid":{"rendered":"https:\/\/livrariasolmar.pt\/?post_type=product&#038;p=11216"},"modified":"2025-12-10T17:36:47","modified_gmt":"2025-12-10T17:36:47","slug":"o-lugar-mais-feliz-do-mundo-o-que-podemos-aprender-com-os-dinamarqueses-sobre-a-vida-e-a-felicidade","status":"publish","type":"product","link":"https:\/\/livrariasolmar.pt\/en\/produto\/o-lugar-mais-feliz-do-mundo-o-que-podemos-aprender-com-os-dinamarqueses-sobre-a-vida-e-a-felicidade\/","title":{"rendered":"O Lugar Mais Feliz do Mundo &#8211; O que podemos aprender com os dinamarqueses sobre a vida e a felicidade"},"content":{"rendered":"","protected":false},"excerpt":{"rendered":"<p>Quando Helen Russell, uma jornalista brit\u00e2nica, recebe inesperadamente a oportunidade de recome\u00e7ar a vida na Jutl\u00e2ndia rural, juntamente com o seu marido, depara-se com um dado surpreendente: o lugar mais feliz do mundo n\u00e3o \u00e9 a Disneyl\u00e2ndia, mas sim a Dinamarca.<\/p>\n<p>Para muitos estrangeiros, este pequeno pa\u00eds escandinavo parece resumir-se a invernos longos e escuros, arenques em conserva, Lego e pastelaria. Mas ser\u00e1 este realmente o segredo da felicidade? Os dinamarqueses j\u00e1 nascem felizes ou aprendem a s\u00ea-lo?<\/p>\n<p>Determinada a encontrar respostas, Russell decide passar um ano a investigar o estilo de vida dinamarqu\u00eas. Da educa\u00e7\u00e3o das crian\u00e7as ao sistema escolar, da gastronomia ao design de interiores, passando pela depress\u00e3o sazonal, pelos elevados impostos, pela igualdade de g\u00e9nero e at\u00e9 por tradi\u00e7\u00f5es peculiares como a queima de bruxas, a autora tra\u00e7a um retrato completo do estilo de vida dinamarqu\u00eas.<\/p>\n<p>O resultado \u00e9 este livro divertido, perspicaz e, por vezes, comovente, que mergulha no cora\u00e7\u00e3o da cultura dinamarquesa e revela os h\u00e1bitos, valores e pequenos segredos que tornam a vida por l\u00e1 t\u00e3o satisfat\u00f3ria, enquanto mostra como podemos adotar os h\u00e1bitos do povo mais feliz do planeta.<\/p>\n","protected":false},"author":2,"featured_media":11217,"template":"","meta":[],"product_cat":[173],"product_tag":[],"cat_produtos":[],"yoast_head":"<!-- This site is optimized with the Yoast SEO plugin v16.6 - https:\/\/yoast.com\/wordpress\/plugins\/seo\/ -->\n<title>O Lugar Mais Feliz do Mundo - O que podemos aprender com os dinamarqueses sobre a vida e a felicidade - Livraria Solmar - Livraria online<\/title>\n<meta name=\"robots\" content=\"index, follow, max-snippet:-1, max-image-preview:large, max-video-preview:-1\" \/>\n<link rel=\"canonical\" href=\"https:\/\/livrariasolmar.pt\/en\/produto\/o-lugar-mais-feliz-do-mundo-o-que-podemos-aprender-com-os-dinamarqueses-sobre-a-vida-e-a-felicidade\/\" \/>\n<meta property=\"og:locale\" content=\"en_US\" \/>\n<meta property=\"og:type\" content=\"article\" \/>\n<meta property=\"og:title\" content=\"O Lugar Mais Feliz do Mundo - O que podemos aprender com os dinamarqueses sobre a vida e a felicidade - Livraria Solmar - Livraria online\" \/>\n<meta property=\"og:description\" content=\"Quando Helen Russell, uma jornalista brit\u00e2nica, recebe inesperadamente a oportunidade de recome\u00e7ar a vida na Jutl\u00e2ndia rural, juntamente com o seu marido, depara-se com um dado surpreendente: o lugar mais feliz do mundo n\u00e3o \u00e9 a Disneyl\u00e2ndia, mas sim a Dinamarca.  Para muitos estrangeiros, este pequeno pa\u00eds escandinavo parece resumir-se a invernos longos e escuros, arenques em conserva, Lego e pastelaria. Mas ser\u00e1 este realmente o segredo da felicidade? Os dinamarqueses j\u00e1 nascem felizes ou aprendem a s\u00ea-lo?  Determinada a encontrar respostas, Russell decide passar um ano a investigar o estilo de vida dinamarqu\u00eas. Da educa\u00e7\u00e3o das crian\u00e7as ao sistema escolar, da gastronomia ao design de interiores, passando pela depress\u00e3o sazonal, pelos elevados impostos, pela igualdade de g\u00e9nero e at\u00e9 por tradi\u00e7\u00f5es peculiares como a queima de bruxas, a autora tra\u00e7a um retrato completo do estilo de vida dinamarqu\u00eas.  O resultado \u00e9 este livro divertido, perspicaz e, por vezes, comovente, que mergulha no cora\u00e7\u00e3o da cultura dinamarquesa e revela os h\u00e1bitos, valores e pequenos segredos que tornam a vida por l\u00e1 t\u00e3o satisfat\u00f3ria, enquanto mostra como podemos adotar os h\u00e1bitos do povo mais feliz do planeta.\" \/>\n<meta property=\"og:url\" content=\"https:\/\/livrariasolmar.pt\/produto\/o-lugar-mais-feliz-do-mundo-o-que-podemos-aprender-com-os-dinamarqueses-sobre-a-vida-e-a-felicidade\/\" \/>\n<meta property=\"og:site_name\" content=\"Livraria Solmar - Livraria online\" \/>\n<meta property=\"article:modified_time\" content=\"2025-12-10T17:36:47+00:00\" \/>\n<meta property=\"og:image\" content=\"https:\/\/livrariasolmar.pt\/wp-content\/uploads\/2025\/11\/1540-1-54.jpg\" \/>\n\t<meta property=\"og:image:width\" content=\"340\" \/>\n\t<meta property=\"og:image:height\" content=\"340\" \/>\n<meta name=\"twitter:card\" content=\"summary_large_image\" \/>\n<script type=\"application\/ld+json\" class=\"yoast-schema-graph\">{\"@context\":\"https:\/\/schema.org\",\"@graph\":[{\"@type\":\"WebSite\",\"@id\":\"https:\/\/livrariasolmar.pt\/#website\",\"url\":\"https:\/\/livrariasolmar.pt\/\",\"name\":\"Livraria Solmar - Livraria online\",\"description\":\"Com\\u00e9rcio Livros E Objetos De Arte, Lda - Ponta Delgada, A\\u00e7ores\",\"potentialAction\":[{\"@type\":\"SearchAction\",\"target\":{\"@type\":\"EntryPoint\",\"urlTemplate\":\"https:\/\/livrariasolmar.pt\/?s={search_term_string}\"},\"query-input\":\"required name=search_term_string\"}],\"inLanguage\":\"en-US\"},{\"@type\":\"ImageObject\",\"@id\":\"https:\/\/livrariasolmar.pt\/produto\/o-lugar-mais-feliz-do-mundo-o-que-podemos-aprender-com-os-dinamarqueses-sobre-a-vida-e-a-felicidade\/#primaryimage\",\"inLanguage\":\"en-US\",\"url\":\"https:\/\/livrariasolmar.pt\/wp-content\/uploads\/2025\/11\/1540-1-54.jpg\",\"contentUrl\":\"https:\/\/livrariasolmar.pt\/wp-content\/uploads\/2025\/11\/1540-1-54.jpg\",\"width\":340,\"height\":340},{\"@type\":\"WebPage\",\"@id\":\"https:\/\/livrariasolmar.pt\/produto\/o-lugar-mais-feliz-do-mundo-o-que-podemos-aprender-com-os-dinamarqueses-sobre-a-vida-e-a-felicidade\/#webpage\",\"url\":\"https:\/\/livrariasolmar.pt\/produto\/o-lugar-mais-feliz-do-mundo-o-que-podemos-aprender-com-os-dinamarqueses-sobre-a-vida-e-a-felicidade\/\",\"name\":\"O Lugar Mais Feliz do Mundo - O que podemos aprender com os dinamarqueses sobre a vida e a felicidade - Livraria Solmar - Livraria online\",\"isPartOf\":{\"@id\":\"https:\/\/livrariasolmar.pt\/#website\"},\"primaryImageOfPage\":{\"@id\":\"https:\/\/livrariasolmar.pt\/produto\/o-lugar-mais-feliz-do-mundo-o-que-podemos-aprender-com-os-dinamarqueses-sobre-a-vida-e-a-felicidade\/#primaryimage\"},\"datePublished\":\"2025-11-14T19:55:27+00:00\",\"dateModified\":\"2025-12-10T17:36:47+00:00\",\"breadcrumb\":{\"@id\":\"https:\/\/livrariasolmar.pt\/produto\/o-lugar-mais-feliz-do-mundo-o-que-podemos-aprender-com-os-dinamarqueses-sobre-a-vida-e-a-felicidade\/#breadcrumb\"},\"inLanguage\":\"en-US\",\"potentialAction\":[{\"@type\":\"ReadAction\",\"target\":[\"https:\/\/livrariasolmar.pt\/produto\/o-lugar-mais-feliz-do-mundo-o-que-podemos-aprender-com-os-dinamarqueses-sobre-a-vida-e-a-felicidade\/\"]}]},{\"@type\":\"BreadcrumbList\",\"@id\":\"https:\/\/livrariasolmar.pt\/produto\/o-lugar-mais-feliz-do-mundo-o-que-podemos-aprender-com-os-dinamarqueses-sobre-a-vida-e-a-felicidade\/#breadcrumb\",\"itemListElement\":[{\"@type\":\"ListItem\",\"position\":1,\"name\":\"In\\u00edcio\",\"item\":\"https:\/\/livrariasolmar.pt\/en\/\"},{\"@type\":\"ListItem\",\"position\":2,\"name\":\"Shop\",\"item\":\"https:\/\/livrariasolmar.pt\/en\/shop\/\"},{\"@type\":\"ListItem\",\"position\":3,\"name\":\"O Lugar Mais Feliz do Mundo &#8211; O que podemos aprender com os dinamarqueses sobre a vida e a felicidade\"}]}]}<\/script>\n<!-- \/ Yoast SEO plugin. -->","_links":{"self":[{"href":"https:\/\/livrariasolmar.pt\/en\/wp-json\/wp\/v2\/product\/11216"}],"collection":[{"href":"https:\/\/livrariasolmar.pt\/en\/wp-json\/wp\/v2\/product"}],"about":[{"href":"https:\/\/livrariasolmar.pt\/en\/wp-json\/wp\/v2\/types\/product"}],"author":[{"embeddable":true,"href":"https:\/\/livrariasolmar.pt\/en\/wp-json\/wp\/v2\/users\/2"}],"wp:featuredmedia":[{"embeddable":true,"href":"https:\/\/livrariasolmar.pt\/en\/wp-json\/wp\/v2\/media\/11217"}],"wp:attachment":[{"href":"https:\/\/livrariasolmar.pt\/en\/wp-json\/wp\/v2\/media?parent=11216"}],"wp:term":[{"taxonomy":"product_cat","embeddable":true,"href":"https:\/\/livrariasolmar.pt\/en\/wp-json\/wp\/v2\/product_cat?post=11216"},{"taxonomy":"product_tag","embeddable":true,"href":"https:\/\/livrariasolmar.pt\/en\/wp-json\/wp\/v2\/product_tag?post=11216"},{"taxonomy":"cat_produtos","embeddable":true,"href":"https:\/\/livrariasolmar.pt\/en\/wp-json\/wp\/v2\/cat_produtos?post=11216"}],"curies":[{"name":"wp","href":"https:\/\/api.w.org\/{rel}","templated":true}]}}