{"id":11219,"date":"2025-11-14T20:00:19","date_gmt":"2025-11-14T20:00:19","guid":{"rendered":"https:\/\/livrariasolmar.pt\/?post_type=product&#038;p=11219"},"modified":"2026-02-08T17:57:45","modified_gmt":"2026-02-08T17:57:45","slug":"ve-o-lado-bom","status":"publish","type":"product","link":"https:\/\/livrariasolmar.pt\/en\/produto\/ve-o-lado-bom\/","title":{"rendered":"V\u00ea o Lado Bom"},"content":{"rendered":"","protected":false},"excerpt":{"rendered":"<p>H\u00e1 muitas maneiras de se ver o mundo.<\/p>\n<p>Achas que um copo est\u00e1 meio cheio&#8230; ou meio vazio? Aquilo que sentes que \u00e9 um fim&#8230; n\u00e3o poder\u00e1 ser um recome\u00e7o?<\/p>\n<p>Ver o lado bom das situa\u00e7\u00f5es nem sempre \u00e9 f\u00e1cil&#8230; e n\u00e3o tem mal. Lembra-te apenas de que as coisas nem sempre s\u00e3o t\u00e3o dif\u00edceis como parecem.<\/p>\n","protected":false},"author":2,"featured_media":11220,"template":"","meta":[],"product_cat":[172],"product_tag":[],"cat_produtos":[],"yoast_head":"<!-- This site is optimized with the Yoast SEO plugin v16.6 - https:\/\/yoast.com\/wordpress\/plugins\/seo\/ -->\n<title>V\u00ea o Lado Bom - Livraria Solmar - Livraria online<\/title>\n<meta name=\"robots\" content=\"index, follow, max-snippet:-1, max-image-preview:large, max-video-preview:-1\" \/>\n<link rel=\"canonical\" href=\"https:\/\/livrariasolmar.pt\/en\/produto\/ve-o-lado-bom\/\" \/>\n<meta property=\"og:locale\" content=\"en_US\" \/>\n<meta property=\"og:type\" content=\"article\" \/>\n<meta property=\"og:title\" content=\"V\u00ea o Lado Bom - Livraria Solmar - Livraria online\" \/>\n<meta property=\"og:description\" content=\"H\u00e1 muitas maneiras de se ver o mundo.  Achas que um copo est\u00e1 meio cheio... ou meio vazio? Aquilo que sentes que \u00e9 um fim... n\u00e3o poder\u00e1 ser um recome\u00e7o?  Ver o lado bom das situa\u00e7\u00f5es nem sempre \u00e9 f\u00e1cil... e n\u00e3o tem mal. Lembra-te apenas de que as coisas nem sempre s\u00e3o t\u00e3o dif\u00edceis como parecem.\" \/>\n<meta property=\"og:url\" content=\"https:\/\/livrariasolmar.pt\/produto\/ve-o-lado-bom\/\" \/>\n<meta property=\"og:site_name\" content=\"Livraria Solmar - Livraria online\" \/>\n<meta property=\"article:modified_time\" content=\"2026-02-08T17:57:45+00:00\" \/>\n<meta property=\"og:image\" content=\"https:\/\/livrariasolmar.pt\/wp-content\/uploads\/2025\/11\/1540-1-55.jpg\" \/>\n\t<meta property=\"og:image:width\" content=\"340\" \/>\n\t<meta property=\"og:image:height\" content=\"340\" \/>\n<meta name=\"twitter:card\" content=\"summary_large_image\" \/>\n<script type=\"application\/ld+json\" class=\"yoast-schema-graph\">{\"@context\":\"https:\/\/schema.org\",\"@graph\":[{\"@type\":\"WebSite\",\"@id\":\"https:\/\/livrariasolmar.pt\/#website\",\"url\":\"https:\/\/livrariasolmar.pt\/\",\"name\":\"Livraria Solmar - Livraria online\",\"description\":\"Com\\u00e9rcio Livros E Objetos De Arte, Lda - Ponta Delgada, A\\u00e7ores\",\"potentialAction\":[{\"@type\":\"SearchAction\",\"target\":{\"@type\":\"EntryPoint\",\"urlTemplate\":\"https:\/\/livrariasolmar.pt\/?s={search_term_string}\"},\"query-input\":\"required name=search_term_string\"}],\"inLanguage\":\"en-US\"},{\"@type\":\"ImageObject\",\"@id\":\"https:\/\/livrariasolmar.pt\/produto\/ve-o-lado-bom\/#primaryimage\",\"inLanguage\":\"en-US\",\"url\":\"https:\/\/livrariasolmar.pt\/wp-content\/uploads\/2025\/11\/1540-1-55.jpg\",\"contentUrl\":\"https:\/\/livrariasolmar.pt\/wp-content\/uploads\/2025\/11\/1540-1-55.jpg\",\"width\":340,\"height\":340},{\"@type\":\"WebPage\",\"@id\":\"https:\/\/livrariasolmar.pt\/produto\/ve-o-lado-bom\/#webpage\",\"url\":\"https:\/\/livrariasolmar.pt\/produto\/ve-o-lado-bom\/\",\"name\":\"V\\u00ea o Lado Bom - Livraria Solmar - Livraria online\",\"isPartOf\":{\"@id\":\"https:\/\/livrariasolmar.pt\/#website\"},\"primaryImageOfPage\":{\"@id\":\"https:\/\/livrariasolmar.pt\/produto\/ve-o-lado-bom\/#primaryimage\"},\"datePublished\":\"2025-11-14T20:00:19+00:00\",\"dateModified\":\"2026-02-08T17:57:45+00:00\",\"breadcrumb\":{\"@id\":\"https:\/\/livrariasolmar.pt\/produto\/ve-o-lado-bom\/#breadcrumb\"},\"inLanguage\":\"en-US\",\"potentialAction\":[{\"@type\":\"ReadAction\",\"target\":[\"https:\/\/livrariasolmar.pt\/produto\/ve-o-lado-bom\/\"]}]},{\"@type\":\"BreadcrumbList\",\"@id\":\"https:\/\/livrariasolmar.pt\/produto\/ve-o-lado-bom\/#breadcrumb\",\"itemListElement\":[{\"@type\":\"ListItem\",\"position\":1,\"name\":\"In\\u00edcio\",\"item\":\"https:\/\/livrariasolmar.pt\/en\/\"},{\"@type\":\"ListItem\",\"position\":2,\"name\":\"Shop\",\"item\":\"https:\/\/livrariasolmar.pt\/en\/shop\/\"},{\"@type\":\"ListItem\",\"position\":3,\"name\":\"V\\u00ea o Lado Bom\"}]}]}<\/script>\n<!-- \/ Yoast SEO plugin. -->","_links":{"self":[{"href":"https:\/\/livrariasolmar.pt\/en\/wp-json\/wp\/v2\/product\/11219"}],"collection":[{"href":"https:\/\/livrariasolmar.pt\/en\/wp-json\/wp\/v2\/product"}],"about":[{"href":"https:\/\/livrariasolmar.pt\/en\/wp-json\/wp\/v2\/types\/product"}],"author":[{"embeddable":true,"href":"https:\/\/livrariasolmar.pt\/en\/wp-json\/wp\/v2\/users\/2"}],"wp:featuredmedia":[{"embeddable":true,"href":"https:\/\/livrariasolmar.pt\/en\/wp-json\/wp\/v2\/media\/11220"}],"wp:attachment":[{"href":"https:\/\/livrariasolmar.pt\/en\/wp-json\/wp\/v2\/media?parent=11219"}],"wp:term":[{"taxonomy":"product_cat","embeddable":true,"href":"https:\/\/livrariasolmar.pt\/en\/wp-json\/wp\/v2\/product_cat?post=11219"},{"taxonomy":"product_tag","embeddable":true,"href":"https:\/\/livrariasolmar.pt\/en\/wp-json\/wp\/v2\/product_tag?post=11219"},{"taxonomy":"cat_produtos","embeddable":true,"href":"https:\/\/livrariasolmar.pt\/en\/wp-json\/wp\/v2\/cat_produtos?post=11219"}],"curies":[{"name":"wp","href":"https:\/\/api.w.org\/{rel}","templated":true}]}}