{"id":11225,"date":"2025-11-14T20:10:37","date_gmt":"2025-11-14T20:10:37","guid":{"rendered":"https:\/\/livrariasolmar.pt\/?post_type=product&#038;p=11225"},"modified":"2026-01-18T13:25:40","modified_gmt":"2026-01-18T13:25:40","slug":"bluey-hora-de-dormir","status":"publish","type":"product","link":"https:\/\/livrariasolmar.pt\/en\/produto\/bluey-hora-de-dormir\/","title":{"rendered":"Bluey: Hora de Dormir"},"content":{"rendered":"","protected":false},"excerpt":{"rendered":"<p>Baseado nos epis\u00f3dios de televis\u00e3o, este livro com p\u00e1ginas desdobr\u00e1veis acompanha uma noite de sonhos da Bingo.<\/p>\n<p>Est\u00e1 na hora de dormir na casa e a Bingo decidiu que vai ser crescida e adormecer e acordar na pr\u00f3pria cama. Mas ser\u00e1 que ela vai ser bem-sucedida? E ser\u00e1 a \u00fanica da fam\u00edlia a lutar para descansar?<\/p>\n<p>Junta-te \u00e0 Bingo e \u00e0 Bluey nesta aventura de sonho com p\u00e1ginas desdobr\u00e1veis.<\/p>\n","protected":false},"author":2,"featured_media":11226,"template":"","meta":[],"product_cat":[172],"product_tag":[],"cat_produtos":[404],"yoast_head":"<!-- This site is optimized with the Yoast SEO plugin v16.6 - https:\/\/yoast.com\/wordpress\/plugins\/seo\/ -->\n<title>Bluey: Hora de Dormir - Livraria Solmar - Livraria online<\/title>\n<meta name=\"robots\" content=\"index, follow, max-snippet:-1, max-image-preview:large, max-video-preview:-1\" \/>\n<link rel=\"canonical\" href=\"https:\/\/livrariasolmar.pt\/en\/produto\/bluey-hora-de-dormir\/\" \/>\n<meta property=\"og:locale\" content=\"en_US\" \/>\n<meta property=\"og:type\" content=\"article\" \/>\n<meta property=\"og:title\" content=\"Bluey: Hora de Dormir - Livraria Solmar - Livraria online\" \/>\n<meta property=\"og:description\" content=\"Baseado nos epis\u00f3dios de televis\u00e3o, este livro com p\u00e1ginas desdobr\u00e1veis acompanha uma noite de sonhos da Bingo.  Est\u00e1 na hora de dormir na casa e a Bingo decidiu que vai ser crescida e adormecer e acordar na pr\u00f3pria cama. Mas ser\u00e1 que ela vai ser bem-sucedida? E ser\u00e1 a \u00fanica da fam\u00edlia a lutar para descansar?  Junta-te \u00e0 Bingo e \u00e0 Bluey nesta aventura de sonho com p\u00e1ginas desdobr\u00e1veis.\" \/>\n<meta property=\"og:url\" content=\"https:\/\/livrariasolmar.pt\/produto\/bluey-hora-de-dormir\/\" \/>\n<meta property=\"og:site_name\" content=\"Livraria Solmar - Livraria online\" \/>\n<meta property=\"article:modified_time\" content=\"2026-01-18T13:25:40+00:00\" \/>\n<meta property=\"og:image\" content=\"https:\/\/livrariasolmar.pt\/wp-content\/uploads\/2025\/11\/1507-1-21.jpg\" \/>\n\t<meta property=\"og:image:width\" content=\"400\" \/>\n\t<meta property=\"og:image:height\" content=\"328\" \/>\n<meta name=\"twitter:card\" content=\"summary_large_image\" \/>\n<script type=\"application\/ld+json\" class=\"yoast-schema-graph\">{\"@context\":\"https:\/\/schema.org\",\"@graph\":[{\"@type\":\"WebSite\",\"@id\":\"https:\/\/livrariasolmar.pt\/#website\",\"url\":\"https:\/\/livrariasolmar.pt\/\",\"name\":\"Livraria Solmar - Livraria online\",\"description\":\"Com\\u00e9rcio Livros E Objetos De Arte, Lda - Ponta Delgada, A\\u00e7ores\",\"potentialAction\":[{\"@type\":\"SearchAction\",\"target\":{\"@type\":\"EntryPoint\",\"urlTemplate\":\"https:\/\/livrariasolmar.pt\/?s={search_term_string}\"},\"query-input\":\"required name=search_term_string\"}],\"inLanguage\":\"en-US\"},{\"@type\":\"ImageObject\",\"@id\":\"https:\/\/livrariasolmar.pt\/produto\/bluey-hora-de-dormir\/#primaryimage\",\"inLanguage\":\"en-US\",\"url\":\"https:\/\/livrariasolmar.pt\/wp-content\/uploads\/2025\/11\/1507-1-21.jpg\",\"contentUrl\":\"https:\/\/livrariasolmar.pt\/wp-content\/uploads\/2025\/11\/1507-1-21.jpg\",\"width\":400,\"height\":328},{\"@type\":\"WebPage\",\"@id\":\"https:\/\/livrariasolmar.pt\/produto\/bluey-hora-de-dormir\/#webpage\",\"url\":\"https:\/\/livrariasolmar.pt\/produto\/bluey-hora-de-dormir\/\",\"name\":\"Bluey: Hora de Dormir - Livraria Solmar - Livraria online\",\"isPartOf\":{\"@id\":\"https:\/\/livrariasolmar.pt\/#website\"},\"primaryImageOfPage\":{\"@id\":\"https:\/\/livrariasolmar.pt\/produto\/bluey-hora-de-dormir\/#primaryimage\"},\"datePublished\":\"2025-11-14T20:10:37+00:00\",\"dateModified\":\"2026-01-18T13:25:40+00:00\",\"breadcrumb\":{\"@id\":\"https:\/\/livrariasolmar.pt\/produto\/bluey-hora-de-dormir\/#breadcrumb\"},\"inLanguage\":\"en-US\",\"potentialAction\":[{\"@type\":\"ReadAction\",\"target\":[\"https:\/\/livrariasolmar.pt\/produto\/bluey-hora-de-dormir\/\"]}]},{\"@type\":\"BreadcrumbList\",\"@id\":\"https:\/\/livrariasolmar.pt\/produto\/bluey-hora-de-dormir\/#breadcrumb\",\"itemListElement\":[{\"@type\":\"ListItem\",\"position\":1,\"name\":\"In\\u00edcio\",\"item\":\"https:\/\/livrariasolmar.pt\/en\/\"},{\"@type\":\"ListItem\",\"position\":2,\"name\":\"Shop\",\"item\":\"https:\/\/livrariasolmar.pt\/en\/shop\/\"},{\"@type\":\"ListItem\",\"position\":3,\"name\":\"Bluey: Hora de Dormir\"}]}]}<\/script>\n<!-- \/ Yoast SEO plugin. -->","_links":{"self":[{"href":"https:\/\/livrariasolmar.pt\/en\/wp-json\/wp\/v2\/product\/11225"}],"collection":[{"href":"https:\/\/livrariasolmar.pt\/en\/wp-json\/wp\/v2\/product"}],"about":[{"href":"https:\/\/livrariasolmar.pt\/en\/wp-json\/wp\/v2\/types\/product"}],"author":[{"embeddable":true,"href":"https:\/\/livrariasolmar.pt\/en\/wp-json\/wp\/v2\/users\/2"}],"wp:featuredmedia":[{"embeddable":true,"href":"https:\/\/livrariasolmar.pt\/en\/wp-json\/wp\/v2\/media\/11226"}],"wp:attachment":[{"href":"https:\/\/livrariasolmar.pt\/en\/wp-json\/wp\/v2\/media?parent=11225"}],"wp:term":[{"taxonomy":"product_cat","embeddable":true,"href":"https:\/\/livrariasolmar.pt\/en\/wp-json\/wp\/v2\/product_cat?post=11225"},{"taxonomy":"product_tag","embeddable":true,"href":"https:\/\/livrariasolmar.pt\/en\/wp-json\/wp\/v2\/product_tag?post=11225"},{"taxonomy":"cat_produtos","embeddable":true,"href":"https:\/\/livrariasolmar.pt\/en\/wp-json\/wp\/v2\/cat_produtos?post=11225"}],"curies":[{"name":"wp","href":"https:\/\/api.w.org\/{rel}","templated":true}]}}