{"id":11229,"date":"2025-11-14T20:17:07","date_gmt":"2025-11-14T20:17:07","guid":{"rendered":"https:\/\/livrariasolmar.pt\/?post_type=product&#038;p=11229"},"modified":"2025-12-08T16:29:41","modified_gmt":"2025-12-08T16:29:41","slug":"tudo-sobre-deus","status":"publish","type":"product","link":"https:\/\/livrariasolmar.pt\/en\/produto\/tudo-sobre-deus\/","title":{"rendered":"Tudo Sobre Deus"},"content":{"rendered":"","protected":false},"excerpt":{"rendered":"<p>Um homem \u00e0 beira da morte compra uma igreja abandonada no deserto do Namibe, em Angola, junto a um enorme penhasco de onde se v\u00ea o Atl\u00e2ntico. Chama-se Leopoldo G. Borges, e \u00e9 um ge\u00f3logo e poeta conhecido e respeitado no seu pa\u00eds. Leopoldo decide transformar os \u00faltimos meses da sua vida numa escava\u00e7\u00e3o \u2014 n\u00e3o de pedras, mas da pr\u00f3pria alma.<\/p>\n<p>Durante o seu retiro no sil\u00eancio mineral do Namibe, escreve o seu di\u00e1rio, al\u00e9m de poemas, juntando reflex\u00f5es, mem\u00f3rias, vis\u00f5es e press\u00e1gios. No subsolo da capela em ru\u00ednas, Leopoldo descobre a r\u00e9plica preservada desta, onde o tempo se dissolve e a morte parece esperar, paciente. Entre esses dois mundos, o poeta procura a filha desaparecida, Gaia, e a si pr\u00f3prio.<\/p>\n<p><i>Tudo Sobre Deus<\/i>\u00a0\u00e9 uma hist\u00f3ria sobre a finitude, a mem\u00f3ria, a culpa e a reden\u00e7\u00e3o; sobre o amor entre um pai e uma filha; sobre a arte de despedir-se e o milagre de permanecer. Um romance iluminado pela luz estonteante do deserto, onde, contaminada pela fic\u00e7\u00e3o, a realidade se torna flu\u00edda e inconfi\u00e1vel.<\/p>\n","protected":false},"author":2,"featured_media":11230,"template":"","meta":[],"product_cat":[153],"product_tag":[],"cat_produtos":[1858],"yoast_head":"<!-- This site is optimized with the Yoast SEO plugin v16.6 - https:\/\/yoast.com\/wordpress\/plugins\/seo\/ -->\n<title>Tudo Sobre Deus - Livraria Solmar - Livraria online<\/title>\n<meta name=\"robots\" content=\"index, follow, max-snippet:-1, max-image-preview:large, max-video-preview:-1\" \/>\n<link rel=\"canonical\" href=\"https:\/\/livrariasolmar.pt\/en\/produto\/tudo-sobre-deus\/\" \/>\n<meta property=\"og:locale\" content=\"en_US\" \/>\n<meta property=\"og:type\" content=\"article\" \/>\n<meta property=\"og:title\" content=\"Tudo Sobre Deus - Livraria Solmar - Livraria online\" \/>\n<meta property=\"og:description\" content=\"Um homem \u00e0 beira da morte compra uma igreja abandonada no deserto do Namibe, em Angola, junto a um enorme penhasco de onde se v\u00ea o Atl\u00e2ntico. Chama-se Leopoldo G. Borges, e \u00e9 um ge\u00f3logo e poeta conhecido e respeitado no seu pa\u00eds. Leopoldo decide transformar os \u00faltimos meses da sua vida numa escava\u00e7\u00e3o \u2014 n\u00e3o de pedras, mas da pr\u00f3pria alma.  Durante o seu retiro no sil\u00eancio mineral do Namibe, escreve o seu di\u00e1rio, al\u00e9m de poemas, juntando reflex\u00f5es, mem\u00f3rias, vis\u00f5es e press\u00e1gios. No subsolo da capela em ru\u00ednas, Leopoldo descobre a r\u00e9plica preservada desta, onde o tempo se dissolve e a morte parece esperar, paciente. Entre esses dois mundos, o poeta procura a filha desaparecida, Gaia, e a si pr\u00f3prio.  Tudo Sobre Deus\u00a0\u00e9 uma hist\u00f3ria sobre a finitude, a mem\u00f3ria, a culpa e a reden\u00e7\u00e3o; sobre o amor entre um pai e uma filha; sobre a arte de despedir-se e o milagre de permanecer. Um romance iluminado pela luz estonteante do deserto, onde, contaminada pela fic\u00e7\u00e3o, a realidade se torna flu\u00edda e inconfi\u00e1vel.\" \/>\n<meta property=\"og:url\" content=\"https:\/\/livrariasolmar.pt\/produto\/tudo-sobre-deus\/\" \/>\n<meta property=\"og:site_name\" content=\"Livraria Solmar - Livraria online\" \/>\n<meta property=\"article:modified_time\" content=\"2025-12-08T16:29:41+00:00\" \/>\n<meta property=\"og:image\" content=\"https:\/\/livrariasolmar.pt\/wp-content\/uploads\/2025\/11\/1540-1-57.jpg\" \/>\n\t<meta property=\"og:image:width\" content=\"340\" \/>\n\t<meta property=\"og:image:height\" content=\"340\" \/>\n<meta name=\"twitter:card\" content=\"summary_large_image\" \/>\n<script type=\"application\/ld+json\" class=\"yoast-schema-graph\">{\"@context\":\"https:\/\/schema.org\",\"@graph\":[{\"@type\":\"WebSite\",\"@id\":\"https:\/\/livrariasolmar.pt\/#website\",\"url\":\"https:\/\/livrariasolmar.pt\/\",\"name\":\"Livraria Solmar - Livraria online\",\"description\":\"Com\\u00e9rcio Livros E Objetos De Arte, Lda - Ponta Delgada, A\\u00e7ores\",\"potentialAction\":[{\"@type\":\"SearchAction\",\"target\":{\"@type\":\"EntryPoint\",\"urlTemplate\":\"https:\/\/livrariasolmar.pt\/?s={search_term_string}\"},\"query-input\":\"required name=search_term_string\"}],\"inLanguage\":\"en-US\"},{\"@type\":\"ImageObject\",\"@id\":\"https:\/\/livrariasolmar.pt\/produto\/tudo-sobre-deus\/#primaryimage\",\"inLanguage\":\"en-US\",\"url\":\"https:\/\/livrariasolmar.pt\/wp-content\/uploads\/2025\/11\/1540-1-57.jpg\",\"contentUrl\":\"https:\/\/livrariasolmar.pt\/wp-content\/uploads\/2025\/11\/1540-1-57.jpg\",\"width\":340,\"height\":340},{\"@type\":\"WebPage\",\"@id\":\"https:\/\/livrariasolmar.pt\/produto\/tudo-sobre-deus\/#webpage\",\"url\":\"https:\/\/livrariasolmar.pt\/produto\/tudo-sobre-deus\/\",\"name\":\"Tudo Sobre Deus - Livraria Solmar - Livraria online\",\"isPartOf\":{\"@id\":\"https:\/\/livrariasolmar.pt\/#website\"},\"primaryImageOfPage\":{\"@id\":\"https:\/\/livrariasolmar.pt\/produto\/tudo-sobre-deus\/#primaryimage\"},\"datePublished\":\"2025-11-14T20:17:07+00:00\",\"dateModified\":\"2025-12-08T16:29:41+00:00\",\"breadcrumb\":{\"@id\":\"https:\/\/livrariasolmar.pt\/produto\/tudo-sobre-deus\/#breadcrumb\"},\"inLanguage\":\"en-US\",\"potentialAction\":[{\"@type\":\"ReadAction\",\"target\":[\"https:\/\/livrariasolmar.pt\/produto\/tudo-sobre-deus\/\"]}]},{\"@type\":\"BreadcrumbList\",\"@id\":\"https:\/\/livrariasolmar.pt\/produto\/tudo-sobre-deus\/#breadcrumb\",\"itemListElement\":[{\"@type\":\"ListItem\",\"position\":1,\"name\":\"In\\u00edcio\",\"item\":\"https:\/\/livrariasolmar.pt\/en\/\"},{\"@type\":\"ListItem\",\"position\":2,\"name\":\"Shop\",\"item\":\"https:\/\/livrariasolmar.pt\/en\/shop\/\"},{\"@type\":\"ListItem\",\"position\":3,\"name\":\"Tudo Sobre Deus\"}]}]}<\/script>\n<!-- \/ Yoast SEO plugin. -->","_links":{"self":[{"href":"https:\/\/livrariasolmar.pt\/en\/wp-json\/wp\/v2\/product\/11229"}],"collection":[{"href":"https:\/\/livrariasolmar.pt\/en\/wp-json\/wp\/v2\/product"}],"about":[{"href":"https:\/\/livrariasolmar.pt\/en\/wp-json\/wp\/v2\/types\/product"}],"author":[{"embeddable":true,"href":"https:\/\/livrariasolmar.pt\/en\/wp-json\/wp\/v2\/users\/2"}],"wp:featuredmedia":[{"embeddable":true,"href":"https:\/\/livrariasolmar.pt\/en\/wp-json\/wp\/v2\/media\/11230"}],"wp:attachment":[{"href":"https:\/\/livrariasolmar.pt\/en\/wp-json\/wp\/v2\/media?parent=11229"}],"wp:term":[{"taxonomy":"product_cat","embeddable":true,"href":"https:\/\/livrariasolmar.pt\/en\/wp-json\/wp\/v2\/product_cat?post=11229"},{"taxonomy":"product_tag","embeddable":true,"href":"https:\/\/livrariasolmar.pt\/en\/wp-json\/wp\/v2\/product_tag?post=11229"},{"taxonomy":"cat_produtos","embeddable":true,"href":"https:\/\/livrariasolmar.pt\/en\/wp-json\/wp\/v2\/cat_produtos?post=11229"}],"curies":[{"name":"wp","href":"https:\/\/api.w.org\/{rel}","templated":true}]}}