{"id":11232,"date":"2025-11-14T20:26:00","date_gmt":"2025-11-14T20:26:00","guid":{"rendered":"https:\/\/livrariasolmar.pt\/?post_type=product&#038;p=11232"},"modified":"2025-11-28T17:33:58","modified_gmt":"2025-11-28T17:33:58","slug":"as-coisas-que-so-vemos-quando-abrandamos","status":"publish","type":"product","link":"https:\/\/livrariasolmar.pt\/en\/produto\/as-coisas-que-so-vemos-quando-abrandamos\/","title":{"rendered":"As Coisas que S\u00f3 Vemos Quando Abrandamos"},"content":{"rendered":"","protected":false},"excerpt":{"rendered":"<p>Vivemos hoje em dia a um ritmo verdadeiramente alucinado; quer seja no trabalho ou no lazer, temos agendas cada vez mais preenchidas, e \u00e9 raro encontrar quem n\u00e3o se queixe de o dia ter apenas 24 horas. Estamos todos a precisar urgentemente de tranquilizar os nossos pensamentos e de cultivar a calma e a compaix\u00e3o &#8211; pelos outros e por n\u00f3s mesmos.<\/p>\n<p>Para o fazer, precisamos de contemplar\u00a0<i>As Coisas Que S\u00f3 Vemos Quando Abrandamos<\/i>. Com textos breves e incisivos, este best-seller mundial ajuda-nos a encarar os nossos relacionamentos, o nosso trabalho, as nossas aspira\u00e7\u00f5es e a nossa espiritualidade sob um novo prisma, revelando como a pr\u00e1tica da aten\u00e7\u00e3o plena pode transformar o nosso modo de ser e de lidar com tudo o que fazemos.<\/p>\n<p>A forma como percebemos o mundo \u00e9 um reflexo do que se passa na nossa mente. Quando a nossa mente est\u00e1 alegre e compassiva, o mundo tamb\u00e9m est\u00e1. Quando ela est\u00e1 repleta de pensamentos negativos, o mundo parece sombrio.<\/p>\n<p>E quando a nossa mente descansa, o mundo faz o mesmo.<\/p>\n","protected":false},"author":2,"featured_media":11233,"template":"","meta":[],"product_cat":[173],"product_tag":[],"cat_produtos":[],"yoast_head":"<!-- This site is optimized with the Yoast SEO plugin v16.6 - https:\/\/yoast.com\/wordpress\/plugins\/seo\/ -->\n<title>As Coisas que S\u00f3 Vemos Quando Abrandamos - Livraria Solmar - Livraria online<\/title>\n<meta name=\"robots\" content=\"index, follow, max-snippet:-1, max-image-preview:large, max-video-preview:-1\" \/>\n<link rel=\"canonical\" href=\"https:\/\/livrariasolmar.pt\/en\/produto\/as-coisas-que-so-vemos-quando-abrandamos\/\" \/>\n<meta property=\"og:locale\" content=\"en_US\" \/>\n<meta property=\"og:type\" content=\"article\" \/>\n<meta property=\"og:title\" content=\"As Coisas que S\u00f3 Vemos Quando Abrandamos - Livraria Solmar - Livraria online\" \/>\n<meta property=\"og:description\" content=\"Vivemos hoje em dia a um ritmo verdadeiramente alucinado; quer seja no trabalho ou no lazer, temos agendas cada vez mais preenchidas, e \u00e9 raro encontrar quem n\u00e3o se queixe de o dia ter apenas 24 horas. Estamos todos a precisar urgentemente de tranquilizar os nossos pensamentos e de cultivar a calma e a compaix\u00e3o - pelos outros e por n\u00f3s mesmos.  Para o fazer, precisamos de contemplar\u00a0As Coisas Que S\u00f3 Vemos Quando Abrandamos. Com textos breves e incisivos, este best-seller mundial ajuda-nos a encarar os nossos relacionamentos, o nosso trabalho, as nossas aspira\u00e7\u00f5es e a nossa espiritualidade sob um novo prisma, revelando como a pr\u00e1tica da aten\u00e7\u00e3o plena pode transformar o nosso modo de ser e de lidar com tudo o que fazemos.  A forma como percebemos o mundo \u00e9 um reflexo do que se passa na nossa mente. Quando a nossa mente est\u00e1 alegre e compassiva, o mundo tamb\u00e9m est\u00e1. Quando ela est\u00e1 repleta de pensamentos negativos, o mundo parece sombrio.  E quando a nossa mente descansa, o mundo faz o mesmo.\" \/>\n<meta property=\"og:url\" content=\"https:\/\/livrariasolmar.pt\/produto\/as-coisas-que-so-vemos-quando-abrandamos\/\" \/>\n<meta property=\"og:site_name\" content=\"Livraria Solmar - Livraria online\" \/>\n<meta property=\"article:modified_time\" content=\"2025-11-28T17:33:58+00:00\" \/>\n<meta property=\"og:image\" content=\"https:\/\/livrariasolmar.pt\/wp-content\/uploads\/2025\/11\/1540-1-34-1.jpg\" \/>\n\t<meta property=\"og:image:width\" content=\"340\" \/>\n\t<meta property=\"og:image:height\" content=\"340\" \/>\n<meta name=\"twitter:card\" content=\"summary_large_image\" \/>\n<script type=\"application\/ld+json\" class=\"yoast-schema-graph\">{\"@context\":\"https:\/\/schema.org\",\"@graph\":[{\"@type\":\"WebSite\",\"@id\":\"https:\/\/livrariasolmar.pt\/#website\",\"url\":\"https:\/\/livrariasolmar.pt\/\",\"name\":\"Livraria Solmar - Livraria online\",\"description\":\"Com\\u00e9rcio Livros E Objetos De Arte, Lda - Ponta Delgada, A\\u00e7ores\",\"potentialAction\":[{\"@type\":\"SearchAction\",\"target\":{\"@type\":\"EntryPoint\",\"urlTemplate\":\"https:\/\/livrariasolmar.pt\/?s={search_term_string}\"},\"query-input\":\"required name=search_term_string\"}],\"inLanguage\":\"en-US\"},{\"@type\":\"ImageObject\",\"@id\":\"https:\/\/livrariasolmar.pt\/produto\/as-coisas-que-so-vemos-quando-abrandamos\/#primaryimage\",\"inLanguage\":\"en-US\",\"url\":\"https:\/\/livrariasolmar.pt\/wp-content\/uploads\/2025\/11\/1540-1-34-1.jpg\",\"contentUrl\":\"https:\/\/livrariasolmar.pt\/wp-content\/uploads\/2025\/11\/1540-1-34-1.jpg\",\"width\":340,\"height\":340},{\"@type\":\"WebPage\",\"@id\":\"https:\/\/livrariasolmar.pt\/produto\/as-coisas-que-so-vemos-quando-abrandamos\/#webpage\",\"url\":\"https:\/\/livrariasolmar.pt\/produto\/as-coisas-que-so-vemos-quando-abrandamos\/\",\"name\":\"As Coisas que S\\u00f3 Vemos Quando Abrandamos - Livraria Solmar - Livraria online\",\"isPartOf\":{\"@id\":\"https:\/\/livrariasolmar.pt\/#website\"},\"primaryImageOfPage\":{\"@id\":\"https:\/\/livrariasolmar.pt\/produto\/as-coisas-que-so-vemos-quando-abrandamos\/#primaryimage\"},\"datePublished\":\"2025-11-14T20:26:00+00:00\",\"dateModified\":\"2025-11-28T17:33:58+00:00\",\"breadcrumb\":{\"@id\":\"https:\/\/livrariasolmar.pt\/produto\/as-coisas-que-so-vemos-quando-abrandamos\/#breadcrumb\"},\"inLanguage\":\"en-US\",\"potentialAction\":[{\"@type\":\"ReadAction\",\"target\":[\"https:\/\/livrariasolmar.pt\/produto\/as-coisas-que-so-vemos-quando-abrandamos\/\"]}]},{\"@type\":\"BreadcrumbList\",\"@id\":\"https:\/\/livrariasolmar.pt\/produto\/as-coisas-que-so-vemos-quando-abrandamos\/#breadcrumb\",\"itemListElement\":[{\"@type\":\"ListItem\",\"position\":1,\"name\":\"In\\u00edcio\",\"item\":\"https:\/\/livrariasolmar.pt\/en\/\"},{\"@type\":\"ListItem\",\"position\":2,\"name\":\"Shop\",\"item\":\"https:\/\/livrariasolmar.pt\/en\/shop\/\"},{\"@type\":\"ListItem\",\"position\":3,\"name\":\"As Coisas que S\\u00f3 Vemos Quando Abrandamos\"}]}]}<\/script>\n<!-- \/ Yoast SEO plugin. -->","_links":{"self":[{"href":"https:\/\/livrariasolmar.pt\/en\/wp-json\/wp\/v2\/product\/11232"}],"collection":[{"href":"https:\/\/livrariasolmar.pt\/en\/wp-json\/wp\/v2\/product"}],"about":[{"href":"https:\/\/livrariasolmar.pt\/en\/wp-json\/wp\/v2\/types\/product"}],"author":[{"embeddable":true,"href":"https:\/\/livrariasolmar.pt\/en\/wp-json\/wp\/v2\/users\/2"}],"wp:featuredmedia":[{"embeddable":true,"href":"https:\/\/livrariasolmar.pt\/en\/wp-json\/wp\/v2\/media\/11233"}],"wp:attachment":[{"href":"https:\/\/livrariasolmar.pt\/en\/wp-json\/wp\/v2\/media?parent=11232"}],"wp:term":[{"taxonomy":"product_cat","embeddable":true,"href":"https:\/\/livrariasolmar.pt\/en\/wp-json\/wp\/v2\/product_cat?post=11232"},{"taxonomy":"product_tag","embeddable":true,"href":"https:\/\/livrariasolmar.pt\/en\/wp-json\/wp\/v2\/product_tag?post=11232"},{"taxonomy":"cat_produtos","embeddable":true,"href":"https:\/\/livrariasolmar.pt\/en\/wp-json\/wp\/v2\/cat_produtos?post=11232"}],"curies":[{"name":"wp","href":"https:\/\/api.w.org\/{rel}","templated":true}]}}