{"id":11246,"date":"2025-11-15T17:43:46","date_gmt":"2025-11-15T17:43:46","guid":{"rendered":"https:\/\/livrariasolmar.pt\/?post_type=product&#038;p=11246"},"modified":"2025-12-13T14:25:59","modified_gmt":"2025-12-13T14:25:59","slug":"1984-a-novela-grafica","status":"publish","type":"product","link":"https:\/\/livrariasolmar.pt\/en\/produto\/1984-a-novela-grafica\/","title":{"rendered":"1984 &#8211; A novela gr\u00e1fica"},"content":{"rendered":"","protected":false},"excerpt":{"rendered":"<p>Vencedor do Eisner 2022 &#8211; Melhor adapta\u00e7\u00e3o<\/p>\n<p>No ano 1984, Londres \u00e9 uma cidade l\u00fagubre, em que a Pol\u00edcia do Pensamento vigia de forma asfixiante a vida dos cidad\u00e3os. O mais grave dos crimes \u00e9 ter uma mente livre.<\/p>\n<p>Winston Smith \u00e9 um pe\u00e3o nesta engrenagem perversa e a sua fun\u00e7\u00e3o \u00e9 reescrever a Hist\u00f3ria para a adaptar ao que o Partido considera a vers\u00e3o oficial dos feitos. \u00c9 o que faz, at\u00e9 decidir questionar a verdade do sistema repressor. Na \u00e2nsia de liberdade e verdade, arrisca a vida ao apaixonar-se por uma colega, a bela Julia, e rebelar-se contra o poder vigente.<\/p>\n<p>Publicada originalmente em 1949, a obra mais poderosa de George Orwell \u00e9, pela primeira vez, adaptada a novela gr\u00e1fica, no tra\u00e7o do artista brasileiro Fido Nesti, que capta magistralmente os rostos, corpos e cen\u00e1rios de um mundo que, cada dia, \u00e9 menos dif\u00edcil de imaginar.<\/p>\n","protected":false},"author":2,"featured_media":11247,"template":"","meta":[],"product_cat":[174],"product_tag":[],"cat_produtos":[],"yoast_head":"<!-- This site is optimized with the Yoast SEO plugin v16.6 - https:\/\/yoast.com\/wordpress\/plugins\/seo\/ -->\n<title>1984 - A novela gr\u00e1fica - Livraria Solmar - Livraria online<\/title>\n<meta name=\"robots\" content=\"index, follow, max-snippet:-1, max-image-preview:large, max-video-preview:-1\" \/>\n<link rel=\"canonical\" href=\"https:\/\/livrariasolmar.pt\/en\/produto\/1984-a-novela-grafica\/\" \/>\n<meta property=\"og:locale\" content=\"en_US\" \/>\n<meta property=\"og:type\" content=\"article\" \/>\n<meta property=\"og:title\" content=\"1984 - A novela gr\u00e1fica - Livraria Solmar - Livraria online\" \/>\n<meta property=\"og:description\" content=\"Vencedor do Eisner 2022 - Melhor adapta\u00e7\u00e3o  No ano 1984, Londres \u00e9 uma cidade l\u00fagubre, em que a Pol\u00edcia do Pensamento vigia de forma asfixiante a vida dos cidad\u00e3os. O mais grave dos crimes \u00e9 ter uma mente livre.  Winston Smith \u00e9 um pe\u00e3o nesta engrenagem perversa e a sua fun\u00e7\u00e3o \u00e9 reescrever a Hist\u00f3ria para a adaptar ao que o Partido considera a vers\u00e3o oficial dos feitos. \u00c9 o que faz, at\u00e9 decidir questionar a verdade do sistema repressor. Na \u00e2nsia de liberdade e verdade, arrisca a vida ao apaixonar-se por uma colega, a bela Julia, e rebelar-se contra o poder vigente.  Publicada originalmente em 1949, a obra mais poderosa de George Orwell \u00e9, pela primeira vez, adaptada a novela gr\u00e1fica, no tra\u00e7o do artista brasileiro Fido Nesti, que capta magistralmente os rostos, corpos e cen\u00e1rios de um mundo que, cada dia, \u00e9 menos dif\u00edcil de imaginar.\" \/>\n<meta property=\"og:url\" content=\"https:\/\/livrariasolmar.pt\/produto\/1984-a-novela-grafica\/\" \/>\n<meta property=\"og:site_name\" content=\"Livraria Solmar - Livraria online\" \/>\n<meta property=\"article:modified_time\" content=\"2025-12-13T14:25:59+00:00\" \/>\n<meta property=\"og:image\" content=\"https:\/\/livrariasolmar.pt\/wp-content\/uploads\/2025\/11\/1540-1-25-1.jpg\" \/>\n\t<meta property=\"og:image:width\" content=\"340\" \/>\n\t<meta property=\"og:image:height\" content=\"340\" \/>\n<meta name=\"twitter:card\" content=\"summary_large_image\" \/>\n<script type=\"application\/ld+json\" class=\"yoast-schema-graph\">{\"@context\":\"https:\/\/schema.org\",\"@graph\":[{\"@type\":\"WebSite\",\"@id\":\"https:\/\/livrariasolmar.pt\/#website\",\"url\":\"https:\/\/livrariasolmar.pt\/\",\"name\":\"Livraria Solmar - Livraria online\",\"description\":\"Com\\u00e9rcio Livros E Objetos De Arte, Lda - Ponta Delgada, A\\u00e7ores\",\"potentialAction\":[{\"@type\":\"SearchAction\",\"target\":{\"@type\":\"EntryPoint\",\"urlTemplate\":\"https:\/\/livrariasolmar.pt\/?s={search_term_string}\"},\"query-input\":\"required name=search_term_string\"}],\"inLanguage\":\"en-US\"},{\"@type\":\"ImageObject\",\"@id\":\"https:\/\/livrariasolmar.pt\/produto\/1984-a-novela-grafica\/#primaryimage\",\"inLanguage\":\"en-US\",\"url\":\"https:\/\/livrariasolmar.pt\/wp-content\/uploads\/2025\/11\/1540-1-25-1.jpg\",\"contentUrl\":\"https:\/\/livrariasolmar.pt\/wp-content\/uploads\/2025\/11\/1540-1-25-1.jpg\",\"width\":340,\"height\":340},{\"@type\":\"WebPage\",\"@id\":\"https:\/\/livrariasolmar.pt\/produto\/1984-a-novela-grafica\/#webpage\",\"url\":\"https:\/\/livrariasolmar.pt\/produto\/1984-a-novela-grafica\/\",\"name\":\"1984 - A novela gr\\u00e1fica - Livraria Solmar - Livraria online\",\"isPartOf\":{\"@id\":\"https:\/\/livrariasolmar.pt\/#website\"},\"primaryImageOfPage\":{\"@id\":\"https:\/\/livrariasolmar.pt\/produto\/1984-a-novela-grafica\/#primaryimage\"},\"datePublished\":\"2025-11-15T17:43:46+00:00\",\"dateModified\":\"2025-12-13T14:25:59+00:00\",\"breadcrumb\":{\"@id\":\"https:\/\/livrariasolmar.pt\/produto\/1984-a-novela-grafica\/#breadcrumb\"},\"inLanguage\":\"en-US\",\"potentialAction\":[{\"@type\":\"ReadAction\",\"target\":[\"https:\/\/livrariasolmar.pt\/produto\/1984-a-novela-grafica\/\"]}]},{\"@type\":\"BreadcrumbList\",\"@id\":\"https:\/\/livrariasolmar.pt\/produto\/1984-a-novela-grafica\/#breadcrumb\",\"itemListElement\":[{\"@type\":\"ListItem\",\"position\":1,\"name\":\"In\\u00edcio\",\"item\":\"https:\/\/livrariasolmar.pt\/en\/\"},{\"@type\":\"ListItem\",\"position\":2,\"name\":\"Shop\",\"item\":\"https:\/\/livrariasolmar.pt\/en\/shop\/\"},{\"@type\":\"ListItem\",\"position\":3,\"name\":\"1984 &#8211; A novela gr\\u00e1fica\"}]}]}<\/script>\n<!-- \/ Yoast SEO plugin. -->","_links":{"self":[{"href":"https:\/\/livrariasolmar.pt\/en\/wp-json\/wp\/v2\/product\/11246"}],"collection":[{"href":"https:\/\/livrariasolmar.pt\/en\/wp-json\/wp\/v2\/product"}],"about":[{"href":"https:\/\/livrariasolmar.pt\/en\/wp-json\/wp\/v2\/types\/product"}],"author":[{"embeddable":true,"href":"https:\/\/livrariasolmar.pt\/en\/wp-json\/wp\/v2\/users\/2"}],"wp:featuredmedia":[{"embeddable":true,"href":"https:\/\/livrariasolmar.pt\/en\/wp-json\/wp\/v2\/media\/11247"}],"wp:attachment":[{"href":"https:\/\/livrariasolmar.pt\/en\/wp-json\/wp\/v2\/media?parent=11246"}],"wp:term":[{"taxonomy":"product_cat","embeddable":true,"href":"https:\/\/livrariasolmar.pt\/en\/wp-json\/wp\/v2\/product_cat?post=11246"},{"taxonomy":"product_tag","embeddable":true,"href":"https:\/\/livrariasolmar.pt\/en\/wp-json\/wp\/v2\/product_tag?post=11246"},{"taxonomy":"cat_produtos","embeddable":true,"href":"https:\/\/livrariasolmar.pt\/en\/wp-json\/wp\/v2\/cat_produtos?post=11246"}],"curies":[{"name":"wp","href":"https:\/\/api.w.org\/{rel}","templated":true}]}}