{"id":11249,"date":"2025-11-15T17:56:33","date_gmt":"2025-11-15T17:56:33","guid":{"rendered":"https:\/\/livrariasolmar.pt\/?post_type=product&#038;p=11249"},"modified":"2025-12-13T14:27:06","modified_gmt":"2025-12-13T14:27:06","slug":"mulher-vida-liberdade","status":"publish","type":"product","link":"https:\/\/livrariasolmar.pt\/en\/produto\/mulher-vida-liberdade\/","title":{"rendered":"Mulher Vida Liberdade"},"content":{"rendered":"","protected":false},"excerpt":{"rendered":"<p>Para marcar o anivers\u00e1rio da morte da iranaiana Mahsa Amini e o come\u00e7o do movimento\u00a0<i>Mulher Vida Liberdade<\/i>, um livro com a vis\u00e3o de dezassete ilustradores reconhecidos mundialmente e tr\u00eas especialistas sobre o Ir\u00e3o, sob a coordena\u00e7\u00e3o de Marjane Satrapi.<\/p>\n<p>Em 16 de Setembro de 2022, Mahsa Amini, uma jovem estudante iraniana, foi detida e espancada at\u00e9 \u00e0 morte pela pol\u00edcia religiosa em Teer\u00e3o. O seu \u00fanico crime foi n\u00e3o usar o len\u00e7o imposto \u00e0s mulheres pela Rep\u00fablica Isl\u00e2mica. O destino desta mulher de 22 anos desencadeou uma onda de protestos sem precedentes que rapidamente se espalhou por todo o pa\u00eds.<\/p>\n<p>Por ocasi\u00e3o do primeiro anivers\u00e1rio do movimento, Marjane Satrapi reuniu alguns peritos e cartoonistas. Juntos, querem mostrar o que n\u00e3o p\u00f4de ser fotografado ou filmado devido \u00e0 censura.<\/p>\n","protected":false},"author":2,"featured_media":11250,"template":"","meta":[],"product_cat":[174],"product_tag":[],"cat_produtos":[],"yoast_head":"<!-- This site is optimized with the Yoast SEO plugin v16.6 - https:\/\/yoast.com\/wordpress\/plugins\/seo\/ -->\n<title>Mulher Vida Liberdade - Livraria Solmar - Livraria online<\/title>\n<meta name=\"robots\" content=\"index, follow, max-snippet:-1, max-image-preview:large, max-video-preview:-1\" \/>\n<link rel=\"canonical\" href=\"https:\/\/livrariasolmar.pt\/en\/produto\/mulher-vida-liberdade\/\" \/>\n<meta property=\"og:locale\" content=\"en_US\" \/>\n<meta property=\"og:type\" content=\"article\" \/>\n<meta property=\"og:title\" content=\"Mulher Vida Liberdade - Livraria Solmar - Livraria online\" \/>\n<meta property=\"og:description\" content=\"Para marcar o anivers\u00e1rio da morte da iranaiana Mahsa Amini e o come\u00e7o do movimento\u00a0Mulher Vida Liberdade, um livro com a vis\u00e3o de dezassete ilustradores reconhecidos mundialmente e tr\u00eas especialistas sobre o Ir\u00e3o, sob a coordena\u00e7\u00e3o de Marjane Satrapi.  Em 16 de Setembro de 2022, Mahsa Amini, uma jovem estudante iraniana, foi detida e espancada at\u00e9 \u00e0 morte pela pol\u00edcia religiosa em Teer\u00e3o. O seu \u00fanico crime foi n\u00e3o usar o len\u00e7o imposto \u00e0s mulheres pela Rep\u00fablica Isl\u00e2mica. O destino desta mulher de 22 anos desencadeou uma onda de protestos sem precedentes que rapidamente se espalhou por todo o pa\u00eds.  Por ocasi\u00e3o do primeiro anivers\u00e1rio do movimento, Marjane Satrapi reuniu alguns peritos e cartoonistas. Juntos, querem mostrar o que n\u00e3o p\u00f4de ser fotografado ou filmado devido \u00e0 censura.\" \/>\n<meta property=\"og:url\" content=\"https:\/\/livrariasolmar.pt\/produto\/mulher-vida-liberdade\/\" \/>\n<meta property=\"og:site_name\" content=\"Livraria Solmar - Livraria online\" \/>\n<meta property=\"article:modified_time\" content=\"2025-12-13T14:27:06+00:00\" \/>\n<meta property=\"og:image\" content=\"https:\/\/livrariasolmar.pt\/wp-content\/uploads\/2025\/11\/1540-1-26-1.jpg\" \/>\n\t<meta property=\"og:image:width\" content=\"340\" \/>\n\t<meta property=\"og:image:height\" content=\"340\" \/>\n<meta name=\"twitter:card\" content=\"summary_large_image\" \/>\n<script type=\"application\/ld+json\" class=\"yoast-schema-graph\">{\"@context\":\"https:\/\/schema.org\",\"@graph\":[{\"@type\":\"WebSite\",\"@id\":\"https:\/\/livrariasolmar.pt\/#website\",\"url\":\"https:\/\/livrariasolmar.pt\/\",\"name\":\"Livraria Solmar - Livraria online\",\"description\":\"Com\\u00e9rcio Livros E Objetos De Arte, Lda - Ponta Delgada, A\\u00e7ores\",\"potentialAction\":[{\"@type\":\"SearchAction\",\"target\":{\"@type\":\"EntryPoint\",\"urlTemplate\":\"https:\/\/livrariasolmar.pt\/?s={search_term_string}\"},\"query-input\":\"required name=search_term_string\"}],\"inLanguage\":\"en-US\"},{\"@type\":\"ImageObject\",\"@id\":\"https:\/\/livrariasolmar.pt\/produto\/mulher-vida-liberdade\/#primaryimage\",\"inLanguage\":\"en-US\",\"url\":\"https:\/\/livrariasolmar.pt\/wp-content\/uploads\/2025\/11\/1540-1-26-1.jpg\",\"contentUrl\":\"https:\/\/livrariasolmar.pt\/wp-content\/uploads\/2025\/11\/1540-1-26-1.jpg\",\"width\":340,\"height\":340},{\"@type\":\"WebPage\",\"@id\":\"https:\/\/livrariasolmar.pt\/produto\/mulher-vida-liberdade\/#webpage\",\"url\":\"https:\/\/livrariasolmar.pt\/produto\/mulher-vida-liberdade\/\",\"name\":\"Mulher Vida Liberdade - Livraria Solmar - Livraria online\",\"isPartOf\":{\"@id\":\"https:\/\/livrariasolmar.pt\/#website\"},\"primaryImageOfPage\":{\"@id\":\"https:\/\/livrariasolmar.pt\/produto\/mulher-vida-liberdade\/#primaryimage\"},\"datePublished\":\"2025-11-15T17:56:33+00:00\",\"dateModified\":\"2025-12-13T14:27:06+00:00\",\"breadcrumb\":{\"@id\":\"https:\/\/livrariasolmar.pt\/produto\/mulher-vida-liberdade\/#breadcrumb\"},\"inLanguage\":\"en-US\",\"potentialAction\":[{\"@type\":\"ReadAction\",\"target\":[\"https:\/\/livrariasolmar.pt\/produto\/mulher-vida-liberdade\/\"]}]},{\"@type\":\"BreadcrumbList\",\"@id\":\"https:\/\/livrariasolmar.pt\/produto\/mulher-vida-liberdade\/#breadcrumb\",\"itemListElement\":[{\"@type\":\"ListItem\",\"position\":1,\"name\":\"In\\u00edcio\",\"item\":\"https:\/\/livrariasolmar.pt\/en\/\"},{\"@type\":\"ListItem\",\"position\":2,\"name\":\"Shop\",\"item\":\"https:\/\/livrariasolmar.pt\/en\/shop\/\"},{\"@type\":\"ListItem\",\"position\":3,\"name\":\"Mulher Vida Liberdade\"}]}]}<\/script>\n<!-- \/ Yoast SEO plugin. -->","_links":{"self":[{"href":"https:\/\/livrariasolmar.pt\/en\/wp-json\/wp\/v2\/product\/11249"}],"collection":[{"href":"https:\/\/livrariasolmar.pt\/en\/wp-json\/wp\/v2\/product"}],"about":[{"href":"https:\/\/livrariasolmar.pt\/en\/wp-json\/wp\/v2\/types\/product"}],"author":[{"embeddable":true,"href":"https:\/\/livrariasolmar.pt\/en\/wp-json\/wp\/v2\/users\/2"}],"wp:featuredmedia":[{"embeddable":true,"href":"https:\/\/livrariasolmar.pt\/en\/wp-json\/wp\/v2\/media\/11250"}],"wp:attachment":[{"href":"https:\/\/livrariasolmar.pt\/en\/wp-json\/wp\/v2\/media?parent=11249"}],"wp:term":[{"taxonomy":"product_cat","embeddable":true,"href":"https:\/\/livrariasolmar.pt\/en\/wp-json\/wp\/v2\/product_cat?post=11249"},{"taxonomy":"product_tag","embeddable":true,"href":"https:\/\/livrariasolmar.pt\/en\/wp-json\/wp\/v2\/product_tag?post=11249"},{"taxonomy":"cat_produtos","embeddable":true,"href":"https:\/\/livrariasolmar.pt\/en\/wp-json\/wp\/v2\/cat_produtos?post=11249"}],"curies":[{"name":"wp","href":"https:\/\/api.w.org\/{rel}","templated":true}]}}