{"id":11252,"date":"2025-11-15T18:00:22","date_gmt":"2025-11-15T18:00:22","guid":{"rendered":"https:\/\/livrariasolmar.pt\/?post_type=product&#038;p=11252"},"modified":"2025-12-13T14:26:53","modified_gmt":"2025-12-13T14:26:53","slug":"mau-genero","status":"publish","type":"product","link":"https:\/\/livrariasolmar.pt\/en\/produto\/mau-genero\/","title":{"rendered":"Mau G\u00e9nero"},"content":{"rendered":"","protected":false},"excerpt":{"rendered":"<p>Paul e Louise conhecem-se, apaixonam-se e pouco depois casam-se. Mas a Primeira Guerra Mundial irrompe e Paul \u00e9 for\u00e7ado a separar-se de Louise para ir combater. Nas trincheiras, Paul vive um verdadeiro inferno e deseja escapar de l\u00e1 a qualquer custo, acabando por desertar e reencontrar a mulher em Paris. Est\u00e1 s\u00e3o e salvo, mas condenado a permanecer escondido num quarto de hotel.<\/p>\n<p>Para p\u00f4r fim \u00e0 sua clandestinidade, Paul encontra uma solu\u00e7\u00e3o: mudar de identidade, travestindo-se. A partir desse momento passar\u00e1 a chamar-se Suzanne. Entre a confus\u00e3o da mudan\u00e7a de g\u00e9nero e o trauma da guerra, o casal ter\u00e1 um destino extraordin\u00e1rio. Quando por fim \u00e9 concedida amnistia aos desertores, Suzanne poder\u00e1 voltar a ser Paul, e a vida de ambos poder\u00e1 retomar a normalidade.<\/p>\n<p>Mas ser\u00e1 isso de facto uma boa not\u00edcia?<\/p>\n","protected":false},"author":2,"featured_media":11253,"template":"","meta":[],"product_cat":[174],"product_tag":[],"cat_produtos":[],"yoast_head":"<!-- This site is optimized with the Yoast SEO plugin v16.6 - https:\/\/yoast.com\/wordpress\/plugins\/seo\/ -->\n<title>Mau G\u00e9nero - Livraria Solmar - Livraria online<\/title>\n<meta name=\"robots\" content=\"index, follow, max-snippet:-1, max-image-preview:large, max-video-preview:-1\" \/>\n<link rel=\"canonical\" href=\"https:\/\/livrariasolmar.pt\/en\/produto\/mau-genero\/\" \/>\n<meta property=\"og:locale\" content=\"en_US\" \/>\n<meta property=\"og:type\" content=\"article\" \/>\n<meta property=\"og:title\" content=\"Mau G\u00e9nero - Livraria Solmar - Livraria online\" \/>\n<meta property=\"og:description\" content=\"Paul e Louise conhecem-se, apaixonam-se e pouco depois casam-se. Mas a Primeira Guerra Mundial irrompe e Paul \u00e9 for\u00e7ado a separar-se de Louise para ir combater. Nas trincheiras, Paul vive um verdadeiro inferno e deseja escapar de l\u00e1 a qualquer custo, acabando por desertar e reencontrar a mulher em Paris. Est\u00e1 s\u00e3o e salvo, mas condenado a permanecer escondido num quarto de hotel.  Para p\u00f4r fim \u00e0 sua clandestinidade, Paul encontra uma solu\u00e7\u00e3o: mudar de identidade, travestindo-se. A partir desse momento passar\u00e1 a chamar-se Suzanne. Entre a confus\u00e3o da mudan\u00e7a de g\u00e9nero e o trauma da guerra, o casal ter\u00e1 um destino extraordin\u00e1rio. Quando por fim \u00e9 concedida amnistia aos desertores, Suzanne poder\u00e1 voltar a ser Paul, e a vida de ambos poder\u00e1 retomar a normalidade.  Mas ser\u00e1 isso de facto uma boa not\u00edcia?\" \/>\n<meta property=\"og:url\" content=\"https:\/\/livrariasolmar.pt\/produto\/mau-genero\/\" \/>\n<meta property=\"og:site_name\" content=\"Livraria Solmar - Livraria online\" \/>\n<meta property=\"article:modified_time\" content=\"2025-12-13T14:26:53+00:00\" \/>\n<meta property=\"og:image\" content=\"https:\/\/livrariasolmar.pt\/wp-content\/uploads\/2025\/11\/1540-1-27-1.jpg\" \/>\n\t<meta property=\"og:image:width\" content=\"340\" \/>\n\t<meta property=\"og:image:height\" content=\"340\" \/>\n<meta name=\"twitter:card\" content=\"summary_large_image\" \/>\n<script type=\"application\/ld+json\" class=\"yoast-schema-graph\">{\"@context\":\"https:\/\/schema.org\",\"@graph\":[{\"@type\":\"WebSite\",\"@id\":\"https:\/\/livrariasolmar.pt\/#website\",\"url\":\"https:\/\/livrariasolmar.pt\/\",\"name\":\"Livraria Solmar - Livraria online\",\"description\":\"Com\\u00e9rcio Livros E Objetos De Arte, Lda - Ponta Delgada, A\\u00e7ores\",\"potentialAction\":[{\"@type\":\"SearchAction\",\"target\":{\"@type\":\"EntryPoint\",\"urlTemplate\":\"https:\/\/livrariasolmar.pt\/?s={search_term_string}\"},\"query-input\":\"required name=search_term_string\"}],\"inLanguage\":\"en-US\"},{\"@type\":\"ImageObject\",\"@id\":\"https:\/\/livrariasolmar.pt\/produto\/mau-genero\/#primaryimage\",\"inLanguage\":\"en-US\",\"url\":\"https:\/\/livrariasolmar.pt\/wp-content\/uploads\/2025\/11\/1540-1-27-1.jpg\",\"contentUrl\":\"https:\/\/livrariasolmar.pt\/wp-content\/uploads\/2025\/11\/1540-1-27-1.jpg\",\"width\":340,\"height\":340},{\"@type\":\"WebPage\",\"@id\":\"https:\/\/livrariasolmar.pt\/produto\/mau-genero\/#webpage\",\"url\":\"https:\/\/livrariasolmar.pt\/produto\/mau-genero\/\",\"name\":\"Mau G\\u00e9nero - Livraria Solmar - Livraria online\",\"isPartOf\":{\"@id\":\"https:\/\/livrariasolmar.pt\/#website\"},\"primaryImageOfPage\":{\"@id\":\"https:\/\/livrariasolmar.pt\/produto\/mau-genero\/#primaryimage\"},\"datePublished\":\"2025-11-15T18:00:22+00:00\",\"dateModified\":\"2025-12-13T14:26:53+00:00\",\"breadcrumb\":{\"@id\":\"https:\/\/livrariasolmar.pt\/produto\/mau-genero\/#breadcrumb\"},\"inLanguage\":\"en-US\",\"potentialAction\":[{\"@type\":\"ReadAction\",\"target\":[\"https:\/\/livrariasolmar.pt\/produto\/mau-genero\/\"]}]},{\"@type\":\"BreadcrumbList\",\"@id\":\"https:\/\/livrariasolmar.pt\/produto\/mau-genero\/#breadcrumb\",\"itemListElement\":[{\"@type\":\"ListItem\",\"position\":1,\"name\":\"In\\u00edcio\",\"item\":\"https:\/\/livrariasolmar.pt\/en\/\"},{\"@type\":\"ListItem\",\"position\":2,\"name\":\"Shop\",\"item\":\"https:\/\/livrariasolmar.pt\/en\/shop\/\"},{\"@type\":\"ListItem\",\"position\":3,\"name\":\"Mau G\\u00e9nero\"}]}]}<\/script>\n<!-- \/ Yoast SEO plugin. -->","_links":{"self":[{"href":"https:\/\/livrariasolmar.pt\/en\/wp-json\/wp\/v2\/product\/11252"}],"collection":[{"href":"https:\/\/livrariasolmar.pt\/en\/wp-json\/wp\/v2\/product"}],"about":[{"href":"https:\/\/livrariasolmar.pt\/en\/wp-json\/wp\/v2\/types\/product"}],"author":[{"embeddable":true,"href":"https:\/\/livrariasolmar.pt\/en\/wp-json\/wp\/v2\/users\/2"}],"wp:featuredmedia":[{"embeddable":true,"href":"https:\/\/livrariasolmar.pt\/en\/wp-json\/wp\/v2\/media\/11253"}],"wp:attachment":[{"href":"https:\/\/livrariasolmar.pt\/en\/wp-json\/wp\/v2\/media?parent=11252"}],"wp:term":[{"taxonomy":"product_cat","embeddable":true,"href":"https:\/\/livrariasolmar.pt\/en\/wp-json\/wp\/v2\/product_cat?post=11252"},{"taxonomy":"product_tag","embeddable":true,"href":"https:\/\/livrariasolmar.pt\/en\/wp-json\/wp\/v2\/product_tag?post=11252"},{"taxonomy":"cat_produtos","embeddable":true,"href":"https:\/\/livrariasolmar.pt\/en\/wp-json\/wp\/v2\/cat_produtos?post=11252"}],"curies":[{"name":"wp","href":"https:\/\/api.w.org\/{rel}","templated":true}]}}