{"id":11255,"date":"2025-11-15T18:15:35","date_gmt":"2025-11-15T18:15:35","guid":{"rendered":"https:\/\/livrariasolmar.pt\/?post_type=product&#038;p=11255"},"modified":"2025-12-13T14:26:41","modified_gmt":"2025-12-13T14:26:41","slug":"fome-novela-grafica","status":"publish","type":"product","link":"https:\/\/livrariasolmar.pt\/en\/produto\/fome-novela-grafica\/","title":{"rendered":"Fome &#8211; Novela Gr\u00e1fica"},"content":{"rendered":"","protected":false},"excerpt":{"rendered":"<p>Obra inaugural da grande literatura moderna, Fome, do pr\u00e9mio Nobel de Literatura Knut Hamsun, foi publicado h\u00e1 mais de um s\u00e9culo.<\/p>\n<p>Numa abordagem t\u00e3o fiel quanto original ao romance de Hamsun, o artista noruegu\u00eas Martin Ernstsen adapta para novela gr\u00e1fica esta hist\u00f3ria protagonizada por um jovem escritor que deambula faminto e delirante pela cidade de Kristiania, oferecendo ao leitor uma experi\u00eancia est\u00e9tica e liter\u00e1ria singular.<\/p>\n<p>Traduzido diretamente do noruegu\u00eas por Liliete Martins.<\/p>\n","protected":false},"author":2,"featured_media":11256,"template":"","meta":[],"product_cat":[174],"product_tag":[],"cat_produtos":[],"yoast_head":"<!-- This site is optimized with the Yoast SEO plugin v16.6 - https:\/\/yoast.com\/wordpress\/plugins\/seo\/ -->\n<title>Fome - Novela Gr\u00e1fica - Livraria Solmar - Livraria online<\/title>\n<meta name=\"robots\" content=\"index, follow, max-snippet:-1, max-image-preview:large, max-video-preview:-1\" \/>\n<link rel=\"canonical\" href=\"https:\/\/livrariasolmar.pt\/en\/produto\/fome-novela-grafica\/\" \/>\n<meta property=\"og:locale\" content=\"en_US\" \/>\n<meta property=\"og:type\" content=\"article\" \/>\n<meta property=\"og:title\" content=\"Fome - Novela Gr\u00e1fica - Livraria Solmar - Livraria online\" \/>\n<meta property=\"og:description\" content=\"Obra inaugural da grande literatura moderna, Fome, do pr\u00e9mio Nobel de Literatura Knut Hamsun, foi publicado h\u00e1 mais de um s\u00e9culo.  Numa abordagem t\u00e3o fiel quanto original ao romance de Hamsun, o artista noruegu\u00eas Martin Ernstsen adapta para novela gr\u00e1fica esta hist\u00f3ria protagonizada por um jovem escritor que deambula faminto e delirante pela cidade de Kristiania, oferecendo ao leitor uma experi\u00eancia est\u00e9tica e liter\u00e1ria singular.  Traduzido diretamente do noruegu\u00eas por Liliete Martins.\" \/>\n<meta property=\"og:url\" content=\"https:\/\/livrariasolmar.pt\/produto\/fome-novela-grafica\/\" \/>\n<meta property=\"og:site_name\" content=\"Livraria Solmar - Livraria online\" \/>\n<meta property=\"article:modified_time\" content=\"2025-12-13T14:26:41+00:00\" \/>\n<meta property=\"og:image\" content=\"https:\/\/livrariasolmar.pt\/wp-content\/uploads\/2025\/11\/1507-1-10-1.jpg\" \/>\n\t<meta property=\"og:image:width\" content=\"400\" \/>\n\t<meta property=\"og:image:height\" content=\"532\" \/>\n<meta name=\"twitter:card\" content=\"summary_large_image\" \/>\n<script type=\"application\/ld+json\" class=\"yoast-schema-graph\">{\"@context\":\"https:\/\/schema.org\",\"@graph\":[{\"@type\":\"WebSite\",\"@id\":\"https:\/\/livrariasolmar.pt\/#website\",\"url\":\"https:\/\/livrariasolmar.pt\/\",\"name\":\"Livraria Solmar - Livraria online\",\"description\":\"Com\\u00e9rcio Livros E Objetos De Arte, Lda - Ponta Delgada, A\\u00e7ores\",\"potentialAction\":[{\"@type\":\"SearchAction\",\"target\":{\"@type\":\"EntryPoint\",\"urlTemplate\":\"https:\/\/livrariasolmar.pt\/?s={search_term_string}\"},\"query-input\":\"required name=search_term_string\"}],\"inLanguage\":\"en-US\"},{\"@type\":\"ImageObject\",\"@id\":\"https:\/\/livrariasolmar.pt\/produto\/fome-novela-grafica\/#primaryimage\",\"inLanguage\":\"en-US\",\"url\":\"https:\/\/livrariasolmar.pt\/wp-content\/uploads\/2025\/11\/1507-1-10-1.jpg\",\"contentUrl\":\"https:\/\/livrariasolmar.pt\/wp-content\/uploads\/2025\/11\/1507-1-10-1.jpg\",\"width\":400,\"height\":532},{\"@type\":\"WebPage\",\"@id\":\"https:\/\/livrariasolmar.pt\/produto\/fome-novela-grafica\/#webpage\",\"url\":\"https:\/\/livrariasolmar.pt\/produto\/fome-novela-grafica\/\",\"name\":\"Fome - Novela Gr\\u00e1fica - Livraria Solmar - Livraria online\",\"isPartOf\":{\"@id\":\"https:\/\/livrariasolmar.pt\/#website\"},\"primaryImageOfPage\":{\"@id\":\"https:\/\/livrariasolmar.pt\/produto\/fome-novela-grafica\/#primaryimage\"},\"datePublished\":\"2025-11-15T18:15:35+00:00\",\"dateModified\":\"2025-12-13T14:26:41+00:00\",\"breadcrumb\":{\"@id\":\"https:\/\/livrariasolmar.pt\/produto\/fome-novela-grafica\/#breadcrumb\"},\"inLanguage\":\"en-US\",\"potentialAction\":[{\"@type\":\"ReadAction\",\"target\":[\"https:\/\/livrariasolmar.pt\/produto\/fome-novela-grafica\/\"]}]},{\"@type\":\"BreadcrumbList\",\"@id\":\"https:\/\/livrariasolmar.pt\/produto\/fome-novela-grafica\/#breadcrumb\",\"itemListElement\":[{\"@type\":\"ListItem\",\"position\":1,\"name\":\"In\\u00edcio\",\"item\":\"https:\/\/livrariasolmar.pt\/en\/\"},{\"@type\":\"ListItem\",\"position\":2,\"name\":\"Shop\",\"item\":\"https:\/\/livrariasolmar.pt\/en\/shop\/\"},{\"@type\":\"ListItem\",\"position\":3,\"name\":\"Fome &#8211; Novela Gr\\u00e1fica\"}]}]}<\/script>\n<!-- \/ Yoast SEO plugin. -->","_links":{"self":[{"href":"https:\/\/livrariasolmar.pt\/en\/wp-json\/wp\/v2\/product\/11255"}],"collection":[{"href":"https:\/\/livrariasolmar.pt\/en\/wp-json\/wp\/v2\/product"}],"about":[{"href":"https:\/\/livrariasolmar.pt\/en\/wp-json\/wp\/v2\/types\/product"}],"author":[{"embeddable":true,"href":"https:\/\/livrariasolmar.pt\/en\/wp-json\/wp\/v2\/users\/2"}],"wp:featuredmedia":[{"embeddable":true,"href":"https:\/\/livrariasolmar.pt\/en\/wp-json\/wp\/v2\/media\/11256"}],"wp:attachment":[{"href":"https:\/\/livrariasolmar.pt\/en\/wp-json\/wp\/v2\/media?parent=11255"}],"wp:term":[{"taxonomy":"product_cat","embeddable":true,"href":"https:\/\/livrariasolmar.pt\/en\/wp-json\/wp\/v2\/product_cat?post=11255"},{"taxonomy":"product_tag","embeddable":true,"href":"https:\/\/livrariasolmar.pt\/en\/wp-json\/wp\/v2\/product_tag?post=11255"},{"taxonomy":"cat_produtos","embeddable":true,"href":"https:\/\/livrariasolmar.pt\/en\/wp-json\/wp\/v2\/cat_produtos?post=11255"}],"curies":[{"name":"wp","href":"https:\/\/api.w.org\/{rel}","templated":true}]}}