{"id":11258,"date":"2025-11-15T18:55:23","date_gmt":"2025-11-15T18:55:23","guid":{"rendered":"https:\/\/livrariasolmar.pt\/?post_type=product&#038;p=11258"},"modified":"2025-11-29T14:31:55","modified_gmt":"2025-11-29T14:31:55","slug":"cultura-uma-nova-historia-do-mundo","status":"publish","type":"product","link":"https:\/\/livrariasolmar.pt\/en\/produto\/cultura-uma-nova-historia-do-mundo\/","title":{"rendered":"Cultura &#8211; Uma Nova Hist\u00f3ria do Mundo"},"content":{"rendered":"","protected":false},"excerpt":{"rendered":"<p>Durante mil\u00e9nios, a humanidade procurou compreender e transmitir \u00e0s gera\u00e7\u00f5es futuras n\u00e3o apenas os modos de viver a vida, mas tamb\u00e9m o significado e o prop\u00f3sito da nossa exist\u00eancia, tal como declinados pela arte, pela arquitetura, pela religi\u00e3o e pela filosofia. Da cidade perdida de Nefertiti \u00e0s pe\u00e7as teatrais de Wole Soyinka; dos teatros da Gr\u00e9cia antiga aos di\u00e1rios de viagem chineses e \u00e0s bibliotecas \u00e1rabes e astecas; de uma estatueta do sul da \u00c1sia encontrada em Pompeia a uma c\u00e1psula do tempo deixada na Lua, Puchner conta a hist\u00f3ria apaixonante das realiza\u00e7\u00f5es humanas atrav\u00e9s das nossas perdas e redescobertas, jogadas de poder e viagens heroicas, inova\u00e7\u00f5es, imita\u00e7\u00f5es e apropria\u00e7\u00f5es.<\/p>\n<p>Mais do que um livro de hist\u00f3ria, Cultura \u00e9 um arquivo das encruzilhadas mais marcantes da humanidade e um guia para o nosso futuro enquanto esp\u00e9cie criativa.<\/p>\n","protected":false},"author":2,"featured_media":11259,"template":"","meta":[],"product_cat":[366],"product_tag":[],"cat_produtos":[],"yoast_head":"<!-- This site is optimized with the Yoast SEO plugin v16.6 - https:\/\/yoast.com\/wordpress\/plugins\/seo\/ -->\n<title>Cultura - Uma Nova Hist\u00f3ria do Mundo - Livraria Solmar - Livraria online<\/title>\n<meta name=\"robots\" content=\"index, follow, max-snippet:-1, max-image-preview:large, max-video-preview:-1\" \/>\n<link rel=\"canonical\" href=\"https:\/\/livrariasolmar.pt\/en\/produto\/cultura-uma-nova-historia-do-mundo\/\" \/>\n<meta property=\"og:locale\" content=\"en_US\" \/>\n<meta property=\"og:type\" content=\"article\" \/>\n<meta property=\"og:title\" content=\"Cultura - Uma Nova Hist\u00f3ria do Mundo - Livraria Solmar - Livraria online\" \/>\n<meta property=\"og:description\" content=\"Durante mil\u00e9nios, a humanidade procurou compreender e transmitir \u00e0s gera\u00e7\u00f5es futuras n\u00e3o apenas os modos de viver a vida, mas tamb\u00e9m o significado e o prop\u00f3sito da nossa exist\u00eancia, tal como declinados pela arte, pela arquitetura, pela religi\u00e3o e pela filosofia. Da cidade perdida de Nefertiti \u00e0s pe\u00e7as teatrais de Wole Soyinka; dos teatros da Gr\u00e9cia antiga aos di\u00e1rios de viagem chineses e \u00e0s bibliotecas \u00e1rabes e astecas; de uma estatueta do sul da \u00c1sia encontrada em Pompeia a uma c\u00e1psula do tempo deixada na Lua, Puchner conta a hist\u00f3ria apaixonante das realiza\u00e7\u00f5es humanas atrav\u00e9s das nossas perdas e redescobertas, jogadas de poder e viagens heroicas, inova\u00e7\u00f5es, imita\u00e7\u00f5es e apropria\u00e7\u00f5es.  Mais do que um livro de hist\u00f3ria, Cultura \u00e9 um arquivo das encruzilhadas mais marcantes da humanidade e um guia para o nosso futuro enquanto esp\u00e9cie criativa.\" \/>\n<meta property=\"og:url\" content=\"https:\/\/livrariasolmar.pt\/produto\/cultura-uma-nova-historia-do-mundo\/\" \/>\n<meta property=\"og:site_name\" content=\"Livraria Solmar - Livraria online\" \/>\n<meta property=\"article:modified_time\" content=\"2025-11-29T14:31:55+00:00\" \/>\n<meta property=\"og:image\" content=\"https:\/\/livrariasolmar.pt\/wp-content\/uploads\/2025\/11\/1540-1-28-1.jpg\" \/>\n\t<meta property=\"og:image:width\" content=\"340\" \/>\n\t<meta property=\"og:image:height\" content=\"340\" \/>\n<meta name=\"twitter:card\" content=\"summary_large_image\" \/>\n<script type=\"application\/ld+json\" class=\"yoast-schema-graph\">{\"@context\":\"https:\/\/schema.org\",\"@graph\":[{\"@type\":\"WebSite\",\"@id\":\"https:\/\/livrariasolmar.pt\/#website\",\"url\":\"https:\/\/livrariasolmar.pt\/\",\"name\":\"Livraria Solmar - Livraria online\",\"description\":\"Com\\u00e9rcio Livros E Objetos De Arte, Lda - Ponta Delgada, A\\u00e7ores\",\"potentialAction\":[{\"@type\":\"SearchAction\",\"target\":{\"@type\":\"EntryPoint\",\"urlTemplate\":\"https:\/\/livrariasolmar.pt\/?s={search_term_string}\"},\"query-input\":\"required name=search_term_string\"}],\"inLanguage\":\"en-US\"},{\"@type\":\"ImageObject\",\"@id\":\"https:\/\/livrariasolmar.pt\/produto\/cultura-uma-nova-historia-do-mundo\/#primaryimage\",\"inLanguage\":\"en-US\",\"url\":\"https:\/\/livrariasolmar.pt\/wp-content\/uploads\/2025\/11\/1540-1-28-1.jpg\",\"contentUrl\":\"https:\/\/livrariasolmar.pt\/wp-content\/uploads\/2025\/11\/1540-1-28-1.jpg\",\"width\":340,\"height\":340},{\"@type\":\"WebPage\",\"@id\":\"https:\/\/livrariasolmar.pt\/produto\/cultura-uma-nova-historia-do-mundo\/#webpage\",\"url\":\"https:\/\/livrariasolmar.pt\/produto\/cultura-uma-nova-historia-do-mundo\/\",\"name\":\"Cultura - Uma Nova Hist\\u00f3ria do Mundo - Livraria Solmar - Livraria online\",\"isPartOf\":{\"@id\":\"https:\/\/livrariasolmar.pt\/#website\"},\"primaryImageOfPage\":{\"@id\":\"https:\/\/livrariasolmar.pt\/produto\/cultura-uma-nova-historia-do-mundo\/#primaryimage\"},\"datePublished\":\"2025-11-15T18:55:23+00:00\",\"dateModified\":\"2025-11-29T14:31:55+00:00\",\"breadcrumb\":{\"@id\":\"https:\/\/livrariasolmar.pt\/produto\/cultura-uma-nova-historia-do-mundo\/#breadcrumb\"},\"inLanguage\":\"en-US\",\"potentialAction\":[{\"@type\":\"ReadAction\",\"target\":[\"https:\/\/livrariasolmar.pt\/produto\/cultura-uma-nova-historia-do-mundo\/\"]}]},{\"@type\":\"BreadcrumbList\",\"@id\":\"https:\/\/livrariasolmar.pt\/produto\/cultura-uma-nova-historia-do-mundo\/#breadcrumb\",\"itemListElement\":[{\"@type\":\"ListItem\",\"position\":1,\"name\":\"In\\u00edcio\",\"item\":\"https:\/\/livrariasolmar.pt\/en\/\"},{\"@type\":\"ListItem\",\"position\":2,\"name\":\"Shop\",\"item\":\"https:\/\/livrariasolmar.pt\/en\/shop\/\"},{\"@type\":\"ListItem\",\"position\":3,\"name\":\"Cultura &#8211; Uma Nova Hist\\u00f3ria do Mundo\"}]}]}<\/script>\n<!-- \/ Yoast SEO plugin. -->","_links":{"self":[{"href":"https:\/\/livrariasolmar.pt\/en\/wp-json\/wp\/v2\/product\/11258"}],"collection":[{"href":"https:\/\/livrariasolmar.pt\/en\/wp-json\/wp\/v2\/product"}],"about":[{"href":"https:\/\/livrariasolmar.pt\/en\/wp-json\/wp\/v2\/types\/product"}],"author":[{"embeddable":true,"href":"https:\/\/livrariasolmar.pt\/en\/wp-json\/wp\/v2\/users\/2"}],"wp:featuredmedia":[{"embeddable":true,"href":"https:\/\/livrariasolmar.pt\/en\/wp-json\/wp\/v2\/media\/11259"}],"wp:attachment":[{"href":"https:\/\/livrariasolmar.pt\/en\/wp-json\/wp\/v2\/media?parent=11258"}],"wp:term":[{"taxonomy":"product_cat","embeddable":true,"href":"https:\/\/livrariasolmar.pt\/en\/wp-json\/wp\/v2\/product_cat?post=11258"},{"taxonomy":"product_tag","embeddable":true,"href":"https:\/\/livrariasolmar.pt\/en\/wp-json\/wp\/v2\/product_tag?post=11258"},{"taxonomy":"cat_produtos","embeddable":true,"href":"https:\/\/livrariasolmar.pt\/en\/wp-json\/wp\/v2\/cat_produtos?post=11258"}],"curies":[{"name":"wp","href":"https:\/\/api.w.org\/{rel}","templated":true}]}}