{"id":11262,"date":"2025-11-15T19:02:14","date_gmt":"2025-11-15T19:02:14","guid":{"rendered":"https:\/\/livrariasolmar.pt\/?post_type=product&#038;p=11262"},"modified":"2025-12-13T14:37:37","modified_gmt":"2025-12-13T14:37:37","slug":"henrique-v-a-extraordinaria-ascensao-do-maior-guerreiro-de-inglaterra","status":"publish","type":"product","link":"https:\/\/livrariasolmar.pt\/en\/produto\/henrique-v-a-extraordinaria-ascensao-do-maior-guerreiro-de-inglaterra\/","title":{"rendered":"Henrique V &#8211; A extraordin\u00e1ria ascens\u00e3o do maior guerreiro de Inglaterra"},"content":{"rendered":"","protected":false},"excerpt":{"rendered":"<p>Dan Jones, um dos mais importantes historiadores medievais do nosso tempo, d\u00e1 vida de forma inesquec\u00edvel \u00e0 ascens\u00e3o surpreendente de Henrique V, que sobreviveu a uma rebeli\u00e3o, a um ferimento de flecha quase fatal e a um longo e prec\u00e1rio aprendizado enquanto pr\u00edncipe para se tornar o maior rei guerreiro da Inglaterra.<\/p>\n<p>Henrique V reinou somente nove anos e quatro meses e morreu com apenas 35 anos, mas paira sobre a paisagem do final da Idade M\u00e9dia e para l\u00e1 dela. Vencedor da Batalha de Agincourt, imortalizada por William Shakespeare, foi um rei modelo para os seus sucessores.<\/p>\n<p>Salvou um pa\u00eds devastado da ru\u00edna econ\u00f3mica, reprimiu rebeli\u00f5es e protegeu as fronteiras do reino, enquanto na diplomacia externa fez com que a Inglaterra se tornasse uma pot\u00eancia novamente importante. Por\u00e9m, as suas conquistas no norte da Fran\u00e7a seriam a g\u00e9nese para tr\u00eas gera\u00e7\u00f5es de calamidades no seu pa\u00eds, sob a forma das Guerras das Rosas.<\/p>\n<p>Uma biografia emocionante e imperd\u00edvel, que oferece uma vis\u00e3o sem precedentes dos importantes primeiros vinte e seis anos da sua vida, da sua ascens\u00e3o ao poder e das suas campanhas militares.<\/p>\n","protected":false},"author":2,"featured_media":11263,"template":"","meta":[],"product_cat":[366],"product_tag":[],"cat_produtos":[],"yoast_head":"<!-- This site is optimized with the Yoast SEO plugin v16.6 - https:\/\/yoast.com\/wordpress\/plugins\/seo\/ -->\n<title>Henrique V - A extraordin\u00e1ria ascens\u00e3o do maior guerreiro de Inglaterra - Livraria Solmar - Livraria online<\/title>\n<meta name=\"robots\" content=\"index, follow, max-snippet:-1, max-image-preview:large, max-video-preview:-1\" \/>\n<link rel=\"canonical\" href=\"https:\/\/livrariasolmar.pt\/en\/produto\/henrique-v-a-extraordinaria-ascensao-do-maior-guerreiro-de-inglaterra\/\" \/>\n<meta property=\"og:locale\" content=\"en_US\" \/>\n<meta property=\"og:type\" content=\"article\" \/>\n<meta property=\"og:title\" content=\"Henrique V - A extraordin\u00e1ria ascens\u00e3o do maior guerreiro de Inglaterra - Livraria Solmar - Livraria online\" \/>\n<meta property=\"og:description\" content=\"Dan Jones, um dos mais importantes historiadores medievais do nosso tempo, d\u00e1 vida de forma inesquec\u00edvel \u00e0 ascens\u00e3o surpreendente de Henrique V, que sobreviveu a uma rebeli\u00e3o, a um ferimento de flecha quase fatal e a um longo e prec\u00e1rio aprendizado enquanto pr\u00edncipe para se tornar o maior rei guerreiro da Inglaterra.  Henrique V reinou somente nove anos e quatro meses e morreu com apenas 35 anos, mas paira sobre a paisagem do final da Idade M\u00e9dia e para l\u00e1 dela. Vencedor da Batalha de Agincourt, imortalizada por William Shakespeare, foi um rei modelo para os seus sucessores.  Salvou um pa\u00eds devastado da ru\u00edna econ\u00f3mica, reprimiu rebeli\u00f5es e protegeu as fronteiras do reino, enquanto na diplomacia externa fez com que a Inglaterra se tornasse uma pot\u00eancia novamente importante. Por\u00e9m, as suas conquistas no norte da Fran\u00e7a seriam a g\u00e9nese para tr\u00eas gera\u00e7\u00f5es de calamidades no seu pa\u00eds, sob a forma das Guerras das Rosas.  Uma biografia emocionante e imperd\u00edvel, que oferece uma vis\u00e3o sem precedentes dos importantes primeiros vinte e seis anos da sua vida, da sua ascens\u00e3o ao poder e das suas campanhas militares.\" \/>\n<meta property=\"og:url\" content=\"https:\/\/livrariasolmar.pt\/produto\/henrique-v-a-extraordinaria-ascensao-do-maior-guerreiro-de-inglaterra\/\" \/>\n<meta property=\"og:site_name\" content=\"Livraria Solmar - Livraria online\" \/>\n<meta property=\"article:modified_time\" content=\"2025-12-13T14:37:37+00:00\" \/>\n<meta property=\"og:image\" content=\"https:\/\/livrariasolmar.pt\/wp-content\/uploads\/2025\/11\/1540-1-29-1.jpg\" \/>\n\t<meta property=\"og:image:width\" content=\"340\" \/>\n\t<meta property=\"og:image:height\" content=\"340\" \/>\n<meta name=\"twitter:card\" content=\"summary_large_image\" \/>\n<script type=\"application\/ld+json\" class=\"yoast-schema-graph\">{\"@context\":\"https:\/\/schema.org\",\"@graph\":[{\"@type\":\"WebSite\",\"@id\":\"https:\/\/livrariasolmar.pt\/#website\",\"url\":\"https:\/\/livrariasolmar.pt\/\",\"name\":\"Livraria Solmar - Livraria online\",\"description\":\"Com\\u00e9rcio Livros E Objetos De Arte, Lda - Ponta Delgada, A\\u00e7ores\",\"potentialAction\":[{\"@type\":\"SearchAction\",\"target\":{\"@type\":\"EntryPoint\",\"urlTemplate\":\"https:\/\/livrariasolmar.pt\/?s={search_term_string}\"},\"query-input\":\"required name=search_term_string\"}],\"inLanguage\":\"en-US\"},{\"@type\":\"ImageObject\",\"@id\":\"https:\/\/livrariasolmar.pt\/produto\/henrique-v-a-extraordinaria-ascensao-do-maior-guerreiro-de-inglaterra\/#primaryimage\",\"inLanguage\":\"en-US\",\"url\":\"https:\/\/livrariasolmar.pt\/wp-content\/uploads\/2025\/11\/1540-1-29-1.jpg\",\"contentUrl\":\"https:\/\/livrariasolmar.pt\/wp-content\/uploads\/2025\/11\/1540-1-29-1.jpg\",\"width\":340,\"height\":340},{\"@type\":\"WebPage\",\"@id\":\"https:\/\/livrariasolmar.pt\/produto\/henrique-v-a-extraordinaria-ascensao-do-maior-guerreiro-de-inglaterra\/#webpage\",\"url\":\"https:\/\/livrariasolmar.pt\/produto\/henrique-v-a-extraordinaria-ascensao-do-maior-guerreiro-de-inglaterra\/\",\"name\":\"Henrique V - A extraordin\\u00e1ria ascens\\u00e3o do maior guerreiro de Inglaterra - Livraria Solmar - Livraria online\",\"isPartOf\":{\"@id\":\"https:\/\/livrariasolmar.pt\/#website\"},\"primaryImageOfPage\":{\"@id\":\"https:\/\/livrariasolmar.pt\/produto\/henrique-v-a-extraordinaria-ascensao-do-maior-guerreiro-de-inglaterra\/#primaryimage\"},\"datePublished\":\"2025-11-15T19:02:14+00:00\",\"dateModified\":\"2025-12-13T14:37:37+00:00\",\"breadcrumb\":{\"@id\":\"https:\/\/livrariasolmar.pt\/produto\/henrique-v-a-extraordinaria-ascensao-do-maior-guerreiro-de-inglaterra\/#breadcrumb\"},\"inLanguage\":\"en-US\",\"potentialAction\":[{\"@type\":\"ReadAction\",\"target\":[\"https:\/\/livrariasolmar.pt\/produto\/henrique-v-a-extraordinaria-ascensao-do-maior-guerreiro-de-inglaterra\/\"]}]},{\"@type\":\"BreadcrumbList\",\"@id\":\"https:\/\/livrariasolmar.pt\/produto\/henrique-v-a-extraordinaria-ascensao-do-maior-guerreiro-de-inglaterra\/#breadcrumb\",\"itemListElement\":[{\"@type\":\"ListItem\",\"position\":1,\"name\":\"In\\u00edcio\",\"item\":\"https:\/\/livrariasolmar.pt\/en\/\"},{\"@type\":\"ListItem\",\"position\":2,\"name\":\"Shop\",\"item\":\"https:\/\/livrariasolmar.pt\/en\/shop\/\"},{\"@type\":\"ListItem\",\"position\":3,\"name\":\"Henrique V &#8211; A extraordin\\u00e1ria ascens\\u00e3o do maior guerreiro de Inglaterra\"}]}]}<\/script>\n<!-- \/ Yoast SEO plugin. -->","_links":{"self":[{"href":"https:\/\/livrariasolmar.pt\/en\/wp-json\/wp\/v2\/product\/11262"}],"collection":[{"href":"https:\/\/livrariasolmar.pt\/en\/wp-json\/wp\/v2\/product"}],"about":[{"href":"https:\/\/livrariasolmar.pt\/en\/wp-json\/wp\/v2\/types\/product"}],"author":[{"embeddable":true,"href":"https:\/\/livrariasolmar.pt\/en\/wp-json\/wp\/v2\/users\/2"}],"wp:featuredmedia":[{"embeddable":true,"href":"https:\/\/livrariasolmar.pt\/en\/wp-json\/wp\/v2\/media\/11263"}],"wp:attachment":[{"href":"https:\/\/livrariasolmar.pt\/en\/wp-json\/wp\/v2\/media?parent=11262"}],"wp:term":[{"taxonomy":"product_cat","embeddable":true,"href":"https:\/\/livrariasolmar.pt\/en\/wp-json\/wp\/v2\/product_cat?post=11262"},{"taxonomy":"product_tag","embeddable":true,"href":"https:\/\/livrariasolmar.pt\/en\/wp-json\/wp\/v2\/product_tag?post=11262"},{"taxonomy":"cat_produtos","embeddable":true,"href":"https:\/\/livrariasolmar.pt\/en\/wp-json\/wp\/v2\/cat_produtos?post=11262"}],"curies":[{"name":"wp","href":"https:\/\/api.w.org\/{rel}","templated":true}]}}