{"id":11268,"date":"2025-11-15T19:16:53","date_gmt":"2025-11-15T19:16:53","guid":{"rendered":"https:\/\/livrariasolmar.pt\/?post_type=product&#038;p=11268"},"modified":"2026-01-02T16:54:10","modified_gmt":"2026-01-02T16:54:10","slug":"pausa-doce","status":"publish","type":"product","link":"https:\/\/livrariasolmar.pt\/en\/produto\/pausa-doce\/","title":{"rendered":"Pausa Doce"},"content":{"rendered":"","protected":false},"excerpt":{"rendered":"<p>Do pequeno-almo\u00e7o \u00e0 sobremesa, do lanche dos mais pequenos ao ch\u00e1 dos mais velhos, a chef de pastelaria C\u00e9line Duhamel pensou em todos os momentos do dia que podem ser aproveitados para uma pausa doce. Tomando como ponto de partida cl\u00e1ssicos reconfortantes, como brioches, cookies ou churros, inova com propostas como o\u00a0<i>New York roll<\/i>\u00a0ou a tarte\u00a0<i>chocopeanut<\/i>, nestas mais de 50 receitas t\u00e3o irresist\u00edveis quanto pr\u00e1ticas. O mais dif\u00edcil ser\u00e1 escolher!<\/p>\n","protected":false},"author":2,"featured_media":11269,"template":"","meta":[],"product_cat":[281],"product_tag":[],"cat_produtos":[],"yoast_head":"<!-- This site is optimized with the Yoast SEO plugin v16.6 - https:\/\/yoast.com\/wordpress\/plugins\/seo\/ -->\n<title>Pausa Doce - Livraria Solmar - Livraria online<\/title>\n<meta name=\"robots\" content=\"index, follow, max-snippet:-1, max-image-preview:large, max-video-preview:-1\" \/>\n<link rel=\"canonical\" href=\"https:\/\/livrariasolmar.pt\/en\/produto\/pausa-doce\/\" \/>\n<meta property=\"og:locale\" content=\"en_US\" \/>\n<meta property=\"og:type\" content=\"article\" \/>\n<meta property=\"og:title\" content=\"Pausa Doce - Livraria Solmar - Livraria online\" \/>\n<meta property=\"og:description\" content=\"Do pequeno-almo\u00e7o \u00e0 sobremesa, do lanche dos mais pequenos ao ch\u00e1 dos mais velhos, a chef de pastelaria C\u00e9line Duhamel pensou em todos os momentos do dia que podem ser aproveitados para uma pausa doce. Tomando como ponto de partida cl\u00e1ssicos reconfortantes, como brioches, cookies ou churros, inova com propostas como o\u00a0New York roll\u00a0ou a tarte\u00a0chocopeanut, nestas mais de 50 receitas t\u00e3o irresist\u00edveis quanto pr\u00e1ticas. O mais dif\u00edcil ser\u00e1 escolher!\" \/>\n<meta property=\"og:url\" content=\"https:\/\/livrariasolmar.pt\/produto\/pausa-doce\/\" \/>\n<meta property=\"og:site_name\" content=\"Livraria Solmar - Livraria online\" \/>\n<meta property=\"article:modified_time\" content=\"2026-01-02T16:54:10+00:00\" \/>\n<meta property=\"og:image\" content=\"https:\/\/livrariasolmar.pt\/wp-content\/uploads\/2025\/11\/1540-1-30-1.jpg\" \/>\n\t<meta property=\"og:image:width\" content=\"340\" \/>\n\t<meta property=\"og:image:height\" content=\"340\" \/>\n<meta name=\"twitter:card\" content=\"summary_large_image\" \/>\n<script type=\"application\/ld+json\" class=\"yoast-schema-graph\">{\"@context\":\"https:\/\/schema.org\",\"@graph\":[{\"@type\":\"WebSite\",\"@id\":\"https:\/\/livrariasolmar.pt\/#website\",\"url\":\"https:\/\/livrariasolmar.pt\/\",\"name\":\"Livraria Solmar - Livraria online\",\"description\":\"Com\\u00e9rcio Livros E Objetos De Arte, Lda - Ponta Delgada, A\\u00e7ores\",\"potentialAction\":[{\"@type\":\"SearchAction\",\"target\":{\"@type\":\"EntryPoint\",\"urlTemplate\":\"https:\/\/livrariasolmar.pt\/?s={search_term_string}\"},\"query-input\":\"required name=search_term_string\"}],\"inLanguage\":\"en-US\"},{\"@type\":\"ImageObject\",\"@id\":\"https:\/\/livrariasolmar.pt\/produto\/pausa-doce\/#primaryimage\",\"inLanguage\":\"en-US\",\"url\":\"https:\/\/livrariasolmar.pt\/wp-content\/uploads\/2025\/11\/1540-1-30-1.jpg\",\"contentUrl\":\"https:\/\/livrariasolmar.pt\/wp-content\/uploads\/2025\/11\/1540-1-30-1.jpg\",\"width\":340,\"height\":340},{\"@type\":\"WebPage\",\"@id\":\"https:\/\/livrariasolmar.pt\/produto\/pausa-doce\/#webpage\",\"url\":\"https:\/\/livrariasolmar.pt\/produto\/pausa-doce\/\",\"name\":\"Pausa Doce - Livraria Solmar - Livraria online\",\"isPartOf\":{\"@id\":\"https:\/\/livrariasolmar.pt\/#website\"},\"primaryImageOfPage\":{\"@id\":\"https:\/\/livrariasolmar.pt\/produto\/pausa-doce\/#primaryimage\"},\"datePublished\":\"2025-11-15T19:16:53+00:00\",\"dateModified\":\"2026-01-02T16:54:10+00:00\",\"breadcrumb\":{\"@id\":\"https:\/\/livrariasolmar.pt\/produto\/pausa-doce\/#breadcrumb\"},\"inLanguage\":\"en-US\",\"potentialAction\":[{\"@type\":\"ReadAction\",\"target\":[\"https:\/\/livrariasolmar.pt\/produto\/pausa-doce\/\"]}]},{\"@type\":\"BreadcrumbList\",\"@id\":\"https:\/\/livrariasolmar.pt\/produto\/pausa-doce\/#breadcrumb\",\"itemListElement\":[{\"@type\":\"ListItem\",\"position\":1,\"name\":\"In\\u00edcio\",\"item\":\"https:\/\/livrariasolmar.pt\/en\/\"},{\"@type\":\"ListItem\",\"position\":2,\"name\":\"Shop\",\"item\":\"https:\/\/livrariasolmar.pt\/en\/shop\/\"},{\"@type\":\"ListItem\",\"position\":3,\"name\":\"Pausa Doce\"}]}]}<\/script>\n<!-- \/ Yoast SEO plugin. -->","_links":{"self":[{"href":"https:\/\/livrariasolmar.pt\/en\/wp-json\/wp\/v2\/product\/11268"}],"collection":[{"href":"https:\/\/livrariasolmar.pt\/en\/wp-json\/wp\/v2\/product"}],"about":[{"href":"https:\/\/livrariasolmar.pt\/en\/wp-json\/wp\/v2\/types\/product"}],"author":[{"embeddable":true,"href":"https:\/\/livrariasolmar.pt\/en\/wp-json\/wp\/v2\/users\/2"}],"wp:featuredmedia":[{"embeddable":true,"href":"https:\/\/livrariasolmar.pt\/en\/wp-json\/wp\/v2\/media\/11269"}],"wp:attachment":[{"href":"https:\/\/livrariasolmar.pt\/en\/wp-json\/wp\/v2\/media?parent=11268"}],"wp:term":[{"taxonomy":"product_cat","embeddable":true,"href":"https:\/\/livrariasolmar.pt\/en\/wp-json\/wp\/v2\/product_cat?post=11268"},{"taxonomy":"product_tag","embeddable":true,"href":"https:\/\/livrariasolmar.pt\/en\/wp-json\/wp\/v2\/product_tag?post=11268"},{"taxonomy":"cat_produtos","embeddable":true,"href":"https:\/\/livrariasolmar.pt\/en\/wp-json\/wp\/v2\/cat_produtos?post=11268"}],"curies":[{"name":"wp","href":"https:\/\/api.w.org\/{rel}","templated":true}]}}