{"id":11271,"date":"2025-11-15T19:35:46","date_gmt":"2025-11-15T19:35:46","guid":{"rendered":"https:\/\/livrariasolmar.pt\/?post_type=product&#038;p=11271"},"modified":"2025-12-24T17:29:44","modified_gmt":"2025-12-24T17:29:44","slug":"a-mulher-no-andar-de-cima","status":"publish","type":"product","link":"https:\/\/livrariasolmar.pt\/en\/produto\/a-mulher-no-andar-de-cima\/","title":{"rendered":"A Mulher no Andar de Cima"},"content":{"rendered":"","protected":false},"excerpt":{"rendered":"<p>Victoria Barnett tem tudo: uma carreira de sucesso como enfermeira, um marido bonito e carinhoso, uma bela casa nos sub\u00farbios e um plano para a preencher com filhos.<\/p>\n<p>\u00c9 a vida perfeita, ou, pelo menos, parece ser.<\/p>\n<p>At\u00e9 que, uma noite, Victoria \u00e9 levada de urg\u00eancia para o hospital ap\u00f3s um acidente grave. Ela sobrevive, mas sofre uma les\u00e3o cerebral traum\u00e1tica que a deixa incapaz de andar ou falar. Condenada ao sil\u00eancio dentro do seu pr\u00f3prio corpo, carrega um segredo desconhecido por todos \u2014 uma revela\u00e7\u00e3o feita antes do acidente, que se fosse revelada, mudaria tudo.<\/p>\n<p>Quando Sylvia Robinson \u00e9 contratada como sua enfermeira particular, v\u00ea a oportunidade como um verdadeiro golpe de sorte. Um emprego bem remunerado, uma casa luxuosa para trabalhar e um patr\u00e3o, Adam Barnett, que parece ser o marido perfeito, sempre atencioso e preocupado com a esposa.<\/p>\n<p>Por\u00e9m, conforme os dias passam, Sylvia come\u00e7a a perceber que h\u00e1 algo errado naquela casa. A mans\u00e3o isolada parece esconder segredos, e o comportamento err\u00e1tico de Adam levanta suspeitas. Mas o que realmente a intriga s\u00e3o os olhos de Victoria &#8211; estar\u00e3o eles a tentar dizer-lhe algo?<\/p>\n<p>Presa entre o sil\u00eancio inquietante de Victoria e as palavras encantadoras de Adam, Sylvia precisa de descobrir a verdade antes que seja demasiado tarde.<\/p>\n","protected":false},"author":2,"featured_media":11272,"template":"","meta":[],"product_cat":[588],"product_tag":[],"cat_produtos":[1871],"yoast_head":"<!-- This site is optimized with the Yoast SEO plugin v16.6 - https:\/\/yoast.com\/wordpress\/plugins\/seo\/ -->\n<title>A Mulher no Andar de Cima - Livraria Solmar - Livraria online<\/title>\n<meta name=\"robots\" content=\"index, follow, max-snippet:-1, max-image-preview:large, max-video-preview:-1\" \/>\n<link rel=\"canonical\" href=\"https:\/\/livrariasolmar.pt\/en\/produto\/a-mulher-no-andar-de-cima\/\" \/>\n<meta property=\"og:locale\" content=\"en_US\" \/>\n<meta property=\"og:type\" content=\"article\" \/>\n<meta property=\"og:title\" content=\"A Mulher no Andar de Cima - Livraria Solmar - Livraria online\" \/>\n<meta property=\"og:description\" content=\"Victoria Barnett tem tudo: uma carreira de sucesso como enfermeira, um marido bonito e carinhoso, uma bela casa nos sub\u00farbios e um plano para a preencher com filhos.  \u00c9 a vida perfeita, ou, pelo menos, parece ser.  At\u00e9 que, uma noite, Victoria \u00e9 levada de urg\u00eancia para o hospital ap\u00f3s um acidente grave. Ela sobrevive, mas sofre uma les\u00e3o cerebral traum\u00e1tica que a deixa incapaz de andar ou falar. Condenada ao sil\u00eancio dentro do seu pr\u00f3prio corpo, carrega um segredo desconhecido por todos \u2014 uma revela\u00e7\u00e3o feita antes do acidente, que se fosse revelada, mudaria tudo.  Quando Sylvia Robinson \u00e9 contratada como sua enfermeira particular, v\u00ea a oportunidade como um verdadeiro golpe de sorte. Um emprego bem remunerado, uma casa luxuosa para trabalhar e um patr\u00e3o, Adam Barnett, que parece ser o marido perfeito, sempre atencioso e preocupado com a esposa.  Por\u00e9m, conforme os dias passam, Sylvia come\u00e7a a perceber que h\u00e1 algo errado naquela casa. A mans\u00e3o isolada parece esconder segredos, e o comportamento err\u00e1tico de Adam levanta suspeitas. Mas o que realmente a intriga s\u00e3o os olhos de Victoria - estar\u00e3o eles a tentar dizer-lhe algo?  Presa entre o sil\u00eancio inquietante de Victoria e as palavras encantadoras de Adam, Sylvia precisa de descobrir a verdade antes que seja demasiado tarde.\" \/>\n<meta property=\"og:url\" content=\"https:\/\/livrariasolmar.pt\/produto\/a-mulher-no-andar-de-cima\/\" \/>\n<meta property=\"og:site_name\" content=\"Livraria Solmar - Livraria online\" \/>\n<meta property=\"article:modified_time\" content=\"2025-12-24T17:29:44+00:00\" \/>\n<meta property=\"og:image\" content=\"https:\/\/livrariasolmar.pt\/wp-content\/uploads\/2025\/11\/1540-1-31-1.jpg\" \/>\n\t<meta property=\"og:image:width\" content=\"340\" \/>\n\t<meta property=\"og:image:height\" content=\"340\" \/>\n<meta name=\"twitter:card\" content=\"summary_large_image\" \/>\n<script type=\"application\/ld+json\" class=\"yoast-schema-graph\">{\"@context\":\"https:\/\/schema.org\",\"@graph\":[{\"@type\":\"WebSite\",\"@id\":\"https:\/\/livrariasolmar.pt\/#website\",\"url\":\"https:\/\/livrariasolmar.pt\/\",\"name\":\"Livraria Solmar - Livraria online\",\"description\":\"Com\\u00e9rcio Livros E Objetos De Arte, Lda - Ponta Delgada, A\\u00e7ores\",\"potentialAction\":[{\"@type\":\"SearchAction\",\"target\":{\"@type\":\"EntryPoint\",\"urlTemplate\":\"https:\/\/livrariasolmar.pt\/?s={search_term_string}\"},\"query-input\":\"required name=search_term_string\"}],\"inLanguage\":\"en-US\"},{\"@type\":\"ImageObject\",\"@id\":\"https:\/\/livrariasolmar.pt\/produto\/a-mulher-no-andar-de-cima\/#primaryimage\",\"inLanguage\":\"en-US\",\"url\":\"https:\/\/livrariasolmar.pt\/wp-content\/uploads\/2025\/11\/1540-1-31-1.jpg\",\"contentUrl\":\"https:\/\/livrariasolmar.pt\/wp-content\/uploads\/2025\/11\/1540-1-31-1.jpg\",\"width\":340,\"height\":340},{\"@type\":\"WebPage\",\"@id\":\"https:\/\/livrariasolmar.pt\/produto\/a-mulher-no-andar-de-cima\/#webpage\",\"url\":\"https:\/\/livrariasolmar.pt\/produto\/a-mulher-no-andar-de-cima\/\",\"name\":\"A Mulher no Andar de Cima - Livraria Solmar - Livraria online\",\"isPartOf\":{\"@id\":\"https:\/\/livrariasolmar.pt\/#website\"},\"primaryImageOfPage\":{\"@id\":\"https:\/\/livrariasolmar.pt\/produto\/a-mulher-no-andar-de-cima\/#primaryimage\"},\"datePublished\":\"2025-11-15T19:35:46+00:00\",\"dateModified\":\"2025-12-24T17:29:44+00:00\",\"breadcrumb\":{\"@id\":\"https:\/\/livrariasolmar.pt\/produto\/a-mulher-no-andar-de-cima\/#breadcrumb\"},\"inLanguage\":\"en-US\",\"potentialAction\":[{\"@type\":\"ReadAction\",\"target\":[\"https:\/\/livrariasolmar.pt\/produto\/a-mulher-no-andar-de-cima\/\"]}]},{\"@type\":\"BreadcrumbList\",\"@id\":\"https:\/\/livrariasolmar.pt\/produto\/a-mulher-no-andar-de-cima\/#breadcrumb\",\"itemListElement\":[{\"@type\":\"ListItem\",\"position\":1,\"name\":\"In\\u00edcio\",\"item\":\"https:\/\/livrariasolmar.pt\/en\/\"},{\"@type\":\"ListItem\",\"position\":2,\"name\":\"Shop\",\"item\":\"https:\/\/livrariasolmar.pt\/en\/shop\/\"},{\"@type\":\"ListItem\",\"position\":3,\"name\":\"A Mulher no Andar de Cima\"}]}]}<\/script>\n<!-- \/ Yoast SEO plugin. -->","_links":{"self":[{"href":"https:\/\/livrariasolmar.pt\/en\/wp-json\/wp\/v2\/product\/11271"}],"collection":[{"href":"https:\/\/livrariasolmar.pt\/en\/wp-json\/wp\/v2\/product"}],"about":[{"href":"https:\/\/livrariasolmar.pt\/en\/wp-json\/wp\/v2\/types\/product"}],"author":[{"embeddable":true,"href":"https:\/\/livrariasolmar.pt\/en\/wp-json\/wp\/v2\/users\/2"}],"wp:featuredmedia":[{"embeddable":true,"href":"https:\/\/livrariasolmar.pt\/en\/wp-json\/wp\/v2\/media\/11272"}],"wp:attachment":[{"href":"https:\/\/livrariasolmar.pt\/en\/wp-json\/wp\/v2\/media?parent=11271"}],"wp:term":[{"taxonomy":"product_cat","embeddable":true,"href":"https:\/\/livrariasolmar.pt\/en\/wp-json\/wp\/v2\/product_cat?post=11271"},{"taxonomy":"product_tag","embeddable":true,"href":"https:\/\/livrariasolmar.pt\/en\/wp-json\/wp\/v2\/product_tag?post=11271"},{"taxonomy":"cat_produtos","embeddable":true,"href":"https:\/\/livrariasolmar.pt\/en\/wp-json\/wp\/v2\/cat_produtos?post=11271"}],"curies":[{"name":"wp","href":"https:\/\/api.w.org\/{rel}","templated":true}]}}