{"id":11274,"date":"2025-11-15T19:43:40","date_gmt":"2025-11-15T19:43:40","guid":{"rendered":"https:\/\/livrariasolmar.pt\/?post_type=product&#038;p=11274"},"modified":"2026-01-18T13:25:24","modified_gmt":"2026-01-18T13:25:24","slug":"a-ultima-jogada","status":"publish","type":"product","link":"https:\/\/livrariasolmar.pt\/en\/produto\/a-ultima-jogada\/","title":{"rendered":"A \u00daltima Jogada"},"content":{"rendered":"","protected":false},"excerpt":{"rendered":"<p>Londres, 2012. Os olhos do mundo est\u00e3o postos na Gr\u00e3-Bretanha enquanto o pa\u00eds se prepara para receber os Jogos Ol\u00edmpicos\u2026<\/p>\n<p>Mas o brilho dos holofotes faz de Londres um alvo para algumas das pessoas mais perigosas do mundo. E, no momento em que a candidatura do comit\u00e9 ol\u00edmpico \u00e9 coroada vitoriosa, uma conspira\u00e7\u00e3o internacional \u00e9 posta em marcha com o objetivo de desencadear um ataque devastador que deixar\u00e1 a cidade, e o mundo, entregues ao caos.<\/p>\n<p>Um homem est\u00e1 entre o triunfo e o desastre: o comandante William Warwick, que lidera a equipa de elite da Scotland Yard. Mas ao dar ca\u00e7a a uma organiza\u00e7\u00e3o obscura, Warwick dar\u00e1 tamb\u00e9m in\u00edcio a um jogo mortal do gato e do rato que o levar\u00e1 das ruas movimentadas de Londres at\u00e9 aos corredores ocultos do poder. Conseguir\u00e1 Warwick deter o assassino antes que o maior espet\u00e1culo do mundo se transforme numa cat\u00e1strofe?<\/p>\n","protected":false},"author":2,"featured_media":11275,"template":"","meta":[],"product_cat":[588],"product_tag":[],"cat_produtos":[1872],"yoast_head":"<!-- This site is optimized with the Yoast SEO plugin v16.6 - https:\/\/yoast.com\/wordpress\/plugins\/seo\/ -->\n<title>A \u00daltima Jogada - Livraria Solmar - Livraria online<\/title>\n<meta name=\"robots\" content=\"index, follow, max-snippet:-1, max-image-preview:large, max-video-preview:-1\" \/>\n<link rel=\"canonical\" href=\"https:\/\/livrariasolmar.pt\/en\/produto\/a-ultima-jogada\/\" \/>\n<meta property=\"og:locale\" content=\"en_US\" \/>\n<meta property=\"og:type\" content=\"article\" \/>\n<meta property=\"og:title\" content=\"A \u00daltima Jogada - Livraria Solmar - Livraria online\" \/>\n<meta property=\"og:description\" content=\"Londres, 2012. Os olhos do mundo est\u00e3o postos na Gr\u00e3-Bretanha enquanto o pa\u00eds se prepara para receber os Jogos Ol\u00edmpicos\u2026  Mas o brilho dos holofotes faz de Londres um alvo para algumas das pessoas mais perigosas do mundo. E, no momento em que a candidatura do comit\u00e9 ol\u00edmpico \u00e9 coroada vitoriosa, uma conspira\u00e7\u00e3o internacional \u00e9 posta em marcha com o objetivo de desencadear um ataque devastador que deixar\u00e1 a cidade, e o mundo, entregues ao caos.  Um homem est\u00e1 entre o triunfo e o desastre: o comandante William Warwick, que lidera a equipa de elite da Scotland Yard. Mas ao dar ca\u00e7a a uma organiza\u00e7\u00e3o obscura, Warwick dar\u00e1 tamb\u00e9m in\u00edcio a um jogo mortal do gato e do rato que o levar\u00e1 das ruas movimentadas de Londres at\u00e9 aos corredores ocultos do poder. Conseguir\u00e1 Warwick deter o assassino antes que o maior espet\u00e1culo do mundo se transforme numa cat\u00e1strofe?\" \/>\n<meta property=\"og:url\" content=\"https:\/\/livrariasolmar.pt\/produto\/a-ultima-jogada\/\" \/>\n<meta property=\"og:site_name\" content=\"Livraria Solmar - Livraria online\" \/>\n<meta property=\"article:modified_time\" content=\"2026-01-18T13:25:24+00:00\" \/>\n<meta property=\"og:image\" content=\"https:\/\/livrariasolmar.pt\/wp-content\/uploads\/2025\/11\/1540-1-32-1.jpg\" \/>\n\t<meta property=\"og:image:width\" content=\"340\" \/>\n\t<meta property=\"og:image:height\" content=\"340\" \/>\n<meta name=\"twitter:card\" content=\"summary_large_image\" \/>\n<script type=\"application\/ld+json\" class=\"yoast-schema-graph\">{\"@context\":\"https:\/\/schema.org\",\"@graph\":[{\"@type\":\"WebSite\",\"@id\":\"https:\/\/livrariasolmar.pt\/#website\",\"url\":\"https:\/\/livrariasolmar.pt\/\",\"name\":\"Livraria Solmar - Livraria online\",\"description\":\"Com\\u00e9rcio Livros E Objetos De Arte, Lda - Ponta Delgada, A\\u00e7ores\",\"potentialAction\":[{\"@type\":\"SearchAction\",\"target\":{\"@type\":\"EntryPoint\",\"urlTemplate\":\"https:\/\/livrariasolmar.pt\/?s={search_term_string}\"},\"query-input\":\"required name=search_term_string\"}],\"inLanguage\":\"en-US\"},{\"@type\":\"ImageObject\",\"@id\":\"https:\/\/livrariasolmar.pt\/produto\/a-ultima-jogada\/#primaryimage\",\"inLanguage\":\"en-US\",\"url\":\"https:\/\/livrariasolmar.pt\/wp-content\/uploads\/2025\/11\/1540-1-32-1.jpg\",\"contentUrl\":\"https:\/\/livrariasolmar.pt\/wp-content\/uploads\/2025\/11\/1540-1-32-1.jpg\",\"width\":340,\"height\":340},{\"@type\":\"WebPage\",\"@id\":\"https:\/\/livrariasolmar.pt\/produto\/a-ultima-jogada\/#webpage\",\"url\":\"https:\/\/livrariasolmar.pt\/produto\/a-ultima-jogada\/\",\"name\":\"A \\u00daltima Jogada - Livraria Solmar - Livraria online\",\"isPartOf\":{\"@id\":\"https:\/\/livrariasolmar.pt\/#website\"},\"primaryImageOfPage\":{\"@id\":\"https:\/\/livrariasolmar.pt\/produto\/a-ultima-jogada\/#primaryimage\"},\"datePublished\":\"2025-11-15T19:43:40+00:00\",\"dateModified\":\"2026-01-18T13:25:24+00:00\",\"breadcrumb\":{\"@id\":\"https:\/\/livrariasolmar.pt\/produto\/a-ultima-jogada\/#breadcrumb\"},\"inLanguage\":\"en-US\",\"potentialAction\":[{\"@type\":\"ReadAction\",\"target\":[\"https:\/\/livrariasolmar.pt\/produto\/a-ultima-jogada\/\"]}]},{\"@type\":\"BreadcrumbList\",\"@id\":\"https:\/\/livrariasolmar.pt\/produto\/a-ultima-jogada\/#breadcrumb\",\"itemListElement\":[{\"@type\":\"ListItem\",\"position\":1,\"name\":\"In\\u00edcio\",\"item\":\"https:\/\/livrariasolmar.pt\/en\/\"},{\"@type\":\"ListItem\",\"position\":2,\"name\":\"Shop\",\"item\":\"https:\/\/livrariasolmar.pt\/en\/shop\/\"},{\"@type\":\"ListItem\",\"position\":3,\"name\":\"A \\u00daltima Jogada\"}]}]}<\/script>\n<!-- \/ Yoast SEO plugin. -->","_links":{"self":[{"href":"https:\/\/livrariasolmar.pt\/en\/wp-json\/wp\/v2\/product\/11274"}],"collection":[{"href":"https:\/\/livrariasolmar.pt\/en\/wp-json\/wp\/v2\/product"}],"about":[{"href":"https:\/\/livrariasolmar.pt\/en\/wp-json\/wp\/v2\/types\/product"}],"author":[{"embeddable":true,"href":"https:\/\/livrariasolmar.pt\/en\/wp-json\/wp\/v2\/users\/2"}],"wp:featuredmedia":[{"embeddable":true,"href":"https:\/\/livrariasolmar.pt\/en\/wp-json\/wp\/v2\/media\/11275"}],"wp:attachment":[{"href":"https:\/\/livrariasolmar.pt\/en\/wp-json\/wp\/v2\/media?parent=11274"}],"wp:term":[{"taxonomy":"product_cat","embeddable":true,"href":"https:\/\/livrariasolmar.pt\/en\/wp-json\/wp\/v2\/product_cat?post=11274"},{"taxonomy":"product_tag","embeddable":true,"href":"https:\/\/livrariasolmar.pt\/en\/wp-json\/wp\/v2\/product_tag?post=11274"},{"taxonomy":"cat_produtos","embeddable":true,"href":"https:\/\/livrariasolmar.pt\/en\/wp-json\/wp\/v2\/cat_produtos?post=11274"}],"curies":[{"name":"wp","href":"https:\/\/api.w.org\/{rel}","templated":true}]}}