{"id":11277,"date":"2025-11-15T19:52:48","date_gmt":"2025-11-15T19:52:48","guid":{"rendered":"https:\/\/livrariasolmar.pt\/?post_type=product&#038;p=11277"},"modified":"2025-12-13T14:38:19","modified_gmt":"2025-12-13T14:38:19","slug":"o-esconderijo","status":"publish","type":"product","link":"https:\/\/livrariasolmar.pt\/en\/produto\/o-esconderijo\/","title":{"rendered":"O Esconderijo"},"content":{"rendered":"","protected":false},"excerpt":{"rendered":"<p>Quando Samuel, de 18 anos, se v\u00ea no centro de um neg\u00f3cio de drogas que correu mal, \u00e9 for\u00e7ado a fugir da pol\u00edcia e de um perigoso traficante. Procurando esconderijo numa cidade pacata no arquip\u00e9lago de Estocolmo, aceita um emprego como assistente pessoal de um rapaz com uma les\u00e3o cerebral.<\/p>\n<p>S\u00f3 que assim que Samuel se muda para o lar da bela Rachel e do seu filho Jonas, uma casa isolada \u00e0 beira-mar, depressa percebe que algo de estranho se passa e que nada \u00e9 o que parece\u2026 Enquanto isso, corpos de jovens d\u00e3o \u00e0 costa nas praias do arquip\u00e9lago, e o investigador Manfred Olsson teme que haja um assassino em s\u00e9rie \u00e0 solta.<\/p>\n","protected":false},"author":2,"featured_media":11278,"template":"","meta":[],"product_cat":[588],"product_tag":[],"cat_produtos":[],"yoast_head":"<!-- This site is optimized with the Yoast SEO plugin v16.6 - https:\/\/yoast.com\/wordpress\/plugins\/seo\/ -->\n<title>O Esconderijo - Livraria Solmar - Livraria online<\/title>\n<meta name=\"robots\" content=\"index, follow, max-snippet:-1, max-image-preview:large, max-video-preview:-1\" \/>\n<link rel=\"canonical\" href=\"https:\/\/livrariasolmar.pt\/en\/produto\/o-esconderijo\/\" \/>\n<meta property=\"og:locale\" content=\"en_US\" \/>\n<meta property=\"og:type\" content=\"article\" \/>\n<meta property=\"og:title\" content=\"O Esconderijo - Livraria Solmar - Livraria online\" \/>\n<meta property=\"og:description\" content=\"Quando Samuel, de 18 anos, se v\u00ea no centro de um neg\u00f3cio de drogas que correu mal, \u00e9 for\u00e7ado a fugir da pol\u00edcia e de um perigoso traficante. Procurando esconderijo numa cidade pacata no arquip\u00e9lago de Estocolmo, aceita um emprego como assistente pessoal de um rapaz com uma les\u00e3o cerebral.  S\u00f3 que assim que Samuel se muda para o lar da bela Rachel e do seu filho Jonas, uma casa isolada \u00e0 beira-mar, depressa percebe que algo de estranho se passa e que nada \u00e9 o que parece\u2026 Enquanto isso, corpos de jovens d\u00e3o \u00e0 costa nas praias do arquip\u00e9lago, e o investigador Manfred Olsson teme que haja um assassino em s\u00e9rie \u00e0 solta.\" \/>\n<meta property=\"og:url\" content=\"https:\/\/livrariasolmar.pt\/produto\/o-esconderijo\/\" \/>\n<meta property=\"og:site_name\" content=\"Livraria Solmar - Livraria online\" \/>\n<meta property=\"article:modified_time\" content=\"2025-12-13T14:38:19+00:00\" \/>\n<meta property=\"og:image\" content=\"https:\/\/livrariasolmar.pt\/wp-content\/uploads\/2025\/11\/1540-1-34-2.jpg\" \/>\n\t<meta property=\"og:image:width\" content=\"340\" \/>\n\t<meta property=\"og:image:height\" content=\"340\" \/>\n<meta name=\"twitter:card\" content=\"summary_large_image\" \/>\n<script type=\"application\/ld+json\" class=\"yoast-schema-graph\">{\"@context\":\"https:\/\/schema.org\",\"@graph\":[{\"@type\":\"WebSite\",\"@id\":\"https:\/\/livrariasolmar.pt\/#website\",\"url\":\"https:\/\/livrariasolmar.pt\/\",\"name\":\"Livraria Solmar - Livraria online\",\"description\":\"Com\\u00e9rcio Livros E Objetos De Arte, Lda - Ponta Delgada, A\\u00e7ores\",\"potentialAction\":[{\"@type\":\"SearchAction\",\"target\":{\"@type\":\"EntryPoint\",\"urlTemplate\":\"https:\/\/livrariasolmar.pt\/?s={search_term_string}\"},\"query-input\":\"required name=search_term_string\"}],\"inLanguage\":\"en-US\"},{\"@type\":\"ImageObject\",\"@id\":\"https:\/\/livrariasolmar.pt\/produto\/o-esconderijo\/#primaryimage\",\"inLanguage\":\"en-US\",\"url\":\"https:\/\/livrariasolmar.pt\/wp-content\/uploads\/2025\/11\/1540-1-34-2.jpg\",\"contentUrl\":\"https:\/\/livrariasolmar.pt\/wp-content\/uploads\/2025\/11\/1540-1-34-2.jpg\",\"width\":340,\"height\":340},{\"@type\":\"WebPage\",\"@id\":\"https:\/\/livrariasolmar.pt\/produto\/o-esconderijo\/#webpage\",\"url\":\"https:\/\/livrariasolmar.pt\/produto\/o-esconderijo\/\",\"name\":\"O Esconderijo - Livraria Solmar - Livraria online\",\"isPartOf\":{\"@id\":\"https:\/\/livrariasolmar.pt\/#website\"},\"primaryImageOfPage\":{\"@id\":\"https:\/\/livrariasolmar.pt\/produto\/o-esconderijo\/#primaryimage\"},\"datePublished\":\"2025-11-15T19:52:48+00:00\",\"dateModified\":\"2025-12-13T14:38:19+00:00\",\"breadcrumb\":{\"@id\":\"https:\/\/livrariasolmar.pt\/produto\/o-esconderijo\/#breadcrumb\"},\"inLanguage\":\"en-US\",\"potentialAction\":[{\"@type\":\"ReadAction\",\"target\":[\"https:\/\/livrariasolmar.pt\/produto\/o-esconderijo\/\"]}]},{\"@type\":\"BreadcrumbList\",\"@id\":\"https:\/\/livrariasolmar.pt\/produto\/o-esconderijo\/#breadcrumb\",\"itemListElement\":[{\"@type\":\"ListItem\",\"position\":1,\"name\":\"In\\u00edcio\",\"item\":\"https:\/\/livrariasolmar.pt\/en\/\"},{\"@type\":\"ListItem\",\"position\":2,\"name\":\"Shop\",\"item\":\"https:\/\/livrariasolmar.pt\/en\/shop\/\"},{\"@type\":\"ListItem\",\"position\":3,\"name\":\"O Esconderijo\"}]}]}<\/script>\n<!-- \/ Yoast SEO plugin. -->","_links":{"self":[{"href":"https:\/\/livrariasolmar.pt\/en\/wp-json\/wp\/v2\/product\/11277"}],"collection":[{"href":"https:\/\/livrariasolmar.pt\/en\/wp-json\/wp\/v2\/product"}],"about":[{"href":"https:\/\/livrariasolmar.pt\/en\/wp-json\/wp\/v2\/types\/product"}],"author":[{"embeddable":true,"href":"https:\/\/livrariasolmar.pt\/en\/wp-json\/wp\/v2\/users\/2"}],"wp:featuredmedia":[{"embeddable":true,"href":"https:\/\/livrariasolmar.pt\/en\/wp-json\/wp\/v2\/media\/11278"}],"wp:attachment":[{"href":"https:\/\/livrariasolmar.pt\/en\/wp-json\/wp\/v2\/media?parent=11277"}],"wp:term":[{"taxonomy":"product_cat","embeddable":true,"href":"https:\/\/livrariasolmar.pt\/en\/wp-json\/wp\/v2\/product_cat?post=11277"},{"taxonomy":"product_tag","embeddable":true,"href":"https:\/\/livrariasolmar.pt\/en\/wp-json\/wp\/v2\/product_tag?post=11277"},{"taxonomy":"cat_produtos","embeddable":true,"href":"https:\/\/livrariasolmar.pt\/en\/wp-json\/wp\/v2\/cat_produtos?post=11277"}],"curies":[{"name":"wp","href":"https:\/\/api.w.org\/{rel}","templated":true}]}}