{"id":11280,"date":"2025-11-15T20:00:39","date_gmt":"2025-11-15T20:00:39","guid":{"rendered":"https:\/\/livrariasolmar.pt\/?post_type=product&#038;p=11280"},"modified":"2025-12-13T14:36:58","modified_gmt":"2025-12-13T14:36:58","slug":"a-caixa","status":"publish","type":"product","link":"https:\/\/livrariasolmar.pt\/en\/produto\/a-caixa\/","title":{"rendered":"A Caixa"},"content":{"rendered":"","protected":false},"excerpt":{"rendered":"<p>Quando uma mulher \u00e9 encontrada morta numa caixa de madeira, com o corpo perfurado por espadas, a pol\u00edcia de Estocolmo fica perplexa: \u00e9 dif\u00edcil saber se \u00e9 um truque de magia que acabou em trag\u00e9dia ou um ritual macabro.<\/p>\n<p>As investiga\u00e7\u00f5es s\u00e3o confiadas a uma equipa especial: um grupo heterog\u00e9neo de agentes selecionados \u2014 e al\u00e9rgicos a procedimentos institucionais \u2014, entre os quais se destaca, pela sua compet\u00eancia como investigadora, Mina Dabiri. \u00c9 a pr\u00f3pria Mina que sugere envolver neste caso o famoso mentalista Vincent Walder, profundo conhecedor da linguagem corporal e do mundo do ilusionismo. Juntos, partem na ca\u00e7a ao assassino, mas a personalidade de ambos, marcada por pequenas e grandes obsess\u00f5es e segredos indescrit\u00edveis, dificulta a investiga\u00e7\u00e3o, tamb\u00e9m porque o seu pr\u00f3prio passado acaba por estar perturbadoramente ligado ao caso.<\/p>\n<p>Com o aparecimento de mais um corpo, Mina e Vincent percebem que enfrentam um implac\u00e1vel assassino em s\u00e9rie e d\u00e3o in\u00edcio a uma emocionante corrida contra o tempo, para decifrarem os c\u00f3digos num\u00e9ricos e truques de ilusionismo de uma mente brilhante e perversa. Antes que a situa\u00e7\u00e3o se agrave, a \u00fanica arma de que disp\u00f5em para evitar que o assassino volte a matar \u00e9 antecipar os seus movimentos: s\u00f3 compreendendo plenamente a sua loucura poder\u00e3o acabar com ela.<\/p>\n<p>Uma emocionante viagem \u00e0 parte mais obscura da alma humana e que n\u00e3o deixar\u00e1 nenhum leitor indiferente.<\/p>\n","protected":false},"author":2,"featured_media":11281,"template":"","meta":[],"product_cat":[588],"product_tag":[],"cat_produtos":[1874],"yoast_head":"<!-- This site is optimized with the Yoast SEO plugin v16.6 - https:\/\/yoast.com\/wordpress\/plugins\/seo\/ -->\n<title>A Caixa - Livraria Solmar - Livraria online<\/title>\n<meta name=\"robots\" content=\"index, follow, max-snippet:-1, max-image-preview:large, max-video-preview:-1\" \/>\n<link rel=\"canonical\" href=\"https:\/\/livrariasolmar.pt\/en\/produto\/a-caixa\/\" \/>\n<meta property=\"og:locale\" content=\"en_US\" \/>\n<meta property=\"og:type\" content=\"article\" \/>\n<meta property=\"og:title\" content=\"A Caixa - Livraria Solmar - Livraria online\" \/>\n<meta property=\"og:description\" content=\"Quando uma mulher \u00e9 encontrada morta numa caixa de madeira, com o corpo perfurado por espadas, a pol\u00edcia de Estocolmo fica perplexa: \u00e9 dif\u00edcil saber se \u00e9 um truque de magia que acabou em trag\u00e9dia ou um ritual macabro.  As investiga\u00e7\u00f5es s\u00e3o confiadas a uma equipa especial: um grupo heterog\u00e9neo de agentes selecionados \u2014 e al\u00e9rgicos a procedimentos institucionais \u2014, entre os quais se destaca, pela sua compet\u00eancia como investigadora, Mina Dabiri. \u00c9 a pr\u00f3pria Mina que sugere envolver neste caso o famoso mentalista Vincent Walder, profundo conhecedor da linguagem corporal e do mundo do ilusionismo. Juntos, partem na ca\u00e7a ao assassino, mas a personalidade de ambos, marcada por pequenas e grandes obsess\u00f5es e segredos indescrit\u00edveis, dificulta a investiga\u00e7\u00e3o, tamb\u00e9m porque o seu pr\u00f3prio passado acaba por estar perturbadoramente ligado ao caso.  Com o aparecimento de mais um corpo, Mina e Vincent percebem que enfrentam um implac\u00e1vel assassino em s\u00e9rie e d\u00e3o in\u00edcio a uma emocionante corrida contra o tempo, para decifrarem os c\u00f3digos num\u00e9ricos e truques de ilusionismo de uma mente brilhante e perversa. Antes que a situa\u00e7\u00e3o se agrave, a \u00fanica arma de que disp\u00f5em para evitar que o assassino volte a matar \u00e9 antecipar os seus movimentos: s\u00f3 compreendendo plenamente a sua loucura poder\u00e3o acabar com ela.  Uma emocionante viagem \u00e0 parte mais obscura da alma humana e que n\u00e3o deixar\u00e1 nenhum leitor indiferente.\" \/>\n<meta property=\"og:url\" content=\"https:\/\/livrariasolmar.pt\/produto\/a-caixa\/\" \/>\n<meta property=\"og:site_name\" content=\"Livraria Solmar - Livraria online\" \/>\n<meta property=\"article:modified_time\" content=\"2025-12-13T14:36:58+00:00\" \/>\n<meta property=\"og:image\" content=\"https:\/\/livrariasolmar.pt\/wp-content\/uploads\/2025\/11\/1540-1-35-1.jpg\" \/>\n\t<meta property=\"og:image:width\" content=\"340\" \/>\n\t<meta property=\"og:image:height\" content=\"340\" \/>\n<meta name=\"twitter:card\" content=\"summary_large_image\" \/>\n<script type=\"application\/ld+json\" class=\"yoast-schema-graph\">{\"@context\":\"https:\/\/schema.org\",\"@graph\":[{\"@type\":\"WebSite\",\"@id\":\"https:\/\/livrariasolmar.pt\/#website\",\"url\":\"https:\/\/livrariasolmar.pt\/\",\"name\":\"Livraria Solmar - Livraria online\",\"description\":\"Com\\u00e9rcio Livros E Objetos De Arte, Lda - Ponta Delgada, A\\u00e7ores\",\"potentialAction\":[{\"@type\":\"SearchAction\",\"target\":{\"@type\":\"EntryPoint\",\"urlTemplate\":\"https:\/\/livrariasolmar.pt\/?s={search_term_string}\"},\"query-input\":\"required name=search_term_string\"}],\"inLanguage\":\"en-US\"},{\"@type\":\"ImageObject\",\"@id\":\"https:\/\/livrariasolmar.pt\/produto\/a-caixa\/#primaryimage\",\"inLanguage\":\"en-US\",\"url\":\"https:\/\/livrariasolmar.pt\/wp-content\/uploads\/2025\/11\/1540-1-35-1.jpg\",\"contentUrl\":\"https:\/\/livrariasolmar.pt\/wp-content\/uploads\/2025\/11\/1540-1-35-1.jpg\",\"width\":340,\"height\":340},{\"@type\":\"WebPage\",\"@id\":\"https:\/\/livrariasolmar.pt\/produto\/a-caixa\/#webpage\",\"url\":\"https:\/\/livrariasolmar.pt\/produto\/a-caixa\/\",\"name\":\"A Caixa - Livraria Solmar - Livraria online\",\"isPartOf\":{\"@id\":\"https:\/\/livrariasolmar.pt\/#website\"},\"primaryImageOfPage\":{\"@id\":\"https:\/\/livrariasolmar.pt\/produto\/a-caixa\/#primaryimage\"},\"datePublished\":\"2025-11-15T20:00:39+00:00\",\"dateModified\":\"2025-12-13T14:36:58+00:00\",\"breadcrumb\":{\"@id\":\"https:\/\/livrariasolmar.pt\/produto\/a-caixa\/#breadcrumb\"},\"inLanguage\":\"en-US\",\"potentialAction\":[{\"@type\":\"ReadAction\",\"target\":[\"https:\/\/livrariasolmar.pt\/produto\/a-caixa\/\"]}]},{\"@type\":\"BreadcrumbList\",\"@id\":\"https:\/\/livrariasolmar.pt\/produto\/a-caixa\/#breadcrumb\",\"itemListElement\":[{\"@type\":\"ListItem\",\"position\":1,\"name\":\"In\\u00edcio\",\"item\":\"https:\/\/livrariasolmar.pt\/en\/\"},{\"@type\":\"ListItem\",\"position\":2,\"name\":\"Shop\",\"item\":\"https:\/\/livrariasolmar.pt\/en\/shop\/\"},{\"@type\":\"ListItem\",\"position\":3,\"name\":\"A Caixa\"}]}]}<\/script>\n<!-- \/ Yoast SEO plugin. -->","_links":{"self":[{"href":"https:\/\/livrariasolmar.pt\/en\/wp-json\/wp\/v2\/product\/11280"}],"collection":[{"href":"https:\/\/livrariasolmar.pt\/en\/wp-json\/wp\/v2\/product"}],"about":[{"href":"https:\/\/livrariasolmar.pt\/en\/wp-json\/wp\/v2\/types\/product"}],"author":[{"embeddable":true,"href":"https:\/\/livrariasolmar.pt\/en\/wp-json\/wp\/v2\/users\/2"}],"wp:featuredmedia":[{"embeddable":true,"href":"https:\/\/livrariasolmar.pt\/en\/wp-json\/wp\/v2\/media\/11281"}],"wp:attachment":[{"href":"https:\/\/livrariasolmar.pt\/en\/wp-json\/wp\/v2\/media?parent=11280"}],"wp:term":[{"taxonomy":"product_cat","embeddable":true,"href":"https:\/\/livrariasolmar.pt\/en\/wp-json\/wp\/v2\/product_cat?post=11280"},{"taxonomy":"product_tag","embeddable":true,"href":"https:\/\/livrariasolmar.pt\/en\/wp-json\/wp\/v2\/product_tag?post=11280"},{"taxonomy":"cat_produtos","embeddable":true,"href":"https:\/\/livrariasolmar.pt\/en\/wp-json\/wp\/v2\/cat_produtos?post=11280"}],"curies":[{"name":"wp","href":"https:\/\/api.w.org\/{rel}","templated":true}]}}