{"id":11284,"date":"2025-11-16T12:14:34","date_gmt":"2025-11-16T12:14:34","guid":{"rendered":"https:\/\/livrariasolmar.pt\/?post_type=product&#038;p=11284"},"modified":"2025-12-13T14:24:47","modified_gmt":"2025-12-13T14:24:47","slug":"john-paul-uma-historia-de-amor-feita-de-cancoes","status":"publish","type":"product","link":"https:\/\/livrariasolmar.pt\/en\/produto\/john-paul-uma-historia-de-amor-feita-de-cancoes\/","title":{"rendered":"John &#038; Paul &#8211; Uma hist\u00f3ria de amor feita de can\u00e7\u00f5es"},"content":{"rendered":"","protected":false},"excerpt":{"rendered":"<p>No princ\u00edpio eram apenas dois rapazes de Liverpool. Depois foi o que se sabe: um turbilh\u00e3o que transformou a cultura popular. At\u00e9 hoje. A parceria entre Lennon e McCartney foi respons\u00e1vel por 159 das 184 can\u00e7\u00f5es gravadas pelos\u00a0<i>Beatles<\/i>. Uma rela\u00e7\u00e3o marcada pela complexidade: compulsiva, terna e tempestuosa; dorida, inquieta e dilacerada pela admira\u00e7\u00e3o m\u00fatua e pela inveja.<\/p>\n","protected":false},"author":2,"featured_media":11285,"template":"","meta":[],"product_cat":[175],"product_tag":[],"cat_produtos":[1875],"yoast_head":"<!-- This site is optimized with the Yoast SEO plugin v16.6 - https:\/\/yoast.com\/wordpress\/plugins\/seo\/ -->\n<title>John &amp; Paul - Uma hist\u00f3ria de amor feita de can\u00e7\u00f5es - Livraria Solmar - Livraria online<\/title>\n<meta name=\"robots\" content=\"index, follow, max-snippet:-1, max-image-preview:large, max-video-preview:-1\" \/>\n<link rel=\"canonical\" href=\"https:\/\/livrariasolmar.pt\/en\/produto\/john-paul-uma-historia-de-amor-feita-de-cancoes\/\" \/>\n<meta property=\"og:locale\" content=\"en_US\" \/>\n<meta property=\"og:type\" content=\"article\" \/>\n<meta property=\"og:title\" content=\"John &amp; Paul - Uma hist\u00f3ria de amor feita de can\u00e7\u00f5es - Livraria Solmar - Livraria online\" \/>\n<meta property=\"og:description\" content=\"No princ\u00edpio eram apenas dois rapazes de Liverpool. Depois foi o que se sabe: um turbilh\u00e3o que transformou a cultura popular. At\u00e9 hoje. A parceria entre Lennon e McCartney foi respons\u00e1vel por 159 das 184 can\u00e7\u00f5es gravadas pelos\u00a0Beatles. Uma rela\u00e7\u00e3o marcada pela complexidade: compulsiva, terna e tempestuosa; dorida, inquieta e dilacerada pela admira\u00e7\u00e3o m\u00fatua e pela inveja.\" \/>\n<meta property=\"og:url\" content=\"https:\/\/livrariasolmar.pt\/produto\/john-paul-uma-historia-de-amor-feita-de-cancoes\/\" \/>\n<meta property=\"og:site_name\" content=\"Livraria Solmar - Livraria online\" \/>\n<meta property=\"article:modified_time\" content=\"2025-12-13T14:24:47+00:00\" \/>\n<meta property=\"og:image\" content=\"https:\/\/livrariasolmar.pt\/wp-content\/uploads\/2025\/11\/1540-1-22-2.jpg\" \/>\n\t<meta property=\"og:image:width\" content=\"340\" \/>\n\t<meta property=\"og:image:height\" content=\"340\" \/>\n<meta name=\"twitter:card\" content=\"summary_large_image\" \/>\n<script type=\"application\/ld+json\" class=\"yoast-schema-graph\">{\"@context\":\"https:\/\/schema.org\",\"@graph\":[{\"@type\":\"WebSite\",\"@id\":\"https:\/\/livrariasolmar.pt\/#website\",\"url\":\"https:\/\/livrariasolmar.pt\/\",\"name\":\"Livraria Solmar - Livraria online\",\"description\":\"Com\\u00e9rcio Livros E Objetos De Arte, Lda - Ponta Delgada, A\\u00e7ores\",\"potentialAction\":[{\"@type\":\"SearchAction\",\"target\":{\"@type\":\"EntryPoint\",\"urlTemplate\":\"https:\/\/livrariasolmar.pt\/?s={search_term_string}\"},\"query-input\":\"required name=search_term_string\"}],\"inLanguage\":\"en-US\"},{\"@type\":\"ImageObject\",\"@id\":\"https:\/\/livrariasolmar.pt\/produto\/john-paul-uma-historia-de-amor-feita-de-cancoes\/#primaryimage\",\"inLanguage\":\"en-US\",\"url\":\"https:\/\/livrariasolmar.pt\/wp-content\/uploads\/2025\/11\/1540-1-22-2.jpg\",\"contentUrl\":\"https:\/\/livrariasolmar.pt\/wp-content\/uploads\/2025\/11\/1540-1-22-2.jpg\",\"width\":340,\"height\":340},{\"@type\":\"WebPage\",\"@id\":\"https:\/\/livrariasolmar.pt\/produto\/john-paul-uma-historia-de-amor-feita-de-cancoes\/#webpage\",\"url\":\"https:\/\/livrariasolmar.pt\/produto\/john-paul-uma-historia-de-amor-feita-de-cancoes\/\",\"name\":\"John & Paul - Uma hist\\u00f3ria de amor feita de can\\u00e7\\u00f5es - Livraria Solmar - Livraria online\",\"isPartOf\":{\"@id\":\"https:\/\/livrariasolmar.pt\/#website\"},\"primaryImageOfPage\":{\"@id\":\"https:\/\/livrariasolmar.pt\/produto\/john-paul-uma-historia-de-amor-feita-de-cancoes\/#primaryimage\"},\"datePublished\":\"2025-11-16T12:14:34+00:00\",\"dateModified\":\"2025-12-13T14:24:47+00:00\",\"breadcrumb\":{\"@id\":\"https:\/\/livrariasolmar.pt\/produto\/john-paul-uma-historia-de-amor-feita-de-cancoes\/#breadcrumb\"},\"inLanguage\":\"en-US\",\"potentialAction\":[{\"@type\":\"ReadAction\",\"target\":[\"https:\/\/livrariasolmar.pt\/produto\/john-paul-uma-historia-de-amor-feita-de-cancoes\/\"]}]},{\"@type\":\"BreadcrumbList\",\"@id\":\"https:\/\/livrariasolmar.pt\/produto\/john-paul-uma-historia-de-amor-feita-de-cancoes\/#breadcrumb\",\"itemListElement\":[{\"@type\":\"ListItem\",\"position\":1,\"name\":\"In\\u00edcio\",\"item\":\"https:\/\/livrariasolmar.pt\/en\/\"},{\"@type\":\"ListItem\",\"position\":2,\"name\":\"Shop\",\"item\":\"https:\/\/livrariasolmar.pt\/en\/shop\/\"},{\"@type\":\"ListItem\",\"position\":3,\"name\":\"John &#038; Paul &#8211; Uma hist\\u00f3ria de amor feita de can\\u00e7\\u00f5es\"}]}]}<\/script>\n<!-- \/ Yoast SEO plugin. -->","_links":{"self":[{"href":"https:\/\/livrariasolmar.pt\/en\/wp-json\/wp\/v2\/product\/11284"}],"collection":[{"href":"https:\/\/livrariasolmar.pt\/en\/wp-json\/wp\/v2\/product"}],"about":[{"href":"https:\/\/livrariasolmar.pt\/en\/wp-json\/wp\/v2\/types\/product"}],"author":[{"embeddable":true,"href":"https:\/\/livrariasolmar.pt\/en\/wp-json\/wp\/v2\/users\/2"}],"wp:featuredmedia":[{"embeddable":true,"href":"https:\/\/livrariasolmar.pt\/en\/wp-json\/wp\/v2\/media\/11285"}],"wp:attachment":[{"href":"https:\/\/livrariasolmar.pt\/en\/wp-json\/wp\/v2\/media?parent=11284"}],"wp:term":[{"taxonomy":"product_cat","embeddable":true,"href":"https:\/\/livrariasolmar.pt\/en\/wp-json\/wp\/v2\/product_cat?post=11284"},{"taxonomy":"product_tag","embeddable":true,"href":"https:\/\/livrariasolmar.pt\/en\/wp-json\/wp\/v2\/product_tag?post=11284"},{"taxonomy":"cat_produtos","embeddable":true,"href":"https:\/\/livrariasolmar.pt\/en\/wp-json\/wp\/v2\/cat_produtos?post=11284"}],"curies":[{"name":"wp","href":"https:\/\/api.w.org\/{rel}","templated":true}]}}