{"id":11287,"date":"2025-11-16T12:27:29","date_gmt":"2025-11-16T12:27:29","guid":{"rendered":"https:\/\/livrariasolmar.pt\/?post_type=product&#038;p=11287"},"modified":"2025-12-13T15:00:42","modified_gmt":"2025-12-13T15:00:42","slug":"heavenly-bodies-a-rainha-do-trono-dourado","status":"publish","type":"product","link":"https:\/\/livrariasolmar.pt\/en\/produto\/heavenly-bodies-a-rainha-do-trono-dourado\/","title":{"rendered":"Heavenly Bodies &#8211; A Rainha do Trono Dourado"},"content":{"rendered":"","protected":false},"excerpt":{"rendered":"<p>Num mundo governado pelas Estrelas \u2014 deuses cru\u00e9is e impiedosos \u2014, Elara foi amaldi\u00e7oada pelo destino. Uma antiga profecia anuncia que ela se apaixonar\u00e1 pelo rei das Estrelas&#8230; e que esse amor acabar\u00e1 por levar \u00e0 morte de ambos.<\/p>\n<p>Mas quando um desses deuses desce \u00e0 Terra para semear o caos no reino de Elara, ela v\u00ea-se obrigada a procurar ref\u00fagio no reino vizinho.<\/p>\n<p>O pre\u00e7o dessa prote\u00e7\u00e3o? O pr\u00edncipe Lorenzo pretende transformar Elara \u2014 que mal conhece a extens\u00e3o da sua magia \u2014 numa arma capaz de derrubar os pr\u00f3prios deuses.<\/p>\n","protected":false},"author":2,"featured_media":11288,"template":"","meta":[],"product_cat":[160],"product_tag":[],"cat_produtos":[],"yoast_head":"<!-- This site is optimized with the Yoast SEO plugin v16.6 - https:\/\/yoast.com\/wordpress\/plugins\/seo\/ -->\n<title>Heavenly Bodies - A Rainha do Trono Dourado - Livraria Solmar - Livraria online<\/title>\n<meta name=\"robots\" content=\"index, follow, max-snippet:-1, max-image-preview:large, max-video-preview:-1\" \/>\n<link rel=\"canonical\" href=\"https:\/\/livrariasolmar.pt\/en\/produto\/heavenly-bodies-a-rainha-do-trono-dourado\/\" \/>\n<meta property=\"og:locale\" content=\"en_US\" \/>\n<meta property=\"og:type\" content=\"article\" \/>\n<meta property=\"og:title\" content=\"Heavenly Bodies - A Rainha do Trono Dourado - Livraria Solmar - Livraria online\" \/>\n<meta property=\"og:description\" content=\"Num mundo governado pelas Estrelas \u2014 deuses cru\u00e9is e impiedosos \u2014, Elara foi amaldi\u00e7oada pelo destino. Uma antiga profecia anuncia que ela se apaixonar\u00e1 pelo rei das Estrelas... e que esse amor acabar\u00e1 por levar \u00e0 morte de ambos.  Mas quando um desses deuses desce \u00e0 Terra para semear o caos no reino de Elara, ela v\u00ea-se obrigada a procurar ref\u00fagio no reino vizinho.  O pre\u00e7o dessa prote\u00e7\u00e3o? O pr\u00edncipe Lorenzo pretende transformar Elara \u2014 que mal conhece a extens\u00e3o da sua magia \u2014 numa arma capaz de derrubar os pr\u00f3prios deuses.\" \/>\n<meta property=\"og:url\" content=\"https:\/\/livrariasolmar.pt\/produto\/heavenly-bodies-a-rainha-do-trono-dourado\/\" \/>\n<meta property=\"og:site_name\" content=\"Livraria Solmar - Livraria online\" \/>\n<meta property=\"article:modified_time\" content=\"2025-12-13T15:00:42+00:00\" \/>\n<meta property=\"og:image\" content=\"https:\/\/livrariasolmar.pt\/wp-content\/uploads\/2025\/11\/1540-1-23-2.jpg\" \/>\n\t<meta property=\"og:image:width\" content=\"340\" \/>\n\t<meta property=\"og:image:height\" content=\"340\" \/>\n<meta name=\"twitter:card\" content=\"summary_large_image\" \/>\n<script type=\"application\/ld+json\" class=\"yoast-schema-graph\">{\"@context\":\"https:\/\/schema.org\",\"@graph\":[{\"@type\":\"WebSite\",\"@id\":\"https:\/\/livrariasolmar.pt\/#website\",\"url\":\"https:\/\/livrariasolmar.pt\/\",\"name\":\"Livraria Solmar - Livraria online\",\"description\":\"Com\\u00e9rcio Livros E Objetos De Arte, Lda - Ponta Delgada, A\\u00e7ores\",\"potentialAction\":[{\"@type\":\"SearchAction\",\"target\":{\"@type\":\"EntryPoint\",\"urlTemplate\":\"https:\/\/livrariasolmar.pt\/?s={search_term_string}\"},\"query-input\":\"required name=search_term_string\"}],\"inLanguage\":\"en-US\"},{\"@type\":\"ImageObject\",\"@id\":\"https:\/\/livrariasolmar.pt\/produto\/heavenly-bodies-a-rainha-do-trono-dourado\/#primaryimage\",\"inLanguage\":\"en-US\",\"url\":\"https:\/\/livrariasolmar.pt\/wp-content\/uploads\/2025\/11\/1540-1-23-2.jpg\",\"contentUrl\":\"https:\/\/livrariasolmar.pt\/wp-content\/uploads\/2025\/11\/1540-1-23-2.jpg\",\"width\":340,\"height\":340},{\"@type\":\"WebPage\",\"@id\":\"https:\/\/livrariasolmar.pt\/produto\/heavenly-bodies-a-rainha-do-trono-dourado\/#webpage\",\"url\":\"https:\/\/livrariasolmar.pt\/produto\/heavenly-bodies-a-rainha-do-trono-dourado\/\",\"name\":\"Heavenly Bodies - A Rainha do Trono Dourado - Livraria Solmar - Livraria online\",\"isPartOf\":{\"@id\":\"https:\/\/livrariasolmar.pt\/#website\"},\"primaryImageOfPage\":{\"@id\":\"https:\/\/livrariasolmar.pt\/produto\/heavenly-bodies-a-rainha-do-trono-dourado\/#primaryimage\"},\"datePublished\":\"2025-11-16T12:27:29+00:00\",\"dateModified\":\"2025-12-13T15:00:42+00:00\",\"breadcrumb\":{\"@id\":\"https:\/\/livrariasolmar.pt\/produto\/heavenly-bodies-a-rainha-do-trono-dourado\/#breadcrumb\"},\"inLanguage\":\"en-US\",\"potentialAction\":[{\"@type\":\"ReadAction\",\"target\":[\"https:\/\/livrariasolmar.pt\/produto\/heavenly-bodies-a-rainha-do-trono-dourado\/\"]}]},{\"@type\":\"BreadcrumbList\",\"@id\":\"https:\/\/livrariasolmar.pt\/produto\/heavenly-bodies-a-rainha-do-trono-dourado\/#breadcrumb\",\"itemListElement\":[{\"@type\":\"ListItem\",\"position\":1,\"name\":\"In\\u00edcio\",\"item\":\"https:\/\/livrariasolmar.pt\/en\/\"},{\"@type\":\"ListItem\",\"position\":2,\"name\":\"Shop\",\"item\":\"https:\/\/livrariasolmar.pt\/en\/shop\/\"},{\"@type\":\"ListItem\",\"position\":3,\"name\":\"Heavenly Bodies &#8211; A Rainha do Trono Dourado\"}]}]}<\/script>\n<!-- \/ Yoast SEO plugin. -->","_links":{"self":[{"href":"https:\/\/livrariasolmar.pt\/en\/wp-json\/wp\/v2\/product\/11287"}],"collection":[{"href":"https:\/\/livrariasolmar.pt\/en\/wp-json\/wp\/v2\/product"}],"about":[{"href":"https:\/\/livrariasolmar.pt\/en\/wp-json\/wp\/v2\/types\/product"}],"author":[{"embeddable":true,"href":"https:\/\/livrariasolmar.pt\/en\/wp-json\/wp\/v2\/users\/2"}],"wp:featuredmedia":[{"embeddable":true,"href":"https:\/\/livrariasolmar.pt\/en\/wp-json\/wp\/v2\/media\/11288"}],"wp:attachment":[{"href":"https:\/\/livrariasolmar.pt\/en\/wp-json\/wp\/v2\/media?parent=11287"}],"wp:term":[{"taxonomy":"product_cat","embeddable":true,"href":"https:\/\/livrariasolmar.pt\/en\/wp-json\/wp\/v2\/product_cat?post=11287"},{"taxonomy":"product_tag","embeddable":true,"href":"https:\/\/livrariasolmar.pt\/en\/wp-json\/wp\/v2\/product_tag?post=11287"},{"taxonomy":"cat_produtos","embeddable":true,"href":"https:\/\/livrariasolmar.pt\/en\/wp-json\/wp\/v2\/cat_produtos?post=11287"}],"curies":[{"name":"wp","href":"https:\/\/api.w.org\/{rel}","templated":true}]}}