{"id":11291,"date":"2025-11-16T12:57:32","date_gmt":"2025-11-16T12:57:32","guid":{"rendered":"https:\/\/livrariasolmar.pt\/?post_type=product&#038;p=11291"},"modified":"2025-12-13T15:00:26","modified_gmt":"2025-12-13T15:00:26","slug":"bruxa-rebelde-mariposa-escarlate-livro-dois","status":"publish","type":"product","link":"https:\/\/livrariasolmar.pt\/en\/produto\/bruxa-rebelde-mariposa-escarlate-livro-dois\/","title":{"rendered":"Bruxa Rebelde &#8211; Mariposa Escarlate &#8211; Livro Dois"},"content":{"rendered":"","protected":false},"excerpt":{"rendered":"<p>Uma bruxa em fuga.<br \/>\nUm ca\u00e7ador de bruxas em busca de vingan\u00e7a.<br \/>\nUma escolha imposs\u00edvel.<\/p>\n<p>Rune Winters est\u00e1 em fuga. Desde que Gideon Sharpe, o homem que amava, revelou a sua identidade e a entregou aos inimigos, todos a querem morta.<\/p>\n<p>Para sobreviver, Rune ter\u00e1 de criar uma alian\u00e7a com a cruel e perigosa Cressida Roseblood, que planeia reconquistar a Rep\u00fablica e reinstaurar o Reinado das Bruxas.<\/p>\n<p>Aparentemente, Rune n\u00e3o enganou apenas Gideon; tamb\u00e9m o traiu ao aliar-se \u00e0 bruxa que transformou a vida do ca\u00e7ador num verdadeiro inferno.<\/p>\n<p>Gideon n\u00e3o permitir\u00e1 que a Rep\u00fablica caia nas m\u00e3os das bruxas e se afunde nos pesadelos do passado.<\/p>\n<p>Para proteger este novo mundo pelo qual lutou, todas as bruxas ter\u00e3o de morrer \u2014 especialmente Rune Winters.<\/p>\n<p>Quando Rune faz a Gideon uma proposta que ele n\u00e3o pode recusar, ambos s\u00e3o obrigados a unir esfor\u00e7os para alcan\u00e7ar objetivos perigosos.<\/p>\n<p>Quanto mais tempo passam juntos, mais Gideon se apercebe de que os sentimentos que tinha por Rune n\u00e3o est\u00e3o t\u00e3o mortos e enterrados quanto pensava.<\/p>\n<p>Ent\u00e3o ele enfrenta uma terr\u00edvel escolha: sacrificar a mulher que ama para impedir que um monstro recupere o poder\u2026 ou deixar Rune viver e assistir ao colapso do mundo pelo qual tanto lutou.<\/p>\n","protected":false},"author":2,"featured_media":11292,"template":"","meta":[],"product_cat":[160],"product_tag":[],"cat_produtos":[],"yoast_head":"<!-- This site is optimized with the Yoast SEO plugin v16.6 - https:\/\/yoast.com\/wordpress\/plugins\/seo\/ -->\n<title>Bruxa Rebelde - Mariposa Escarlate - Livro Dois - Livraria Solmar - Livraria online<\/title>\n<meta name=\"robots\" content=\"index, follow, max-snippet:-1, max-image-preview:large, max-video-preview:-1\" \/>\n<link rel=\"canonical\" href=\"https:\/\/livrariasolmar.pt\/en\/produto\/bruxa-rebelde-mariposa-escarlate-livro-dois\/\" \/>\n<meta property=\"og:locale\" content=\"en_US\" \/>\n<meta property=\"og:type\" content=\"article\" \/>\n<meta property=\"og:title\" content=\"Bruxa Rebelde - Mariposa Escarlate - Livro Dois - Livraria Solmar - Livraria online\" \/>\n<meta property=\"og:description\" content=\"Uma bruxa em fuga. Um ca\u00e7ador de bruxas em busca de vingan\u00e7a. Uma escolha imposs\u00edvel.  Rune Winters est\u00e1 em fuga. Desde que Gideon Sharpe, o homem que amava, revelou a sua identidade e a entregou aos inimigos, todos a querem morta.  Para sobreviver, Rune ter\u00e1 de criar uma alian\u00e7a com a cruel e perigosa Cressida Roseblood, que planeia reconquistar a Rep\u00fablica e reinstaurar o Reinado das Bruxas.  Aparentemente, Rune n\u00e3o enganou apenas Gideon; tamb\u00e9m o traiu ao aliar-se \u00e0 bruxa que transformou a vida do ca\u00e7ador num verdadeiro inferno.  Gideon n\u00e3o permitir\u00e1 que a Rep\u00fablica caia nas m\u00e3os das bruxas e se afunde nos pesadelos do passado.  Para proteger este novo mundo pelo qual lutou, todas as bruxas ter\u00e3o de morrer \u2014 especialmente Rune Winters.  Quando Rune faz a Gideon uma proposta que ele n\u00e3o pode recusar, ambos s\u00e3o obrigados a unir esfor\u00e7os para alcan\u00e7ar objetivos perigosos.  Quanto mais tempo passam juntos, mais Gideon se apercebe de que os sentimentos que tinha por Rune n\u00e3o est\u00e3o t\u00e3o mortos e enterrados quanto pensava.  Ent\u00e3o ele enfrenta uma terr\u00edvel escolha: sacrificar a mulher que ama para impedir que um monstro recupere o poder\u2026 ou deixar Rune viver e assistir ao colapso do mundo pelo qual tanto lutou.\" \/>\n<meta property=\"og:url\" content=\"https:\/\/livrariasolmar.pt\/produto\/bruxa-rebelde-mariposa-escarlate-livro-dois\/\" \/>\n<meta property=\"og:site_name\" content=\"Livraria Solmar - Livraria online\" \/>\n<meta property=\"article:modified_time\" content=\"2025-12-13T15:00:26+00:00\" \/>\n<meta property=\"og:image\" content=\"https:\/\/livrariasolmar.pt\/wp-content\/uploads\/2025\/11\/1540-1-24-2.jpg\" \/>\n\t<meta property=\"og:image:width\" content=\"340\" \/>\n\t<meta property=\"og:image:height\" content=\"340\" \/>\n<meta name=\"twitter:card\" content=\"summary_large_image\" \/>\n<script type=\"application\/ld+json\" class=\"yoast-schema-graph\">{\"@context\":\"https:\/\/schema.org\",\"@graph\":[{\"@type\":\"WebSite\",\"@id\":\"https:\/\/livrariasolmar.pt\/#website\",\"url\":\"https:\/\/livrariasolmar.pt\/\",\"name\":\"Livraria Solmar - Livraria online\",\"description\":\"Com\\u00e9rcio Livros E Objetos De Arte, Lda - Ponta Delgada, A\\u00e7ores\",\"potentialAction\":[{\"@type\":\"SearchAction\",\"target\":{\"@type\":\"EntryPoint\",\"urlTemplate\":\"https:\/\/livrariasolmar.pt\/?s={search_term_string}\"},\"query-input\":\"required name=search_term_string\"}],\"inLanguage\":\"en-US\"},{\"@type\":\"ImageObject\",\"@id\":\"https:\/\/livrariasolmar.pt\/produto\/bruxa-rebelde-mariposa-escarlate-livro-dois\/#primaryimage\",\"inLanguage\":\"en-US\",\"url\":\"https:\/\/livrariasolmar.pt\/wp-content\/uploads\/2025\/11\/1540-1-24-2.jpg\",\"contentUrl\":\"https:\/\/livrariasolmar.pt\/wp-content\/uploads\/2025\/11\/1540-1-24-2.jpg\",\"width\":340,\"height\":340},{\"@type\":\"WebPage\",\"@id\":\"https:\/\/livrariasolmar.pt\/produto\/bruxa-rebelde-mariposa-escarlate-livro-dois\/#webpage\",\"url\":\"https:\/\/livrariasolmar.pt\/produto\/bruxa-rebelde-mariposa-escarlate-livro-dois\/\",\"name\":\"Bruxa Rebelde - Mariposa Escarlate - Livro Dois - Livraria Solmar - Livraria online\",\"isPartOf\":{\"@id\":\"https:\/\/livrariasolmar.pt\/#website\"},\"primaryImageOfPage\":{\"@id\":\"https:\/\/livrariasolmar.pt\/produto\/bruxa-rebelde-mariposa-escarlate-livro-dois\/#primaryimage\"},\"datePublished\":\"2025-11-16T12:57:32+00:00\",\"dateModified\":\"2025-12-13T15:00:26+00:00\",\"breadcrumb\":{\"@id\":\"https:\/\/livrariasolmar.pt\/produto\/bruxa-rebelde-mariposa-escarlate-livro-dois\/#breadcrumb\"},\"inLanguage\":\"en-US\",\"potentialAction\":[{\"@type\":\"ReadAction\",\"target\":[\"https:\/\/livrariasolmar.pt\/produto\/bruxa-rebelde-mariposa-escarlate-livro-dois\/\"]}]},{\"@type\":\"BreadcrumbList\",\"@id\":\"https:\/\/livrariasolmar.pt\/produto\/bruxa-rebelde-mariposa-escarlate-livro-dois\/#breadcrumb\",\"itemListElement\":[{\"@type\":\"ListItem\",\"position\":1,\"name\":\"In\\u00edcio\",\"item\":\"https:\/\/livrariasolmar.pt\/en\/\"},{\"@type\":\"ListItem\",\"position\":2,\"name\":\"Shop\",\"item\":\"https:\/\/livrariasolmar.pt\/en\/shop\/\"},{\"@type\":\"ListItem\",\"position\":3,\"name\":\"Bruxa Rebelde &#8211; Mariposa Escarlate &#8211; Livro Dois\"}]}]}<\/script>\n<!-- \/ Yoast SEO plugin. -->","_links":{"self":[{"href":"https:\/\/livrariasolmar.pt\/en\/wp-json\/wp\/v2\/product\/11291"}],"collection":[{"href":"https:\/\/livrariasolmar.pt\/en\/wp-json\/wp\/v2\/product"}],"about":[{"href":"https:\/\/livrariasolmar.pt\/en\/wp-json\/wp\/v2\/types\/product"}],"author":[{"embeddable":true,"href":"https:\/\/livrariasolmar.pt\/en\/wp-json\/wp\/v2\/users\/2"}],"wp:featuredmedia":[{"embeddable":true,"href":"https:\/\/livrariasolmar.pt\/en\/wp-json\/wp\/v2\/media\/11292"}],"wp:attachment":[{"href":"https:\/\/livrariasolmar.pt\/en\/wp-json\/wp\/v2\/media?parent=11291"}],"wp:term":[{"taxonomy":"product_cat","embeddable":true,"href":"https:\/\/livrariasolmar.pt\/en\/wp-json\/wp\/v2\/product_cat?post=11291"},{"taxonomy":"product_tag","embeddable":true,"href":"https:\/\/livrariasolmar.pt\/en\/wp-json\/wp\/v2\/product_tag?post=11291"},{"taxonomy":"cat_produtos","embeddable":true,"href":"https:\/\/livrariasolmar.pt\/en\/wp-json\/wp\/v2\/cat_produtos?post=11291"}],"curies":[{"name":"wp","href":"https:\/\/api.w.org\/{rel}","templated":true}]}}