{"id":11297,"date":"2025-11-16T13:19:16","date_gmt":"2025-11-16T13:19:16","guid":{"rendered":"https:\/\/livrariasolmar.pt\/?post_type=product&#038;p=11297"},"modified":"2025-12-10T17:05:42","modified_gmt":"2025-12-10T17:05:42","slug":"sonhar-o-futuro-descubra-nos-sonhos-aquilo-que-ainda-esta-por-acontecer","status":"publish","type":"product","link":"https:\/\/livrariasolmar.pt\/en\/produto\/sonhar-o-futuro-descubra-nos-sonhos-aquilo-que-ainda-esta-por-acontecer\/","title":{"rendered":"Sonhar o Futuro &#8211; Descubra nos sonhos aquilo que ainda est\u00e1 por acontecer"},"content":{"rendered":"","protected":false},"excerpt":{"rendered":"<p>Premoni\u00e7\u00e3o, perce\u00e7\u00e3o extrassensorial, intui\u00e7\u00e3o, sexto sentido&#8230; Outros termos para precogni\u00e7\u00e3o, a palavra que os cientistas usam para descrever um saber inexplic\u00e1vel sobre o futuro que mais tarde se prova vir a estar correto.<\/p>\n<p>Todas as noites, a sua mente envia-lhe sinais que podem antecipar o que est\u00e1 para vir. Theresa Cheung \u2014 a especialista brit\u00e2nica em espiritualidade e sonhos \u2014 mostra-lhe como interpretar esses sinais e usar o poder da precogni\u00e7\u00e3o para estar sempre um passo \u00e0 frente.<\/p>\n<p>Este \u00e9 um guia pr\u00e1tico e inspirador para descobrir, interpretar e potenciar as mensagens precognitivas que recebe durante o sono. Com t\u00e9cnicas simples, exerc\u00edcios eficazes e um diret\u00f3rio completo de s\u00edmbolos organizados por temas, este livro vai ajud\u00e1-lo a desenvolver a sua intui\u00e7\u00e3o e a transformar cada noite numa oportunidade para ganhar clareza e orienta\u00e7\u00e3o. Inclui m\u00e9todos de previs\u00e3o, jogos de mem\u00f3ria, estrat\u00e9gias para manter a motiva\u00e7\u00e3o, e at\u00e9 pr\u00e1ticas de\u00a0<i>viagem no tempo<\/i>\u00a0para explorar futuros poss\u00edveis.<\/p>\n<p>Deixe-se guiar e aprenda a tomar decis\u00f5es mais alinhadas com quem \u00e9 e com o que verdadeiramente deseja.<\/p>\n<p>Use este superpoder e transforme os seus sonhos na chave do futuro.<\/p>\n","protected":false},"author":2,"featured_media":11298,"template":"","meta":[],"product_cat":[173],"product_tag":[],"cat_produtos":[1879],"yoast_head":"<!-- This site is optimized with the Yoast SEO plugin v16.6 - https:\/\/yoast.com\/wordpress\/plugins\/seo\/ -->\n<title>Sonhar o Futuro - Descubra nos sonhos aquilo que ainda est\u00e1 por acontecer - Livraria Solmar - Livraria online<\/title>\n<meta name=\"robots\" content=\"index, follow, max-snippet:-1, max-image-preview:large, max-video-preview:-1\" \/>\n<link rel=\"canonical\" href=\"https:\/\/livrariasolmar.pt\/en\/produto\/sonhar-o-futuro-descubra-nos-sonhos-aquilo-que-ainda-esta-por-acontecer\/\" \/>\n<meta property=\"og:locale\" content=\"en_US\" \/>\n<meta property=\"og:type\" content=\"article\" \/>\n<meta property=\"og:title\" content=\"Sonhar o Futuro - Descubra nos sonhos aquilo que ainda est\u00e1 por acontecer - Livraria Solmar - Livraria online\" \/>\n<meta property=\"og:description\" content=\"Premoni\u00e7\u00e3o, perce\u00e7\u00e3o extrassensorial, intui\u00e7\u00e3o, sexto sentido... Outros termos para precogni\u00e7\u00e3o, a palavra que os cientistas usam para descrever um saber inexplic\u00e1vel sobre o futuro que mais tarde se prova vir a estar correto.  Todas as noites, a sua mente envia-lhe sinais que podem antecipar o que est\u00e1 para vir. Theresa Cheung \u2014 a especialista brit\u00e2nica em espiritualidade e sonhos \u2014 mostra-lhe como interpretar esses sinais e usar o poder da precogni\u00e7\u00e3o para estar sempre um passo \u00e0 frente.  Este \u00e9 um guia pr\u00e1tico e inspirador para descobrir, interpretar e potenciar as mensagens precognitivas que recebe durante o sono. Com t\u00e9cnicas simples, exerc\u00edcios eficazes e um diret\u00f3rio completo de s\u00edmbolos organizados por temas, este livro vai ajud\u00e1-lo a desenvolver a sua intui\u00e7\u00e3o e a transformar cada noite numa oportunidade para ganhar clareza e orienta\u00e7\u00e3o. Inclui m\u00e9todos de previs\u00e3o, jogos de mem\u00f3ria, estrat\u00e9gias para manter a motiva\u00e7\u00e3o, e at\u00e9 pr\u00e1ticas de\u00a0viagem no tempo\u00a0para explorar futuros poss\u00edveis.  Deixe-se guiar e aprenda a tomar decis\u00f5es mais alinhadas com quem \u00e9 e com o que verdadeiramente deseja.  Use este superpoder e transforme os seus sonhos na chave do futuro.\" \/>\n<meta property=\"og:url\" content=\"https:\/\/livrariasolmar.pt\/produto\/sonhar-o-futuro-descubra-nos-sonhos-aquilo-que-ainda-esta-por-acontecer\/\" \/>\n<meta property=\"og:site_name\" content=\"Livraria Solmar - Livraria online\" \/>\n<meta property=\"article:modified_time\" content=\"2025-12-10T17:05:42+00:00\" \/>\n<meta property=\"og:image\" content=\"https:\/\/livrariasolmar.pt\/wp-content\/uploads\/2025\/11\/1540-1-26-2.jpg\" \/>\n\t<meta property=\"og:image:width\" content=\"340\" \/>\n\t<meta property=\"og:image:height\" content=\"340\" \/>\n<meta name=\"twitter:card\" content=\"summary_large_image\" \/>\n<script type=\"application\/ld+json\" class=\"yoast-schema-graph\">{\"@context\":\"https:\/\/schema.org\",\"@graph\":[{\"@type\":\"WebSite\",\"@id\":\"https:\/\/livrariasolmar.pt\/#website\",\"url\":\"https:\/\/livrariasolmar.pt\/\",\"name\":\"Livraria Solmar - Livraria online\",\"description\":\"Com\\u00e9rcio Livros E Objetos De Arte, Lda - Ponta Delgada, A\\u00e7ores\",\"potentialAction\":[{\"@type\":\"SearchAction\",\"target\":{\"@type\":\"EntryPoint\",\"urlTemplate\":\"https:\/\/livrariasolmar.pt\/?s={search_term_string}\"},\"query-input\":\"required name=search_term_string\"}],\"inLanguage\":\"en-US\"},{\"@type\":\"ImageObject\",\"@id\":\"https:\/\/livrariasolmar.pt\/produto\/sonhar-o-futuro-descubra-nos-sonhos-aquilo-que-ainda-esta-por-acontecer\/#primaryimage\",\"inLanguage\":\"en-US\",\"url\":\"https:\/\/livrariasolmar.pt\/wp-content\/uploads\/2025\/11\/1540-1-26-2.jpg\",\"contentUrl\":\"https:\/\/livrariasolmar.pt\/wp-content\/uploads\/2025\/11\/1540-1-26-2.jpg\",\"width\":340,\"height\":340},{\"@type\":\"WebPage\",\"@id\":\"https:\/\/livrariasolmar.pt\/produto\/sonhar-o-futuro-descubra-nos-sonhos-aquilo-que-ainda-esta-por-acontecer\/#webpage\",\"url\":\"https:\/\/livrariasolmar.pt\/produto\/sonhar-o-futuro-descubra-nos-sonhos-aquilo-que-ainda-esta-por-acontecer\/\",\"name\":\"Sonhar o Futuro - Descubra nos sonhos aquilo que ainda est\\u00e1 por acontecer - Livraria Solmar - Livraria online\",\"isPartOf\":{\"@id\":\"https:\/\/livrariasolmar.pt\/#website\"},\"primaryImageOfPage\":{\"@id\":\"https:\/\/livrariasolmar.pt\/produto\/sonhar-o-futuro-descubra-nos-sonhos-aquilo-que-ainda-esta-por-acontecer\/#primaryimage\"},\"datePublished\":\"2025-11-16T13:19:16+00:00\",\"dateModified\":\"2025-12-10T17:05:42+00:00\",\"breadcrumb\":{\"@id\":\"https:\/\/livrariasolmar.pt\/produto\/sonhar-o-futuro-descubra-nos-sonhos-aquilo-que-ainda-esta-por-acontecer\/#breadcrumb\"},\"inLanguage\":\"en-US\",\"potentialAction\":[{\"@type\":\"ReadAction\",\"target\":[\"https:\/\/livrariasolmar.pt\/produto\/sonhar-o-futuro-descubra-nos-sonhos-aquilo-que-ainda-esta-por-acontecer\/\"]}]},{\"@type\":\"BreadcrumbList\",\"@id\":\"https:\/\/livrariasolmar.pt\/produto\/sonhar-o-futuro-descubra-nos-sonhos-aquilo-que-ainda-esta-por-acontecer\/#breadcrumb\",\"itemListElement\":[{\"@type\":\"ListItem\",\"position\":1,\"name\":\"In\\u00edcio\",\"item\":\"https:\/\/livrariasolmar.pt\/en\/\"},{\"@type\":\"ListItem\",\"position\":2,\"name\":\"Shop\",\"item\":\"https:\/\/livrariasolmar.pt\/en\/shop\/\"},{\"@type\":\"ListItem\",\"position\":3,\"name\":\"Sonhar o Futuro &#8211; Descubra nos sonhos aquilo que ainda est\\u00e1 por acontecer\"}]}]}<\/script>\n<!-- \/ Yoast SEO plugin. -->","_links":{"self":[{"href":"https:\/\/livrariasolmar.pt\/en\/wp-json\/wp\/v2\/product\/11297"}],"collection":[{"href":"https:\/\/livrariasolmar.pt\/en\/wp-json\/wp\/v2\/product"}],"about":[{"href":"https:\/\/livrariasolmar.pt\/en\/wp-json\/wp\/v2\/types\/product"}],"author":[{"embeddable":true,"href":"https:\/\/livrariasolmar.pt\/en\/wp-json\/wp\/v2\/users\/2"}],"wp:featuredmedia":[{"embeddable":true,"href":"https:\/\/livrariasolmar.pt\/en\/wp-json\/wp\/v2\/media\/11298"}],"wp:attachment":[{"href":"https:\/\/livrariasolmar.pt\/en\/wp-json\/wp\/v2\/media?parent=11297"}],"wp:term":[{"taxonomy":"product_cat","embeddable":true,"href":"https:\/\/livrariasolmar.pt\/en\/wp-json\/wp\/v2\/product_cat?post=11297"},{"taxonomy":"product_tag","embeddable":true,"href":"https:\/\/livrariasolmar.pt\/en\/wp-json\/wp\/v2\/product_tag?post=11297"},{"taxonomy":"cat_produtos","embeddable":true,"href":"https:\/\/livrariasolmar.pt\/en\/wp-json\/wp\/v2\/cat_produtos?post=11297"}],"curies":[{"name":"wp","href":"https:\/\/api.w.org\/{rel}","templated":true}]}}