{"id":11303,"date":"2025-11-16T15:32:45","date_gmt":"2025-11-16T15:32:45","guid":{"rendered":"https:\/\/livrariasolmar.pt\/?post_type=product&#038;p=11303"},"modified":"2025-12-13T14:13:19","modified_gmt":"2025-12-13T14:13:19","slug":"mais-de-50-coisas-que-nao-deve-fazer-na-cozinha","status":"publish","type":"product","link":"https:\/\/livrariasolmar.pt\/en\/produto\/mais-de-50-coisas-que-nao-deve-fazer-na-cozinha\/","title":{"rendered":"Mais de 50 Coisas que N\u00e3o Deve Fazer na Cozinha"},"content":{"rendered":"","protected":false},"excerpt":{"rendered":"<p>Sabe que n\u00e3o deve descongelar alimentos na bancada, ignorar o perigo das latas amolgadas, nem misturar fruta e hort\u00edcolas no mesmo cesto?<\/p>\n<p>Os h\u00e1bitos herdados de gera\u00e7\u00e3o em gera\u00e7\u00e3o, apesar de carregarem muito amor, est\u00e3o desatualizados em rela\u00e7\u00e3o \u00e0 forma como os alimentos s\u00e3o hoje produzidos, transportados e conservados. Muitas doen\u00e7as silenciosas, intoxica\u00e7\u00f5es alimentares e desperd\u00edcio de comida come\u00e7am em pequenos erros comuns que cometemos sem perceber, nem saber.<\/p>\n<p>No seu novo livro,\u00a0<i>Mais de 50 Coisas que N\u00e3o Deve Fazer na Cozinha<\/i>, Susete Estrela, engenheira alimentar com mais de 20 anos de experi\u00eancia, apresenta-nos um guia pr\u00e1tico, intemporal e cheio de ci\u00eancia acess\u00edvel para quem quer proteger a sua fam\u00edlia dos riscos escondidos \u00e0 mesa. Este livro \u00e9, tamb\u00e9m, um aliado para quem deseja reduzir o desperd\u00edcio alimentar, conservar melhor e garantir refei\u00e7\u00f5es seguras, saborosas e nutritivas.<\/p>\n<p>Aqui vai encontrar mais de 50 erros comuns explicados com rigor e bom senso, bem como dicas pr\u00e1ticas para o dia-a-dia. \u00c9 um convite para olhar para a sua cozinha com mais consci\u00eancia, a prevenir em vez de remediar, e a cuidar melhor de si e da sua fam\u00edlia.<\/p>\n<p>Lembre-se: a sua alimenta\u00e7\u00e3o s\u00f3 \u00e9 saud\u00e1vel se for segura!<\/p>\n","protected":false},"author":2,"featured_media":11304,"template":"","meta":[],"product_cat":[281],"product_tag":[],"cat_produtos":[1881],"yoast_head":"<!-- This site is optimized with the Yoast SEO plugin v16.6 - https:\/\/yoast.com\/wordpress\/plugins\/seo\/ -->\n<title>Mais de 50 Coisas que N\u00e3o Deve Fazer na Cozinha - Livraria Solmar - Livraria online<\/title>\n<meta name=\"robots\" content=\"index, follow, max-snippet:-1, max-image-preview:large, max-video-preview:-1\" \/>\n<link rel=\"canonical\" href=\"https:\/\/livrariasolmar.pt\/en\/produto\/mais-de-50-coisas-que-nao-deve-fazer-na-cozinha\/\" \/>\n<meta property=\"og:locale\" content=\"en_US\" \/>\n<meta property=\"og:type\" content=\"article\" \/>\n<meta property=\"og:title\" content=\"Mais de 50 Coisas que N\u00e3o Deve Fazer na Cozinha - Livraria Solmar - Livraria online\" \/>\n<meta property=\"og:description\" content=\"Sabe que n\u00e3o deve descongelar alimentos na bancada, ignorar o perigo das latas amolgadas, nem misturar fruta e hort\u00edcolas no mesmo cesto?  Os h\u00e1bitos herdados de gera\u00e7\u00e3o em gera\u00e7\u00e3o, apesar de carregarem muito amor, est\u00e3o desatualizados em rela\u00e7\u00e3o \u00e0 forma como os alimentos s\u00e3o hoje produzidos, transportados e conservados. Muitas doen\u00e7as silenciosas, intoxica\u00e7\u00f5es alimentares e desperd\u00edcio de comida come\u00e7am em pequenos erros comuns que cometemos sem perceber, nem saber.  No seu novo livro,\u00a0Mais de 50 Coisas que N\u00e3o Deve Fazer na Cozinha, Susete Estrela, engenheira alimentar com mais de 20 anos de experi\u00eancia, apresenta-nos um guia pr\u00e1tico, intemporal e cheio de ci\u00eancia acess\u00edvel para quem quer proteger a sua fam\u00edlia dos riscos escondidos \u00e0 mesa. Este livro \u00e9, tamb\u00e9m, um aliado para quem deseja reduzir o desperd\u00edcio alimentar, conservar melhor e garantir refei\u00e7\u00f5es seguras, saborosas e nutritivas.  Aqui vai encontrar mais de 50 erros comuns explicados com rigor e bom senso, bem como dicas pr\u00e1ticas para o dia-a-dia. \u00c9 um convite para olhar para a sua cozinha com mais consci\u00eancia, a prevenir em vez de remediar, e a cuidar melhor de si e da sua fam\u00edlia.  Lembre-se: a sua alimenta\u00e7\u00e3o s\u00f3 \u00e9 saud\u00e1vel se for segura!\" \/>\n<meta property=\"og:url\" content=\"https:\/\/livrariasolmar.pt\/produto\/mais-de-50-coisas-que-nao-deve-fazer-na-cozinha\/\" \/>\n<meta property=\"og:site_name\" content=\"Livraria Solmar - Livraria online\" \/>\n<meta property=\"article:modified_time\" content=\"2025-12-13T14:13:19+00:00\" \/>\n<meta property=\"og:image\" content=\"https:\/\/livrariasolmar.pt\/wp-content\/uploads\/2025\/11\/1540-1-23-3.jpg\" \/>\n\t<meta property=\"og:image:width\" content=\"340\" \/>\n\t<meta property=\"og:image:height\" content=\"340\" \/>\n<meta name=\"twitter:card\" content=\"summary_large_image\" \/>\n<script type=\"application\/ld+json\" class=\"yoast-schema-graph\">{\"@context\":\"https:\/\/schema.org\",\"@graph\":[{\"@type\":\"WebSite\",\"@id\":\"https:\/\/livrariasolmar.pt\/#website\",\"url\":\"https:\/\/livrariasolmar.pt\/\",\"name\":\"Livraria Solmar - Livraria online\",\"description\":\"Com\\u00e9rcio Livros E Objetos De Arte, Lda - Ponta Delgada, A\\u00e7ores\",\"potentialAction\":[{\"@type\":\"SearchAction\",\"target\":{\"@type\":\"EntryPoint\",\"urlTemplate\":\"https:\/\/livrariasolmar.pt\/?s={search_term_string}\"},\"query-input\":\"required name=search_term_string\"}],\"inLanguage\":\"en-US\"},{\"@type\":\"ImageObject\",\"@id\":\"https:\/\/livrariasolmar.pt\/produto\/mais-de-50-coisas-que-nao-deve-fazer-na-cozinha\/#primaryimage\",\"inLanguage\":\"en-US\",\"url\":\"https:\/\/livrariasolmar.pt\/wp-content\/uploads\/2025\/11\/1540-1-23-3.jpg\",\"contentUrl\":\"https:\/\/livrariasolmar.pt\/wp-content\/uploads\/2025\/11\/1540-1-23-3.jpg\",\"width\":340,\"height\":340},{\"@type\":\"WebPage\",\"@id\":\"https:\/\/livrariasolmar.pt\/produto\/mais-de-50-coisas-que-nao-deve-fazer-na-cozinha\/#webpage\",\"url\":\"https:\/\/livrariasolmar.pt\/produto\/mais-de-50-coisas-que-nao-deve-fazer-na-cozinha\/\",\"name\":\"Mais de 50 Coisas que N\\u00e3o Deve Fazer na Cozinha - Livraria Solmar - Livraria online\",\"isPartOf\":{\"@id\":\"https:\/\/livrariasolmar.pt\/#website\"},\"primaryImageOfPage\":{\"@id\":\"https:\/\/livrariasolmar.pt\/produto\/mais-de-50-coisas-que-nao-deve-fazer-na-cozinha\/#primaryimage\"},\"datePublished\":\"2025-11-16T15:32:45+00:00\",\"dateModified\":\"2025-12-13T14:13:19+00:00\",\"breadcrumb\":{\"@id\":\"https:\/\/livrariasolmar.pt\/produto\/mais-de-50-coisas-que-nao-deve-fazer-na-cozinha\/#breadcrumb\"},\"inLanguage\":\"en-US\",\"potentialAction\":[{\"@type\":\"ReadAction\",\"target\":[\"https:\/\/livrariasolmar.pt\/produto\/mais-de-50-coisas-que-nao-deve-fazer-na-cozinha\/\"]}]},{\"@type\":\"BreadcrumbList\",\"@id\":\"https:\/\/livrariasolmar.pt\/produto\/mais-de-50-coisas-que-nao-deve-fazer-na-cozinha\/#breadcrumb\",\"itemListElement\":[{\"@type\":\"ListItem\",\"position\":1,\"name\":\"In\\u00edcio\",\"item\":\"https:\/\/livrariasolmar.pt\/en\/\"},{\"@type\":\"ListItem\",\"position\":2,\"name\":\"Shop\",\"item\":\"https:\/\/livrariasolmar.pt\/en\/shop\/\"},{\"@type\":\"ListItem\",\"position\":3,\"name\":\"Mais de 50 Coisas que N\\u00e3o Deve Fazer na Cozinha\"}]}]}<\/script>\n<!-- \/ Yoast SEO plugin. -->","_links":{"self":[{"href":"https:\/\/livrariasolmar.pt\/en\/wp-json\/wp\/v2\/product\/11303"}],"collection":[{"href":"https:\/\/livrariasolmar.pt\/en\/wp-json\/wp\/v2\/product"}],"about":[{"href":"https:\/\/livrariasolmar.pt\/en\/wp-json\/wp\/v2\/types\/product"}],"author":[{"embeddable":true,"href":"https:\/\/livrariasolmar.pt\/en\/wp-json\/wp\/v2\/users\/2"}],"wp:featuredmedia":[{"embeddable":true,"href":"https:\/\/livrariasolmar.pt\/en\/wp-json\/wp\/v2\/media\/11304"}],"wp:attachment":[{"href":"https:\/\/livrariasolmar.pt\/en\/wp-json\/wp\/v2\/media?parent=11303"}],"wp:term":[{"taxonomy":"product_cat","embeddable":true,"href":"https:\/\/livrariasolmar.pt\/en\/wp-json\/wp\/v2\/product_cat?post=11303"},{"taxonomy":"product_tag","embeddable":true,"href":"https:\/\/livrariasolmar.pt\/en\/wp-json\/wp\/v2\/product_tag?post=11303"},{"taxonomy":"cat_produtos","embeddable":true,"href":"https:\/\/livrariasolmar.pt\/en\/wp-json\/wp\/v2\/cat_produtos?post=11303"}],"curies":[{"name":"wp","href":"https:\/\/api.w.org\/{rel}","templated":true}]}}