{"id":11306,"date":"2025-11-16T16:07:20","date_gmt":"2025-11-16T16:07:20","guid":{"rendered":"https:\/\/livrariasolmar.pt\/?post_type=product&#038;p=11306"},"modified":"2025-12-13T14:13:35","modified_gmt":"2025-12-13T14:13:35","slug":"album-de-receitas","status":"publish","type":"product","link":"https:\/\/livrariasolmar.pt\/en\/produto\/album-de-receitas\/","title":{"rendered":"\u00c1lbum de Receitas"},"content":{"rendered":"","protected":false},"excerpt":{"rendered":"<p>Olho para tr\u00e1s e percebo como a comida tem sido poesia na minha vida. Desde que me lembro que tem um papel important\u00edssimo na pessoa que sou. A comida est\u00e1 em quase todas as mem\u00f3rias boas que trago na alma. \u00c9 a cola de uma fam\u00edlia que n\u00e3o vive sem se encontrar \u00e0 mesa e dos amigos que t\u00eam nela mais uma \u00f3tima desculpa para se encontrar, \u00e9 o alento num dia menos bom, a celebra\u00e7\u00e3o de momentos especiais, o amor e cuidado que tenho com os meus filhos, o roteiro nas f\u00e9rias\u2026 enfim, est\u00e1 sempre presente na minha hist\u00f3ria.<\/p>\n<p>Por isso, mais do que um livro decidi fazer um \u00e1lbum, com 113 receitas testadas e aprovadas, que s\u00e3o cromos repetidos em minha casa e que fazem parte de mim e dos meus. E algumas tamb\u00e9m j\u00e1 fazem parte de voc\u00eas que eu sei! Porque a comida tem esta capacidade de unir as pessoas num amor comum.<\/p>\n<p>E n\u00e3o se enganem. Aqui n\u00e3o h\u00e1 s\u00f3 receitas tradicionais, ou complicadas, ou esquisitas. Nem seria um livro meu, se assim fosse. Nada disso. A maioria \u00e9 simples. Muitas s\u00e3o bastante simples at\u00e9. Porque a minha vida \u00e9 igual \u00e0 vossa. Se ao fim de semana h\u00e1 tempo para dedicar mais tempo \u00e0 cozinha, durante a semana a coisa tem de ser mais corrida. Mas o sabor, esse, n\u00e3o pode faltar!<\/p>\n<p>Portanto, aqui encontram receitas para todos os gostos e ocasi\u00f5es, que fui reunindo nos \u00faltimos anos nos meus cadernos de apontamentos. Espero que gostem de viajar por este meu \u00c1lbum de Receitas e que fa\u00e7am dele vosso.<br \/>\nE que a comida continue a ser o nosso lugar feliz.<\/p>\n","protected":false},"author":2,"featured_media":11307,"template":"","meta":[],"product_cat":[281],"product_tag":[],"cat_produtos":[1882],"yoast_head":"<!-- This site is optimized with the Yoast SEO plugin v16.6 - https:\/\/yoast.com\/wordpress\/plugins\/seo\/ -->\n<title>\u00c1lbum de Receitas - Livraria Solmar - Livraria online<\/title>\n<meta name=\"robots\" content=\"index, follow, max-snippet:-1, max-image-preview:large, max-video-preview:-1\" \/>\n<link rel=\"canonical\" href=\"https:\/\/livrariasolmar.pt\/en\/produto\/album-de-receitas\/\" \/>\n<meta property=\"og:locale\" content=\"en_US\" \/>\n<meta property=\"og:type\" content=\"article\" \/>\n<meta property=\"og:title\" content=\"\u00c1lbum de Receitas - Livraria Solmar - Livraria online\" \/>\n<meta property=\"og:description\" content=\"Olho para tr\u00e1s e percebo como a comida tem sido poesia na minha vida. Desde que me lembro que tem um papel important\u00edssimo na pessoa que sou. A comida est\u00e1 em quase todas as mem\u00f3rias boas que trago na alma. \u00c9 a cola de uma fam\u00edlia que n\u00e3o vive sem se encontrar \u00e0 mesa e dos amigos que t\u00eam nela mais uma \u00f3tima desculpa para se encontrar, \u00e9 o alento num dia menos bom, a celebra\u00e7\u00e3o de momentos especiais, o amor e cuidado que tenho com os meus filhos, o roteiro nas f\u00e9rias\u2026 enfim, est\u00e1 sempre presente na minha hist\u00f3ria.  Por isso, mais do que um livro decidi fazer um \u00e1lbum, com 113 receitas testadas e aprovadas, que s\u00e3o cromos repetidos em minha casa e que fazem parte de mim e dos meus. E algumas tamb\u00e9m j\u00e1 fazem parte de voc\u00eas que eu sei! Porque a comida tem esta capacidade de unir as pessoas num amor comum.  E n\u00e3o se enganem. Aqui n\u00e3o h\u00e1 s\u00f3 receitas tradicionais, ou complicadas, ou esquisitas. Nem seria um livro meu, se assim fosse. Nada disso. A maioria \u00e9 simples. Muitas s\u00e3o bastante simples at\u00e9. Porque a minha vida \u00e9 igual \u00e0 vossa. Se ao fim de semana h\u00e1 tempo para dedicar mais tempo \u00e0 cozinha, durante a semana a coisa tem de ser mais corrida. Mas o sabor, esse, n\u00e3o pode faltar!  Portanto, aqui encontram receitas para todos os gostos e ocasi\u00f5es, que fui reunindo nos \u00faltimos anos nos meus cadernos de apontamentos. Espero que gostem de viajar por este meu \u00c1lbum de Receitas e que fa\u00e7am dele vosso. E que a comida continue a ser o nosso lugar feliz.\" \/>\n<meta property=\"og:url\" content=\"https:\/\/livrariasolmar.pt\/produto\/album-de-receitas\/\" \/>\n<meta property=\"og:site_name\" content=\"Livraria Solmar - Livraria online\" \/>\n<meta property=\"article:modified_time\" content=\"2025-12-13T14:13:35+00:00\" \/>\n<meta property=\"og:image\" content=\"https:\/\/livrariasolmar.pt\/wp-content\/uploads\/2025\/11\/1540-1-24-3.jpg\" \/>\n\t<meta property=\"og:image:width\" content=\"340\" \/>\n\t<meta property=\"og:image:height\" content=\"340\" \/>\n<meta name=\"twitter:card\" content=\"summary_large_image\" \/>\n<script type=\"application\/ld+json\" class=\"yoast-schema-graph\">{\"@context\":\"https:\/\/schema.org\",\"@graph\":[{\"@type\":\"WebSite\",\"@id\":\"https:\/\/livrariasolmar.pt\/#website\",\"url\":\"https:\/\/livrariasolmar.pt\/\",\"name\":\"Livraria Solmar - Livraria online\",\"description\":\"Com\\u00e9rcio Livros E Objetos De Arte, Lda - Ponta Delgada, A\\u00e7ores\",\"potentialAction\":[{\"@type\":\"SearchAction\",\"target\":{\"@type\":\"EntryPoint\",\"urlTemplate\":\"https:\/\/livrariasolmar.pt\/?s={search_term_string}\"},\"query-input\":\"required name=search_term_string\"}],\"inLanguage\":\"en-US\"},{\"@type\":\"ImageObject\",\"@id\":\"https:\/\/livrariasolmar.pt\/produto\/album-de-receitas\/#primaryimage\",\"inLanguage\":\"en-US\",\"url\":\"https:\/\/livrariasolmar.pt\/wp-content\/uploads\/2025\/11\/1540-1-24-3.jpg\",\"contentUrl\":\"https:\/\/livrariasolmar.pt\/wp-content\/uploads\/2025\/11\/1540-1-24-3.jpg\",\"width\":340,\"height\":340},{\"@type\":\"WebPage\",\"@id\":\"https:\/\/livrariasolmar.pt\/produto\/album-de-receitas\/#webpage\",\"url\":\"https:\/\/livrariasolmar.pt\/produto\/album-de-receitas\/\",\"name\":\"\\u00c1lbum de Receitas - Livraria Solmar - Livraria online\",\"isPartOf\":{\"@id\":\"https:\/\/livrariasolmar.pt\/#website\"},\"primaryImageOfPage\":{\"@id\":\"https:\/\/livrariasolmar.pt\/produto\/album-de-receitas\/#primaryimage\"},\"datePublished\":\"2025-11-16T16:07:20+00:00\",\"dateModified\":\"2025-12-13T14:13:35+00:00\",\"breadcrumb\":{\"@id\":\"https:\/\/livrariasolmar.pt\/produto\/album-de-receitas\/#breadcrumb\"},\"inLanguage\":\"en-US\",\"potentialAction\":[{\"@type\":\"ReadAction\",\"target\":[\"https:\/\/livrariasolmar.pt\/produto\/album-de-receitas\/\"]}]},{\"@type\":\"BreadcrumbList\",\"@id\":\"https:\/\/livrariasolmar.pt\/produto\/album-de-receitas\/#breadcrumb\",\"itemListElement\":[{\"@type\":\"ListItem\",\"position\":1,\"name\":\"In\\u00edcio\",\"item\":\"https:\/\/livrariasolmar.pt\/en\/\"},{\"@type\":\"ListItem\",\"position\":2,\"name\":\"Shop\",\"item\":\"https:\/\/livrariasolmar.pt\/en\/shop\/\"},{\"@type\":\"ListItem\",\"position\":3,\"name\":\"\\u00c1lbum de Receitas\"}]}]}<\/script>\n<!-- \/ Yoast SEO plugin. -->","_links":{"self":[{"href":"https:\/\/livrariasolmar.pt\/en\/wp-json\/wp\/v2\/product\/11306"}],"collection":[{"href":"https:\/\/livrariasolmar.pt\/en\/wp-json\/wp\/v2\/product"}],"about":[{"href":"https:\/\/livrariasolmar.pt\/en\/wp-json\/wp\/v2\/types\/product"}],"author":[{"embeddable":true,"href":"https:\/\/livrariasolmar.pt\/en\/wp-json\/wp\/v2\/users\/2"}],"wp:featuredmedia":[{"embeddable":true,"href":"https:\/\/livrariasolmar.pt\/en\/wp-json\/wp\/v2\/media\/11307"}],"wp:attachment":[{"href":"https:\/\/livrariasolmar.pt\/en\/wp-json\/wp\/v2\/media?parent=11306"}],"wp:term":[{"taxonomy":"product_cat","embeddable":true,"href":"https:\/\/livrariasolmar.pt\/en\/wp-json\/wp\/v2\/product_cat?post=11306"},{"taxonomy":"product_tag","embeddable":true,"href":"https:\/\/livrariasolmar.pt\/en\/wp-json\/wp\/v2\/product_tag?post=11306"},{"taxonomy":"cat_produtos","embeddable":true,"href":"https:\/\/livrariasolmar.pt\/en\/wp-json\/wp\/v2\/cat_produtos?post=11306"}],"curies":[{"name":"wp","href":"https:\/\/api.w.org\/{rel}","templated":true}]}}