{"id":11315,"date":"2025-11-18T19:25:13","date_gmt":"2025-11-18T19:25:13","guid":{"rendered":"https:\/\/livrariasolmar.pt\/?post_type=product&#038;p=11315"},"modified":"2025-11-25T18:13:29","modified_gmt":"2025-11-25T18:13:29","slug":"um-amor-que-nao-se-diz","status":"publish","type":"product","link":"https:\/\/livrariasolmar.pt\/en\/produto\/um-amor-que-nao-se-diz\/","title":{"rendered":"Um Amor que N\u00e3o Se Diz"},"content":{"rendered":"","protected":false},"excerpt":{"rendered":"<p>Como o t\u00edtulo indica, este novo livro de Daniel Sampaio, combinando fic\u00e7\u00e3o e ensaio, trata da vida privada de Lu\u00eds e de Guilherme, unidos, \u00abna alegria e na tristeza, na sa\u00fade e na doen\u00e7a, na riqueza e na pobreza\u00bb, por um amor que n\u00e3o se diz. Cada um \u00e0 sua maneira, descobrem-se homossexuais e vivem plenamente uma forte paix\u00e3o, primeiro escondidos de todos, depois em cumplicidade com os mais pr\u00f3ximos, aspirando sempre a uma vida \u00abnormal\u00bb vivida a dois.<\/p>\n<p>J\u00e1 no seu livro anterior &#8211;\u00a0<i>Para T\u00e3o Curtos Amores T\u00e3o Longa Vida<\/i>\u00a0&#8211; Daniel Sampaio explora as grandezas e mis\u00e9rias de um casamento h\u00e9tero longo de 50 anos. E num casamento homo? Que se passa l\u00e1 dentro? H\u00e1 alguma coisa que distinga estes dois casamentos? O qu\u00ea?<\/p>\n<p><i>Um Amor Que N\u00e3o Se Diz<\/i>\u00a0\u00e9 uma incurs\u00e3o l\u00facida e muito corajosa nesse universo da homossexualidade que, apesar dos avan\u00e7os recentes em direitos e respeito pela diferen\u00e7a, continua ainda muito longe das leg\u00edtimas aspira\u00e7\u00f5es que nos animam.<\/p>\n<p>Mais do que um livro, este \u00e9 um manifesto pela liberdade de amar.<\/p>\n","protected":false},"author":2,"featured_media":11316,"template":"","meta":[],"product_cat":[168,153],"product_tag":[],"cat_produtos":[1884],"yoast_head":"<!-- This site is optimized with the Yoast SEO plugin v16.6 - https:\/\/yoast.com\/wordpress\/plugins\/seo\/ -->\n<title>Um Amor que N\u00e3o Se Diz - Livraria Solmar - Livraria online<\/title>\n<meta name=\"robots\" content=\"index, follow, max-snippet:-1, max-image-preview:large, max-video-preview:-1\" \/>\n<link rel=\"canonical\" href=\"https:\/\/livrariasolmar.pt\/en\/produto\/um-amor-que-nao-se-diz\/\" \/>\n<meta property=\"og:locale\" content=\"en_US\" \/>\n<meta property=\"og:type\" content=\"article\" \/>\n<meta property=\"og:title\" content=\"Um Amor que N\u00e3o Se Diz - Livraria Solmar - Livraria online\" \/>\n<meta property=\"og:description\" content=\"Como o t\u00edtulo indica, este novo livro de Daniel Sampaio, combinando fic\u00e7\u00e3o e ensaio, trata da vida privada de Lu\u00eds e de Guilherme, unidos, \u00abna alegria e na tristeza, na sa\u00fade e na doen\u00e7a, na riqueza e na pobreza\u00bb, por um amor que n\u00e3o se diz. Cada um \u00e0 sua maneira, descobrem-se homossexuais e vivem plenamente uma forte paix\u00e3o, primeiro escondidos de todos, depois em cumplicidade com os mais pr\u00f3ximos, aspirando sempre a uma vida \u00abnormal\u00bb vivida a dois.  J\u00e1 no seu livro anterior -\u00a0Para T\u00e3o Curtos Amores T\u00e3o Longa Vida\u00a0- Daniel Sampaio explora as grandezas e mis\u00e9rias de um casamento h\u00e9tero longo de 50 anos. E num casamento homo? Que se passa l\u00e1 dentro? H\u00e1 alguma coisa que distinga estes dois casamentos? O qu\u00ea?  Um Amor Que N\u00e3o Se Diz\u00a0\u00e9 uma incurs\u00e3o l\u00facida e muito corajosa nesse universo da homossexualidade que, apesar dos avan\u00e7os recentes em direitos e respeito pela diferen\u00e7a, continua ainda muito longe das leg\u00edtimas aspira\u00e7\u00f5es que nos animam.  Mais do que um livro, este \u00e9 um manifesto pela liberdade de amar.\" \/>\n<meta property=\"og:url\" content=\"https:\/\/livrariasolmar.pt\/produto\/um-amor-que-nao-se-diz\/\" \/>\n<meta property=\"og:site_name\" content=\"Livraria Solmar - Livraria online\" \/>\n<meta property=\"article:modified_time\" content=\"2025-11-25T18:13:29+00:00\" \/>\n<meta property=\"og:image\" content=\"https:\/\/livrariasolmar.pt\/wp-content\/uploads\/2025\/11\/1540-1-22-4.jpg\" \/>\n\t<meta property=\"og:image:width\" content=\"340\" \/>\n\t<meta property=\"og:image:height\" content=\"340\" \/>\n<meta name=\"twitter:card\" content=\"summary_large_image\" \/>\n<script type=\"application\/ld+json\" class=\"yoast-schema-graph\">{\"@context\":\"https:\/\/schema.org\",\"@graph\":[{\"@type\":\"WebSite\",\"@id\":\"https:\/\/livrariasolmar.pt\/#website\",\"url\":\"https:\/\/livrariasolmar.pt\/\",\"name\":\"Livraria Solmar - Livraria online\",\"description\":\"Com\\u00e9rcio Livros E Objetos De Arte, Lda - Ponta Delgada, A\\u00e7ores\",\"potentialAction\":[{\"@type\":\"SearchAction\",\"target\":{\"@type\":\"EntryPoint\",\"urlTemplate\":\"https:\/\/livrariasolmar.pt\/?s={search_term_string}\"},\"query-input\":\"required name=search_term_string\"}],\"inLanguage\":\"en-US\"},{\"@type\":\"ImageObject\",\"@id\":\"https:\/\/livrariasolmar.pt\/produto\/um-amor-que-nao-se-diz\/#primaryimage\",\"inLanguage\":\"en-US\",\"url\":\"https:\/\/livrariasolmar.pt\/wp-content\/uploads\/2025\/11\/1540-1-22-4.jpg\",\"contentUrl\":\"https:\/\/livrariasolmar.pt\/wp-content\/uploads\/2025\/11\/1540-1-22-4.jpg\",\"width\":340,\"height\":340},{\"@type\":\"WebPage\",\"@id\":\"https:\/\/livrariasolmar.pt\/produto\/um-amor-que-nao-se-diz\/#webpage\",\"url\":\"https:\/\/livrariasolmar.pt\/produto\/um-amor-que-nao-se-diz\/\",\"name\":\"Um Amor que N\\u00e3o Se Diz - Livraria Solmar - Livraria online\",\"isPartOf\":{\"@id\":\"https:\/\/livrariasolmar.pt\/#website\"},\"primaryImageOfPage\":{\"@id\":\"https:\/\/livrariasolmar.pt\/produto\/um-amor-que-nao-se-diz\/#primaryimage\"},\"datePublished\":\"2025-11-18T19:25:13+00:00\",\"dateModified\":\"2025-11-25T18:13:29+00:00\",\"breadcrumb\":{\"@id\":\"https:\/\/livrariasolmar.pt\/produto\/um-amor-que-nao-se-diz\/#breadcrumb\"},\"inLanguage\":\"en-US\",\"potentialAction\":[{\"@type\":\"ReadAction\",\"target\":[\"https:\/\/livrariasolmar.pt\/produto\/um-amor-que-nao-se-diz\/\"]}]},{\"@type\":\"BreadcrumbList\",\"@id\":\"https:\/\/livrariasolmar.pt\/produto\/um-amor-que-nao-se-diz\/#breadcrumb\",\"itemListElement\":[{\"@type\":\"ListItem\",\"position\":1,\"name\":\"In\\u00edcio\",\"item\":\"https:\/\/livrariasolmar.pt\/en\/\"},{\"@type\":\"ListItem\",\"position\":2,\"name\":\"Shop\",\"item\":\"https:\/\/livrariasolmar.pt\/en\/shop\/\"},{\"@type\":\"ListItem\",\"position\":3,\"name\":\"Um Amor que N\\u00e3o Se Diz\"}]}]}<\/script>\n<!-- \/ Yoast SEO plugin. -->","_links":{"self":[{"href":"https:\/\/livrariasolmar.pt\/en\/wp-json\/wp\/v2\/product\/11315"}],"collection":[{"href":"https:\/\/livrariasolmar.pt\/en\/wp-json\/wp\/v2\/product"}],"about":[{"href":"https:\/\/livrariasolmar.pt\/en\/wp-json\/wp\/v2\/types\/product"}],"author":[{"embeddable":true,"href":"https:\/\/livrariasolmar.pt\/en\/wp-json\/wp\/v2\/users\/2"}],"wp:featuredmedia":[{"embeddable":true,"href":"https:\/\/livrariasolmar.pt\/en\/wp-json\/wp\/v2\/media\/11316"}],"wp:attachment":[{"href":"https:\/\/livrariasolmar.pt\/en\/wp-json\/wp\/v2\/media?parent=11315"}],"wp:term":[{"taxonomy":"product_cat","embeddable":true,"href":"https:\/\/livrariasolmar.pt\/en\/wp-json\/wp\/v2\/product_cat?post=11315"},{"taxonomy":"product_tag","embeddable":true,"href":"https:\/\/livrariasolmar.pt\/en\/wp-json\/wp\/v2\/product_tag?post=11315"},{"taxonomy":"cat_produtos","embeddable":true,"href":"https:\/\/livrariasolmar.pt\/en\/wp-json\/wp\/v2\/cat_produtos?post=11315"}],"curies":[{"name":"wp","href":"https:\/\/api.w.org\/{rel}","templated":true}]}}