{"id":11318,"date":"2025-11-18T19:32:10","date_gmt":"2025-11-18T19:32:10","guid":{"rendered":"https:\/\/livrariasolmar.pt\/?post_type=product&#038;p=11318"},"modified":"2026-01-25T16:22:17","modified_gmt":"2026-01-25T16:22:17","slug":"o-enigma-de-israel-uma-historia-do-estado-judaico","status":"publish","type":"product","link":"https:\/\/livrariasolmar.pt\/en\/produto\/o-enigma-de-israel-uma-historia-do-estado-judaico\/","title":{"rendered":"O Enigma de Israel &#8211; Uma Hist\u00f3ria do Estado Judaico"},"content":{"rendered":"","protected":false},"excerpt":{"rendered":"<div>\u00abEste livro \u00e9 uma tentativa de explicar aos leitores portugueses o enigma de Israel para al\u00e9m da urg\u00eancia dos t\u00edtulos noticiosos. A ideia nasceu na sequ\u00eancia dos terr\u00edveis acontecimentos de 7 de outubro de 2023, e por isso tamb\u00e9m quis que fosse publicado exatamente dois anos depois \u2013 para sublinhar a import\u00e2ncia dessa data na hist\u00f3ria de Israel e no eterno conflito com o mundo \u00e1rabe.<\/div>\n<div>Como \u00e9 poss\u00edvel que, apesar de ocupar milhares de manchetes nos meios de comunica\u00e7\u00e3o em todo o mundo, Israel continue a ser t\u00e3o desconhecido? Ser\u00e1 ignor\u00e2ncia? M\u00e1-f\u00e9? Prefiro acreditar que \u00e9 a complexidade \u2013 as verdades absolutas s\u00e3o absolutamente fr\u00e1geis.<\/div>\n<div>Para compreender o presente, \u00e9 preciso conhecer o passado. Por isso, quis que este livro h\u00edbrido \u2013abarca rela\u00e7\u00f5es internacionais, pol\u00edtica, atualidade \u2013 inclu\u00edsse uma forte componente hist\u00f3rica \u2013 n\u00e3o apenas sobre Israel, mas tamb\u00e9m sobre o povo judeu.\u00bb<\/div>\n","protected":false},"author":2,"featured_media":11319,"template":"","meta":[],"product_cat":[366],"product_tag":[],"cat_produtos":[1885],"yoast_head":"<!-- This site is optimized with the Yoast SEO plugin v16.6 - https:\/\/yoast.com\/wordpress\/plugins\/seo\/ -->\n<title>O Enigma de Israel - Uma Hist\u00f3ria do Estado Judaico - Livraria Solmar - Livraria online<\/title>\n<meta name=\"robots\" content=\"index, follow, max-snippet:-1, max-image-preview:large, max-video-preview:-1\" \/>\n<link rel=\"canonical\" href=\"https:\/\/livrariasolmar.pt\/en\/produto\/o-enigma-de-israel-uma-historia-do-estado-judaico\/\" \/>\n<meta property=\"og:locale\" content=\"en_US\" \/>\n<meta property=\"og:type\" content=\"article\" \/>\n<meta property=\"og:title\" content=\"O Enigma de Israel - Uma Hist\u00f3ria do Estado Judaico - Livraria Solmar - Livraria online\" \/>\n<meta property=\"og:description\" content=\"\u00abEste livro \u00e9 uma tentativa de explicar aos leitores portugueses o enigma de Israel para al\u00e9m da urg\u00eancia dos t\u00edtulos noticiosos. A ideia nasceu na sequ\u00eancia dos terr\u00edveis acontecimentos de 7 de outubro de 2023, e por isso tamb\u00e9m quis que fosse publicado exatamente dois anos depois \u2013 para sublinhar a import\u00e2ncia dessa data na hist\u00f3ria de Israel e no eterno conflito com o mundo \u00e1rabe. Como \u00e9 poss\u00edvel que, apesar de ocupar milhares de manchetes nos meios de comunica\u00e7\u00e3o em todo o mundo, Israel continue a ser t\u00e3o desconhecido? Ser\u00e1 ignor\u00e2ncia? M\u00e1-f\u00e9? Prefiro acreditar que \u00e9 a complexidade \u2013 as verdades absolutas s\u00e3o absolutamente fr\u00e1geis. Para compreender o presente, \u00e9 preciso conhecer o passado. Por isso, quis que este livro h\u00edbrido \u2013abarca rela\u00e7\u00f5es internacionais, pol\u00edtica, atualidade \u2013 inclu\u00edsse uma forte componente hist\u00f3rica \u2013 n\u00e3o apenas sobre Israel, mas tamb\u00e9m sobre o povo judeu.\u00bb\" \/>\n<meta property=\"og:url\" content=\"https:\/\/livrariasolmar.pt\/produto\/o-enigma-de-israel-uma-historia-do-estado-judaico\/\" \/>\n<meta property=\"og:site_name\" content=\"Livraria Solmar - Livraria online\" \/>\n<meta property=\"article:modified_time\" content=\"2026-01-25T16:22:17+00:00\" \/>\n<meta property=\"og:image\" content=\"https:\/\/livrariasolmar.pt\/wp-content\/uploads\/2025\/11\/500_9789722086592_o_enigma_de_israel.jpg\" \/>\n\t<meta property=\"og:image:width\" content=\"335\" \/>\n\t<meta property=\"og:image:height\" content=\"500\" \/>\n<meta name=\"twitter:card\" content=\"summary_large_image\" \/>\n<script type=\"application\/ld+json\" class=\"yoast-schema-graph\">{\"@context\":\"https:\/\/schema.org\",\"@graph\":[{\"@type\":\"WebSite\",\"@id\":\"https:\/\/livrariasolmar.pt\/#website\",\"url\":\"https:\/\/livrariasolmar.pt\/\",\"name\":\"Livraria Solmar - Livraria online\",\"description\":\"Com\\u00e9rcio Livros E Objetos De Arte, Lda - Ponta Delgada, A\\u00e7ores\",\"potentialAction\":[{\"@type\":\"SearchAction\",\"target\":{\"@type\":\"EntryPoint\",\"urlTemplate\":\"https:\/\/livrariasolmar.pt\/?s={search_term_string}\"},\"query-input\":\"required name=search_term_string\"}],\"inLanguage\":\"en-US\"},{\"@type\":\"ImageObject\",\"@id\":\"https:\/\/livrariasolmar.pt\/produto\/o-enigma-de-israel-uma-historia-do-estado-judaico\/#primaryimage\",\"inLanguage\":\"en-US\",\"url\":\"https:\/\/livrariasolmar.pt\/wp-content\/uploads\/2025\/11\/500_9789722086592_o_enigma_de_israel.jpg\",\"contentUrl\":\"https:\/\/livrariasolmar.pt\/wp-content\/uploads\/2025\/11\/500_9789722086592_o_enigma_de_israel.jpg\",\"width\":335,\"height\":500},{\"@type\":\"WebPage\",\"@id\":\"https:\/\/livrariasolmar.pt\/produto\/o-enigma-de-israel-uma-historia-do-estado-judaico\/#webpage\",\"url\":\"https:\/\/livrariasolmar.pt\/produto\/o-enigma-de-israel-uma-historia-do-estado-judaico\/\",\"name\":\"O Enigma de Israel - Uma Hist\\u00f3ria do Estado Judaico - Livraria Solmar - Livraria online\",\"isPartOf\":{\"@id\":\"https:\/\/livrariasolmar.pt\/#website\"},\"primaryImageOfPage\":{\"@id\":\"https:\/\/livrariasolmar.pt\/produto\/o-enigma-de-israel-uma-historia-do-estado-judaico\/#primaryimage\"},\"datePublished\":\"2025-11-18T19:32:10+00:00\",\"dateModified\":\"2026-01-25T16:22:17+00:00\",\"breadcrumb\":{\"@id\":\"https:\/\/livrariasolmar.pt\/produto\/o-enigma-de-israel-uma-historia-do-estado-judaico\/#breadcrumb\"},\"inLanguage\":\"en-US\",\"potentialAction\":[{\"@type\":\"ReadAction\",\"target\":[\"https:\/\/livrariasolmar.pt\/produto\/o-enigma-de-israel-uma-historia-do-estado-judaico\/\"]}]},{\"@type\":\"BreadcrumbList\",\"@id\":\"https:\/\/livrariasolmar.pt\/produto\/o-enigma-de-israel-uma-historia-do-estado-judaico\/#breadcrumb\",\"itemListElement\":[{\"@type\":\"ListItem\",\"position\":1,\"name\":\"In\\u00edcio\",\"item\":\"https:\/\/livrariasolmar.pt\/en\/\"},{\"@type\":\"ListItem\",\"position\":2,\"name\":\"Shop\",\"item\":\"https:\/\/livrariasolmar.pt\/en\/shop\/\"},{\"@type\":\"ListItem\",\"position\":3,\"name\":\"O Enigma de Israel &#8211; Uma Hist\\u00f3ria do Estado Judaico\"}]}]}<\/script>\n<!-- \/ Yoast SEO plugin. -->","_links":{"self":[{"href":"https:\/\/livrariasolmar.pt\/en\/wp-json\/wp\/v2\/product\/11318"}],"collection":[{"href":"https:\/\/livrariasolmar.pt\/en\/wp-json\/wp\/v2\/product"}],"about":[{"href":"https:\/\/livrariasolmar.pt\/en\/wp-json\/wp\/v2\/types\/product"}],"author":[{"embeddable":true,"href":"https:\/\/livrariasolmar.pt\/en\/wp-json\/wp\/v2\/users\/2"}],"wp:featuredmedia":[{"embeddable":true,"href":"https:\/\/livrariasolmar.pt\/en\/wp-json\/wp\/v2\/media\/11319"}],"wp:attachment":[{"href":"https:\/\/livrariasolmar.pt\/en\/wp-json\/wp\/v2\/media?parent=11318"}],"wp:term":[{"taxonomy":"product_cat","embeddable":true,"href":"https:\/\/livrariasolmar.pt\/en\/wp-json\/wp\/v2\/product_cat?post=11318"},{"taxonomy":"product_tag","embeddable":true,"href":"https:\/\/livrariasolmar.pt\/en\/wp-json\/wp\/v2\/product_tag?post=11318"},{"taxonomy":"cat_produtos","embeddable":true,"href":"https:\/\/livrariasolmar.pt\/en\/wp-json\/wp\/v2\/cat_produtos?post=11318"}],"curies":[{"name":"wp","href":"https:\/\/api.w.org\/{rel}","templated":true}]}}