{"id":11321,"date":"2025-11-18T19:46:36","date_gmt":"2025-11-18T19:46:36","guid":{"rendered":"https:\/\/livrariasolmar.pt\/?post_type=product&#038;p=11321"},"modified":"2026-01-30T18:44:51","modified_gmt":"2026-01-30T18:44:51","slug":"o-circulo-dos-dias","status":"publish","type":"product","link":"https:\/\/livrariasolmar.pt\/en\/produto\/o-circulo-dos-dias\/","title":{"rendered":"O C\u00edrculo dos Dias"},"content":{"rendered":"","protected":false},"excerpt":{"rendered":"<p>Seft \u00e9 um mineiro experiente, que atravessa a \u00e1rida Grande Plan\u00edcie, sob o calor escaldante do ver\u00e3o, para assistir aos rituais que marcam o in\u00edcio de um novo ano e, acima de tudo, encontrar Neen, a jovem por quem se apaixonou.<\/p>\n<p>Joia, irm\u00e3 de Neen, \u00e9 uma sacerdotisa dotada de extraordin\u00e1rios dons. Desde crian\u00e7a, sonha com a constru\u00e7\u00e3o de um milagroso c\u00edrculo de pedras durante a cerim\u00f3nia do Solst\u00edcio de Ver\u00e3o. A vis\u00e3o de Joia inspira Seft, que se compromete a realizar tamanho monumento grandioso.<\/p>\n<p>A Grande Plan\u00edcie enfrenta uma seca devastadora e a desconfian\u00e7a aumenta entre pastores, agricultores e habitantes das florestas. O que come\u00e7ou como uma vis\u00e3o inspiradora depressa se torna uma corrida contra o tempo e um conflito violento.<\/p>\n<p>Ken Follett, um dos autores mais lidos em todo o mundo, regressa com uma obra \u00e9pica e arrebatadora, e convida-nos a mergulhar num dos maiores mist\u00e9rios da Hist\u00f3ria: Stonehenge.<\/p>\n","protected":false},"author":2,"featured_media":11322,"template":"","meta":[],"product_cat":[153],"product_tag":[],"cat_produtos":[1886],"yoast_head":"<!-- This site is optimized with the Yoast SEO plugin v16.6 - https:\/\/yoast.com\/wordpress\/plugins\/seo\/ -->\n<title>O C\u00edrculo dos Dias - Livraria Solmar - Livraria online<\/title>\n<meta name=\"robots\" content=\"index, follow, max-snippet:-1, max-image-preview:large, max-video-preview:-1\" \/>\n<link rel=\"canonical\" href=\"https:\/\/livrariasolmar.pt\/en\/produto\/o-circulo-dos-dias\/\" \/>\n<meta property=\"og:locale\" content=\"en_US\" \/>\n<meta property=\"og:type\" content=\"article\" \/>\n<meta property=\"og:title\" content=\"O C\u00edrculo dos Dias - Livraria Solmar - Livraria online\" \/>\n<meta property=\"og:description\" content=\"Seft \u00e9 um mineiro experiente, que atravessa a \u00e1rida Grande Plan\u00edcie, sob o calor escaldante do ver\u00e3o, para assistir aos rituais que marcam o in\u00edcio de um novo ano e, acima de tudo, encontrar Neen, a jovem por quem se apaixonou.  Joia, irm\u00e3 de Neen, \u00e9 uma sacerdotisa dotada de extraordin\u00e1rios dons. Desde crian\u00e7a, sonha com a constru\u00e7\u00e3o de um milagroso c\u00edrculo de pedras durante a cerim\u00f3nia do Solst\u00edcio de Ver\u00e3o. A vis\u00e3o de Joia inspira Seft, que se compromete a realizar tamanho monumento grandioso.  A Grande Plan\u00edcie enfrenta uma seca devastadora e a desconfian\u00e7a aumenta entre pastores, agricultores e habitantes das florestas. O que come\u00e7ou como uma vis\u00e3o inspiradora depressa se torna uma corrida contra o tempo e um conflito violento.  Ken Follett, um dos autores mais lidos em todo o mundo, regressa com uma obra \u00e9pica e arrebatadora, e convida-nos a mergulhar num dos maiores mist\u00e9rios da Hist\u00f3ria: Stonehenge.\" \/>\n<meta property=\"og:url\" content=\"https:\/\/livrariasolmar.pt\/produto\/o-circulo-dos-dias\/\" \/>\n<meta property=\"og:site_name\" content=\"Livraria Solmar - Livraria online\" \/>\n<meta property=\"article:modified_time\" content=\"2026-01-30T18:44:51+00:00\" \/>\n<meta property=\"og:image\" content=\"https:\/\/livrariasolmar.pt\/wp-content\/uploads\/2025\/11\/1540-1-23-4.jpg\" \/>\n\t<meta property=\"og:image:width\" content=\"340\" \/>\n\t<meta property=\"og:image:height\" content=\"340\" \/>\n<meta name=\"twitter:card\" content=\"summary_large_image\" \/>\n<script type=\"application\/ld+json\" class=\"yoast-schema-graph\">{\"@context\":\"https:\/\/schema.org\",\"@graph\":[{\"@type\":\"WebSite\",\"@id\":\"https:\/\/livrariasolmar.pt\/#website\",\"url\":\"https:\/\/livrariasolmar.pt\/\",\"name\":\"Livraria Solmar - Livraria online\",\"description\":\"Com\\u00e9rcio Livros E Objetos De Arte, Lda - Ponta Delgada, A\\u00e7ores\",\"potentialAction\":[{\"@type\":\"SearchAction\",\"target\":{\"@type\":\"EntryPoint\",\"urlTemplate\":\"https:\/\/livrariasolmar.pt\/?s={search_term_string}\"},\"query-input\":\"required name=search_term_string\"}],\"inLanguage\":\"en-US\"},{\"@type\":\"ImageObject\",\"@id\":\"https:\/\/livrariasolmar.pt\/produto\/o-circulo-dos-dias\/#primaryimage\",\"inLanguage\":\"en-US\",\"url\":\"https:\/\/livrariasolmar.pt\/wp-content\/uploads\/2025\/11\/1540-1-23-4.jpg\",\"contentUrl\":\"https:\/\/livrariasolmar.pt\/wp-content\/uploads\/2025\/11\/1540-1-23-4.jpg\",\"width\":340,\"height\":340},{\"@type\":\"WebPage\",\"@id\":\"https:\/\/livrariasolmar.pt\/produto\/o-circulo-dos-dias\/#webpage\",\"url\":\"https:\/\/livrariasolmar.pt\/produto\/o-circulo-dos-dias\/\",\"name\":\"O C\\u00edrculo dos Dias - Livraria Solmar - Livraria online\",\"isPartOf\":{\"@id\":\"https:\/\/livrariasolmar.pt\/#website\"},\"primaryImageOfPage\":{\"@id\":\"https:\/\/livrariasolmar.pt\/produto\/o-circulo-dos-dias\/#primaryimage\"},\"datePublished\":\"2025-11-18T19:46:36+00:00\",\"dateModified\":\"2026-01-30T18:44:51+00:00\",\"breadcrumb\":{\"@id\":\"https:\/\/livrariasolmar.pt\/produto\/o-circulo-dos-dias\/#breadcrumb\"},\"inLanguage\":\"en-US\",\"potentialAction\":[{\"@type\":\"ReadAction\",\"target\":[\"https:\/\/livrariasolmar.pt\/produto\/o-circulo-dos-dias\/\"]}]},{\"@type\":\"BreadcrumbList\",\"@id\":\"https:\/\/livrariasolmar.pt\/produto\/o-circulo-dos-dias\/#breadcrumb\",\"itemListElement\":[{\"@type\":\"ListItem\",\"position\":1,\"name\":\"In\\u00edcio\",\"item\":\"https:\/\/livrariasolmar.pt\/en\/\"},{\"@type\":\"ListItem\",\"position\":2,\"name\":\"Shop\",\"item\":\"https:\/\/livrariasolmar.pt\/en\/shop\/\"},{\"@type\":\"ListItem\",\"position\":3,\"name\":\"O C\\u00edrculo dos Dias\"}]}]}<\/script>\n<!-- \/ Yoast SEO plugin. -->","_links":{"self":[{"href":"https:\/\/livrariasolmar.pt\/en\/wp-json\/wp\/v2\/product\/11321"}],"collection":[{"href":"https:\/\/livrariasolmar.pt\/en\/wp-json\/wp\/v2\/product"}],"about":[{"href":"https:\/\/livrariasolmar.pt\/en\/wp-json\/wp\/v2\/types\/product"}],"author":[{"embeddable":true,"href":"https:\/\/livrariasolmar.pt\/en\/wp-json\/wp\/v2\/users\/2"}],"wp:featuredmedia":[{"embeddable":true,"href":"https:\/\/livrariasolmar.pt\/en\/wp-json\/wp\/v2\/media\/11322"}],"wp:attachment":[{"href":"https:\/\/livrariasolmar.pt\/en\/wp-json\/wp\/v2\/media?parent=11321"}],"wp:term":[{"taxonomy":"product_cat","embeddable":true,"href":"https:\/\/livrariasolmar.pt\/en\/wp-json\/wp\/v2\/product_cat?post=11321"},{"taxonomy":"product_tag","embeddable":true,"href":"https:\/\/livrariasolmar.pt\/en\/wp-json\/wp\/v2\/product_tag?post=11321"},{"taxonomy":"cat_produtos","embeddable":true,"href":"https:\/\/livrariasolmar.pt\/en\/wp-json\/wp\/v2\/cat_produtos?post=11321"}],"curies":[{"name":"wp","href":"https:\/\/api.w.org\/{rel}","templated":true}]}}