{"id":11324,"date":"2025-11-18T19:54:46","date_gmt":"2025-11-18T19:54:46","guid":{"rendered":"https:\/\/livrariasolmar.pt\/?post_type=product&#038;p=11324"},"modified":"2025-12-03T18:51:01","modified_gmt":"2025-12-03T18:51:01","slug":"o-ultimo-avo","status":"publish","type":"product","link":"https:\/\/livrariasolmar.pt\/en\/produto\/o-ultimo-avo\/","title":{"rendered":"O \u00daltimo Av\u00f4"},"content":{"rendered":"","protected":false},"excerpt":{"rendered":"<p>Poderosamente inventivo<br \/>\nMagistralmente escrito<br \/>\nVerdadeiramente inesperado<\/p>\n<p>Quando Augusto Campelo, o mais genial escritor portugu\u00eas, queima o manuscrito no qual trabalhou durante anos, deixa para tr\u00e1s um mist\u00e9rio: seria o t\u00e3o esperado romance sobre a experi\u00eancia traum\u00e1tica da Guerra Colonial, de que tantas vezes falava, mas \u00e0 qual nunca dedicou um livro? Subsiste a d\u00favida: o escritor morre uma semana depois.<\/p>\n<p>Resta por isso ao neto \u2014 herdeiro do nome e da mem\u00f3ria familiar \u2014 a miss\u00e3o de descobrir a verdade e de compreender (ou n\u00e3o) o gesto do av\u00f4. Mas essa busca arrasta-o sem querer para um terreno bem mais doloroso, que se prende com a fuga e a morte prematura da m\u00e3e, cuja aus\u00eancia \u00e9 sublinhada h\u00e1 anos por um quarto trancado na casa do av\u00f4.<\/p>\n<p>Atravessando a intimidade de tr\u00eas gera\u00e7\u00f5es de uma fam\u00edlia marcada por perdas, conflitos e paix\u00f5es,\u00a0<i>O \u00daltimo Av\u00f4<\/i>\u00a0conta a hist\u00f3ria da rela\u00e7\u00e3o entre um escritor tir\u00e2nico e o seu \u00fanico neto, entre a heran\u00e7a liter\u00e1ria e a vida real.<\/p>\n<p>Depois de\u00a0<i>O Meu Irm\u00e3o<\/i>\u00a0(Pr\u00e9mio LeYa) e\u00a0<i>P\u00e3o de A\u00e7\u00facar<\/i>\u00a0(Pr\u00e9mio Liter\u00e1rio Jos\u00e9 Saramago), este regresso arrebatador de Afonso Reis Cabral confirma-o como uma das vozes maiores da literatura portuguesa contempor\u00e2nea.<\/p>\n","protected":false},"author":2,"featured_media":11325,"template":"","meta":[],"product_cat":[153,190],"product_tag":[],"cat_produtos":[1887],"yoast_head":"<!-- This site is optimized with the Yoast SEO plugin v16.6 - https:\/\/yoast.com\/wordpress\/plugins\/seo\/ -->\n<title>O \u00daltimo Av\u00f4 - Livraria Solmar - Livraria online<\/title>\n<meta name=\"robots\" content=\"index, follow, max-snippet:-1, max-image-preview:large, max-video-preview:-1\" \/>\n<link rel=\"canonical\" href=\"https:\/\/livrariasolmar.pt\/en\/produto\/o-ultimo-avo\/\" \/>\n<meta property=\"og:locale\" content=\"en_US\" \/>\n<meta property=\"og:type\" content=\"article\" \/>\n<meta property=\"og:title\" content=\"O \u00daltimo Av\u00f4 - Livraria Solmar - Livraria online\" \/>\n<meta property=\"og:description\" content=\"Poderosamente inventivo Magistralmente escrito Verdadeiramente inesperado  Quando Augusto Campelo, o mais genial escritor portugu\u00eas, queima o manuscrito no qual trabalhou durante anos, deixa para tr\u00e1s um mist\u00e9rio: seria o t\u00e3o esperado romance sobre a experi\u00eancia traum\u00e1tica da Guerra Colonial, de que tantas vezes falava, mas \u00e0 qual nunca dedicou um livro? Subsiste a d\u00favida: o escritor morre uma semana depois.  Resta por isso ao neto \u2014 herdeiro do nome e da mem\u00f3ria familiar \u2014 a miss\u00e3o de descobrir a verdade e de compreender (ou n\u00e3o) o gesto do av\u00f4. Mas essa busca arrasta-o sem querer para um terreno bem mais doloroso, que se prende com a fuga e a morte prematura da m\u00e3e, cuja aus\u00eancia \u00e9 sublinhada h\u00e1 anos por um quarto trancado na casa do av\u00f4.  Atravessando a intimidade de tr\u00eas gera\u00e7\u00f5es de uma fam\u00edlia marcada por perdas, conflitos e paix\u00f5es,\u00a0O \u00daltimo Av\u00f4\u00a0conta a hist\u00f3ria da rela\u00e7\u00e3o entre um escritor tir\u00e2nico e o seu \u00fanico neto, entre a heran\u00e7a liter\u00e1ria e a vida real.  Depois de\u00a0O Meu Irm\u00e3o\u00a0(Pr\u00e9mio LeYa) e\u00a0P\u00e3o de A\u00e7\u00facar\u00a0(Pr\u00e9mio Liter\u00e1rio Jos\u00e9 Saramago), este regresso arrebatador de Afonso Reis Cabral confirma-o como uma das vozes maiores da literatura portuguesa contempor\u00e2nea.\" \/>\n<meta property=\"og:url\" content=\"https:\/\/livrariasolmar.pt\/produto\/o-ultimo-avo\/\" \/>\n<meta property=\"og:site_name\" content=\"Livraria Solmar - Livraria online\" \/>\n<meta property=\"article:modified_time\" content=\"2025-12-03T18:51:01+00:00\" \/>\n<meta property=\"og:image\" content=\"https:\/\/livrariasolmar.pt\/wp-content\/uploads\/2025\/11\/500_9789722084970_o_ultimo_avo.jpg\" \/>\n\t<meta property=\"og:image:width\" content=\"335\" \/>\n\t<meta property=\"og:image:height\" content=\"500\" \/>\n<meta name=\"twitter:card\" content=\"summary_large_image\" \/>\n<script type=\"application\/ld+json\" class=\"yoast-schema-graph\">{\"@context\":\"https:\/\/schema.org\",\"@graph\":[{\"@type\":\"WebSite\",\"@id\":\"https:\/\/livrariasolmar.pt\/#website\",\"url\":\"https:\/\/livrariasolmar.pt\/\",\"name\":\"Livraria Solmar - Livraria online\",\"description\":\"Com\\u00e9rcio Livros E Objetos De Arte, Lda - Ponta Delgada, A\\u00e7ores\",\"potentialAction\":[{\"@type\":\"SearchAction\",\"target\":{\"@type\":\"EntryPoint\",\"urlTemplate\":\"https:\/\/livrariasolmar.pt\/?s={search_term_string}\"},\"query-input\":\"required name=search_term_string\"}],\"inLanguage\":\"en-US\"},{\"@type\":\"ImageObject\",\"@id\":\"https:\/\/livrariasolmar.pt\/produto\/o-ultimo-avo\/#primaryimage\",\"inLanguage\":\"en-US\",\"url\":\"https:\/\/livrariasolmar.pt\/wp-content\/uploads\/2025\/11\/500_9789722084970_o_ultimo_avo.jpg\",\"contentUrl\":\"https:\/\/livrariasolmar.pt\/wp-content\/uploads\/2025\/11\/500_9789722084970_o_ultimo_avo.jpg\",\"width\":335,\"height\":500},{\"@type\":\"WebPage\",\"@id\":\"https:\/\/livrariasolmar.pt\/produto\/o-ultimo-avo\/#webpage\",\"url\":\"https:\/\/livrariasolmar.pt\/produto\/o-ultimo-avo\/\",\"name\":\"O \\u00daltimo Av\\u00f4 - Livraria Solmar - Livraria online\",\"isPartOf\":{\"@id\":\"https:\/\/livrariasolmar.pt\/#website\"},\"primaryImageOfPage\":{\"@id\":\"https:\/\/livrariasolmar.pt\/produto\/o-ultimo-avo\/#primaryimage\"},\"datePublished\":\"2025-11-18T19:54:46+00:00\",\"dateModified\":\"2025-12-03T18:51:01+00:00\",\"breadcrumb\":{\"@id\":\"https:\/\/livrariasolmar.pt\/produto\/o-ultimo-avo\/#breadcrumb\"},\"inLanguage\":\"en-US\",\"potentialAction\":[{\"@type\":\"ReadAction\",\"target\":[\"https:\/\/livrariasolmar.pt\/produto\/o-ultimo-avo\/\"]}]},{\"@type\":\"BreadcrumbList\",\"@id\":\"https:\/\/livrariasolmar.pt\/produto\/o-ultimo-avo\/#breadcrumb\",\"itemListElement\":[{\"@type\":\"ListItem\",\"position\":1,\"name\":\"In\\u00edcio\",\"item\":\"https:\/\/livrariasolmar.pt\/en\/\"},{\"@type\":\"ListItem\",\"position\":2,\"name\":\"Shop\",\"item\":\"https:\/\/livrariasolmar.pt\/en\/shop\/\"},{\"@type\":\"ListItem\",\"position\":3,\"name\":\"O \\u00daltimo Av\\u00f4\"}]}]}<\/script>\n<!-- \/ Yoast SEO plugin. -->","_links":{"self":[{"href":"https:\/\/livrariasolmar.pt\/en\/wp-json\/wp\/v2\/product\/11324"}],"collection":[{"href":"https:\/\/livrariasolmar.pt\/en\/wp-json\/wp\/v2\/product"}],"about":[{"href":"https:\/\/livrariasolmar.pt\/en\/wp-json\/wp\/v2\/types\/product"}],"author":[{"embeddable":true,"href":"https:\/\/livrariasolmar.pt\/en\/wp-json\/wp\/v2\/users\/2"}],"wp:featuredmedia":[{"embeddable":true,"href":"https:\/\/livrariasolmar.pt\/en\/wp-json\/wp\/v2\/media\/11325"}],"wp:attachment":[{"href":"https:\/\/livrariasolmar.pt\/en\/wp-json\/wp\/v2\/media?parent=11324"}],"wp:term":[{"taxonomy":"product_cat","embeddable":true,"href":"https:\/\/livrariasolmar.pt\/en\/wp-json\/wp\/v2\/product_cat?post=11324"},{"taxonomy":"product_tag","embeddable":true,"href":"https:\/\/livrariasolmar.pt\/en\/wp-json\/wp\/v2\/product_tag?post=11324"},{"taxonomy":"cat_produtos","embeddable":true,"href":"https:\/\/livrariasolmar.pt\/en\/wp-json\/wp\/v2\/cat_produtos?post=11324"}],"curies":[{"name":"wp","href":"https:\/\/api.w.org\/{rel}","templated":true}]}}