{"id":11327,"date":"2025-11-18T19:59:02","date_gmt":"2025-11-18T19:59:02","guid":{"rendered":"https:\/\/livrariasolmar.pt\/?post_type=product&#038;p=11327"},"modified":"2026-02-25T17:52:27","modified_gmt":"2026-02-25T17:52:27","slug":"alem-do-amor","status":"publish","type":"product","link":"https:\/\/livrariasolmar.pt\/en\/produto\/alem-do-amor\/","title":{"rendered":"Al\u00e9m do Amor"},"content":{"rendered":"","protected":false},"excerpt":{"rendered":"<p>O arquiteto nova-iorquino Tate Donovan \u00e9 chamado a ajudar o melhor amigo na constru\u00e7\u00e3o da sua casa de ver\u00e3o. Em Cape Cod, rodeado por praias a perder de vista, dunas dram\u00e1ticas e densas florestas de pinheiros, Tate sente-se capaz de come\u00e7ar de novo ap\u00f3s a depress\u00e3o provocada pela morte da irm\u00e3.<\/p>\n<p>O que n\u00e3o esperava era sentir uma liga\u00e7\u00e3o profunda com uma desconhecida &#8211; que \u00e9 exatamente o que acontece com uma jovem chamada Wren. A intensidade dos sentimentos entre ambos \u00e9 in\u00e9dita. Mas aos poucos, Tate descobre que, sob a superf\u00edcie da id\u00edlica cidade pequena, o \u00f3dio, o ci\u00fame e a cobi\u00e7a espalham as suas sementes, amea\u00e7ando a fr\u00e1gil rela\u00e7\u00e3o.<\/p>\n<p>O destino de Wren afigura-se inquietante. Para a ajudar, ele ter\u00e1 de descobrir a verdade sobre o seu passado&#8230; uma busca que o far\u00e1 p\u00f4r em causa as suas convic\u00e7\u00f5es mais profundas.<\/p>\n<p>Uma hist\u00f3ria sobre a transcend\u00eancia da experi\u00eancia humana,\u00a0<i>Al\u00e9m do Amor<\/i>\u00a0levanta a eterna quest\u00e3o: poder\u00e1 o amor transpor a fronteira entre a vida e a morte.<\/p>\n","protected":false},"author":2,"featured_media":11328,"template":"","meta":[],"product_cat":[477],"product_tag":[],"cat_produtos":[1888],"yoast_head":"<!-- This site is optimized with the Yoast SEO plugin v16.6 - https:\/\/yoast.com\/wordpress\/plugins\/seo\/ -->\n<title>Al\u00e9m do Amor - Livraria Solmar - Livraria online<\/title>\n<meta name=\"robots\" content=\"index, follow, max-snippet:-1, max-image-preview:large, max-video-preview:-1\" \/>\n<link rel=\"canonical\" href=\"https:\/\/livrariasolmar.pt\/en\/produto\/alem-do-amor\/\" \/>\n<meta property=\"og:locale\" content=\"en_US\" \/>\n<meta property=\"og:type\" content=\"article\" \/>\n<meta property=\"og:title\" content=\"Al\u00e9m do Amor - Livraria Solmar - Livraria online\" \/>\n<meta property=\"og:description\" content=\"O arquiteto nova-iorquino Tate Donovan \u00e9 chamado a ajudar o melhor amigo na constru\u00e7\u00e3o da sua casa de ver\u00e3o. Em Cape Cod, rodeado por praias a perder de vista, dunas dram\u00e1ticas e densas florestas de pinheiros, Tate sente-se capaz de come\u00e7ar de novo ap\u00f3s a depress\u00e3o provocada pela morte da irm\u00e3.  O que n\u00e3o esperava era sentir uma liga\u00e7\u00e3o profunda com uma desconhecida - que \u00e9 exatamente o que acontece com uma jovem chamada Wren. A intensidade dos sentimentos entre ambos \u00e9 in\u00e9dita. Mas aos poucos, Tate descobre que, sob a superf\u00edcie da id\u00edlica cidade pequena, o \u00f3dio, o ci\u00fame e a cobi\u00e7a espalham as suas sementes, amea\u00e7ando a fr\u00e1gil rela\u00e7\u00e3o.  O destino de Wren afigura-se inquietante. Para a ajudar, ele ter\u00e1 de descobrir a verdade sobre o seu passado... uma busca que o far\u00e1 p\u00f4r em causa as suas convic\u00e7\u00f5es mais profundas.  Uma hist\u00f3ria sobre a transcend\u00eancia da experi\u00eancia humana,\u00a0Al\u00e9m do Amor\u00a0levanta a eterna quest\u00e3o: poder\u00e1 o amor transpor a fronteira entre a vida e a morte.\" \/>\n<meta property=\"og:url\" content=\"https:\/\/livrariasolmar.pt\/produto\/alem-do-amor\/\" \/>\n<meta property=\"og:site_name\" content=\"Livraria Solmar - Livraria online\" \/>\n<meta property=\"article:modified_time\" content=\"2026-02-25T17:52:27+00:00\" \/>\n<meta property=\"og:image\" content=\"https:\/\/livrariasolmar.pt\/wp-content\/uploads\/2025\/11\/500_9789892366654_alem_do_amor.jpg\" \/>\n\t<meta property=\"og:image:width\" content=\"331\" \/>\n\t<meta property=\"og:image:height\" content=\"500\" \/>\n<meta name=\"twitter:card\" content=\"summary_large_image\" \/>\n<script type=\"application\/ld+json\" class=\"yoast-schema-graph\">{\"@context\":\"https:\/\/schema.org\",\"@graph\":[{\"@type\":\"WebSite\",\"@id\":\"https:\/\/livrariasolmar.pt\/#website\",\"url\":\"https:\/\/livrariasolmar.pt\/\",\"name\":\"Livraria Solmar - Livraria online\",\"description\":\"Com\\u00e9rcio Livros E Objetos De Arte, Lda - Ponta Delgada, A\\u00e7ores\",\"potentialAction\":[{\"@type\":\"SearchAction\",\"target\":{\"@type\":\"EntryPoint\",\"urlTemplate\":\"https:\/\/livrariasolmar.pt\/?s={search_term_string}\"},\"query-input\":\"required name=search_term_string\"}],\"inLanguage\":\"en-US\"},{\"@type\":\"ImageObject\",\"@id\":\"https:\/\/livrariasolmar.pt\/produto\/alem-do-amor\/#primaryimage\",\"inLanguage\":\"en-US\",\"url\":\"https:\/\/livrariasolmar.pt\/wp-content\/uploads\/2025\/11\/500_9789892366654_alem_do_amor.jpg\",\"contentUrl\":\"https:\/\/livrariasolmar.pt\/wp-content\/uploads\/2025\/11\/500_9789892366654_alem_do_amor.jpg\",\"width\":331,\"height\":500},{\"@type\":\"WebPage\",\"@id\":\"https:\/\/livrariasolmar.pt\/produto\/alem-do-amor\/#webpage\",\"url\":\"https:\/\/livrariasolmar.pt\/produto\/alem-do-amor\/\",\"name\":\"Al\\u00e9m do Amor - Livraria Solmar - Livraria online\",\"isPartOf\":{\"@id\":\"https:\/\/livrariasolmar.pt\/#website\"},\"primaryImageOfPage\":{\"@id\":\"https:\/\/livrariasolmar.pt\/produto\/alem-do-amor\/#primaryimage\"},\"datePublished\":\"2025-11-18T19:59:02+00:00\",\"dateModified\":\"2026-02-25T17:52:27+00:00\",\"breadcrumb\":{\"@id\":\"https:\/\/livrariasolmar.pt\/produto\/alem-do-amor\/#breadcrumb\"},\"inLanguage\":\"en-US\",\"potentialAction\":[{\"@type\":\"ReadAction\",\"target\":[\"https:\/\/livrariasolmar.pt\/produto\/alem-do-amor\/\"]}]},{\"@type\":\"BreadcrumbList\",\"@id\":\"https:\/\/livrariasolmar.pt\/produto\/alem-do-amor\/#breadcrumb\",\"itemListElement\":[{\"@type\":\"ListItem\",\"position\":1,\"name\":\"In\\u00edcio\",\"item\":\"https:\/\/livrariasolmar.pt\/en\/\"},{\"@type\":\"ListItem\",\"position\":2,\"name\":\"Shop\",\"item\":\"https:\/\/livrariasolmar.pt\/en\/shop\/\"},{\"@type\":\"ListItem\",\"position\":3,\"name\":\"Al\\u00e9m do Amor\"}]}]}<\/script>\n<!-- \/ Yoast SEO plugin. -->","_links":{"self":[{"href":"https:\/\/livrariasolmar.pt\/en\/wp-json\/wp\/v2\/product\/11327"}],"collection":[{"href":"https:\/\/livrariasolmar.pt\/en\/wp-json\/wp\/v2\/product"}],"about":[{"href":"https:\/\/livrariasolmar.pt\/en\/wp-json\/wp\/v2\/types\/product"}],"author":[{"embeddable":true,"href":"https:\/\/livrariasolmar.pt\/en\/wp-json\/wp\/v2\/users\/2"}],"wp:featuredmedia":[{"embeddable":true,"href":"https:\/\/livrariasolmar.pt\/en\/wp-json\/wp\/v2\/media\/11328"}],"wp:attachment":[{"href":"https:\/\/livrariasolmar.pt\/en\/wp-json\/wp\/v2\/media?parent=11327"}],"wp:term":[{"taxonomy":"product_cat","embeddable":true,"href":"https:\/\/livrariasolmar.pt\/en\/wp-json\/wp\/v2\/product_cat?post=11327"},{"taxonomy":"product_tag","embeddable":true,"href":"https:\/\/livrariasolmar.pt\/en\/wp-json\/wp\/v2\/product_tag?post=11327"},{"taxonomy":"cat_produtos","embeddable":true,"href":"https:\/\/livrariasolmar.pt\/en\/wp-json\/wp\/v2\/cat_produtos?post=11327"}],"curies":[{"name":"wp","href":"https:\/\/api.w.org\/{rel}","templated":true}]}}