{"id":11340,"date":"2025-11-19T18:10:04","date_gmt":"2025-11-19T18:10:04","guid":{"rendered":"https:\/\/livrariasolmar.pt\/?post_type=product&#038;p=11340"},"modified":"2026-04-02T17:33:33","modified_gmt":"2026-04-02T17:33:33","slug":"asterix-na-lusitania","status":"publish","type":"product","link":"https:\/\/livrariasolmar.pt\/en\/produto\/asterix-na-lusitania\/","title":{"rendered":"Ast\u00e9rix na Lusit\u00e2nia"},"content":{"rendered":"","protected":false},"excerpt":{"rendered":"<p>O novo \u00e1lbum das aventuras do mais c\u00e9lebre de todos os Gauleses! O seu t\u00edtulo:\u00a0<i>Ast\u00e9rix na Lusit\u00e2nia<\/i>.<\/p>\n<p>Numa bela manh\u00e3 de primavera, um desconhecido chega \u00e0 aldeia. Vem da Lusit\u00e2nia, essa terra ensolarada a ocidente da Hisp\u00e2nia que se encontra tamb\u00e9m sob o jugo de Roma. E trata-se de um antigo escravo com quem j\u00e1 nos t\u00ednhamos cruzado em\u00a0<i>O Dom\u00ednio dos Deuses<\/i>, que veio pedir ajuda aos nossos irredut\u00edveis Gauleses pois conhece os potentes efeitos da Po\u00e7\u00e3o M\u00e1gica. \u00c9 o come\u00e7o de uma nova aventura para Ast\u00e9rix e Ob\u00e9lix!<\/p>\n","protected":false},"author":2,"featured_media":11341,"template":"","meta":[],"product_cat":[174,190],"product_tag":[],"cat_produtos":[],"yoast_head":"<!-- This site is optimized with the Yoast SEO plugin v16.6 - https:\/\/yoast.com\/wordpress\/plugins\/seo\/ -->\n<title>Ast\u00e9rix na Lusit\u00e2nia - Livraria Solmar - Livraria online<\/title>\n<meta name=\"robots\" content=\"index, follow, max-snippet:-1, max-image-preview:large, max-video-preview:-1\" \/>\n<link rel=\"canonical\" href=\"https:\/\/livrariasolmar.pt\/en\/produto\/asterix-na-lusitania\/\" \/>\n<meta property=\"og:locale\" content=\"en_US\" \/>\n<meta property=\"og:type\" content=\"article\" \/>\n<meta property=\"og:title\" content=\"Ast\u00e9rix na Lusit\u00e2nia - Livraria Solmar - Livraria online\" \/>\n<meta property=\"og:description\" content=\"O novo \u00e1lbum das aventuras do mais c\u00e9lebre de todos os Gauleses! O seu t\u00edtulo:\u00a0Ast\u00e9rix na Lusit\u00e2nia.  Numa bela manh\u00e3 de primavera, um desconhecido chega \u00e0 aldeia. Vem da Lusit\u00e2nia, essa terra ensolarada a ocidente da Hisp\u00e2nia que se encontra tamb\u00e9m sob o jugo de Roma. E trata-se de um antigo escravo com quem j\u00e1 nos t\u00ednhamos cruzado em\u00a0O Dom\u00ednio dos Deuses, que veio pedir ajuda aos nossos irredut\u00edveis Gauleses pois conhece os potentes efeitos da Po\u00e7\u00e3o M\u00e1gica. \u00c9 o come\u00e7o de uma nova aventura para Ast\u00e9rix e Ob\u00e9lix!\" \/>\n<meta property=\"og:url\" content=\"https:\/\/livrariasolmar.pt\/produto\/asterix-na-lusitania\/\" \/>\n<meta property=\"og:site_name\" content=\"Livraria Solmar - Livraria online\" \/>\n<meta property=\"article:modified_time\" content=\"2026-04-02T17:33:33+00:00\" \/>\n<meta property=\"og:image\" content=\"https:\/\/livrariasolmar.pt\/wp-content\/uploads\/2025\/11\/500_9789892366333_asterix_na_lusitania.jpg\" \/>\n\t<meta property=\"og:image:width\" content=\"381\" \/>\n\t<meta property=\"og:image:height\" content=\"500\" \/>\n<meta name=\"twitter:card\" content=\"summary_large_image\" \/>\n<script type=\"application\/ld+json\" class=\"yoast-schema-graph\">{\"@context\":\"https:\/\/schema.org\",\"@graph\":[{\"@type\":\"WebSite\",\"@id\":\"https:\/\/livrariasolmar.pt\/#website\",\"url\":\"https:\/\/livrariasolmar.pt\/\",\"name\":\"Livraria Solmar - Livraria online\",\"description\":\"Com\\u00e9rcio Livros E Objetos De Arte, Lda - Ponta Delgada, A\\u00e7ores\",\"potentialAction\":[{\"@type\":\"SearchAction\",\"target\":{\"@type\":\"EntryPoint\",\"urlTemplate\":\"https:\/\/livrariasolmar.pt\/?s={search_term_string}\"},\"query-input\":\"required name=search_term_string\"}],\"inLanguage\":\"en-US\"},{\"@type\":\"ImageObject\",\"@id\":\"https:\/\/livrariasolmar.pt\/produto\/asterix-na-lusitania\/#primaryimage\",\"inLanguage\":\"en-US\",\"url\":\"https:\/\/livrariasolmar.pt\/wp-content\/uploads\/2025\/11\/500_9789892366333_asterix_na_lusitania.jpg\",\"contentUrl\":\"https:\/\/livrariasolmar.pt\/wp-content\/uploads\/2025\/11\/500_9789892366333_asterix_na_lusitania.jpg\",\"width\":381,\"height\":500},{\"@type\":\"WebPage\",\"@id\":\"https:\/\/livrariasolmar.pt\/produto\/asterix-na-lusitania\/#webpage\",\"url\":\"https:\/\/livrariasolmar.pt\/produto\/asterix-na-lusitania\/\",\"name\":\"Ast\\u00e9rix na Lusit\\u00e2nia - Livraria Solmar - Livraria online\",\"isPartOf\":{\"@id\":\"https:\/\/livrariasolmar.pt\/#website\"},\"primaryImageOfPage\":{\"@id\":\"https:\/\/livrariasolmar.pt\/produto\/asterix-na-lusitania\/#primaryimage\"},\"datePublished\":\"2025-11-19T18:10:04+00:00\",\"dateModified\":\"2026-04-02T17:33:33+00:00\",\"breadcrumb\":{\"@id\":\"https:\/\/livrariasolmar.pt\/produto\/asterix-na-lusitania\/#breadcrumb\"},\"inLanguage\":\"en-US\",\"potentialAction\":[{\"@type\":\"ReadAction\",\"target\":[\"https:\/\/livrariasolmar.pt\/produto\/asterix-na-lusitania\/\"]}]},{\"@type\":\"BreadcrumbList\",\"@id\":\"https:\/\/livrariasolmar.pt\/produto\/asterix-na-lusitania\/#breadcrumb\",\"itemListElement\":[{\"@type\":\"ListItem\",\"position\":1,\"name\":\"In\\u00edcio\",\"item\":\"https:\/\/livrariasolmar.pt\/en\/\"},{\"@type\":\"ListItem\",\"position\":2,\"name\":\"Shop\",\"item\":\"https:\/\/livrariasolmar.pt\/en\/shop\/\"},{\"@type\":\"ListItem\",\"position\":3,\"name\":\"Ast\\u00e9rix na Lusit\\u00e2nia\"}]}]}<\/script>\n<!-- \/ Yoast SEO plugin. -->","_links":{"self":[{"href":"https:\/\/livrariasolmar.pt\/en\/wp-json\/wp\/v2\/product\/11340"}],"collection":[{"href":"https:\/\/livrariasolmar.pt\/en\/wp-json\/wp\/v2\/product"}],"about":[{"href":"https:\/\/livrariasolmar.pt\/en\/wp-json\/wp\/v2\/types\/product"}],"author":[{"embeddable":true,"href":"https:\/\/livrariasolmar.pt\/en\/wp-json\/wp\/v2\/users\/2"}],"wp:featuredmedia":[{"embeddable":true,"href":"https:\/\/livrariasolmar.pt\/en\/wp-json\/wp\/v2\/media\/11341"}],"wp:attachment":[{"href":"https:\/\/livrariasolmar.pt\/en\/wp-json\/wp\/v2\/media?parent=11340"}],"wp:term":[{"taxonomy":"product_cat","embeddable":true,"href":"https:\/\/livrariasolmar.pt\/en\/wp-json\/wp\/v2\/product_cat?post=11340"},{"taxonomy":"product_tag","embeddable":true,"href":"https:\/\/livrariasolmar.pt\/en\/wp-json\/wp\/v2\/product_tag?post=11340"},{"taxonomy":"cat_produtos","embeddable":true,"href":"https:\/\/livrariasolmar.pt\/en\/wp-json\/wp\/v2\/cat_produtos?post=11340"}],"curies":[{"name":"wp","href":"https:\/\/api.w.org\/{rel}","templated":true}]}}