{"id":11346,"date":"2025-11-19T19:42:41","date_gmt":"2025-11-19T19:42:41","guid":{"rendered":"https:\/\/livrariasolmar.pt\/?post_type=product&#038;p=11346"},"modified":"2025-12-24T17:17:29","modified_gmt":"2025-12-24T17:17:29","slug":"o-misterioso-caso-da-escritora-desaparecida","status":"publish","type":"product","link":"https:\/\/livrariasolmar.pt\/en\/produto\/o-misterioso-caso-da-escritora-desaparecida\/","title":{"rendered":"O Misterioso Caso da Escritora Desaparecida"},"content":{"rendered":"","protected":false},"excerpt":{"rendered":"<p>Numa noite de inverno, a autora\u00a0<i>bestseller<\/i>\u00a0de livros policiais, El\u00edn S. J\u00f3nsd\u00f3ttir, desaparece.<\/p>\n<p>N\u00e3o h\u00e1 quaisquer pistas sobre o seu desaparecimento, e cabe ao jovem inspetor Helgi Reykdal desvendar o caso antes que este chegue \u00e0s m\u00e3os da imprensa.<\/p>\n<p>Ao entrevistar as pessoas que lhe s\u00e3o mais pr\u00f3ximas \u2014 uma editora, um contabilista, uma ju\u00edza reformada \u2014 percebe que a vida de El\u00edn n\u00e3o era o que parecia. Na verdade, o seu passado \u00e9 ainda mais estranho do que a sua fic\u00e7\u00e3o.<\/p>\n<p>\u00c0 medida que o caso da escritora de policiais desaparecida se torna mais misterioso a cada hora que passa, Helgi tem de descobrir os segredos inesperados de uma vida, antes que seja tarde demais\u2026<\/p>\n","protected":false},"author":2,"featured_media":11347,"template":"","meta":[],"product_cat":[588],"product_tag":[],"cat_produtos":[],"yoast_head":"<!-- This site is optimized with the Yoast SEO plugin v16.6 - https:\/\/yoast.com\/wordpress\/plugins\/seo\/ -->\n<title>O Misterioso Caso da Escritora Desaparecida - Livraria Solmar - Livraria online<\/title>\n<meta name=\"robots\" content=\"index, follow, max-snippet:-1, max-image-preview:large, max-video-preview:-1\" \/>\n<link rel=\"canonical\" href=\"https:\/\/livrariasolmar.pt\/en\/produto\/o-misterioso-caso-da-escritora-desaparecida\/\" \/>\n<meta property=\"og:locale\" content=\"en_US\" \/>\n<meta property=\"og:type\" content=\"article\" \/>\n<meta property=\"og:title\" content=\"O Misterioso Caso da Escritora Desaparecida - Livraria Solmar - Livraria online\" \/>\n<meta property=\"og:description\" content=\"Numa noite de inverno, a autora\u00a0bestseller\u00a0de livros policiais, El\u00edn S. J\u00f3nsd\u00f3ttir, desaparece.  N\u00e3o h\u00e1 quaisquer pistas sobre o seu desaparecimento, e cabe ao jovem inspetor Helgi Reykdal desvendar o caso antes que este chegue \u00e0s m\u00e3os da imprensa.  Ao entrevistar as pessoas que lhe s\u00e3o mais pr\u00f3ximas \u2014 uma editora, um contabilista, uma ju\u00edza reformada \u2014 percebe que a vida de El\u00edn n\u00e3o era o que parecia. Na verdade, o seu passado \u00e9 ainda mais estranho do que a sua fic\u00e7\u00e3o.  \u00c0 medida que o caso da escritora de policiais desaparecida se torna mais misterioso a cada hora que passa, Helgi tem de descobrir os segredos inesperados de uma vida, antes que seja tarde demais\u2026\" \/>\n<meta property=\"og:url\" content=\"https:\/\/livrariasolmar.pt\/produto\/o-misterioso-caso-da-escritora-desaparecida\/\" \/>\n<meta property=\"og:site_name\" content=\"Livraria Solmar - Livraria online\" \/>\n<meta property=\"article:modified_time\" content=\"2025-12-24T17:17:29+00:00\" \/>\n<meta property=\"og:image\" content=\"https:\/\/livrariasolmar.pt\/wp-content\/uploads\/2025\/11\/1540-1-27-2.jpg\" \/>\n\t<meta property=\"og:image:width\" content=\"340\" \/>\n\t<meta property=\"og:image:height\" content=\"340\" \/>\n<meta name=\"twitter:card\" content=\"summary_large_image\" \/>\n<script type=\"application\/ld+json\" class=\"yoast-schema-graph\">{\"@context\":\"https:\/\/schema.org\",\"@graph\":[{\"@type\":\"WebSite\",\"@id\":\"https:\/\/livrariasolmar.pt\/#website\",\"url\":\"https:\/\/livrariasolmar.pt\/\",\"name\":\"Livraria Solmar - Livraria online\",\"description\":\"Com\\u00e9rcio Livros E Objetos De Arte, Lda - Ponta Delgada, A\\u00e7ores\",\"potentialAction\":[{\"@type\":\"SearchAction\",\"target\":{\"@type\":\"EntryPoint\",\"urlTemplate\":\"https:\/\/livrariasolmar.pt\/?s={search_term_string}\"},\"query-input\":\"required name=search_term_string\"}],\"inLanguage\":\"en-US\"},{\"@type\":\"ImageObject\",\"@id\":\"https:\/\/livrariasolmar.pt\/produto\/o-misterioso-caso-da-escritora-desaparecida\/#primaryimage\",\"inLanguage\":\"en-US\",\"url\":\"https:\/\/livrariasolmar.pt\/wp-content\/uploads\/2025\/11\/1540-1-27-2.jpg\",\"contentUrl\":\"https:\/\/livrariasolmar.pt\/wp-content\/uploads\/2025\/11\/1540-1-27-2.jpg\",\"width\":340,\"height\":340},{\"@type\":\"WebPage\",\"@id\":\"https:\/\/livrariasolmar.pt\/produto\/o-misterioso-caso-da-escritora-desaparecida\/#webpage\",\"url\":\"https:\/\/livrariasolmar.pt\/produto\/o-misterioso-caso-da-escritora-desaparecida\/\",\"name\":\"O Misterioso Caso da Escritora Desaparecida - Livraria Solmar - Livraria online\",\"isPartOf\":{\"@id\":\"https:\/\/livrariasolmar.pt\/#website\"},\"primaryImageOfPage\":{\"@id\":\"https:\/\/livrariasolmar.pt\/produto\/o-misterioso-caso-da-escritora-desaparecida\/#primaryimage\"},\"datePublished\":\"2025-11-19T19:42:41+00:00\",\"dateModified\":\"2025-12-24T17:17:29+00:00\",\"breadcrumb\":{\"@id\":\"https:\/\/livrariasolmar.pt\/produto\/o-misterioso-caso-da-escritora-desaparecida\/#breadcrumb\"},\"inLanguage\":\"en-US\",\"potentialAction\":[{\"@type\":\"ReadAction\",\"target\":[\"https:\/\/livrariasolmar.pt\/produto\/o-misterioso-caso-da-escritora-desaparecida\/\"]}]},{\"@type\":\"BreadcrumbList\",\"@id\":\"https:\/\/livrariasolmar.pt\/produto\/o-misterioso-caso-da-escritora-desaparecida\/#breadcrumb\",\"itemListElement\":[{\"@type\":\"ListItem\",\"position\":1,\"name\":\"In\\u00edcio\",\"item\":\"https:\/\/livrariasolmar.pt\/en\/\"},{\"@type\":\"ListItem\",\"position\":2,\"name\":\"Shop\",\"item\":\"https:\/\/livrariasolmar.pt\/en\/shop\/\"},{\"@type\":\"ListItem\",\"position\":3,\"name\":\"O Misterioso Caso da Escritora Desaparecida\"}]}]}<\/script>\n<!-- \/ Yoast SEO plugin. -->","_links":{"self":[{"href":"https:\/\/livrariasolmar.pt\/en\/wp-json\/wp\/v2\/product\/11346"}],"collection":[{"href":"https:\/\/livrariasolmar.pt\/en\/wp-json\/wp\/v2\/product"}],"about":[{"href":"https:\/\/livrariasolmar.pt\/en\/wp-json\/wp\/v2\/types\/product"}],"author":[{"embeddable":true,"href":"https:\/\/livrariasolmar.pt\/en\/wp-json\/wp\/v2\/users\/2"}],"wp:featuredmedia":[{"embeddable":true,"href":"https:\/\/livrariasolmar.pt\/en\/wp-json\/wp\/v2\/media\/11347"}],"wp:attachment":[{"href":"https:\/\/livrariasolmar.pt\/en\/wp-json\/wp\/v2\/media?parent=11346"}],"wp:term":[{"taxonomy":"product_cat","embeddable":true,"href":"https:\/\/livrariasolmar.pt\/en\/wp-json\/wp\/v2\/product_cat?post=11346"},{"taxonomy":"product_tag","embeddable":true,"href":"https:\/\/livrariasolmar.pt\/en\/wp-json\/wp\/v2\/product_tag?post=11346"},{"taxonomy":"cat_produtos","embeddable":true,"href":"https:\/\/livrariasolmar.pt\/en\/wp-json\/wp\/v2\/cat_produtos?post=11346"}],"curies":[{"name":"wp","href":"https:\/\/api.w.org\/{rel}","templated":true}]}}