{"id":11349,"date":"2025-11-19T19:57:12","date_gmt":"2025-11-19T19:57:12","guid":{"rendered":"https:\/\/livrariasolmar.pt\/?post_type=product&#038;p=11349"},"modified":"2026-02-08T13:44:44","modified_gmt":"2026-02-08T13:44:44","slug":"25-de-novembro-o-retrato-de-um-pais-dividido","status":"publish","type":"product","link":"https:\/\/livrariasolmar.pt\/en\/produto\/25-de-novembro-o-retrato-de-um-pais-dividido\/","title":{"rendered":"25 de Novembro O retrato de um pa\u00eds dividido"},"content":{"rendered":"","protected":false},"excerpt":{"rendered":"<p>Um ano ap\u00f3s a revolu\u00e7\u00e3o do 25 de abril de 1974, que restituiu a liberdade e a democracia a Portugal ap\u00f3s 48 anos de ditadura, o pa\u00eds estava \u00e0 beira da guerra civil. Os interesses geopol\u00edticos antag\u00f3nicos entre os dois blocos ideol\u00f3gicos dominantes dividiam a popula\u00e7\u00e3o. Vivia-se um clima de tens\u00e3o permanente, alicer\u00e7ado na certeza da derrota de quem disparasse a primeira bala.<\/p>\n<p>Na madrugada de 24 para 25 de novembro, v\u00e1rias bases a\u00e9reas nacionais foram ocupadas por paraquedistas, numa tentativa de golpe a que imediatamente se op\u00f4s um grupo de militares dirigido por Vasco Louren\u00e7o e Ramalho Eanes e apoiado pelos principais partidos moderados.<\/p>\n<p>A d\u00favida sobre quem teria dado a ordem para a ocupa\u00e7\u00e3o das bases militares persiste desde ent\u00e3o. Sabe-se, por\u00e9m, que a cis\u00e3o que culminou nas a\u00e7\u00f5es daquele 25 de novembro n\u00e3o nasceu nem desapareceu com uma subleva\u00e7\u00e3o de paraquedistas. Representa uma fratura antiga e complexa da sociedade portuguesa, que n\u00e3o s\u00f3 permanece, como parece ter-se aprofundado.<\/p>\n<p>Numa investiga\u00e7\u00e3o reflexiva \u00e0s origens de um pa\u00eds dividido, Paulo Moura falou com historiadores, polit\u00f3logos, soci\u00f3logos, pol\u00edticos, sindicalistas, jornalistas, e com quem viveu aquele dia junto \u00e0s movimenta\u00e7\u00f5es populares, para compreender que parte do pa\u00eds de hoje \u00e9 devedora daquela madrugada que, cinquenta anos volvidos, tantos querem celebrar.<\/p>\n","protected":false},"author":2,"featured_media":11350,"template":"","meta":[],"product_cat":[366],"product_tag":[],"cat_produtos":[1892],"yoast_head":"<!-- This site is optimized with the Yoast SEO plugin v16.6 - https:\/\/yoast.com\/wordpress\/plugins\/seo\/ -->\n<title>25 de Novembro O retrato de um pa\u00eds dividido - Livraria Solmar - Livraria online<\/title>\n<meta name=\"robots\" content=\"index, follow, max-snippet:-1, max-image-preview:large, max-video-preview:-1\" \/>\n<link rel=\"canonical\" href=\"https:\/\/livrariasolmar.pt\/en\/produto\/25-de-novembro-o-retrato-de-um-pais-dividido\/\" \/>\n<meta property=\"og:locale\" content=\"en_US\" \/>\n<meta property=\"og:type\" content=\"article\" \/>\n<meta property=\"og:title\" content=\"25 de Novembro O retrato de um pa\u00eds dividido - Livraria Solmar - Livraria online\" \/>\n<meta property=\"og:description\" content=\"Um ano ap\u00f3s a revolu\u00e7\u00e3o do 25 de abril de 1974, que restituiu a liberdade e a democracia a Portugal ap\u00f3s 48 anos de ditadura, o pa\u00eds estava \u00e0 beira da guerra civil. Os interesses geopol\u00edticos antag\u00f3nicos entre os dois blocos ideol\u00f3gicos dominantes dividiam a popula\u00e7\u00e3o. Vivia-se um clima de tens\u00e3o permanente, alicer\u00e7ado na certeza da derrota de quem disparasse a primeira bala.  Na madrugada de 24 para 25 de novembro, v\u00e1rias bases a\u00e9reas nacionais foram ocupadas por paraquedistas, numa tentativa de golpe a que imediatamente se op\u00f4s um grupo de militares dirigido por Vasco Louren\u00e7o e Ramalho Eanes e apoiado pelos principais partidos moderados.  A d\u00favida sobre quem teria dado a ordem para a ocupa\u00e7\u00e3o das bases militares persiste desde ent\u00e3o. Sabe-se, por\u00e9m, que a cis\u00e3o que culminou nas a\u00e7\u00f5es daquele 25 de novembro n\u00e3o nasceu nem desapareceu com uma subleva\u00e7\u00e3o de paraquedistas. Representa uma fratura antiga e complexa da sociedade portuguesa, que n\u00e3o s\u00f3 permanece, como parece ter-se aprofundado.  Numa investiga\u00e7\u00e3o reflexiva \u00e0s origens de um pa\u00eds dividido, Paulo Moura falou com historiadores, polit\u00f3logos, soci\u00f3logos, pol\u00edticos, sindicalistas, jornalistas, e com quem viveu aquele dia junto \u00e0s movimenta\u00e7\u00f5es populares, para compreender que parte do pa\u00eds de hoje \u00e9 devedora daquela madrugada que, cinquenta anos volvidos, tantos querem celebrar.\" \/>\n<meta property=\"og:url\" content=\"https:\/\/livrariasolmar.pt\/produto\/25-de-novembro-o-retrato-de-um-pais-dividido\/\" \/>\n<meta property=\"og:site_name\" content=\"Livraria Solmar - Livraria online\" \/>\n<meta property=\"article:modified_time\" content=\"2026-02-08T13:44:44+00:00\" \/>\n<meta property=\"og:image\" content=\"https:\/\/livrariasolmar.pt\/wp-content\/uploads\/2025\/11\/1540-1-28-2.jpg\" \/>\n\t<meta property=\"og:image:width\" content=\"340\" \/>\n\t<meta property=\"og:image:height\" content=\"340\" \/>\n<meta name=\"twitter:card\" content=\"summary_large_image\" \/>\n<script type=\"application\/ld+json\" class=\"yoast-schema-graph\">{\"@context\":\"https:\/\/schema.org\",\"@graph\":[{\"@type\":\"WebSite\",\"@id\":\"https:\/\/livrariasolmar.pt\/#website\",\"url\":\"https:\/\/livrariasolmar.pt\/\",\"name\":\"Livraria Solmar - Livraria online\",\"description\":\"Com\\u00e9rcio Livros E Objetos De Arte, Lda - Ponta Delgada, A\\u00e7ores\",\"potentialAction\":[{\"@type\":\"SearchAction\",\"target\":{\"@type\":\"EntryPoint\",\"urlTemplate\":\"https:\/\/livrariasolmar.pt\/?s={search_term_string}\"},\"query-input\":\"required name=search_term_string\"}],\"inLanguage\":\"en-US\"},{\"@type\":\"ImageObject\",\"@id\":\"https:\/\/livrariasolmar.pt\/produto\/25-de-novembro-o-retrato-de-um-pais-dividido\/#primaryimage\",\"inLanguage\":\"en-US\",\"url\":\"https:\/\/livrariasolmar.pt\/wp-content\/uploads\/2025\/11\/1540-1-28-2.jpg\",\"contentUrl\":\"https:\/\/livrariasolmar.pt\/wp-content\/uploads\/2025\/11\/1540-1-28-2.jpg\",\"width\":340,\"height\":340},{\"@type\":\"WebPage\",\"@id\":\"https:\/\/livrariasolmar.pt\/produto\/25-de-novembro-o-retrato-de-um-pais-dividido\/#webpage\",\"url\":\"https:\/\/livrariasolmar.pt\/produto\/25-de-novembro-o-retrato-de-um-pais-dividido\/\",\"name\":\"25 de Novembro O retrato de um pa\\u00eds dividido - Livraria Solmar - Livraria online\",\"isPartOf\":{\"@id\":\"https:\/\/livrariasolmar.pt\/#website\"},\"primaryImageOfPage\":{\"@id\":\"https:\/\/livrariasolmar.pt\/produto\/25-de-novembro-o-retrato-de-um-pais-dividido\/#primaryimage\"},\"datePublished\":\"2025-11-19T19:57:12+00:00\",\"dateModified\":\"2026-02-08T13:44:44+00:00\",\"breadcrumb\":{\"@id\":\"https:\/\/livrariasolmar.pt\/produto\/25-de-novembro-o-retrato-de-um-pais-dividido\/#breadcrumb\"},\"inLanguage\":\"en-US\",\"potentialAction\":[{\"@type\":\"ReadAction\",\"target\":[\"https:\/\/livrariasolmar.pt\/produto\/25-de-novembro-o-retrato-de-um-pais-dividido\/\"]}]},{\"@type\":\"BreadcrumbList\",\"@id\":\"https:\/\/livrariasolmar.pt\/produto\/25-de-novembro-o-retrato-de-um-pais-dividido\/#breadcrumb\",\"itemListElement\":[{\"@type\":\"ListItem\",\"position\":1,\"name\":\"In\\u00edcio\",\"item\":\"https:\/\/livrariasolmar.pt\/en\/\"},{\"@type\":\"ListItem\",\"position\":2,\"name\":\"Shop\",\"item\":\"https:\/\/livrariasolmar.pt\/en\/shop\/\"},{\"@type\":\"ListItem\",\"position\":3,\"name\":\"25 de Novembro O retrato de um pa\\u00eds dividido\"}]}]}<\/script>\n<!-- \/ Yoast SEO plugin. -->","_links":{"self":[{"href":"https:\/\/livrariasolmar.pt\/en\/wp-json\/wp\/v2\/product\/11349"}],"collection":[{"href":"https:\/\/livrariasolmar.pt\/en\/wp-json\/wp\/v2\/product"}],"about":[{"href":"https:\/\/livrariasolmar.pt\/en\/wp-json\/wp\/v2\/types\/product"}],"author":[{"embeddable":true,"href":"https:\/\/livrariasolmar.pt\/en\/wp-json\/wp\/v2\/users\/2"}],"wp:featuredmedia":[{"embeddable":true,"href":"https:\/\/livrariasolmar.pt\/en\/wp-json\/wp\/v2\/media\/11350"}],"wp:attachment":[{"href":"https:\/\/livrariasolmar.pt\/en\/wp-json\/wp\/v2\/media?parent=11349"}],"wp:term":[{"taxonomy":"product_cat","embeddable":true,"href":"https:\/\/livrariasolmar.pt\/en\/wp-json\/wp\/v2\/product_cat?post=11349"},{"taxonomy":"product_tag","embeddable":true,"href":"https:\/\/livrariasolmar.pt\/en\/wp-json\/wp\/v2\/product_tag?post=11349"},{"taxonomy":"cat_produtos","embeddable":true,"href":"https:\/\/livrariasolmar.pt\/en\/wp-json\/wp\/v2\/cat_produtos?post=11349"}],"curies":[{"name":"wp","href":"https:\/\/api.w.org\/{rel}","templated":true}]}}