{"id":11355,"date":"2025-11-20T16:50:28","date_gmt":"2025-11-20T16:50:28","guid":{"rendered":"https:\/\/livrariasolmar.pt\/?post_type=product&#038;p=11355"},"modified":"2026-01-30T18:35:22","modified_gmt":"2026-01-30T18:35:22","slug":"a-intrusa","status":"publish","type":"product","link":"https:\/\/livrariasolmar.pt\/en\/produto\/a-intrusa\/","title":{"rendered":"A Intrusa"},"content":{"rendered":"","protected":false},"excerpt":{"rendered":"<p>O passado encontra sempre forma de regressar.<\/p>\n<p>Casey \u00e9 uma ex-professora de Boston que vive agora numa cabana isolada no cora\u00e7\u00e3o da floresta de New Hampshire. A meio de uma tempestade, o telhado estremece, as luzes piscam e as \u00e1rvores balan\u00e7am perigosamente ao sabor do vento. No entanto, mesmo no meio de todo este cen\u00e1rio, o que a preocupa realmente \u00e9 aquilo que v\u00ea ao olhar pela janela da cozinha.<\/p>\n<p>Est\u00e1 l\u00e1 fora uma rapariga. Sozinha e coberta de sangue.<\/p>\n<p>Casey decide ajud\u00e1-la, abrindo-lhe a porta, deixando-a entrar e oferecendo-lhe abrigo, alimento e calor. No entanto, apesar desta amabilidade, a rapariga n\u00e3o explica como chegou at\u00e9 ali, nem revela interesse em largar a faca, que segura com for\u00e7a na m\u00e3o direita. Al\u00e9m disso, e como se n\u00e3o bastasse, quando Casey faz uma descoberta perturbante a meio da noite, percebe que a situa\u00e7\u00e3o s\u00f3 ter\u00e1 tend\u00eancia a piorar.<\/p>\n<p>A jovem esconde um segredo, e est\u00e1 disposta a matar para proteg\u00ea-lo. Se Casey se aproximar demasiado da verdade, talvez n\u00e3o viva tempo suficiente para ver o nascer do novo dia.<\/p>\n","protected":false},"author":2,"featured_media":11356,"template":"","meta":[],"product_cat":[588],"product_tag":[],"cat_produtos":[1871],"yoast_head":"<!-- This site is optimized with the Yoast SEO plugin v16.6 - https:\/\/yoast.com\/wordpress\/plugins\/seo\/ -->\n<title>A Intrusa - Livraria Solmar - Livraria online<\/title>\n<meta name=\"robots\" content=\"index, follow, max-snippet:-1, max-image-preview:large, max-video-preview:-1\" \/>\n<link rel=\"canonical\" href=\"https:\/\/livrariasolmar.pt\/en\/produto\/a-intrusa\/\" \/>\n<meta property=\"og:locale\" content=\"en_US\" \/>\n<meta property=\"og:type\" content=\"article\" \/>\n<meta property=\"og:title\" content=\"A Intrusa - Livraria Solmar - Livraria online\" \/>\n<meta property=\"og:description\" content=\"O passado encontra sempre forma de regressar.  Casey \u00e9 uma ex-professora de Boston que vive agora numa cabana isolada no cora\u00e7\u00e3o da floresta de New Hampshire. A meio de uma tempestade, o telhado estremece, as luzes piscam e as \u00e1rvores balan\u00e7am perigosamente ao sabor do vento. No entanto, mesmo no meio de todo este cen\u00e1rio, o que a preocupa realmente \u00e9 aquilo que v\u00ea ao olhar pela janela da cozinha.  Est\u00e1 l\u00e1 fora uma rapariga. Sozinha e coberta de sangue.  Casey decide ajud\u00e1-la, abrindo-lhe a porta, deixando-a entrar e oferecendo-lhe abrigo, alimento e calor. No entanto, apesar desta amabilidade, a rapariga n\u00e3o explica como chegou at\u00e9 ali, nem revela interesse em largar a faca, que segura com for\u00e7a na m\u00e3o direita. Al\u00e9m disso, e como se n\u00e3o bastasse, quando Casey faz uma descoberta perturbante a meio da noite, percebe que a situa\u00e7\u00e3o s\u00f3 ter\u00e1 tend\u00eancia a piorar.  A jovem esconde um segredo, e est\u00e1 disposta a matar para proteg\u00ea-lo. Se Casey se aproximar demasiado da verdade, talvez n\u00e3o viva tempo suficiente para ver o nascer do novo dia.\" \/>\n<meta property=\"og:url\" content=\"https:\/\/livrariasolmar.pt\/produto\/a-intrusa\/\" \/>\n<meta property=\"og:site_name\" content=\"Livraria Solmar - Livraria online\" \/>\n<meta property=\"article:modified_time\" content=\"2026-01-30T18:35:22+00:00\" \/>\n<meta property=\"og:image\" content=\"https:\/\/livrariasolmar.pt\/wp-content\/uploads\/2025\/11\/1507-1-11-2.jpg\" \/>\n\t<meta property=\"og:image:width\" content=\"400\" \/>\n\t<meta property=\"og:image:height\" content=\"448\" \/>\n<meta name=\"twitter:card\" content=\"summary_large_image\" \/>\n<script type=\"application\/ld+json\" class=\"yoast-schema-graph\">{\"@context\":\"https:\/\/schema.org\",\"@graph\":[{\"@type\":\"WebSite\",\"@id\":\"https:\/\/livrariasolmar.pt\/#website\",\"url\":\"https:\/\/livrariasolmar.pt\/\",\"name\":\"Livraria Solmar - Livraria online\",\"description\":\"Com\\u00e9rcio Livros E Objetos De Arte, Lda - Ponta Delgada, A\\u00e7ores\",\"potentialAction\":[{\"@type\":\"SearchAction\",\"target\":{\"@type\":\"EntryPoint\",\"urlTemplate\":\"https:\/\/livrariasolmar.pt\/?s={search_term_string}\"},\"query-input\":\"required name=search_term_string\"}],\"inLanguage\":\"en-US\"},{\"@type\":\"ImageObject\",\"@id\":\"https:\/\/livrariasolmar.pt\/produto\/a-intrusa\/#primaryimage\",\"inLanguage\":\"en-US\",\"url\":\"https:\/\/livrariasolmar.pt\/wp-content\/uploads\/2025\/11\/1507-1-11-2.jpg\",\"contentUrl\":\"https:\/\/livrariasolmar.pt\/wp-content\/uploads\/2025\/11\/1507-1-11-2.jpg\",\"width\":400,\"height\":448},{\"@type\":\"WebPage\",\"@id\":\"https:\/\/livrariasolmar.pt\/produto\/a-intrusa\/#webpage\",\"url\":\"https:\/\/livrariasolmar.pt\/produto\/a-intrusa\/\",\"name\":\"A Intrusa - Livraria Solmar - Livraria online\",\"isPartOf\":{\"@id\":\"https:\/\/livrariasolmar.pt\/#website\"},\"primaryImageOfPage\":{\"@id\":\"https:\/\/livrariasolmar.pt\/produto\/a-intrusa\/#primaryimage\"},\"datePublished\":\"2025-11-20T16:50:28+00:00\",\"dateModified\":\"2026-01-30T18:35:22+00:00\",\"breadcrumb\":{\"@id\":\"https:\/\/livrariasolmar.pt\/produto\/a-intrusa\/#breadcrumb\"},\"inLanguage\":\"en-US\",\"potentialAction\":[{\"@type\":\"ReadAction\",\"target\":[\"https:\/\/livrariasolmar.pt\/produto\/a-intrusa\/\"]}]},{\"@type\":\"BreadcrumbList\",\"@id\":\"https:\/\/livrariasolmar.pt\/produto\/a-intrusa\/#breadcrumb\",\"itemListElement\":[{\"@type\":\"ListItem\",\"position\":1,\"name\":\"In\\u00edcio\",\"item\":\"https:\/\/livrariasolmar.pt\/en\/\"},{\"@type\":\"ListItem\",\"position\":2,\"name\":\"Shop\",\"item\":\"https:\/\/livrariasolmar.pt\/en\/shop\/\"},{\"@type\":\"ListItem\",\"position\":3,\"name\":\"A Intrusa\"}]}]}<\/script>\n<!-- \/ Yoast SEO plugin. -->","_links":{"self":[{"href":"https:\/\/livrariasolmar.pt\/en\/wp-json\/wp\/v2\/product\/11355"}],"collection":[{"href":"https:\/\/livrariasolmar.pt\/en\/wp-json\/wp\/v2\/product"}],"about":[{"href":"https:\/\/livrariasolmar.pt\/en\/wp-json\/wp\/v2\/types\/product"}],"author":[{"embeddable":true,"href":"https:\/\/livrariasolmar.pt\/en\/wp-json\/wp\/v2\/users\/2"}],"wp:featuredmedia":[{"embeddable":true,"href":"https:\/\/livrariasolmar.pt\/en\/wp-json\/wp\/v2\/media\/11356"}],"wp:attachment":[{"href":"https:\/\/livrariasolmar.pt\/en\/wp-json\/wp\/v2\/media?parent=11355"}],"wp:term":[{"taxonomy":"product_cat","embeddable":true,"href":"https:\/\/livrariasolmar.pt\/en\/wp-json\/wp\/v2\/product_cat?post=11355"},{"taxonomy":"product_tag","embeddable":true,"href":"https:\/\/livrariasolmar.pt\/en\/wp-json\/wp\/v2\/product_tag?post=11355"},{"taxonomy":"cat_produtos","embeddable":true,"href":"https:\/\/livrariasolmar.pt\/en\/wp-json\/wp\/v2\/cat_produtos?post=11355"}],"curies":[{"name":"wp","href":"https:\/\/api.w.org\/{rel}","templated":true}]}}