{"id":11359,"date":"2025-11-24T15:38:19","date_gmt":"2025-11-24T15:38:19","guid":{"rendered":"https:\/\/livrariasolmar.pt\/?post_type=product&#038;p=11359"},"modified":"2025-12-24T17:17:07","modified_gmt":"2025-12-24T17:17:07","slug":"coragem-para-sentir","status":"publish","type":"product","link":"https:\/\/livrariasolmar.pt\/en\/produto\/coragem-para-sentir\/","title":{"rendered":"Coragem para Sentir"},"content":{"rendered":"","protected":false},"excerpt":{"rendered":"<p>Nesta poderosa nova cole\u00e7\u00e3o de poesia e sabedoria,\u00a0<i>Donna Ashworth<\/i>\u00a0ajuda-nos a encontrar for\u00e7a e coragem para aqueles dias em que sentimos que perdemos o caminho, a seguirmos em frente em tempos dif\u00edceis, a silenciarmos o medo e a inseguran\u00e7a quando eles falam alto demais, e a confiar na vida\u2026 com coragem.<\/p>\n<p>Todos os dias nos confrontamos com pensamentos, sentimentos e informa\u00e7\u00e3o que nos fazem sentir medo e ansiedade. Temos medo de n\u00e3o estar \u00e0 altura. Medo de falhar. Medo de ser quem somos. E sentimo-nos impotentes ao ver o mundo tornar-se cada vez mais injusto e feroz. O medo \u00e9 tremendamente limitador e, se n\u00e3o o desafiarmos, podemos estar a impedir que cheguem \u00e0 nossa vida as coisas boas que o universo nos destina.<\/p>\n<p>Com os seus incompar\u00e1veis textos,\u00a0<i>Donna Ashworth<\/i>\u00a0ajuda-nos a perceber que, o quer que seja que estejamos a enfrentar, e por muito insignificantes que nos sintamos, podemos fazer uma grande diferen\u00e7a no mundo se tivermos coragem de ser quem somos e viver a nossa vida mais aut\u00eantica.<\/p>\n","protected":false},"author":2,"featured_media":11360,"template":"","meta":[],"product_cat":[173],"product_tag":[],"cat_produtos":[],"yoast_head":"<!-- This site is optimized with the Yoast SEO plugin v16.6 - https:\/\/yoast.com\/wordpress\/plugins\/seo\/ -->\n<title>Coragem para Sentir - Livraria Solmar - Livraria online<\/title>\n<meta name=\"robots\" content=\"index, follow, max-snippet:-1, max-image-preview:large, max-video-preview:-1\" \/>\n<link rel=\"canonical\" href=\"https:\/\/livrariasolmar.pt\/en\/produto\/coragem-para-sentir\/\" \/>\n<meta property=\"og:locale\" content=\"en_US\" \/>\n<meta property=\"og:type\" content=\"article\" \/>\n<meta property=\"og:title\" content=\"Coragem para Sentir - Livraria Solmar - Livraria online\" \/>\n<meta property=\"og:description\" content=\"Nesta poderosa nova cole\u00e7\u00e3o de poesia e sabedoria,\u00a0Donna Ashworth\u00a0ajuda-nos a encontrar for\u00e7a e coragem para aqueles dias em que sentimos que perdemos o caminho, a seguirmos em frente em tempos dif\u00edceis, a silenciarmos o medo e a inseguran\u00e7a quando eles falam alto demais, e a confiar na vida\u2026 com coragem.  Todos os dias nos confrontamos com pensamentos, sentimentos e informa\u00e7\u00e3o que nos fazem sentir medo e ansiedade. Temos medo de n\u00e3o estar \u00e0 altura. Medo de falhar. Medo de ser quem somos. E sentimo-nos impotentes ao ver o mundo tornar-se cada vez mais injusto e feroz. O medo \u00e9 tremendamente limitador e, se n\u00e3o o desafiarmos, podemos estar a impedir que cheguem \u00e0 nossa vida as coisas boas que o universo nos destina.  Com os seus incompar\u00e1veis textos,\u00a0Donna Ashworth\u00a0ajuda-nos a perceber que, o quer que seja que estejamos a enfrentar, e por muito insignificantes que nos sintamos, podemos fazer uma grande diferen\u00e7a no mundo se tivermos coragem de ser quem somos e viver a nossa vida mais aut\u00eantica.\" \/>\n<meta property=\"og:url\" content=\"https:\/\/livrariasolmar.pt\/produto\/coragem-para-sentir\/\" \/>\n<meta property=\"og:site_name\" content=\"Livraria Solmar - Livraria online\" \/>\n<meta property=\"article:modified_time\" content=\"2025-12-24T17:17:07+00:00\" \/>\n<meta property=\"og:image\" content=\"https:\/\/livrariasolmar.pt\/wp-content\/uploads\/2025\/11\/1507-1-12-1.jpg\" \/>\n\t<meta property=\"og:image:width\" content=\"400\" \/>\n\t<meta property=\"og:image:height\" content=\"448\" \/>\n<meta name=\"twitter:card\" content=\"summary_large_image\" \/>\n<script type=\"application\/ld+json\" class=\"yoast-schema-graph\">{\"@context\":\"https:\/\/schema.org\",\"@graph\":[{\"@type\":\"WebSite\",\"@id\":\"https:\/\/livrariasolmar.pt\/#website\",\"url\":\"https:\/\/livrariasolmar.pt\/\",\"name\":\"Livraria Solmar - Livraria online\",\"description\":\"Com\\u00e9rcio Livros E Objetos De Arte, Lda - Ponta Delgada, A\\u00e7ores\",\"potentialAction\":[{\"@type\":\"SearchAction\",\"target\":{\"@type\":\"EntryPoint\",\"urlTemplate\":\"https:\/\/livrariasolmar.pt\/?s={search_term_string}\"},\"query-input\":\"required name=search_term_string\"}],\"inLanguage\":\"en-US\"},{\"@type\":\"ImageObject\",\"@id\":\"https:\/\/livrariasolmar.pt\/produto\/coragem-para-sentir\/#primaryimage\",\"inLanguage\":\"en-US\",\"url\":\"https:\/\/livrariasolmar.pt\/wp-content\/uploads\/2025\/11\/1507-1-12-1.jpg\",\"contentUrl\":\"https:\/\/livrariasolmar.pt\/wp-content\/uploads\/2025\/11\/1507-1-12-1.jpg\",\"width\":400,\"height\":448},{\"@type\":\"WebPage\",\"@id\":\"https:\/\/livrariasolmar.pt\/produto\/coragem-para-sentir\/#webpage\",\"url\":\"https:\/\/livrariasolmar.pt\/produto\/coragem-para-sentir\/\",\"name\":\"Coragem para Sentir - Livraria Solmar - Livraria online\",\"isPartOf\":{\"@id\":\"https:\/\/livrariasolmar.pt\/#website\"},\"primaryImageOfPage\":{\"@id\":\"https:\/\/livrariasolmar.pt\/produto\/coragem-para-sentir\/#primaryimage\"},\"datePublished\":\"2025-11-24T15:38:19+00:00\",\"dateModified\":\"2025-12-24T17:17:07+00:00\",\"breadcrumb\":{\"@id\":\"https:\/\/livrariasolmar.pt\/produto\/coragem-para-sentir\/#breadcrumb\"},\"inLanguage\":\"en-US\",\"potentialAction\":[{\"@type\":\"ReadAction\",\"target\":[\"https:\/\/livrariasolmar.pt\/produto\/coragem-para-sentir\/\"]}]},{\"@type\":\"BreadcrumbList\",\"@id\":\"https:\/\/livrariasolmar.pt\/produto\/coragem-para-sentir\/#breadcrumb\",\"itemListElement\":[{\"@type\":\"ListItem\",\"position\":1,\"name\":\"In\\u00edcio\",\"item\":\"https:\/\/livrariasolmar.pt\/en\/\"},{\"@type\":\"ListItem\",\"position\":2,\"name\":\"Shop\",\"item\":\"https:\/\/livrariasolmar.pt\/en\/shop\/\"},{\"@type\":\"ListItem\",\"position\":3,\"name\":\"Coragem para Sentir\"}]}]}<\/script>\n<!-- \/ Yoast SEO plugin. -->","_links":{"self":[{"href":"https:\/\/livrariasolmar.pt\/en\/wp-json\/wp\/v2\/product\/11359"}],"collection":[{"href":"https:\/\/livrariasolmar.pt\/en\/wp-json\/wp\/v2\/product"}],"about":[{"href":"https:\/\/livrariasolmar.pt\/en\/wp-json\/wp\/v2\/types\/product"}],"author":[{"embeddable":true,"href":"https:\/\/livrariasolmar.pt\/en\/wp-json\/wp\/v2\/users\/2"}],"wp:featuredmedia":[{"embeddable":true,"href":"https:\/\/livrariasolmar.pt\/en\/wp-json\/wp\/v2\/media\/11360"}],"wp:attachment":[{"href":"https:\/\/livrariasolmar.pt\/en\/wp-json\/wp\/v2\/media?parent=11359"}],"wp:term":[{"taxonomy":"product_cat","embeddable":true,"href":"https:\/\/livrariasolmar.pt\/en\/wp-json\/wp\/v2\/product_cat?post=11359"},{"taxonomy":"product_tag","embeddable":true,"href":"https:\/\/livrariasolmar.pt\/en\/wp-json\/wp\/v2\/product_tag?post=11359"},{"taxonomy":"cat_produtos","embeddable":true,"href":"https:\/\/livrariasolmar.pt\/en\/wp-json\/wp\/v2\/cat_produtos?post=11359"}],"curies":[{"name":"wp","href":"https:\/\/api.w.org\/{rel}","templated":true}]}}