{"id":11367,"date":"2025-11-24T17:36:06","date_gmt":"2025-11-24T17:36:06","guid":{"rendered":"https:\/\/livrariasolmar.pt\/?post_type=product&#038;p=11367"},"modified":"2025-11-28T17:29:43","modified_gmt":"2025-11-28T17:29:43","slug":"novas-fases-da-lua-diario-2017-2024","status":"publish","type":"product","link":"https:\/\/livrariasolmar.pt\/en\/produto\/novas-fases-da-lua-diario-2017-2024\/","title":{"rendered":"Novas Fases da Lua . Di\u00e1rio (2017-2024)"},"content":{"rendered":"","protected":false},"excerpt":{"rendered":"<p>Nos 50 anos de vida liter\u00e1ria de Jo\u00e3o de Melo, um livro que revela os seus pensamentos mais \u00edntimos e a suas sens\u00edveis reflex\u00f5es sobre o mundo em que vivemos.<\/p>\n<p>O di\u00e1rio, enquanto g\u00e9nero liter\u00e1rio, \u00e9 uma revela\u00e7\u00e3o dos sil\u00eancios, segredos e mist\u00e9rios do escritor perante o tempo e o mundo. Exige-lhe disciplina, persist\u00eancia e sobretudo coragem, e mais ainda consci\u00eancia do risco na sua publica\u00e7\u00e3o. Nele se revelam n\u00e3o o quotidiano \u00edntimo de quem o escreve, mas os seus modos de ver e opinar sobre si mesmo e sobre os outros; o pensamento social, cultural e pol\u00edtico que a realidade lhe oferece. Ningu\u00e9m deve ser neutro nem silencioso perante o coletivo; muito menos o escritor o ser\u00e1.<\/p>\n<p>Nestas\u00a0<i>Novas Fases da Lua<\/i>, todos os caminhos tem\u00e1ticos s\u00e3o transit\u00e1veis. Jo\u00e3o de Melo entra e sai de tudo o que se lhe oferece registar: as trag\u00e9dias e l\u00e1stimas do mundo (guerras, prepot\u00eancias, injusti\u00e7as de toda a ordem), e tamb\u00e9m os seus contr\u00e1rios: a fraternidade humana como ideologia, \u00e9tica, cria\u00e7\u00e3o, arte e literatura. Esses os temas, motivos, entradas e sa\u00eddas do presente di\u00e1rio, cuja amplitude temporal cobre o per\u00edodo de 2017 a 2024.<\/p>\n<p>O elemento aglutinador deste acervo de escrita, reside, obviamente, na j\u00e1 conhecida linguagem do autor. O leitor \u00e9 aqui confrontado com a sua express\u00e3o sentimental, ideol\u00f3gica, liter\u00e1ria e pessoal. Recorrendo a um velho princ\u00edpio da sabedoria, tamb\u00e9m nada do que \u00e9 humano lhe \u00e9 estranho.<\/p>\n","protected":false},"author":2,"featured_media":11368,"template":"","meta":[],"product_cat":[146],"product_tag":[],"cat_produtos":[204],"yoast_head":"<!-- This site is optimized with the Yoast SEO plugin v16.6 - https:\/\/yoast.com\/wordpress\/plugins\/seo\/ -->\n<title>Novas Fases da Lua . Di\u00e1rio (2017-2024) - Livraria Solmar - Livraria online<\/title>\n<meta name=\"robots\" content=\"index, follow, max-snippet:-1, max-image-preview:large, max-video-preview:-1\" \/>\n<link rel=\"canonical\" href=\"https:\/\/livrariasolmar.pt\/en\/produto\/novas-fases-da-lua-diario-2017-2024\/\" \/>\n<meta property=\"og:locale\" content=\"en_US\" \/>\n<meta property=\"og:type\" content=\"article\" \/>\n<meta property=\"og:title\" content=\"Novas Fases da Lua . Di\u00e1rio (2017-2024) - Livraria Solmar - Livraria online\" \/>\n<meta property=\"og:description\" content=\"Nos 50 anos de vida liter\u00e1ria de Jo\u00e3o de Melo, um livro que revela os seus pensamentos mais \u00edntimos e a suas sens\u00edveis reflex\u00f5es sobre o mundo em que vivemos.  O di\u00e1rio, enquanto g\u00e9nero liter\u00e1rio, \u00e9 uma revela\u00e7\u00e3o dos sil\u00eancios, segredos e mist\u00e9rios do escritor perante o tempo e o mundo. Exige-lhe disciplina, persist\u00eancia e sobretudo coragem, e mais ainda consci\u00eancia do risco na sua publica\u00e7\u00e3o. Nele se revelam n\u00e3o o quotidiano \u00edntimo de quem o escreve, mas os seus modos de ver e opinar sobre si mesmo e sobre os outros; o pensamento social, cultural e pol\u00edtico que a realidade lhe oferece. Ningu\u00e9m deve ser neutro nem silencioso perante o coletivo; muito menos o escritor o ser\u00e1.  Nestas\u00a0Novas Fases da Lua, todos os caminhos tem\u00e1ticos s\u00e3o transit\u00e1veis. Jo\u00e3o de Melo entra e sai de tudo o que se lhe oferece registar: as trag\u00e9dias e l\u00e1stimas do mundo (guerras, prepot\u00eancias, injusti\u00e7as de toda a ordem), e tamb\u00e9m os seus contr\u00e1rios: a fraternidade humana como ideologia, \u00e9tica, cria\u00e7\u00e3o, arte e literatura. Esses os temas, motivos, entradas e sa\u00eddas do presente di\u00e1rio, cuja amplitude temporal cobre o per\u00edodo de 2017 a 2024.  O elemento aglutinador deste acervo de escrita, reside, obviamente, na j\u00e1 conhecida linguagem do autor. O leitor \u00e9 aqui confrontado com a sua express\u00e3o sentimental, ideol\u00f3gica, liter\u00e1ria e pessoal. Recorrendo a um velho princ\u00edpio da sabedoria, tamb\u00e9m nada do que \u00e9 humano lhe \u00e9 estranho.\" \/>\n<meta property=\"og:url\" content=\"https:\/\/livrariasolmar.pt\/produto\/novas-fases-da-lua-diario-2017-2024\/\" \/>\n<meta property=\"og:site_name\" content=\"Livraria Solmar - Livraria online\" \/>\n<meta property=\"article:modified_time\" content=\"2025-11-28T17:29:43+00:00\" \/>\n<meta property=\"og:image\" content=\"https:\/\/livrariasolmar.pt\/wp-content\/uploads\/2025\/11\/500_9789722086325_novas_fases_da_lua.jpg\" \/>\n\t<meta property=\"og:image:width\" content=\"334\" \/>\n\t<meta property=\"og:image:height\" content=\"500\" \/>\n<meta name=\"twitter:card\" content=\"summary_large_image\" \/>\n<script type=\"application\/ld+json\" class=\"yoast-schema-graph\">{\"@context\":\"https:\/\/schema.org\",\"@graph\":[{\"@type\":\"WebSite\",\"@id\":\"https:\/\/livrariasolmar.pt\/#website\",\"url\":\"https:\/\/livrariasolmar.pt\/\",\"name\":\"Livraria Solmar - Livraria online\",\"description\":\"Com\\u00e9rcio Livros E Objetos De Arte, Lda - Ponta Delgada, A\\u00e7ores\",\"potentialAction\":[{\"@type\":\"SearchAction\",\"target\":{\"@type\":\"EntryPoint\",\"urlTemplate\":\"https:\/\/livrariasolmar.pt\/?s={search_term_string}\"},\"query-input\":\"required name=search_term_string\"}],\"inLanguage\":\"en-US\"},{\"@type\":\"ImageObject\",\"@id\":\"https:\/\/livrariasolmar.pt\/produto\/novas-fases-da-lua-diario-2017-2024\/#primaryimage\",\"inLanguage\":\"en-US\",\"url\":\"https:\/\/livrariasolmar.pt\/wp-content\/uploads\/2025\/11\/500_9789722086325_novas_fases_da_lua.jpg\",\"contentUrl\":\"https:\/\/livrariasolmar.pt\/wp-content\/uploads\/2025\/11\/500_9789722086325_novas_fases_da_lua.jpg\",\"width\":334,\"height\":500},{\"@type\":\"WebPage\",\"@id\":\"https:\/\/livrariasolmar.pt\/produto\/novas-fases-da-lua-diario-2017-2024\/#webpage\",\"url\":\"https:\/\/livrariasolmar.pt\/produto\/novas-fases-da-lua-diario-2017-2024\/\",\"name\":\"Novas Fases da Lua . Di\\u00e1rio (2017-2024) - Livraria Solmar - Livraria online\",\"isPartOf\":{\"@id\":\"https:\/\/livrariasolmar.pt\/#website\"},\"primaryImageOfPage\":{\"@id\":\"https:\/\/livrariasolmar.pt\/produto\/novas-fases-da-lua-diario-2017-2024\/#primaryimage\"},\"datePublished\":\"2025-11-24T17:36:06+00:00\",\"dateModified\":\"2025-11-28T17:29:43+00:00\",\"breadcrumb\":{\"@id\":\"https:\/\/livrariasolmar.pt\/produto\/novas-fases-da-lua-diario-2017-2024\/#breadcrumb\"},\"inLanguage\":\"en-US\",\"potentialAction\":[{\"@type\":\"ReadAction\",\"target\":[\"https:\/\/livrariasolmar.pt\/produto\/novas-fases-da-lua-diario-2017-2024\/\"]}]},{\"@type\":\"BreadcrumbList\",\"@id\":\"https:\/\/livrariasolmar.pt\/produto\/novas-fases-da-lua-diario-2017-2024\/#breadcrumb\",\"itemListElement\":[{\"@type\":\"ListItem\",\"position\":1,\"name\":\"In\\u00edcio\",\"item\":\"https:\/\/livrariasolmar.pt\/en\/\"},{\"@type\":\"ListItem\",\"position\":2,\"name\":\"Shop\",\"item\":\"https:\/\/livrariasolmar.pt\/en\/shop\/\"},{\"@type\":\"ListItem\",\"position\":3,\"name\":\"Novas Fases da Lua . Di\\u00e1rio (2017-2024)\"}]}]}<\/script>\n<!-- \/ Yoast SEO plugin. -->","_links":{"self":[{"href":"https:\/\/livrariasolmar.pt\/en\/wp-json\/wp\/v2\/product\/11367"}],"collection":[{"href":"https:\/\/livrariasolmar.pt\/en\/wp-json\/wp\/v2\/product"}],"about":[{"href":"https:\/\/livrariasolmar.pt\/en\/wp-json\/wp\/v2\/types\/product"}],"author":[{"embeddable":true,"href":"https:\/\/livrariasolmar.pt\/en\/wp-json\/wp\/v2\/users\/2"}],"wp:featuredmedia":[{"embeddable":true,"href":"https:\/\/livrariasolmar.pt\/en\/wp-json\/wp\/v2\/media\/11368"}],"wp:attachment":[{"href":"https:\/\/livrariasolmar.pt\/en\/wp-json\/wp\/v2\/media?parent=11367"}],"wp:term":[{"taxonomy":"product_cat","embeddable":true,"href":"https:\/\/livrariasolmar.pt\/en\/wp-json\/wp\/v2\/product_cat?post=11367"},{"taxonomy":"product_tag","embeddable":true,"href":"https:\/\/livrariasolmar.pt\/en\/wp-json\/wp\/v2\/product_tag?post=11367"},{"taxonomy":"cat_produtos","embeddable":true,"href":"https:\/\/livrariasolmar.pt\/en\/wp-json\/wp\/v2\/cat_produtos?post=11367"}],"curies":[{"name":"wp","href":"https:\/\/api.w.org\/{rel}","templated":true}]}}