{"id":11370,"date":"2025-11-25T17:07:04","date_gmt":"2025-11-25T17:07:04","guid":{"rendered":"https:\/\/livrariasolmar.pt\/?post_type=product&#038;p=11370"},"modified":"2026-01-17T19:33:27","modified_gmt":"2026-01-17T19:33:27","slug":"o-mel-sem-abelhas","status":"publish","type":"product","link":"https:\/\/livrariasolmar.pt\/en\/produto\/o-mel-sem-abelhas\/","title":{"rendered":"O Mel sem Abelhas"},"content":{"rendered":"","protected":false},"excerpt":{"rendered":"<p><i>O Mel sem Abelhas<\/i>, o mais recente romance de Judite Canha Fernandes, vencedora do Pr\u00e9mio Liter\u00e1rio Revela\u00e7\u00e3o Agustina Bessa-Lu\u00eds 2018 com\u00a0<i>Um Passo para Sul<\/i>, \u00e9 uma fic\u00e7\u00e3o hist\u00f3rica centrada na cultura da cana do a\u00e7\u00facar na ilha da Madeira. O seu t\u00edtulo nasceu da express\u00e3o \u00abJuncos que produzem mel sem abelhas\u00bb, utilizada para designar a cana-de-a\u00e7\u00facar, quando a encontraram pela primeira vez \u00cdndia, cerca do s\u00e9culo V A.C.<\/p>\n<p>A novela descreve a hist\u00f3ria de Marta, que chega \u00e0 cidade do Funchal vinda de Angola no decorrer do s\u00e9culo XVI, para trabalhar como escrava na cultura da cana. Com o olhar do medo, acompanhado pelo fasc\u00ednio do novo que se lhe apresenta na ilha, v\u00ea-se na necessidade de encontrar na cidade do Funchal alguma forma de abrigo e, simultaneamente, inventar um modo de voltar a casa.<\/p>\n<p>Fruto de uma exaustiva investiga\u00e7\u00e3o hist\u00f3rica e da afirma\u00e7\u00e3o de um talento liter\u00e1rio singular j\u00e1 anunciado no seu primeiro romance, Judite Canha Fernandes tra\u00e7a a hist\u00f3ria da escravatura portuguesa e da sociedade colonial madeirense do s\u00e9culo XVI a\u00e7ucareiro atrav\u00e9s voz de uma mulher escravizada, num romance profundamente original que \u00e9 tamb\u00e9m um fresco de uma \u00e9poca e de uma condi\u00e7\u00e3o social.<\/p>\n","protected":false},"author":2,"featured_media":11371,"template":"","meta":[],"product_cat":[153],"product_tag":[],"cat_produtos":[1895],"yoast_head":"<!-- This site is optimized with the Yoast SEO plugin v16.6 - https:\/\/yoast.com\/wordpress\/plugins\/seo\/ -->\n<title>O Mel sem Abelhas - Livraria Solmar - Livraria online<\/title>\n<meta name=\"robots\" content=\"index, follow, max-snippet:-1, max-image-preview:large, max-video-preview:-1\" \/>\n<link rel=\"canonical\" href=\"https:\/\/livrariasolmar.pt\/en\/produto\/o-mel-sem-abelhas\/\" \/>\n<meta property=\"og:locale\" content=\"en_US\" \/>\n<meta property=\"og:type\" content=\"article\" \/>\n<meta property=\"og:title\" content=\"O Mel sem Abelhas - Livraria Solmar - Livraria online\" \/>\n<meta property=\"og:description\" content=\"O Mel sem Abelhas, o mais recente romance de Judite Canha Fernandes, vencedora do Pr\u00e9mio Liter\u00e1rio Revela\u00e7\u00e3o Agustina Bessa-Lu\u00eds 2018 com\u00a0Um Passo para Sul, \u00e9 uma fic\u00e7\u00e3o hist\u00f3rica centrada na cultura da cana do a\u00e7\u00facar na ilha da Madeira. O seu t\u00edtulo nasceu da express\u00e3o \u00abJuncos que produzem mel sem abelhas\u00bb, utilizada para designar a cana-de-a\u00e7\u00facar, quando a encontraram pela primeira vez \u00cdndia, cerca do s\u00e9culo V A.C.  A novela descreve a hist\u00f3ria de Marta, que chega \u00e0 cidade do Funchal vinda de Angola no decorrer do s\u00e9culo XVI, para trabalhar como escrava na cultura da cana. Com o olhar do medo, acompanhado pelo fasc\u00ednio do novo que se lhe apresenta na ilha, v\u00ea-se na necessidade de encontrar na cidade do Funchal alguma forma de abrigo e, simultaneamente, inventar um modo de voltar a casa.  Fruto de uma exaustiva investiga\u00e7\u00e3o hist\u00f3rica e da afirma\u00e7\u00e3o de um talento liter\u00e1rio singular j\u00e1 anunciado no seu primeiro romance, Judite Canha Fernandes tra\u00e7a a hist\u00f3ria da escravatura portuguesa e da sociedade colonial madeirense do s\u00e9culo XVI a\u00e7ucareiro atrav\u00e9s voz de uma mulher escravizada, num romance profundamente original que \u00e9 tamb\u00e9m um fresco de uma \u00e9poca e de uma condi\u00e7\u00e3o social.\" \/>\n<meta property=\"og:url\" content=\"https:\/\/livrariasolmar.pt\/produto\/o-mel-sem-abelhas\/\" \/>\n<meta property=\"og:site_name\" content=\"Livraria Solmar - Livraria online\" \/>\n<meta property=\"article:modified_time\" content=\"2026-01-17T19:33:27+00:00\" \/>\n<meta property=\"og:image\" content=\"https:\/\/livrariasolmar.pt\/wp-content\/uploads\/2025\/11\/1540-1-29-2.jpg\" \/>\n\t<meta property=\"og:image:width\" content=\"340\" \/>\n\t<meta property=\"og:image:height\" content=\"340\" \/>\n<meta name=\"twitter:card\" content=\"summary_large_image\" \/>\n<script type=\"application\/ld+json\" class=\"yoast-schema-graph\">{\"@context\":\"https:\/\/schema.org\",\"@graph\":[{\"@type\":\"WebSite\",\"@id\":\"https:\/\/livrariasolmar.pt\/#website\",\"url\":\"https:\/\/livrariasolmar.pt\/\",\"name\":\"Livraria Solmar - Livraria online\",\"description\":\"Com\\u00e9rcio Livros E Objetos De Arte, Lda - Ponta Delgada, A\\u00e7ores\",\"potentialAction\":[{\"@type\":\"SearchAction\",\"target\":{\"@type\":\"EntryPoint\",\"urlTemplate\":\"https:\/\/livrariasolmar.pt\/?s={search_term_string}\"},\"query-input\":\"required name=search_term_string\"}],\"inLanguage\":\"en-US\"},{\"@type\":\"ImageObject\",\"@id\":\"https:\/\/livrariasolmar.pt\/produto\/o-mel-sem-abelhas\/#primaryimage\",\"inLanguage\":\"en-US\",\"url\":\"https:\/\/livrariasolmar.pt\/wp-content\/uploads\/2025\/11\/1540-1-29-2.jpg\",\"contentUrl\":\"https:\/\/livrariasolmar.pt\/wp-content\/uploads\/2025\/11\/1540-1-29-2.jpg\",\"width\":340,\"height\":340},{\"@type\":\"WebPage\",\"@id\":\"https:\/\/livrariasolmar.pt\/produto\/o-mel-sem-abelhas\/#webpage\",\"url\":\"https:\/\/livrariasolmar.pt\/produto\/o-mel-sem-abelhas\/\",\"name\":\"O Mel sem Abelhas - Livraria Solmar - Livraria online\",\"isPartOf\":{\"@id\":\"https:\/\/livrariasolmar.pt\/#website\"},\"primaryImageOfPage\":{\"@id\":\"https:\/\/livrariasolmar.pt\/produto\/o-mel-sem-abelhas\/#primaryimage\"},\"datePublished\":\"2025-11-25T17:07:04+00:00\",\"dateModified\":\"2026-01-17T19:33:27+00:00\",\"breadcrumb\":{\"@id\":\"https:\/\/livrariasolmar.pt\/produto\/o-mel-sem-abelhas\/#breadcrumb\"},\"inLanguage\":\"en-US\",\"potentialAction\":[{\"@type\":\"ReadAction\",\"target\":[\"https:\/\/livrariasolmar.pt\/produto\/o-mel-sem-abelhas\/\"]}]},{\"@type\":\"BreadcrumbList\",\"@id\":\"https:\/\/livrariasolmar.pt\/produto\/o-mel-sem-abelhas\/#breadcrumb\",\"itemListElement\":[{\"@type\":\"ListItem\",\"position\":1,\"name\":\"In\\u00edcio\",\"item\":\"https:\/\/livrariasolmar.pt\/en\/\"},{\"@type\":\"ListItem\",\"position\":2,\"name\":\"Shop\",\"item\":\"https:\/\/livrariasolmar.pt\/en\/shop\/\"},{\"@type\":\"ListItem\",\"position\":3,\"name\":\"O Mel sem Abelhas\"}]}]}<\/script>\n<!-- \/ Yoast SEO plugin. -->","_links":{"self":[{"href":"https:\/\/livrariasolmar.pt\/en\/wp-json\/wp\/v2\/product\/11370"}],"collection":[{"href":"https:\/\/livrariasolmar.pt\/en\/wp-json\/wp\/v2\/product"}],"about":[{"href":"https:\/\/livrariasolmar.pt\/en\/wp-json\/wp\/v2\/types\/product"}],"author":[{"embeddable":true,"href":"https:\/\/livrariasolmar.pt\/en\/wp-json\/wp\/v2\/users\/2"}],"wp:featuredmedia":[{"embeddable":true,"href":"https:\/\/livrariasolmar.pt\/en\/wp-json\/wp\/v2\/media\/11371"}],"wp:attachment":[{"href":"https:\/\/livrariasolmar.pt\/en\/wp-json\/wp\/v2\/media?parent=11370"}],"wp:term":[{"taxonomy":"product_cat","embeddable":true,"href":"https:\/\/livrariasolmar.pt\/en\/wp-json\/wp\/v2\/product_cat?post=11370"},{"taxonomy":"product_tag","embeddable":true,"href":"https:\/\/livrariasolmar.pt\/en\/wp-json\/wp\/v2\/product_tag?post=11370"},{"taxonomy":"cat_produtos","embeddable":true,"href":"https:\/\/livrariasolmar.pt\/en\/wp-json\/wp\/v2\/cat_produtos?post=11370"}],"curies":[{"name":"wp","href":"https:\/\/api.w.org\/{rel}","templated":true}]}}