{"id":11379,"date":"2025-11-25T19:21:59","date_gmt":"2025-11-25T19:21:59","guid":{"rendered":"https:\/\/livrariasolmar.pt\/?post_type=product&#038;p=11379"},"modified":"2026-02-19T18:16:21","modified_gmt":"2026-02-19T18:16:21","slug":"o-ausente","status":"publish","type":"product","link":"https:\/\/livrariasolmar.pt\/en\/produto\/o-ausente\/","title":{"rendered":"O Ausente"},"content":{"rendered":"","protected":false},"excerpt":{"rendered":"<p>Tr\u00eas mulheres.<br \/>\nTr\u00eas encontros.<br \/>\nNenhum aconteceu.<\/p>\n<p>8h52: Shiobhan est\u00e1 ansiosa pelo seu encontro de pequeno-almo\u00e7o com Joseph. Ficou surpreendida com o convite, pois costumam encontrar-se apenas \u00e0 noite, em quartos de hotel, quando ela est\u00e1 em Londres em sess\u00f5es de trabalho como life coach. Um encontro no Dia dos Namorados s\u00f3 pode significar que as coisas est\u00e3o a ficar mais s\u00e9rias. Mas, se \u00e9 assim, onde \u00e9 que ele se meteu?<\/p>\n<p>14h43: Para Miranda, o almo\u00e7o do Dia dos Namorados com Carter ser\u00e1 uma \u00f3tima oportunidade para celebrar o seu novo trabalho como cirurgi\u00e3 de \u00e1rvores. As coisas parecem estar finalmente a encaixar-se: tem um trabalho que adora e uma rela\u00e7\u00e3o que dura h\u00e1 cinco meses com um homem que parece maravilhoso. Ent\u00e3o, porque \u00e9 que ele n\u00e3o apareceu?<\/p>\n<p>18h30: Jane contava que Joseph Carter cumprisse a sua promessa de a acompanhar \u00e0 festa de noivado de uma colega de trabalho da loja solid\u00e1ria, fingindo ser o seu namorado. Eles n\u00e3o se conhecem h\u00e1 muito tempo, mas a amizade que os uniu em torno dos livros \u00e9 a parte preferida de Jane da sua nova vida em Winchester. E ele prometeu n\u00e3o a deixar sozinha esta noite, mas a verdade \u00e9 que falhou.<\/p>\n<p>O que une estas tr\u00eas mulheres parece ser apenas o facto de terem ficado penduradas no Dia dos Namorados. Mas ser\u00e1 que o motivo para isso \u00e9 assim t\u00e3o \u00f3bvio? Ou haver\u00e1 algo mais na hist\u00f3ria de Joseph Carter?<\/p>\n","protected":false},"author":2,"featured_media":11380,"template":"","meta":[],"product_cat":[477],"product_tag":[],"cat_produtos":[],"yoast_head":"<!-- This site is optimized with the Yoast SEO plugin v16.6 - https:\/\/yoast.com\/wordpress\/plugins\/seo\/ -->\n<title>O Ausente - Livraria Solmar - Livraria online<\/title>\n<meta name=\"robots\" content=\"index, follow, max-snippet:-1, max-image-preview:large, max-video-preview:-1\" \/>\n<link rel=\"canonical\" href=\"https:\/\/livrariasolmar.pt\/en\/produto\/o-ausente\/\" \/>\n<meta property=\"og:locale\" content=\"en_US\" \/>\n<meta property=\"og:type\" content=\"article\" \/>\n<meta property=\"og:title\" content=\"O Ausente - Livraria Solmar - Livraria online\" \/>\n<meta property=\"og:description\" content=\"Tr\u00eas mulheres. Tr\u00eas encontros. Nenhum aconteceu.  8h52: Shiobhan est\u00e1 ansiosa pelo seu encontro de pequeno-almo\u00e7o com Joseph. Ficou surpreendida com o convite, pois costumam encontrar-se apenas \u00e0 noite, em quartos de hotel, quando ela est\u00e1 em Londres em sess\u00f5es de trabalho como life coach. Um encontro no Dia dos Namorados s\u00f3 pode significar que as coisas est\u00e3o a ficar mais s\u00e9rias. Mas, se \u00e9 assim, onde \u00e9 que ele se meteu?  14h43: Para Miranda, o almo\u00e7o do Dia dos Namorados com Carter ser\u00e1 uma \u00f3tima oportunidade para celebrar o seu novo trabalho como cirurgi\u00e3 de \u00e1rvores. As coisas parecem estar finalmente a encaixar-se: tem um trabalho que adora e uma rela\u00e7\u00e3o que dura h\u00e1 cinco meses com um homem que parece maravilhoso. Ent\u00e3o, porque \u00e9 que ele n\u00e3o apareceu?  18h30: Jane contava que Joseph Carter cumprisse a sua promessa de a acompanhar \u00e0 festa de noivado de uma colega de trabalho da loja solid\u00e1ria, fingindo ser o seu namorado. Eles n\u00e3o se conhecem h\u00e1 muito tempo, mas a amizade que os uniu em torno dos livros \u00e9 a parte preferida de Jane da sua nova vida em Winchester. E ele prometeu n\u00e3o a deixar sozinha esta noite, mas a verdade \u00e9 que falhou.  O que une estas tr\u00eas mulheres parece ser apenas o facto de terem ficado penduradas no Dia dos Namorados. Mas ser\u00e1 que o motivo para isso \u00e9 assim t\u00e3o \u00f3bvio? Ou haver\u00e1 algo mais na hist\u00f3ria de Joseph Carter?\" \/>\n<meta property=\"og:url\" content=\"https:\/\/livrariasolmar.pt\/produto\/o-ausente\/\" \/>\n<meta property=\"og:site_name\" content=\"Livraria Solmar - Livraria online\" \/>\n<meta property=\"article:modified_time\" content=\"2026-02-19T18:16:21+00:00\" \/>\n<meta property=\"og:image\" content=\"https:\/\/livrariasolmar.pt\/wp-content\/uploads\/2025\/11\/1540-1-32-2.jpg\" \/>\n\t<meta property=\"og:image:width\" content=\"340\" \/>\n\t<meta property=\"og:image:height\" content=\"340\" \/>\n<meta name=\"twitter:card\" content=\"summary_large_image\" \/>\n<script type=\"application\/ld+json\" class=\"yoast-schema-graph\">{\"@context\":\"https:\/\/schema.org\",\"@graph\":[{\"@type\":\"WebSite\",\"@id\":\"https:\/\/livrariasolmar.pt\/#website\",\"url\":\"https:\/\/livrariasolmar.pt\/\",\"name\":\"Livraria Solmar - Livraria online\",\"description\":\"Com\\u00e9rcio Livros E Objetos De Arte, Lda - Ponta Delgada, A\\u00e7ores\",\"potentialAction\":[{\"@type\":\"SearchAction\",\"target\":{\"@type\":\"EntryPoint\",\"urlTemplate\":\"https:\/\/livrariasolmar.pt\/?s={search_term_string}\"},\"query-input\":\"required name=search_term_string\"}],\"inLanguage\":\"en-US\"},{\"@type\":\"ImageObject\",\"@id\":\"https:\/\/livrariasolmar.pt\/produto\/o-ausente\/#primaryimage\",\"inLanguage\":\"en-US\",\"url\":\"https:\/\/livrariasolmar.pt\/wp-content\/uploads\/2025\/11\/1540-1-32-2.jpg\",\"contentUrl\":\"https:\/\/livrariasolmar.pt\/wp-content\/uploads\/2025\/11\/1540-1-32-2.jpg\",\"width\":340,\"height\":340},{\"@type\":\"WebPage\",\"@id\":\"https:\/\/livrariasolmar.pt\/produto\/o-ausente\/#webpage\",\"url\":\"https:\/\/livrariasolmar.pt\/produto\/o-ausente\/\",\"name\":\"O Ausente - Livraria Solmar - Livraria online\",\"isPartOf\":{\"@id\":\"https:\/\/livrariasolmar.pt\/#website\"},\"primaryImageOfPage\":{\"@id\":\"https:\/\/livrariasolmar.pt\/produto\/o-ausente\/#primaryimage\"},\"datePublished\":\"2025-11-25T19:21:59+00:00\",\"dateModified\":\"2026-02-19T18:16:21+00:00\",\"breadcrumb\":{\"@id\":\"https:\/\/livrariasolmar.pt\/produto\/o-ausente\/#breadcrumb\"},\"inLanguage\":\"en-US\",\"potentialAction\":[{\"@type\":\"ReadAction\",\"target\":[\"https:\/\/livrariasolmar.pt\/produto\/o-ausente\/\"]}]},{\"@type\":\"BreadcrumbList\",\"@id\":\"https:\/\/livrariasolmar.pt\/produto\/o-ausente\/#breadcrumb\",\"itemListElement\":[{\"@type\":\"ListItem\",\"position\":1,\"name\":\"In\\u00edcio\",\"item\":\"https:\/\/livrariasolmar.pt\/en\/\"},{\"@type\":\"ListItem\",\"position\":2,\"name\":\"Shop\",\"item\":\"https:\/\/livrariasolmar.pt\/en\/shop\/\"},{\"@type\":\"ListItem\",\"position\":3,\"name\":\"O Ausente\"}]}]}<\/script>\n<!-- \/ Yoast SEO plugin. -->","_links":{"self":[{"href":"https:\/\/livrariasolmar.pt\/en\/wp-json\/wp\/v2\/product\/11379"}],"collection":[{"href":"https:\/\/livrariasolmar.pt\/en\/wp-json\/wp\/v2\/product"}],"about":[{"href":"https:\/\/livrariasolmar.pt\/en\/wp-json\/wp\/v2\/types\/product"}],"author":[{"embeddable":true,"href":"https:\/\/livrariasolmar.pt\/en\/wp-json\/wp\/v2\/users\/2"}],"wp:featuredmedia":[{"embeddable":true,"href":"https:\/\/livrariasolmar.pt\/en\/wp-json\/wp\/v2\/media\/11380"}],"wp:attachment":[{"href":"https:\/\/livrariasolmar.pt\/en\/wp-json\/wp\/v2\/media?parent=11379"}],"wp:term":[{"taxonomy":"product_cat","embeddable":true,"href":"https:\/\/livrariasolmar.pt\/en\/wp-json\/wp\/v2\/product_cat?post=11379"},{"taxonomy":"product_tag","embeddable":true,"href":"https:\/\/livrariasolmar.pt\/en\/wp-json\/wp\/v2\/product_tag?post=11379"},{"taxonomy":"cat_produtos","embeddable":true,"href":"https:\/\/livrariasolmar.pt\/en\/wp-json\/wp\/v2\/cat_produtos?post=11379"}],"curies":[{"name":"wp","href":"https:\/\/api.w.org\/{rel}","templated":true}]}}