{"id":11386,"date":"2025-12-05T16:26:07","date_gmt":"2025-12-05T16:26:07","guid":{"rendered":"https:\/\/livrariasolmar.pt\/?post_type=product&#038;p=11386"},"modified":"2026-01-30T19:02:30","modified_gmt":"2026-01-30T19:02:30","slug":"o-diario-de-um-banana-20-festa-de-arromba","status":"publish","type":"product","link":"https:\/\/livrariasolmar.pt\/en\/produto\/o-diario-de-um-banana-20-festa-de-arromba\/","title":{"rendered":"O Di\u00e1rio de um Banana 20: Festa de arromba"},"content":{"rendered":"","protected":false},"excerpt":{"rendered":"<p>Chegou o livro mais aguardado do ano!<\/p>\n<p>O Greg Heffley n\u00e3o \u00e9 f\u00e3 de surpresas, muito menos quando se trata da sua festa de anivers\u00e1rio! Ele n\u00e3o faz ideia do que os pais est\u00e3o a preparar para o grande dia, mas h\u00e1 uma forte probabilidade de os planos \u00e9picos da fam\u00edlia acabarem numa confus\u00e3o.<\/p>\n<p>Estar\u00e1 esta Festa de Arromba condenada a transformar-se numa festa fiasco?<\/p>\n","protected":false},"author":2,"featured_media":11387,"template":"","meta":[],"product_cat":[172,384],"product_tag":[],"cat_produtos":[1900],"yoast_head":"<!-- This site is optimized with the Yoast SEO plugin v16.6 - https:\/\/yoast.com\/wordpress\/plugins\/seo\/ -->\n<title>O Di\u00e1rio de um Banana 20: Festa de arromba - Livraria Solmar - Livraria online<\/title>\n<meta name=\"robots\" content=\"index, follow, max-snippet:-1, max-image-preview:large, max-video-preview:-1\" \/>\n<link rel=\"canonical\" href=\"https:\/\/livrariasolmar.pt\/en\/produto\/o-diario-de-um-banana-20-festa-de-arromba\/\" \/>\n<meta property=\"og:locale\" content=\"en_US\" \/>\n<meta property=\"og:type\" content=\"article\" \/>\n<meta property=\"og:title\" content=\"O Di\u00e1rio de um Banana 20: Festa de arromba - Livraria Solmar - Livraria online\" \/>\n<meta property=\"og:description\" content=\"Chegou o livro mais aguardado do ano!  O Greg Heffley n\u00e3o \u00e9 f\u00e3 de surpresas, muito menos quando se trata da sua festa de anivers\u00e1rio! Ele n\u00e3o faz ideia do que os pais est\u00e3o a preparar para o grande dia, mas h\u00e1 uma forte probabilidade de os planos \u00e9picos da fam\u00edlia acabarem numa confus\u00e3o.  Estar\u00e1 esta Festa de Arromba condenada a transformar-se numa festa fiasco?\" \/>\n<meta property=\"og:url\" content=\"https:\/\/livrariasolmar.pt\/produto\/o-diario-de-um-banana-20-festa-de-arromba\/\" \/>\n<meta property=\"og:site_name\" content=\"Livraria Solmar - Livraria online\" \/>\n<meta property=\"article:modified_time\" content=\"2026-01-30T19:02:30+00:00\" \/>\n<meta property=\"og:image\" content=\"https:\/\/livrariasolmar.pt\/wp-content\/uploads\/2025\/12\/1507-1.jpg\" \/>\n\t<meta property=\"og:image:width\" content=\"400\" \/>\n\t<meta property=\"og:image:height\" content=\"500\" \/>\n<meta name=\"twitter:card\" content=\"summary_large_image\" \/>\n<script type=\"application\/ld+json\" class=\"yoast-schema-graph\">{\"@context\":\"https:\/\/schema.org\",\"@graph\":[{\"@type\":\"WebSite\",\"@id\":\"https:\/\/livrariasolmar.pt\/#website\",\"url\":\"https:\/\/livrariasolmar.pt\/\",\"name\":\"Livraria Solmar - Livraria online\",\"description\":\"Com\\u00e9rcio Livros E Objetos De Arte, Lda - Ponta Delgada, A\\u00e7ores\",\"potentialAction\":[{\"@type\":\"SearchAction\",\"target\":{\"@type\":\"EntryPoint\",\"urlTemplate\":\"https:\/\/livrariasolmar.pt\/?s={search_term_string}\"},\"query-input\":\"required name=search_term_string\"}],\"inLanguage\":\"en-US\"},{\"@type\":\"ImageObject\",\"@id\":\"https:\/\/livrariasolmar.pt\/produto\/o-diario-de-um-banana-20-festa-de-arromba\/#primaryimage\",\"inLanguage\":\"en-US\",\"url\":\"https:\/\/livrariasolmar.pt\/wp-content\/uploads\/2025\/12\/1507-1.jpg\",\"contentUrl\":\"https:\/\/livrariasolmar.pt\/wp-content\/uploads\/2025\/12\/1507-1.jpg\",\"width\":400,\"height\":500},{\"@type\":\"WebPage\",\"@id\":\"https:\/\/livrariasolmar.pt\/produto\/o-diario-de-um-banana-20-festa-de-arromba\/#webpage\",\"url\":\"https:\/\/livrariasolmar.pt\/produto\/o-diario-de-um-banana-20-festa-de-arromba\/\",\"name\":\"O Di\\u00e1rio de um Banana 20: Festa de arromba - Livraria Solmar - Livraria online\",\"isPartOf\":{\"@id\":\"https:\/\/livrariasolmar.pt\/#website\"},\"primaryImageOfPage\":{\"@id\":\"https:\/\/livrariasolmar.pt\/produto\/o-diario-de-um-banana-20-festa-de-arromba\/#primaryimage\"},\"datePublished\":\"2025-12-05T16:26:07+00:00\",\"dateModified\":\"2026-01-30T19:02:30+00:00\",\"breadcrumb\":{\"@id\":\"https:\/\/livrariasolmar.pt\/produto\/o-diario-de-um-banana-20-festa-de-arromba\/#breadcrumb\"},\"inLanguage\":\"en-US\",\"potentialAction\":[{\"@type\":\"ReadAction\",\"target\":[\"https:\/\/livrariasolmar.pt\/produto\/o-diario-de-um-banana-20-festa-de-arromba\/\"]}]},{\"@type\":\"BreadcrumbList\",\"@id\":\"https:\/\/livrariasolmar.pt\/produto\/o-diario-de-um-banana-20-festa-de-arromba\/#breadcrumb\",\"itemListElement\":[{\"@type\":\"ListItem\",\"position\":1,\"name\":\"In\\u00edcio\",\"item\":\"https:\/\/livrariasolmar.pt\/en\/\"},{\"@type\":\"ListItem\",\"position\":2,\"name\":\"Shop\",\"item\":\"https:\/\/livrariasolmar.pt\/en\/shop\/\"},{\"@type\":\"ListItem\",\"position\":3,\"name\":\"O Di\\u00e1rio de um Banana 20: Festa de arromba\"}]}]}<\/script>\n<!-- \/ Yoast SEO plugin. -->","_links":{"self":[{"href":"https:\/\/livrariasolmar.pt\/en\/wp-json\/wp\/v2\/product\/11386"}],"collection":[{"href":"https:\/\/livrariasolmar.pt\/en\/wp-json\/wp\/v2\/product"}],"about":[{"href":"https:\/\/livrariasolmar.pt\/en\/wp-json\/wp\/v2\/types\/product"}],"author":[{"embeddable":true,"href":"https:\/\/livrariasolmar.pt\/en\/wp-json\/wp\/v2\/users\/2"}],"wp:featuredmedia":[{"embeddable":true,"href":"https:\/\/livrariasolmar.pt\/en\/wp-json\/wp\/v2\/media\/11387"}],"wp:attachment":[{"href":"https:\/\/livrariasolmar.pt\/en\/wp-json\/wp\/v2\/media?parent=11386"}],"wp:term":[{"taxonomy":"product_cat","embeddable":true,"href":"https:\/\/livrariasolmar.pt\/en\/wp-json\/wp\/v2\/product_cat?post=11386"},{"taxonomy":"product_tag","embeddable":true,"href":"https:\/\/livrariasolmar.pt\/en\/wp-json\/wp\/v2\/product_tag?post=11386"},{"taxonomy":"cat_produtos","embeddable":true,"href":"https:\/\/livrariasolmar.pt\/en\/wp-json\/wp\/v2\/cat_produtos?post=11386"}],"curies":[{"name":"wp","href":"https:\/\/api.w.org\/{rel}","templated":true}]}}