{"id":11400,"date":"2026-01-02T17:19:51","date_gmt":"2026-01-02T17:19:51","guid":{"rendered":"https:\/\/livrariasolmar.pt\/?post_type=product&#038;p=11400"},"modified":"2026-01-02T17:20:24","modified_gmt":"2026-01-02T17:20:24","slug":"blake-mortimer-a-ameaca-atlante","status":"publish","type":"product","link":"https:\/\/livrariasolmar.pt\/en\/produto\/blake-mortimer-a-ameaca-atlante\/","title":{"rendered":"Blake &#038; Mortimer &#8211; A Amea\u00e7a Atlante"},"content":{"rendered":"","protected":false},"excerpt":{"rendered":"<div>Encarregado de uma miss\u00e3o governamental de extrema import\u00e2ncia, Philip Mortimer viaja para a Esc\u00f3cia para estudar antigas terras vulc\u00e2nicas e testar a viabilidade de uma instala\u00e7\u00e3o geot\u00e9rmica. Assim, ele se v\u00ea na vanguarda dos terr\u00edveis fen\u00f4menos que afetam todo o Mar do Norte: nuvens de g\u00e1s t\u00f3xico e um tsunami gigantesco \u2013 tudo causado por explos\u00f5es inexplic\u00e1veis!<\/div>\n<div>As v\u00edtimas s\u00e3o in\u00fameras&#8230; sem mencionar os corpos mumificados de Doggerland (o leito do Mar do Norte) que sobem \u00e0 superf\u00edcie ap\u00f3s 10.000 anos.<\/div>\n<div>A manchete do Daily Mail: &#8220;O que est\u00e1 acontecer no Mar do Norte? A Yard est\u00e1 desamparada!&#8221;.<\/div>\n<div>\u00c9 hora de Francis Blake juntar-se a Mortimer!<\/div>\n<div>Com \u201cA Amea\u00e7a Atlante\u201d, Yves Sente e Peter van Dongen seguem os passos de E. P. Jacobs e o seu livro de 1957,\u00a0O Enigma de Atl\u00e2ntida.<\/div>\n","protected":false},"author":2,"featured_media":11401,"template":"","meta":[],"product_cat":[174],"product_tag":[],"cat_produtos":[1906],"yoast_head":"<!-- This site is optimized with the Yoast SEO plugin v16.6 - https:\/\/yoast.com\/wordpress\/plugins\/seo\/ -->\n<title>Blake &amp; Mortimer - A Amea\u00e7a Atlante - Livraria Solmar - Livraria online<\/title>\n<meta name=\"robots\" content=\"index, follow, max-snippet:-1, max-image-preview:large, max-video-preview:-1\" \/>\n<link rel=\"canonical\" href=\"https:\/\/livrariasolmar.pt\/en\/produto\/blake-mortimer-a-ameaca-atlante\/\" \/>\n<meta property=\"og:locale\" content=\"en_US\" \/>\n<meta property=\"og:type\" content=\"article\" \/>\n<meta property=\"og:title\" content=\"Blake &amp; Mortimer - A Amea\u00e7a Atlante - Livraria Solmar - Livraria online\" \/>\n<meta property=\"og:description\" content=\"Encarregado de uma miss\u00e3o governamental de extrema import\u00e2ncia, Philip Mortimer viaja para a Esc\u00f3cia para estudar antigas terras vulc\u00e2nicas e testar a viabilidade de uma instala\u00e7\u00e3o geot\u00e9rmica. Assim, ele se v\u00ea na vanguarda dos terr\u00edveis fen\u00f4menos que afetam todo o Mar do Norte: nuvens de g\u00e1s t\u00f3xico e um tsunami gigantesco \u2013 tudo causado por explos\u00f5es inexplic\u00e1veis! As v\u00edtimas s\u00e3o in\u00fameras... sem mencionar os corpos mumificados de Doggerland (o leito do Mar do Norte) que sobem \u00e0 superf\u00edcie ap\u00f3s 10.000 anos. A manchete do Daily Mail: &quot;O que est\u00e1 acontecer no Mar do Norte? A Yard est\u00e1 desamparada!&quot;. \u00c9 hora de Francis Blake juntar-se a Mortimer! Com \u201cA Amea\u00e7a Atlante\u201d, Yves Sente e Peter van Dongen seguem os passos de E. P. Jacobs e o seu livro de 1957,\u00a0O Enigma de Atl\u00e2ntida.\" \/>\n<meta property=\"og:url\" content=\"https:\/\/livrariasolmar.pt\/produto\/blake-mortimer-a-ameaca-atlante\/\" \/>\n<meta property=\"og:site_name\" content=\"Livraria Solmar - Livraria online\" \/>\n<meta property=\"article:modified_time\" content=\"2026-01-02T17:20:24+00:00\" \/>\n<meta property=\"og:image\" content=\"https:\/\/livrariasolmar.pt\/wp-content\/uploads\/2026\/01\/500_9789892366784_a_ameaca_atlante_classic.jpg\" \/>\n\t<meta property=\"og:image:width\" content=\"386\" \/>\n\t<meta property=\"og:image:height\" content=\"500\" \/>\n<meta name=\"twitter:card\" content=\"summary_large_image\" \/>\n<script type=\"application\/ld+json\" class=\"yoast-schema-graph\">{\"@context\":\"https:\/\/schema.org\",\"@graph\":[{\"@type\":\"WebSite\",\"@id\":\"https:\/\/livrariasolmar.pt\/#website\",\"url\":\"https:\/\/livrariasolmar.pt\/\",\"name\":\"Livraria Solmar - Livraria online\",\"description\":\"Com\\u00e9rcio Livros E Objetos De Arte, Lda - Ponta Delgada, A\\u00e7ores\",\"potentialAction\":[{\"@type\":\"SearchAction\",\"target\":{\"@type\":\"EntryPoint\",\"urlTemplate\":\"https:\/\/livrariasolmar.pt\/?s={search_term_string}\"},\"query-input\":\"required name=search_term_string\"}],\"inLanguage\":\"en-US\"},{\"@type\":\"ImageObject\",\"@id\":\"https:\/\/livrariasolmar.pt\/produto\/blake-mortimer-a-ameaca-atlante\/#primaryimage\",\"inLanguage\":\"en-US\",\"url\":\"https:\/\/livrariasolmar.pt\/wp-content\/uploads\/2026\/01\/500_9789892366784_a_ameaca_atlante_classic.jpg\",\"contentUrl\":\"https:\/\/livrariasolmar.pt\/wp-content\/uploads\/2026\/01\/500_9789892366784_a_ameaca_atlante_classic.jpg\",\"width\":386,\"height\":500},{\"@type\":\"WebPage\",\"@id\":\"https:\/\/livrariasolmar.pt\/produto\/blake-mortimer-a-ameaca-atlante\/#webpage\",\"url\":\"https:\/\/livrariasolmar.pt\/produto\/blake-mortimer-a-ameaca-atlante\/\",\"name\":\"Blake & Mortimer - A Amea\\u00e7a Atlante - Livraria Solmar - Livraria online\",\"isPartOf\":{\"@id\":\"https:\/\/livrariasolmar.pt\/#website\"},\"primaryImageOfPage\":{\"@id\":\"https:\/\/livrariasolmar.pt\/produto\/blake-mortimer-a-ameaca-atlante\/#primaryimage\"},\"datePublished\":\"2026-01-02T17:19:51+00:00\",\"dateModified\":\"2026-01-02T17:20:24+00:00\",\"breadcrumb\":{\"@id\":\"https:\/\/livrariasolmar.pt\/produto\/blake-mortimer-a-ameaca-atlante\/#breadcrumb\"},\"inLanguage\":\"en-US\",\"potentialAction\":[{\"@type\":\"ReadAction\",\"target\":[\"https:\/\/livrariasolmar.pt\/produto\/blake-mortimer-a-ameaca-atlante\/\"]}]},{\"@type\":\"BreadcrumbList\",\"@id\":\"https:\/\/livrariasolmar.pt\/produto\/blake-mortimer-a-ameaca-atlante\/#breadcrumb\",\"itemListElement\":[{\"@type\":\"ListItem\",\"position\":1,\"name\":\"In\\u00edcio\",\"item\":\"https:\/\/livrariasolmar.pt\/en\/\"},{\"@type\":\"ListItem\",\"position\":2,\"name\":\"Shop\",\"item\":\"https:\/\/livrariasolmar.pt\/en\/shop\/\"},{\"@type\":\"ListItem\",\"position\":3,\"name\":\"Blake &#038; Mortimer &#8211; A Amea\\u00e7a Atlante\"}]}]}<\/script>\n<!-- \/ Yoast SEO plugin. -->","_links":{"self":[{"href":"https:\/\/livrariasolmar.pt\/en\/wp-json\/wp\/v2\/product\/11400"}],"collection":[{"href":"https:\/\/livrariasolmar.pt\/en\/wp-json\/wp\/v2\/product"}],"about":[{"href":"https:\/\/livrariasolmar.pt\/en\/wp-json\/wp\/v2\/types\/product"}],"author":[{"embeddable":true,"href":"https:\/\/livrariasolmar.pt\/en\/wp-json\/wp\/v2\/users\/2"}],"wp:featuredmedia":[{"embeddable":true,"href":"https:\/\/livrariasolmar.pt\/en\/wp-json\/wp\/v2\/media\/11401"}],"wp:attachment":[{"href":"https:\/\/livrariasolmar.pt\/en\/wp-json\/wp\/v2\/media?parent=11400"}],"wp:term":[{"taxonomy":"product_cat","embeddable":true,"href":"https:\/\/livrariasolmar.pt\/en\/wp-json\/wp\/v2\/product_cat?post=11400"},{"taxonomy":"product_tag","embeddable":true,"href":"https:\/\/livrariasolmar.pt\/en\/wp-json\/wp\/v2\/product_tag?post=11400"},{"taxonomy":"cat_produtos","embeddable":true,"href":"https:\/\/livrariasolmar.pt\/en\/wp-json\/wp\/v2\/cat_produtos?post=11400"}],"curies":[{"name":"wp","href":"https:\/\/api.w.org\/{rel}","templated":true}]}}