{"id":11404,"date":"2026-01-18T16:47:30","date_gmt":"2026-01-18T16:47:30","guid":{"rendered":"https:\/\/livrariasolmar.pt\/?post_type=product&#038;p=11404"},"modified":"2026-02-01T13:02:18","modified_gmt":"2026-02-01T13:02:18","slug":"nem-todas-as-arvores-morrem-de-pe","status":"publish","type":"product","link":"https:\/\/livrariasolmar.pt\/en\/produto\/nem-todas-as-arvores-morrem-de-pe\/","title":{"rendered":"Nem Todas as \u00c1rvores Morrem de P\u00e9"},"content":{"rendered":"","protected":false},"excerpt":{"rendered":"<div>Este \u00e9 um romance sobre duas mulheres unidas pela desilus\u00e3o e pelos cinquenta anos mais tristes da hist\u00f3ria da Alemanha. Com uma estrutura muit\u00edssimo original e uma galeria de personagens inesquec\u00edvel,\u00a0Nem Todas as \u00c1rvores Morrem de P\u00e9\u00a0marca a estreia fulgurante de Lu\u00edsa Sobral na fic\u00e7\u00e3o.<\/div>\n<div><\/div>\n<div>Emmi, que nasceu pouco antes de Hitler ascender ao poder na Alemanha, perde o pai na guerra e tem uma adolesc\u00eancia dif\u00edcil, trabalhando desde muito cedo para ajudar em casa. \u00c9 num bar aonde vai com os amigos depois do trabalho que conhece Markus, um homem de Berlim Leste que lhe escreve cartas maravilhosas e por quem se apaixona perdidamente. Apesar de a m\u00e3e torcer o nariz ao seu casamento num momento em que a Guerra Fria est\u00e1 ao rubro, a irm\u00e3 apoia-a, e Emmi acaba por ir viver com Mischa, como lhe chama, para a RDA. Inicialmente, tudo corre bem, mas, depois de o Muro de Berlim ser erguido, a separa\u00e7\u00e3o da fam\u00edlia e a chegada de uma carta an\u00f3nima deixam-na na mais profunda depress\u00e3o.<\/div>\n<div>M. nasce ap\u00f3s a divis\u00e3o das duas Alemanhas e \u00e9 o fruto perfeito do socialismo: com uma m\u00e3e ausente e educada por uma ama que adora plantas, M. idolatra o pai, desconhecendo por completo o mundo ocidental e crescendo ao sabor de uma realidade distorcida. At\u00e9 que um dia, ao ouvir o testemunho chocante de uma rapariga, descobre que, afinal, n\u00e3o \u00e9 s\u00f3 o Muro que tem um outro lado.<\/div>\n","protected":false},"author":2,"featured_media":11405,"template":"","meta":[],"product_cat":[153],"product_tag":[],"cat_produtos":[1907],"yoast_head":"<!-- This site is optimized with the Yoast SEO plugin v16.6 - https:\/\/yoast.com\/wordpress\/plugins\/seo\/ -->\n<title>Nem Todas as \u00c1rvores Morrem de P\u00e9 - Livraria Solmar - Livraria online<\/title>\n<meta name=\"robots\" content=\"index, follow, max-snippet:-1, max-image-preview:large, max-video-preview:-1\" \/>\n<link rel=\"canonical\" href=\"https:\/\/livrariasolmar.pt\/en\/produto\/nem-todas-as-arvores-morrem-de-pe\/\" \/>\n<meta property=\"og:locale\" content=\"en_US\" \/>\n<meta property=\"og:type\" content=\"article\" \/>\n<meta property=\"og:title\" content=\"Nem Todas as \u00c1rvores Morrem de P\u00e9 - Livraria Solmar - Livraria online\" \/>\n<meta property=\"og:description\" content=\"Este \u00e9 um romance sobre duas mulheres unidas pela desilus\u00e3o e pelos cinquenta anos mais tristes da hist\u00f3ria da Alemanha. Com uma estrutura muit\u00edssimo original e uma galeria de personagens inesquec\u00edvel,\u00a0Nem Todas as \u00c1rvores Morrem de P\u00e9\u00a0marca a estreia fulgurante de Lu\u00edsa Sobral na fic\u00e7\u00e3o.  Emmi, que nasceu pouco antes de Hitler ascender ao poder na Alemanha, perde o pai na guerra e tem uma adolesc\u00eancia dif\u00edcil, trabalhando desde muito cedo para ajudar em casa. \u00c9 num bar aonde vai com os amigos depois do trabalho que conhece Markus, um homem de Berlim Leste que lhe escreve cartas maravilhosas e por quem se apaixona perdidamente. Apesar de a m\u00e3e torcer o nariz ao seu casamento num momento em que a Guerra Fria est\u00e1 ao rubro, a irm\u00e3 apoia-a, e Emmi acaba por ir viver com Mischa, como lhe chama, para a RDA. Inicialmente, tudo corre bem, mas, depois de o Muro de Berlim ser erguido, a separa\u00e7\u00e3o da fam\u00edlia e a chegada de uma carta an\u00f3nima deixam-na na mais profunda depress\u00e3o. M. nasce ap\u00f3s a divis\u00e3o das duas Alemanhas e \u00e9 o fruto perfeito do socialismo: com uma m\u00e3e ausente e educada por uma ama que adora plantas, M. idolatra o pai, desconhecendo por completo o mundo ocidental e crescendo ao sabor de uma realidade distorcida. At\u00e9 que um dia, ao ouvir o testemunho chocante de uma rapariga, descobre que, afinal, n\u00e3o \u00e9 s\u00f3 o Muro que tem um outro lado.\" \/>\n<meta property=\"og:url\" content=\"https:\/\/livrariasolmar.pt\/produto\/nem-todas-as-arvores-morrem-de-pe\/\" \/>\n<meta property=\"og:site_name\" content=\"Livraria Solmar - Livraria online\" \/>\n<meta property=\"article:modified_time\" content=\"2026-02-01T13:02:18+00:00\" \/>\n<meta property=\"og:image\" content=\"https:\/\/livrariasolmar.pt\/wp-content\/uploads\/2026\/01\/500_9789722084901_nem_todas_as_arvores_morrem_de_pe.jpg\" \/>\n\t<meta property=\"og:image:width\" content=\"339\" \/>\n\t<meta property=\"og:image:height\" content=\"500\" \/>\n<meta name=\"twitter:card\" content=\"summary_large_image\" \/>\n<script type=\"application\/ld+json\" class=\"yoast-schema-graph\">{\"@context\":\"https:\/\/schema.org\",\"@graph\":[{\"@type\":\"WebSite\",\"@id\":\"https:\/\/livrariasolmar.pt\/#website\",\"url\":\"https:\/\/livrariasolmar.pt\/\",\"name\":\"Livraria Solmar - Livraria online\",\"description\":\"Com\\u00e9rcio Livros E Objetos De Arte, Lda - Ponta Delgada, A\\u00e7ores\",\"potentialAction\":[{\"@type\":\"SearchAction\",\"target\":{\"@type\":\"EntryPoint\",\"urlTemplate\":\"https:\/\/livrariasolmar.pt\/?s={search_term_string}\"},\"query-input\":\"required name=search_term_string\"}],\"inLanguage\":\"en-US\"},{\"@type\":\"ImageObject\",\"@id\":\"https:\/\/livrariasolmar.pt\/produto\/nem-todas-as-arvores-morrem-de-pe\/#primaryimage\",\"inLanguage\":\"en-US\",\"url\":\"https:\/\/livrariasolmar.pt\/wp-content\/uploads\/2026\/01\/500_9789722084901_nem_todas_as_arvores_morrem_de_pe.jpg\",\"contentUrl\":\"https:\/\/livrariasolmar.pt\/wp-content\/uploads\/2026\/01\/500_9789722084901_nem_todas_as_arvores_morrem_de_pe.jpg\",\"width\":339,\"height\":500},{\"@type\":\"WebPage\",\"@id\":\"https:\/\/livrariasolmar.pt\/produto\/nem-todas-as-arvores-morrem-de-pe\/#webpage\",\"url\":\"https:\/\/livrariasolmar.pt\/produto\/nem-todas-as-arvores-morrem-de-pe\/\",\"name\":\"Nem Todas as \\u00c1rvores Morrem de P\\u00e9 - Livraria Solmar - Livraria online\",\"isPartOf\":{\"@id\":\"https:\/\/livrariasolmar.pt\/#website\"},\"primaryImageOfPage\":{\"@id\":\"https:\/\/livrariasolmar.pt\/produto\/nem-todas-as-arvores-morrem-de-pe\/#primaryimage\"},\"datePublished\":\"2026-01-18T16:47:30+00:00\",\"dateModified\":\"2026-02-01T13:02:18+00:00\",\"breadcrumb\":{\"@id\":\"https:\/\/livrariasolmar.pt\/produto\/nem-todas-as-arvores-morrem-de-pe\/#breadcrumb\"},\"inLanguage\":\"en-US\",\"potentialAction\":[{\"@type\":\"ReadAction\",\"target\":[\"https:\/\/livrariasolmar.pt\/produto\/nem-todas-as-arvores-morrem-de-pe\/\"]}]},{\"@type\":\"BreadcrumbList\",\"@id\":\"https:\/\/livrariasolmar.pt\/produto\/nem-todas-as-arvores-morrem-de-pe\/#breadcrumb\",\"itemListElement\":[{\"@type\":\"ListItem\",\"position\":1,\"name\":\"In\\u00edcio\",\"item\":\"https:\/\/livrariasolmar.pt\/en\/\"},{\"@type\":\"ListItem\",\"position\":2,\"name\":\"Shop\",\"item\":\"https:\/\/livrariasolmar.pt\/en\/shop\/\"},{\"@type\":\"ListItem\",\"position\":3,\"name\":\"Nem Todas as \\u00c1rvores Morrem de P\\u00e9\"}]}]}<\/script>\n<!-- \/ Yoast SEO plugin. -->","_links":{"self":[{"href":"https:\/\/livrariasolmar.pt\/en\/wp-json\/wp\/v2\/product\/11404"}],"collection":[{"href":"https:\/\/livrariasolmar.pt\/en\/wp-json\/wp\/v2\/product"}],"about":[{"href":"https:\/\/livrariasolmar.pt\/en\/wp-json\/wp\/v2\/types\/product"}],"author":[{"embeddable":true,"href":"https:\/\/livrariasolmar.pt\/en\/wp-json\/wp\/v2\/users\/2"}],"wp:featuredmedia":[{"embeddable":true,"href":"https:\/\/livrariasolmar.pt\/en\/wp-json\/wp\/v2\/media\/11405"}],"wp:attachment":[{"href":"https:\/\/livrariasolmar.pt\/en\/wp-json\/wp\/v2\/media?parent=11404"}],"wp:term":[{"taxonomy":"product_cat","embeddable":true,"href":"https:\/\/livrariasolmar.pt\/en\/wp-json\/wp\/v2\/product_cat?post=11404"},{"taxonomy":"product_tag","embeddable":true,"href":"https:\/\/livrariasolmar.pt\/en\/wp-json\/wp\/v2\/product_tag?post=11404"},{"taxonomy":"cat_produtos","embeddable":true,"href":"https:\/\/livrariasolmar.pt\/en\/wp-json\/wp\/v2\/cat_produtos?post=11404"}],"curies":[{"name":"wp","href":"https:\/\/api.w.org\/{rel}","templated":true}]}}