{"id":11413,"date":"2026-01-18T17:34:13","date_gmt":"2026-01-18T17:34:13","guid":{"rendered":"https:\/\/livrariasolmar.pt\/?post_type=product&#038;p=11413"},"modified":"2026-01-18T17:34:13","modified_gmt":"2026-01-18T17:34:13","slug":"a-amiga-cinzenta-a-depressao-explicada-as-criancas-e-aos-adultos","status":"publish","type":"product","link":"https:\/\/livrariasolmar.pt\/en\/produto\/a-amiga-cinzenta-a-depressao-explicada-as-criancas-e-aos-adultos\/","title":{"rendered":"A Amiga Cinzenta- A depress\u00e3o explicada \u00e0s crian\u00e7as (e aos adultos)"},"content":{"rendered":"","protected":false},"excerpt":{"rendered":"<div class=\"margin-bottom-2\">\n<div id=\"_696d181122f3d\" class=\"show-more show-more-open\">Este livro n\u00e3o \u00e9 opcional.<\/p>\n<p>Se tem filhos, leia-o.<br \/>\nSe foi crian\u00e7a, leia-o.<br \/>\nSe alguma vez se sentiu sem for\u00e7a, sem nome, sem ch\u00e3o, leia-o.<br \/>\nSe j\u00e1 acordou com uma nuvem presa ao peito, leia-o.<br \/>\nSe ama algu\u00e9m que luta com a tristeza, LEIA-O.<br \/>\nSe n\u00e3o entende a depress\u00e3o, leia-o.<br \/>\nSe entende demais, leia-o duas ou tr\u00eas vezes.<\/p>\n<p>A Amiga Cinzenta\u00a0n\u00e3o \u00e9 um livro.<br \/>\n\u00c9 um espelho.<br \/>\n\u00c9 um abra\u00e7o.<br \/>\n\u00c9 uma corda lan\u00e7ada a quem acha que se est\u00e1 a afundar em solid\u00e3o.<\/p>\n<p>Vai estar \u00e0 venda.<br \/>\nMas devia ser parte de uma receita m\u00e9dica.<br \/>\nDevia vir nas mochilas das escolas.<br \/>\nDevia estar em cada mesa de cabeceira.<\/p>\n<p>Leia-o. Agora.<br \/>\nPor si.<br \/>\nPor quem ama.<br \/>\nPor todos.<\/p>\n<p>Li este livro com o meu filho ao colo. Ele tem sete anos. A meio, parou e perguntou: \u00abMam\u00e3, tu tamb\u00e9m tens uma amiga cinzenta?\u00bb. E eu chorei. Chorei baixinho, para n\u00e3o o assustar, porque percebi que ele a viu em mim e eu nunca lhe tinha falado dela.\u00a0A Amiga Cinzenta\u00a0\u00e9 daqueles livros que deviam estar em todas as casas, em todas as escolas, em todas as m\u00e3os. Se h\u00e1 um livro que pode abrir espa\u00e7o para conversas que salvam, \u00e9 este. \u00c9 um livro que faz o que os melhores livros fazem: transforma-nos.<br \/>\nDe uma m\u00e3e que leu o livro<\/p>\n<p>Este livro explicou \u00e0 minha filha o que nem eu sabia explicar. Deu-lhe palavras para perguntar. E deu-me coragem para responder. Se \u00e9 pai, se \u00e9 m\u00e3e, se ama algu\u00e9m, este livro \u00e9 obrigat\u00f3rio. H\u00e1 dores que crescem no escuro, e este livro acende uma luz. H\u00e1 crian\u00e7as que j\u00e1 sentem o peso, e pais que j\u00e1 o carregam h\u00e1 tempo demais. No meio disso tudo, est\u00e1 este livro. Pequeno por fora. Enorme por dentro.<br \/>\nDe um pai que leu o livro<\/p>\n<p>Eu li o livro e chorei um bocadinho, mas foi bom. A menina cinzenta parece a coisa triste que \u00e0s vezes vem quando ningu\u00e9m me v\u00ea. Ela senta-se comigo e n\u00e3o diz nada. E eu tamb\u00e9m fico calada. No livro, percebi que ela vai embora se eu abrir a porta. Mesmo que seja s\u00f3 um bocadinho. Depois mostrei \u00e0 minha m\u00e3e. Ela ficou quieta e abra\u00e7ou-me. Disse que tamb\u00e9m tinha uma amiga dessas. Agora j\u00e1 n\u00e3o tenho tanto medo. Se algu\u00e9m estiver triste, eu vou dizer para ler este livro.<br \/>\nDe uma crian\u00e7a que leu o livro<\/p><\/div>\n<\/div>\n<div class=\"row\">\n<div class=\"col-lg-6\">\n<div class=\"_sinpose-address\"><\/div>\n<\/div>\n<\/div>\n","protected":false},"author":2,"featured_media":11414,"template":"","meta":[],"product_cat":[172],"product_tag":[],"cat_produtos":[1909],"yoast_head":"<!-- This site is optimized with the Yoast SEO plugin v16.6 - https:\/\/yoast.com\/wordpress\/plugins\/seo\/ -->\n<title>A Amiga Cinzenta- A depress\u00e3o explicada \u00e0s crian\u00e7as (e aos adultos) - Livraria Solmar - Livraria online<\/title>\n<meta name=\"robots\" content=\"index, follow, max-snippet:-1, max-image-preview:large, max-video-preview:-1\" \/>\n<link rel=\"canonical\" href=\"https:\/\/livrariasolmar.pt\/en\/produto\/a-amiga-cinzenta-a-depressao-explicada-as-criancas-e-aos-adultos\/\" \/>\n<meta property=\"og:locale\" content=\"en_US\" \/>\n<meta property=\"og:type\" content=\"article\" \/>\n<meta property=\"og:title\" content=\"A Amiga Cinzenta- A depress\u00e3o explicada \u00e0s crian\u00e7as (e aos adultos) - Livraria Solmar - Livraria online\" \/>\n<meta property=\"og:description\" content=\"Este livro n\u00e3o \u00e9 opcional.  Se tem filhos, leia-o. Se foi crian\u00e7a, leia-o. Se alguma vez se sentiu sem for\u00e7a, sem nome, sem ch\u00e3o, leia-o. Se j\u00e1 acordou com uma nuvem presa ao peito, leia-o. Se ama algu\u00e9m que luta com a tristeza, LEIA-O. Se n\u00e3o entende a depress\u00e3o, leia-o. Se entende demais, leia-o duas ou tr\u00eas vezes.  A Amiga Cinzenta\u00a0n\u00e3o \u00e9 um livro. \u00c9 um espelho. \u00c9 um abra\u00e7o. \u00c9 uma corda lan\u00e7ada a quem acha que se est\u00e1 a afundar em solid\u00e3o.  Vai estar \u00e0 venda. Mas devia ser parte de uma receita m\u00e9dica. Devia vir nas mochilas das escolas. Devia estar em cada mesa de cabeceira.  Leia-o. Agora. Por si. Por quem ama. Por todos.   Li este livro com o meu filho ao colo. Ele tem sete anos. A meio, parou e perguntou: \u00abMam\u00e3, tu tamb\u00e9m tens uma amiga cinzenta?\u00bb. E eu chorei. Chorei baixinho, para n\u00e3o o assustar, porque percebi que ele a viu em mim e eu nunca lhe tinha falado dela.\u00a0A Amiga Cinzenta\u00a0\u00e9 daqueles livros que deviam estar em todas as casas, em todas as escolas, em todas as m\u00e3os. Se h\u00e1 um livro que pode abrir espa\u00e7o para conversas que salvam, \u00e9 este. \u00c9 um livro que faz o que os melhores livros fazem: transforma-nos. De uma m\u00e3e que leu o livro   Este livro explicou \u00e0 minha filha o que nem eu sabia explicar. Deu-lhe palavras para perguntar. E deu-me coragem para responder. Se \u00e9 pai, se \u00e9 m\u00e3e, se ama algu\u00e9m, este livro \u00e9 obrigat\u00f3rio. H\u00e1 dores que crescem no escuro, e este livro acende uma luz. H\u00e1 crian\u00e7as que j\u00e1 sentem o peso, e pais que j\u00e1 o carregam h\u00e1 tempo demais. No meio disso tudo, est\u00e1 este livro. Pequeno por fora. Enorme por dentro. De um pai que leu o livro   Eu li o livro e chorei um bocadinho, mas foi bom. A menina cinzenta parece a coisa triste que \u00e0s vezes vem quando ningu\u00e9m me v\u00ea. Ela senta-se comigo e n\u00e3o diz nada. E eu tamb\u00e9m fico calada. No livro, percebi que ela vai embora se eu abrir a porta. Mesmo que seja s\u00f3 um bocadinho. Depois mostrei \u00e0 minha m\u00e3e. Ela ficou quieta e abra\u00e7ou-me. Disse que tamb\u00e9m tinha uma amiga dessas. Agora j\u00e1 n\u00e3o tenho tanto medo. Se algu\u00e9m estiver triste, eu vou dizer para ler este livro. De uma crian\u00e7a que leu o livro\" \/>\n<meta property=\"og:url\" content=\"https:\/\/livrariasolmar.pt\/produto\/a-amiga-cinzenta-a-depressao-explicada-as-criancas-e-aos-adultos\/\" \/>\n<meta property=\"og:site_name\" content=\"Livraria Solmar - Livraria online\" \/>\n<meta property=\"og:image\" content=\"https:\/\/livrariasolmar.pt\/wp-content\/uploads\/2026\/01\/500_9789895816514_a_amiga_cinzenta.jpg\" \/>\n\t<meta property=\"og:image:width\" content=\"367\" \/>\n\t<meta property=\"og:image:height\" content=\"500\" \/>\n<meta name=\"twitter:card\" content=\"summary_large_image\" \/>\n<script type=\"application\/ld+json\" class=\"yoast-schema-graph\">{\"@context\":\"https:\/\/schema.org\",\"@graph\":[{\"@type\":\"WebSite\",\"@id\":\"https:\/\/livrariasolmar.pt\/#website\",\"url\":\"https:\/\/livrariasolmar.pt\/\",\"name\":\"Livraria Solmar - Livraria online\",\"description\":\"Com\\u00e9rcio Livros E Objetos De Arte, Lda - Ponta Delgada, A\\u00e7ores\",\"potentialAction\":[{\"@type\":\"SearchAction\",\"target\":{\"@type\":\"EntryPoint\",\"urlTemplate\":\"https:\/\/livrariasolmar.pt\/?s={search_term_string}\"},\"query-input\":\"required name=search_term_string\"}],\"inLanguage\":\"en-US\"},{\"@type\":\"ImageObject\",\"@id\":\"https:\/\/livrariasolmar.pt\/produto\/a-amiga-cinzenta-a-depressao-explicada-as-criancas-e-aos-adultos\/#primaryimage\",\"inLanguage\":\"en-US\",\"url\":\"https:\/\/livrariasolmar.pt\/wp-content\/uploads\/2026\/01\/500_9789895816514_a_amiga_cinzenta.jpg\",\"contentUrl\":\"https:\/\/livrariasolmar.pt\/wp-content\/uploads\/2026\/01\/500_9789895816514_a_amiga_cinzenta.jpg\",\"width\":367,\"height\":500},{\"@type\":\"WebPage\",\"@id\":\"https:\/\/livrariasolmar.pt\/produto\/a-amiga-cinzenta-a-depressao-explicada-as-criancas-e-aos-adultos\/#webpage\",\"url\":\"https:\/\/livrariasolmar.pt\/produto\/a-amiga-cinzenta-a-depressao-explicada-as-criancas-e-aos-adultos\/\",\"name\":\"A Amiga Cinzenta- A depress\\u00e3o explicada \\u00e0s crian\\u00e7as (e aos adultos) - Livraria Solmar - Livraria online\",\"isPartOf\":{\"@id\":\"https:\/\/livrariasolmar.pt\/#website\"},\"primaryImageOfPage\":{\"@id\":\"https:\/\/livrariasolmar.pt\/produto\/a-amiga-cinzenta-a-depressao-explicada-as-criancas-e-aos-adultos\/#primaryimage\"},\"datePublished\":\"2026-01-18T17:34:13+00:00\",\"dateModified\":\"2026-01-18T17:34:13+00:00\",\"breadcrumb\":{\"@id\":\"https:\/\/livrariasolmar.pt\/produto\/a-amiga-cinzenta-a-depressao-explicada-as-criancas-e-aos-adultos\/#breadcrumb\"},\"inLanguage\":\"en-US\",\"potentialAction\":[{\"@type\":\"ReadAction\",\"target\":[\"https:\/\/livrariasolmar.pt\/produto\/a-amiga-cinzenta-a-depressao-explicada-as-criancas-e-aos-adultos\/\"]}]},{\"@type\":\"BreadcrumbList\",\"@id\":\"https:\/\/livrariasolmar.pt\/produto\/a-amiga-cinzenta-a-depressao-explicada-as-criancas-e-aos-adultos\/#breadcrumb\",\"itemListElement\":[{\"@type\":\"ListItem\",\"position\":1,\"name\":\"In\\u00edcio\",\"item\":\"https:\/\/livrariasolmar.pt\/en\/\"},{\"@type\":\"ListItem\",\"position\":2,\"name\":\"Shop\",\"item\":\"https:\/\/livrariasolmar.pt\/en\/shop\/\"},{\"@type\":\"ListItem\",\"position\":3,\"name\":\"A Amiga Cinzenta- A depress\\u00e3o explicada \\u00e0s crian\\u00e7as (e aos adultos)\"}]}]}<\/script>\n<!-- \/ Yoast SEO plugin. -->","_links":{"self":[{"href":"https:\/\/livrariasolmar.pt\/en\/wp-json\/wp\/v2\/product\/11413"}],"collection":[{"href":"https:\/\/livrariasolmar.pt\/en\/wp-json\/wp\/v2\/product"}],"about":[{"href":"https:\/\/livrariasolmar.pt\/en\/wp-json\/wp\/v2\/types\/product"}],"author":[{"embeddable":true,"href":"https:\/\/livrariasolmar.pt\/en\/wp-json\/wp\/v2\/users\/2"}],"wp:featuredmedia":[{"embeddable":true,"href":"https:\/\/livrariasolmar.pt\/en\/wp-json\/wp\/v2\/media\/11414"}],"wp:attachment":[{"href":"https:\/\/livrariasolmar.pt\/en\/wp-json\/wp\/v2\/media?parent=11413"}],"wp:term":[{"taxonomy":"product_cat","embeddable":true,"href":"https:\/\/livrariasolmar.pt\/en\/wp-json\/wp\/v2\/product_cat?post=11413"},{"taxonomy":"product_tag","embeddable":true,"href":"https:\/\/livrariasolmar.pt\/en\/wp-json\/wp\/v2\/product_tag?post=11413"},{"taxonomy":"cat_produtos","embeddable":true,"href":"https:\/\/livrariasolmar.pt\/en\/wp-json\/wp\/v2\/cat_produtos?post=11413"}],"curies":[{"name":"wp","href":"https:\/\/api.w.org\/{rel}","templated":true}]}}