{"id":11417,"date":"2026-01-25T16:19:43","date_gmt":"2026-01-25T16:19:43","guid":{"rendered":"https:\/\/livrariasolmar.pt\/?post_type=product&#038;p=11417"},"modified":"2026-04-16T16:01:47","modified_gmt":"2026-04-16T16:01:47","slug":"o-cavaleiro-dos-sete-reinos","status":"publish","type":"product","link":"https:\/\/livrariasolmar.pt\/en\/produto\/o-cavaleiro-dos-sete-reinos\/","title":{"rendered":"O Cavaleiro dos Sete Reinos"},"content":{"rendered":"","protected":false},"excerpt":{"rendered":"<p>Nos \u00faltimos dias do reinado do Rei Daeron, com os Sete Reinos em paz e a dinastia real Targaryen no seu apogeu, conhecemos a hist\u00f3ria de um jovem escudeiro de nome Dunk que parte em busca de fama e gl\u00f3ria num dos mais famosos torneios de Westeros.<\/p>\n<p>Mas ele desconhecia que o destino pode pregar estranhas partidas e que o caminho para a honra e nobreza em Westeros est\u00e1 ladeado n\u00e3o s\u00f3 de perigos, mas tamb\u00e9m de amizade e coragem. Quando conhece Egg, um rapaz misterioso e inteligente, mal sabe que os la\u00e7os estreitos que forma com ele ir\u00e3o mudar a sua vida para sempre.<\/p>\n<p>Com\u00a0<i>O Cavaleiro dos Sete Reinos<\/i>, George R. R. Martin transporta-nos para o mundo fascinante e repleto de intrigas de Westeros, com a mesma mestria com que escreveu a sua obra-prima:\u00a0<i>A Guerra dos Tronos<\/i>.<\/p>\n","protected":false},"author":2,"featured_media":11475,"template":"","meta":[],"product_cat":[153],"product_tag":[],"cat_produtos":[1910],"yoast_head":"<!-- This site is optimized with the Yoast SEO plugin v16.6 - https:\/\/yoast.com\/wordpress\/plugins\/seo\/ -->\n<title>O Cavaleiro dos Sete Reinos - Livraria Solmar - Livraria online<\/title>\n<meta name=\"robots\" content=\"index, follow, max-snippet:-1, max-image-preview:large, max-video-preview:-1\" \/>\n<link rel=\"canonical\" href=\"https:\/\/livrariasolmar.pt\/en\/produto\/o-cavaleiro-dos-sete-reinos\/\" \/>\n<meta property=\"og:locale\" content=\"en_US\" \/>\n<meta property=\"og:type\" content=\"article\" \/>\n<meta property=\"og:title\" content=\"O Cavaleiro dos Sete Reinos - Livraria Solmar - Livraria online\" \/>\n<meta property=\"og:description\" content=\"Nos \u00faltimos dias do reinado do Rei Daeron, com os Sete Reinos em paz e a dinastia real Targaryen no seu apogeu, conhecemos a hist\u00f3ria de um jovem escudeiro de nome Dunk que parte em busca de fama e gl\u00f3ria num dos mais famosos torneios de Westeros.  Mas ele desconhecia que o destino pode pregar estranhas partidas e que o caminho para a honra e nobreza em Westeros est\u00e1 ladeado n\u00e3o s\u00f3 de perigos, mas tamb\u00e9m de amizade e coragem. Quando conhece Egg, um rapaz misterioso e inteligente, mal sabe que os la\u00e7os estreitos que forma com ele ir\u00e3o mudar a sua vida para sempre.  Com\u00a0O Cavaleiro dos Sete Reinos, George R. R. Martin transporta-nos para o mundo fascinante e repleto de intrigas de Westeros, com a mesma mestria com que escreveu a sua obra-prima:\u00a0A Guerra dos Tronos.\" \/>\n<meta property=\"og:url\" content=\"https:\/\/livrariasolmar.pt\/produto\/o-cavaleiro-dos-sete-reinos\/\" \/>\n<meta property=\"og:site_name\" content=\"Livraria Solmar - Livraria online\" \/>\n<meta property=\"article:modified_time\" content=\"2026-04-16T16:01:47+00:00\" \/>\n<meta name=\"twitter:card\" content=\"summary_large_image\" \/>\n<meta name=\"twitter:image\" content=\"https:\/\/livrariasolmar.pt\/wp-content\/uploads\/2026\/01\/deea67e344f5cade783b1cb12333a83a.jpg\" \/>\n<script type=\"application\/ld+json\" class=\"yoast-schema-graph\">{\"@context\":\"https:\/\/schema.org\",\"@graph\":[{\"@type\":\"WebSite\",\"@id\":\"https:\/\/livrariasolmar.pt\/#website\",\"url\":\"https:\/\/livrariasolmar.pt\/\",\"name\":\"Livraria Solmar - Livraria online\",\"description\":\"Com\\u00e9rcio Livros E Objetos De Arte, Lda - Ponta Delgada, A\\u00e7ores\",\"potentialAction\":[{\"@type\":\"SearchAction\",\"target\":{\"@type\":\"EntryPoint\",\"urlTemplate\":\"https:\/\/livrariasolmar.pt\/?s={search_term_string}\"},\"query-input\":\"required name=search_term_string\"}],\"inLanguage\":\"en-US\"},{\"@type\":\"ImageObject\",\"@id\":\"https:\/\/livrariasolmar.pt\/produto\/o-cavaleiro-dos-sete-reinos\/#primaryimage\",\"inLanguage\":\"en-US\",\"url\":\"https:\/\/livrariasolmar.pt\/wp-content\/uploads\/2026\/01\/deea67e344f5cade783b1cb12333a83a.jpg\",\"contentUrl\":\"https:\/\/livrariasolmar.pt\/wp-content\/uploads\/2026\/01\/deea67e344f5cade783b1cb12333a83a.jpg\",\"width\":440,\"height\":632},{\"@type\":\"WebPage\",\"@id\":\"https:\/\/livrariasolmar.pt\/produto\/o-cavaleiro-dos-sete-reinos\/#webpage\",\"url\":\"https:\/\/livrariasolmar.pt\/produto\/o-cavaleiro-dos-sete-reinos\/\",\"name\":\"O Cavaleiro dos Sete Reinos - Livraria Solmar - Livraria online\",\"isPartOf\":{\"@id\":\"https:\/\/livrariasolmar.pt\/#website\"},\"primaryImageOfPage\":{\"@id\":\"https:\/\/livrariasolmar.pt\/produto\/o-cavaleiro-dos-sete-reinos\/#primaryimage\"},\"datePublished\":\"2026-01-25T16:19:43+00:00\",\"dateModified\":\"2026-04-16T16:01:47+00:00\",\"breadcrumb\":{\"@id\":\"https:\/\/livrariasolmar.pt\/produto\/o-cavaleiro-dos-sete-reinos\/#breadcrumb\"},\"inLanguage\":\"en-US\",\"potentialAction\":[{\"@type\":\"ReadAction\",\"target\":[\"https:\/\/livrariasolmar.pt\/produto\/o-cavaleiro-dos-sete-reinos\/\"]}]},{\"@type\":\"BreadcrumbList\",\"@id\":\"https:\/\/livrariasolmar.pt\/produto\/o-cavaleiro-dos-sete-reinos\/#breadcrumb\",\"itemListElement\":[{\"@type\":\"ListItem\",\"position\":1,\"name\":\"In\\u00edcio\",\"item\":\"https:\/\/livrariasolmar.pt\/en\/\"},{\"@type\":\"ListItem\",\"position\":2,\"name\":\"Shop\",\"item\":\"https:\/\/livrariasolmar.pt\/en\/shop\/\"},{\"@type\":\"ListItem\",\"position\":3,\"name\":\"O Cavaleiro dos Sete Reinos\"}]}]}<\/script>\n<!-- \/ Yoast SEO plugin. -->","_links":{"self":[{"href":"https:\/\/livrariasolmar.pt\/en\/wp-json\/wp\/v2\/product\/11417"}],"collection":[{"href":"https:\/\/livrariasolmar.pt\/en\/wp-json\/wp\/v2\/product"}],"about":[{"href":"https:\/\/livrariasolmar.pt\/en\/wp-json\/wp\/v2\/types\/product"}],"author":[{"embeddable":true,"href":"https:\/\/livrariasolmar.pt\/en\/wp-json\/wp\/v2\/users\/2"}],"wp:featuredmedia":[{"embeddable":true,"href":"https:\/\/livrariasolmar.pt\/en\/wp-json\/wp\/v2\/media\/11475"}],"wp:attachment":[{"href":"https:\/\/livrariasolmar.pt\/en\/wp-json\/wp\/v2\/media?parent=11417"}],"wp:term":[{"taxonomy":"product_cat","embeddable":true,"href":"https:\/\/livrariasolmar.pt\/en\/wp-json\/wp\/v2\/product_cat?post=11417"},{"taxonomy":"product_tag","embeddable":true,"href":"https:\/\/livrariasolmar.pt\/en\/wp-json\/wp\/v2\/product_tag?post=11417"},{"taxonomy":"cat_produtos","embeddable":true,"href":"https:\/\/livrariasolmar.pt\/en\/wp-json\/wp\/v2\/cat_produtos?post=11417"}],"curies":[{"name":"wp","href":"https:\/\/api.w.org\/{rel}","templated":true}]}}