{"id":11423,"date":"2026-01-30T19:12:20","date_gmt":"2026-01-30T19:12:20","guid":{"rendered":"https:\/\/livrariasolmar.pt\/?post_type=product&#038;p=11423"},"modified":"2026-01-30T19:12:20","modified_gmt":"2026-01-30T19:12:20","slug":"a-hora-da-estrela","status":"publish","type":"product","link":"https:\/\/livrariasolmar.pt\/en\/produto\/a-hora-da-estrela\/","title":{"rendered":"A Hora da Estrela"},"content":{"rendered":"","protected":false},"excerpt":{"rendered":"<p>Uma das singularidades da escrita de Clarice Lispector \u00e9 a forma como incorpora o que \u00e9 fugaz e vol\u00e1til, numa obra liter\u00e1ria em perp\u00e9tua reinven\u00e7\u00e3o.<\/p>\n<p>*A hora da estrela* surge em rota de colis\u00e3o com outras fic\u00e7\u00f5es da escritora, colocando em cena Rodrigo, um escritor, e Macab\u00e9a, uma datil\u00f3grafa desvalida que vive num quarto alugado, no Rio de Janeiro. \u00c9 Rodrigo quem narra a hist\u00f3ria de Macab\u00e9a, mulher onde desaguam todos os infort\u00fanios: \u00f3rf\u00e3 e feia, inadaptada na cidade, ocupa os tempos mortos a ouvir r\u00e1dio, sozinha. Rodrigo, o cosmopolita fr\u00edvolo, inveja secretamente a liberdade interior da infeliz Macab\u00e9a.<\/p>\n<p>Publicado pouco antes da morte de Clarice Lispector, em 1977, *A hora da estrela* tornou-se, nas \u00faltimas d\u00e9cadas, um dos seus mais amados romances. \u00c9 aqui que a escritora destapa o motor da sua inquieta\u00e7\u00e3o criativa e se aproxima, desarmadamente, do mist\u00e9rio da vida e da morte, despedindo-se do mundo com uma obra de arte mete\u00f3rica, exc\u00eantrica e universal.<\/p>\n","protected":false},"author":2,"featured_media":11424,"template":"","meta":[],"product_cat":[153,190],"product_tag":[],"cat_produtos":[1840],"yoast_head":"<!-- This site is optimized with the Yoast SEO plugin v16.6 - https:\/\/yoast.com\/wordpress\/plugins\/seo\/ -->\n<title>A Hora da Estrela - Livraria Solmar - Livraria online<\/title>\n<meta name=\"robots\" content=\"index, follow, max-snippet:-1, max-image-preview:large, max-video-preview:-1\" \/>\n<link rel=\"canonical\" href=\"https:\/\/livrariasolmar.pt\/en\/produto\/a-hora-da-estrela\/\" \/>\n<meta property=\"og:locale\" content=\"en_US\" \/>\n<meta property=\"og:type\" content=\"article\" \/>\n<meta property=\"og:title\" content=\"A Hora da Estrela - Livraria Solmar - Livraria online\" \/>\n<meta property=\"og:description\" content=\"Uma das singularidades da escrita de Clarice Lispector \u00e9 a forma como incorpora o que \u00e9 fugaz e vol\u00e1til, numa obra liter\u00e1ria em perp\u00e9tua reinven\u00e7\u00e3o.  *A hora da estrela* surge em rota de colis\u00e3o com outras fic\u00e7\u00f5es da escritora, colocando em cena Rodrigo, um escritor, e Macab\u00e9a, uma datil\u00f3grafa desvalida que vive num quarto alugado, no Rio de Janeiro. \u00c9 Rodrigo quem narra a hist\u00f3ria de Macab\u00e9a, mulher onde desaguam todos os infort\u00fanios: \u00f3rf\u00e3 e feia, inadaptada na cidade, ocupa os tempos mortos a ouvir r\u00e1dio, sozinha. Rodrigo, o cosmopolita fr\u00edvolo, inveja secretamente a liberdade interior da infeliz Macab\u00e9a.  Publicado pouco antes da morte de Clarice Lispector, em 1977, *A hora da estrela* tornou-se, nas \u00faltimas d\u00e9cadas, um dos seus mais amados romances. \u00c9 aqui que a escritora destapa o motor da sua inquieta\u00e7\u00e3o criativa e se aproxima, desarmadamente, do mist\u00e9rio da vida e da morte, despedindo-se do mundo com uma obra de arte mete\u00f3rica, exc\u00eantrica e universal.\" \/>\n<meta property=\"og:url\" content=\"https:\/\/livrariasolmar.pt\/produto\/a-hora-da-estrela\/\" \/>\n<meta property=\"og:site_name\" content=\"Livraria Solmar - Livraria online\" \/>\n<meta property=\"og:image\" content=\"https:\/\/livrariasolmar.pt\/wp-content\/uploads\/2026\/01\/a-hora-da-estrela-CL94291-scaled-1.jpg\" \/>\n\t<meta property=\"og:image:width\" content=\"1636\" \/>\n\t<meta property=\"og:image:height\" content=\"2560\" \/>\n<meta name=\"twitter:card\" content=\"summary_large_image\" \/>\n<script type=\"application\/ld+json\" class=\"yoast-schema-graph\">{\"@context\":\"https:\/\/schema.org\",\"@graph\":[{\"@type\":\"WebSite\",\"@id\":\"https:\/\/livrariasolmar.pt\/#website\",\"url\":\"https:\/\/livrariasolmar.pt\/\",\"name\":\"Livraria Solmar - Livraria online\",\"description\":\"Com\\u00e9rcio Livros E Objetos De Arte, Lda - Ponta Delgada, A\\u00e7ores\",\"potentialAction\":[{\"@type\":\"SearchAction\",\"target\":{\"@type\":\"EntryPoint\",\"urlTemplate\":\"https:\/\/livrariasolmar.pt\/?s={search_term_string}\"},\"query-input\":\"required name=search_term_string\"}],\"inLanguage\":\"en-US\"},{\"@type\":\"ImageObject\",\"@id\":\"https:\/\/livrariasolmar.pt\/produto\/a-hora-da-estrela\/#primaryimage\",\"inLanguage\":\"en-US\",\"url\":\"https:\/\/livrariasolmar.pt\/wp-content\/uploads\/2026\/01\/a-hora-da-estrela-CL94291-scaled-1.jpg\",\"contentUrl\":\"https:\/\/livrariasolmar.pt\/wp-content\/uploads\/2026\/01\/a-hora-da-estrela-CL94291-scaled-1.jpg\",\"width\":1636,\"height\":2560},{\"@type\":\"WebPage\",\"@id\":\"https:\/\/livrariasolmar.pt\/produto\/a-hora-da-estrela\/#webpage\",\"url\":\"https:\/\/livrariasolmar.pt\/produto\/a-hora-da-estrela\/\",\"name\":\"A Hora da Estrela - Livraria Solmar - Livraria online\",\"isPartOf\":{\"@id\":\"https:\/\/livrariasolmar.pt\/#website\"},\"primaryImageOfPage\":{\"@id\":\"https:\/\/livrariasolmar.pt\/produto\/a-hora-da-estrela\/#primaryimage\"},\"datePublished\":\"2026-01-30T19:12:20+00:00\",\"dateModified\":\"2026-01-30T19:12:20+00:00\",\"breadcrumb\":{\"@id\":\"https:\/\/livrariasolmar.pt\/produto\/a-hora-da-estrela\/#breadcrumb\"},\"inLanguage\":\"en-US\",\"potentialAction\":[{\"@type\":\"ReadAction\",\"target\":[\"https:\/\/livrariasolmar.pt\/produto\/a-hora-da-estrela\/\"]}]},{\"@type\":\"BreadcrumbList\",\"@id\":\"https:\/\/livrariasolmar.pt\/produto\/a-hora-da-estrela\/#breadcrumb\",\"itemListElement\":[{\"@type\":\"ListItem\",\"position\":1,\"name\":\"In\\u00edcio\",\"item\":\"https:\/\/livrariasolmar.pt\/en\/\"},{\"@type\":\"ListItem\",\"position\":2,\"name\":\"Shop\",\"item\":\"https:\/\/livrariasolmar.pt\/en\/shop\/\"},{\"@type\":\"ListItem\",\"position\":3,\"name\":\"A Hora da Estrela\"}]}]}<\/script>\n<!-- \/ Yoast SEO plugin. -->","_links":{"self":[{"href":"https:\/\/livrariasolmar.pt\/en\/wp-json\/wp\/v2\/product\/11423"}],"collection":[{"href":"https:\/\/livrariasolmar.pt\/en\/wp-json\/wp\/v2\/product"}],"about":[{"href":"https:\/\/livrariasolmar.pt\/en\/wp-json\/wp\/v2\/types\/product"}],"author":[{"embeddable":true,"href":"https:\/\/livrariasolmar.pt\/en\/wp-json\/wp\/v2\/users\/2"}],"wp:featuredmedia":[{"embeddable":true,"href":"https:\/\/livrariasolmar.pt\/en\/wp-json\/wp\/v2\/media\/11424"}],"wp:attachment":[{"href":"https:\/\/livrariasolmar.pt\/en\/wp-json\/wp\/v2\/media?parent=11423"}],"wp:term":[{"taxonomy":"product_cat","embeddable":true,"href":"https:\/\/livrariasolmar.pt\/en\/wp-json\/wp\/v2\/product_cat?post=11423"},{"taxonomy":"product_tag","embeddable":true,"href":"https:\/\/livrariasolmar.pt\/en\/wp-json\/wp\/v2\/product_tag?post=11423"},{"taxonomy":"cat_produtos","embeddable":true,"href":"https:\/\/livrariasolmar.pt\/en\/wp-json\/wp\/v2\/cat_produtos?post=11423"}],"curies":[{"name":"wp","href":"https:\/\/api.w.org\/{rel}","templated":true}]}}