{"id":11426,"date":"2026-01-30T19:23:32","date_gmt":"2026-01-30T19:23:32","guid":{"rendered":"https:\/\/livrariasolmar.pt\/?post_type=product&#038;p=11426"},"modified":"2026-01-30T19:23:32","modified_gmt":"2026-01-30T19:23:32","slug":"o-canto-dos-coracoes-rebeldes","status":"publish","type":"product","link":"https:\/\/livrariasolmar.pt\/en\/produto\/o-canto-dos-coracoes-rebeldes\/","title":{"rendered":"O Canto dos Cora\u00e7\u00f5es Rebeldes"},"content":{"rendered":"","protected":false},"excerpt":{"rendered":"<p>Smita tinha 14 anos quando ela e a sua fam\u00edlia tiveram de deixar a \u00cdndia em circunst\u00e2ncias dram\u00e1ticas. Nesse dia, prometeu a si pr\u00f3pria nunca mais voltar. E tentou, a partir dos Estados Unidos, proteger o seu cora\u00e7\u00e3o da saudade causada pelas recorda\u00e7\u00f5es dos crep\u00fasculos em tons laranja e do aroma das bancas de comida de rua onde o seu pai costumava fazer compras.<\/p>\n<p>Anos mais tarde, por\u00e9m, \u00e9 for\u00e7ada a cobrir uma hist\u00f3ria em Mumbai para o jornal onde trabalha. Fica a conhecer a hist\u00f3ria de Meena, uma jovem que foi v\u00edtima de viol\u00eancia por parte dos irm\u00e3os e da rejei\u00e7\u00e3o dos vizinhos ap\u00f3s a descoberta do seu casamento com um homem de uma religi\u00e3o diferente. Smita reencontra-se ent\u00e3o com as suas origens, uma sociedade de cristal onde a tradi\u00e7\u00e3o tem mais peso do que o cora\u00e7\u00e3o das pessoas, e com uma hist\u00f3ria que amea\u00e7a expor os segredos do seu passado. Enquanto o destino de Meena est\u00e1 em jogo, as defesas de Smita come\u00e7am a enfraquecer, as mem\u00f3rias a ressurgir e a paix\u00e3o reencontrar\u00e1 o seu caminho.<\/p>\n<p>Num pa\u00eds das maravilhas suspenso entre a modernidade e o obscurantismo, duas mulheres corajosas e rebeldes enfrentam as consequ\u00eancias da liberdade.<\/p>\n","protected":false},"author":2,"featured_media":11427,"template":"","meta":[],"product_cat":[153,190],"product_tag":[],"cat_produtos":[1912],"yoast_head":"<!-- This site is optimized with the Yoast SEO plugin v16.6 - https:\/\/yoast.com\/wordpress\/plugins\/seo\/ -->\n<title>O Canto dos Cora\u00e7\u00f5es Rebeldes - Livraria Solmar - Livraria online<\/title>\n<meta name=\"robots\" content=\"index, follow, max-snippet:-1, max-image-preview:large, max-video-preview:-1\" \/>\n<link rel=\"canonical\" href=\"https:\/\/livrariasolmar.pt\/en\/produto\/o-canto-dos-coracoes-rebeldes\/\" \/>\n<meta property=\"og:locale\" content=\"en_US\" \/>\n<meta property=\"og:type\" content=\"article\" \/>\n<meta property=\"og:title\" content=\"O Canto dos Cora\u00e7\u00f5es Rebeldes - Livraria Solmar - Livraria online\" \/>\n<meta property=\"og:description\" content=\"Smita tinha 14 anos quando ela e a sua fam\u00edlia tiveram de deixar a \u00cdndia em circunst\u00e2ncias dram\u00e1ticas. Nesse dia, prometeu a si pr\u00f3pria nunca mais voltar. E tentou, a partir dos Estados Unidos, proteger o seu cora\u00e7\u00e3o da saudade causada pelas recorda\u00e7\u00f5es dos crep\u00fasculos em tons laranja e do aroma das bancas de comida de rua onde o seu pai costumava fazer compras.  Anos mais tarde, por\u00e9m, \u00e9 for\u00e7ada a cobrir uma hist\u00f3ria em Mumbai para o jornal onde trabalha. Fica a conhecer a hist\u00f3ria de Meena, uma jovem que foi v\u00edtima de viol\u00eancia por parte dos irm\u00e3os e da rejei\u00e7\u00e3o dos vizinhos ap\u00f3s a descoberta do seu casamento com um homem de uma religi\u00e3o diferente. Smita reencontra-se ent\u00e3o com as suas origens, uma sociedade de cristal onde a tradi\u00e7\u00e3o tem mais peso do que o cora\u00e7\u00e3o das pessoas, e com uma hist\u00f3ria que amea\u00e7a expor os segredos do seu passado. Enquanto o destino de Meena est\u00e1 em jogo, as defesas de Smita come\u00e7am a enfraquecer, as mem\u00f3rias a ressurgir e a paix\u00e3o reencontrar\u00e1 o seu caminho.  Num pa\u00eds das maravilhas suspenso entre a modernidade e o obscurantismo, duas mulheres corajosas e rebeldes enfrentam as consequ\u00eancias da liberdade.\" \/>\n<meta property=\"og:url\" content=\"https:\/\/livrariasolmar.pt\/produto\/o-canto-dos-coracoes-rebeldes\/\" \/>\n<meta property=\"og:site_name\" content=\"Livraria Solmar - Livraria online\" \/>\n<meta property=\"og:image\" content=\"https:\/\/livrariasolmar.pt\/wp-content\/uploads\/2026\/01\/7b7d718b028eb73864103610fabba0c8.jpg\" \/>\n\t<meta property=\"og:image:width\" content=\"440\" \/>\n\t<meta property=\"og:image:height\" content=\"693\" \/>\n<meta name=\"twitter:card\" content=\"summary_large_image\" \/>\n<script type=\"application\/ld+json\" class=\"yoast-schema-graph\">{\"@context\":\"https:\/\/schema.org\",\"@graph\":[{\"@type\":\"WebSite\",\"@id\":\"https:\/\/livrariasolmar.pt\/#website\",\"url\":\"https:\/\/livrariasolmar.pt\/\",\"name\":\"Livraria Solmar - Livraria online\",\"description\":\"Com\\u00e9rcio Livros E Objetos De Arte, Lda - Ponta Delgada, A\\u00e7ores\",\"potentialAction\":[{\"@type\":\"SearchAction\",\"target\":{\"@type\":\"EntryPoint\",\"urlTemplate\":\"https:\/\/livrariasolmar.pt\/?s={search_term_string}\"},\"query-input\":\"required name=search_term_string\"}],\"inLanguage\":\"en-US\"},{\"@type\":\"ImageObject\",\"@id\":\"https:\/\/livrariasolmar.pt\/produto\/o-canto-dos-coracoes-rebeldes\/#primaryimage\",\"inLanguage\":\"en-US\",\"url\":\"https:\/\/livrariasolmar.pt\/wp-content\/uploads\/2026\/01\/7b7d718b028eb73864103610fabba0c8.jpg\",\"contentUrl\":\"https:\/\/livrariasolmar.pt\/wp-content\/uploads\/2026\/01\/7b7d718b028eb73864103610fabba0c8.jpg\",\"width\":440,\"height\":693},{\"@type\":\"WebPage\",\"@id\":\"https:\/\/livrariasolmar.pt\/produto\/o-canto-dos-coracoes-rebeldes\/#webpage\",\"url\":\"https:\/\/livrariasolmar.pt\/produto\/o-canto-dos-coracoes-rebeldes\/\",\"name\":\"O Canto dos Cora\\u00e7\\u00f5es Rebeldes - Livraria Solmar - Livraria online\",\"isPartOf\":{\"@id\":\"https:\/\/livrariasolmar.pt\/#website\"},\"primaryImageOfPage\":{\"@id\":\"https:\/\/livrariasolmar.pt\/produto\/o-canto-dos-coracoes-rebeldes\/#primaryimage\"},\"datePublished\":\"2026-01-30T19:23:32+00:00\",\"dateModified\":\"2026-01-30T19:23:32+00:00\",\"breadcrumb\":{\"@id\":\"https:\/\/livrariasolmar.pt\/produto\/o-canto-dos-coracoes-rebeldes\/#breadcrumb\"},\"inLanguage\":\"en-US\",\"potentialAction\":[{\"@type\":\"ReadAction\",\"target\":[\"https:\/\/livrariasolmar.pt\/produto\/o-canto-dos-coracoes-rebeldes\/\"]}]},{\"@type\":\"BreadcrumbList\",\"@id\":\"https:\/\/livrariasolmar.pt\/produto\/o-canto-dos-coracoes-rebeldes\/#breadcrumb\",\"itemListElement\":[{\"@type\":\"ListItem\",\"position\":1,\"name\":\"In\\u00edcio\",\"item\":\"https:\/\/livrariasolmar.pt\/en\/\"},{\"@type\":\"ListItem\",\"position\":2,\"name\":\"Shop\",\"item\":\"https:\/\/livrariasolmar.pt\/en\/shop\/\"},{\"@type\":\"ListItem\",\"position\":3,\"name\":\"O Canto dos Cora\\u00e7\\u00f5es Rebeldes\"}]}]}<\/script>\n<!-- \/ Yoast SEO plugin. -->","_links":{"self":[{"href":"https:\/\/livrariasolmar.pt\/en\/wp-json\/wp\/v2\/product\/11426"}],"collection":[{"href":"https:\/\/livrariasolmar.pt\/en\/wp-json\/wp\/v2\/product"}],"about":[{"href":"https:\/\/livrariasolmar.pt\/en\/wp-json\/wp\/v2\/types\/product"}],"author":[{"embeddable":true,"href":"https:\/\/livrariasolmar.pt\/en\/wp-json\/wp\/v2\/users\/2"}],"wp:featuredmedia":[{"embeddable":true,"href":"https:\/\/livrariasolmar.pt\/en\/wp-json\/wp\/v2\/media\/11427"}],"wp:attachment":[{"href":"https:\/\/livrariasolmar.pt\/en\/wp-json\/wp\/v2\/media?parent=11426"}],"wp:term":[{"taxonomy":"product_cat","embeddable":true,"href":"https:\/\/livrariasolmar.pt\/en\/wp-json\/wp\/v2\/product_cat?post=11426"},{"taxonomy":"product_tag","embeddable":true,"href":"https:\/\/livrariasolmar.pt\/en\/wp-json\/wp\/v2\/product_tag?post=11426"},{"taxonomy":"cat_produtos","embeddable":true,"href":"https:\/\/livrariasolmar.pt\/en\/wp-json\/wp\/v2\/cat_produtos?post=11426"}],"curies":[{"name":"wp","href":"https:\/\/api.w.org\/{rel}","templated":true}]}}