{"id":11435,"date":"2026-01-31T15:12:51","date_gmt":"2026-01-31T15:12:51","guid":{"rendered":"https:\/\/livrariasolmar.pt\/?post_type=product&#038;p=11435"},"modified":"2026-04-11T18:32:42","modified_gmt":"2026-04-11T18:32:42","slug":"pai-rico-pai-pobre-edicao-atualizada-25-anos","status":"publish","type":"product","link":"https:\/\/livrariasolmar.pt\/en\/produto\/pai-rico-pai-pobre-edicao-atualizada-25-anos\/","title":{"rendered":"Pai Rico, Pai Pobre &#8211; Edi\u00e7\u00e3o Atualizada 25 Anos"},"content":{"rendered":"","protected":false},"excerpt":{"rendered":"<p>O livro de finan\u00e7as pessoais mais vendido de sempre!<\/p>\n<p>Edi\u00e7\u00e3o revista e atualizada \u2014 inclui 9 sec\u00e7\u00f5es de estudo<\/p>\n<p>O CL\u00c1SSICO DAS FINAN\u00c7AS PESSOAIS QUE SE MANT\u00c9M ATUAL<\/p>\n<p>Desfaz o mito de que precisa de ter um sal\u00e1rio elevado para enriquecer \u2014 especialmente num mundo onde a tecnologia, os rob\u00f4s e a economia global est\u00e3o a mudar as regras.<\/p>\n<p>Ensina porque adquirir e criar ativos pode ser mais importante para o seu futuro do que um grande sal\u00e1rio.<\/p>\n<p>Desafia a cren\u00e7a de que a sua casa \u00e9 um ativo \u2014 como milh\u00f5es de pessoas aprenderam quando a bolha imobili\u00e1ria rebentou.<\/p>\n<p>Recorda-nos porque n\u00e3o podemos depender do sistema escolar para ensinar os nossos filhos sobre dinheiro \u2014 e por que raz\u00e3o essa compet\u00eancia fundamental para a vida \u00e9 mais importante hoje do que nunca.<\/p>\n<p>Explica o que deve ensinar aos seus filhos sobre dinheiro \u2014 para que possam estar preparados para os desafios e oportunidades do mundo de hoje e desfrutar da vida rica que merecem.<\/p>\n","protected":false},"author":2,"featured_media":11436,"template":"","meta":[],"product_cat":[1386,1387],"product_tag":[],"cat_produtos":[1914],"yoast_head":"<!-- This site is optimized with the Yoast SEO plugin v16.6 - https:\/\/yoast.com\/wordpress\/plugins\/seo\/ -->\n<title>Pai Rico, Pai Pobre - Edi\u00e7\u00e3o Atualizada 25 Anos - Livraria Solmar - Livraria online<\/title>\n<meta name=\"robots\" content=\"index, follow, max-snippet:-1, max-image-preview:large, max-video-preview:-1\" \/>\n<link rel=\"canonical\" href=\"https:\/\/livrariasolmar.pt\/en\/produto\/pai-rico-pai-pobre-edicao-atualizada-25-anos\/\" \/>\n<meta property=\"og:locale\" content=\"en_US\" \/>\n<meta property=\"og:type\" content=\"article\" \/>\n<meta property=\"og:title\" content=\"Pai Rico, Pai Pobre - Edi\u00e7\u00e3o Atualizada 25 Anos - Livraria Solmar - Livraria online\" \/>\n<meta property=\"og:description\" content=\"O livro de finan\u00e7as pessoais mais vendido de sempre!  Edi\u00e7\u00e3o revista e atualizada \u2014 inclui 9 sec\u00e7\u00f5es de estudo  O CL\u00c1SSICO DAS FINAN\u00c7AS PESSOAIS QUE SE MANT\u00c9M ATUAL  Desfaz o mito de que precisa de ter um sal\u00e1rio elevado para enriquecer \u2014 especialmente num mundo onde a tecnologia, os rob\u00f4s e a economia global est\u00e3o a mudar as regras.  Ensina porque adquirir e criar ativos pode ser mais importante para o seu futuro do que um grande sal\u00e1rio.  Desafia a cren\u00e7a de que a sua casa \u00e9 um ativo \u2014 como milh\u00f5es de pessoas aprenderam quando a bolha imobili\u00e1ria rebentou.  Recorda-nos porque n\u00e3o podemos depender do sistema escolar para ensinar os nossos filhos sobre dinheiro \u2014 e por que raz\u00e3o essa compet\u00eancia fundamental para a vida \u00e9 mais importante hoje do que nunca.  Explica o que deve ensinar aos seus filhos sobre dinheiro \u2014 para que possam estar preparados para os desafios e oportunidades do mundo de hoje e desfrutar da vida rica que merecem.\" \/>\n<meta property=\"og:url\" content=\"https:\/\/livrariasolmar.pt\/produto\/pai-rico-pai-pobre-edicao-atualizada-25-anos\/\" \/>\n<meta property=\"og:site_name\" content=\"Livraria Solmar - Livraria online\" \/>\n<meta property=\"article:modified_time\" content=\"2026-04-11T18:32:42+00:00\" \/>\n<meta property=\"og:image\" content=\"https:\/\/livrariasolmar.pt\/wp-content\/uploads\/2026\/01\/pai-rico-pai-pobre-edicao-atualizada-25-anos-VO96882-scaled-1.jpg\" \/>\n\t<meta property=\"og:image:width\" content=\"1691\" \/>\n\t<meta property=\"og:image:height\" content=\"2560\" \/>\n<meta name=\"twitter:card\" content=\"summary_large_image\" \/>\n<script type=\"application\/ld+json\" class=\"yoast-schema-graph\">{\"@context\":\"https:\/\/schema.org\",\"@graph\":[{\"@type\":\"WebSite\",\"@id\":\"https:\/\/livrariasolmar.pt\/#website\",\"url\":\"https:\/\/livrariasolmar.pt\/\",\"name\":\"Livraria Solmar - Livraria online\",\"description\":\"Com\\u00e9rcio Livros E Objetos De Arte, Lda - Ponta Delgada, A\\u00e7ores\",\"potentialAction\":[{\"@type\":\"SearchAction\",\"target\":{\"@type\":\"EntryPoint\",\"urlTemplate\":\"https:\/\/livrariasolmar.pt\/?s={search_term_string}\"},\"query-input\":\"required name=search_term_string\"}],\"inLanguage\":\"en-US\"},{\"@type\":\"ImageObject\",\"@id\":\"https:\/\/livrariasolmar.pt\/produto\/pai-rico-pai-pobre-edicao-atualizada-25-anos\/#primaryimage\",\"inLanguage\":\"en-US\",\"url\":\"https:\/\/livrariasolmar.pt\/wp-content\/uploads\/2026\/01\/pai-rico-pai-pobre-edicao-atualizada-25-anos-VO96882-scaled-1.jpg\",\"contentUrl\":\"https:\/\/livrariasolmar.pt\/wp-content\/uploads\/2026\/01\/pai-rico-pai-pobre-edicao-atualizada-25-anos-VO96882-scaled-1.jpg\",\"width\":1691,\"height\":2560},{\"@type\":\"WebPage\",\"@id\":\"https:\/\/livrariasolmar.pt\/produto\/pai-rico-pai-pobre-edicao-atualizada-25-anos\/#webpage\",\"url\":\"https:\/\/livrariasolmar.pt\/produto\/pai-rico-pai-pobre-edicao-atualizada-25-anos\/\",\"name\":\"Pai Rico, Pai Pobre - Edi\\u00e7\\u00e3o Atualizada 25 Anos - Livraria Solmar - Livraria online\",\"isPartOf\":{\"@id\":\"https:\/\/livrariasolmar.pt\/#website\"},\"primaryImageOfPage\":{\"@id\":\"https:\/\/livrariasolmar.pt\/produto\/pai-rico-pai-pobre-edicao-atualizada-25-anos\/#primaryimage\"},\"datePublished\":\"2026-01-31T15:12:51+00:00\",\"dateModified\":\"2026-04-11T18:32:42+00:00\",\"breadcrumb\":{\"@id\":\"https:\/\/livrariasolmar.pt\/produto\/pai-rico-pai-pobre-edicao-atualizada-25-anos\/#breadcrumb\"},\"inLanguage\":\"en-US\",\"potentialAction\":[{\"@type\":\"ReadAction\",\"target\":[\"https:\/\/livrariasolmar.pt\/produto\/pai-rico-pai-pobre-edicao-atualizada-25-anos\/\"]}]},{\"@type\":\"BreadcrumbList\",\"@id\":\"https:\/\/livrariasolmar.pt\/produto\/pai-rico-pai-pobre-edicao-atualizada-25-anos\/#breadcrumb\",\"itemListElement\":[{\"@type\":\"ListItem\",\"position\":1,\"name\":\"In\\u00edcio\",\"item\":\"https:\/\/livrariasolmar.pt\/en\/\"},{\"@type\":\"ListItem\",\"position\":2,\"name\":\"Shop\",\"item\":\"https:\/\/livrariasolmar.pt\/en\/shop\/\"},{\"@type\":\"ListItem\",\"position\":3,\"name\":\"Pai Rico, Pai Pobre &#8211; Edi\\u00e7\\u00e3o Atualizada 25 Anos\"}]}]}<\/script>\n<!-- \/ Yoast SEO plugin. -->","_links":{"self":[{"href":"https:\/\/livrariasolmar.pt\/en\/wp-json\/wp\/v2\/product\/11435"}],"collection":[{"href":"https:\/\/livrariasolmar.pt\/en\/wp-json\/wp\/v2\/product"}],"about":[{"href":"https:\/\/livrariasolmar.pt\/en\/wp-json\/wp\/v2\/types\/product"}],"author":[{"embeddable":true,"href":"https:\/\/livrariasolmar.pt\/en\/wp-json\/wp\/v2\/users\/2"}],"wp:featuredmedia":[{"embeddable":true,"href":"https:\/\/livrariasolmar.pt\/en\/wp-json\/wp\/v2\/media\/11436"}],"wp:attachment":[{"href":"https:\/\/livrariasolmar.pt\/en\/wp-json\/wp\/v2\/media?parent=11435"}],"wp:term":[{"taxonomy":"product_cat","embeddable":true,"href":"https:\/\/livrariasolmar.pt\/en\/wp-json\/wp\/v2\/product_cat?post=11435"},{"taxonomy":"product_tag","embeddable":true,"href":"https:\/\/livrariasolmar.pt\/en\/wp-json\/wp\/v2\/product_tag?post=11435"},{"taxonomy":"cat_produtos","embeddable":true,"href":"https:\/\/livrariasolmar.pt\/en\/wp-json\/wp\/v2\/cat_produtos?post=11435"}],"curies":[{"name":"wp","href":"https:\/\/api.w.org\/{rel}","templated":true}]}}