{"id":11439,"date":"2026-01-31T15:50:22","date_gmt":"2026-01-31T15:50:22","guid":{"rendered":"https:\/\/livrariasolmar.pt\/?post_type=product&#038;p=11439"},"modified":"2026-02-08T17:43:12","modified_gmt":"2026-02-08T17:43:12","slug":"o-dia-em-que-a-noite-caiu","status":"publish","type":"product","link":"https:\/\/livrariasolmar.pt\/en\/produto\/o-dia-em-que-a-noite-caiu\/","title":{"rendered":"O Dia em que a Noite Caiu"},"content":{"rendered":"","protected":false},"excerpt":{"rendered":"<p>Tunuva Melim \u00e9 irm\u00e3 do Priorado. Durante cinquenta anos treinou para ca\u00e7ar os wyrms \u2014 mas nenhum reapareceu desde o Inomin\u00e1vel, e as gera\u00e7\u00f5es mais jovens come\u00e7am a duvidar da raz\u00e3o de ser do Priorado.<\/p>\n<p>A norte, no Rainhado de Inys, Sabran, a Ambiciosa, casou-se com o novo rei de Hr\u00f3th, salvando ambos os reinos da ru\u00edna iminente. A sua filha, Glorian, mant\u00e9m-se na sombra dos pais \u2014 exatamente onde deseja estar.<\/p>\n<p>No Oriente, os drag\u00f5es dormem h\u00e1 s\u00e9culos. Dumai dedica a vida num templo montanhoso seiikine a despertar os deuses do seu longo sono. Agora, algu\u00e9m do passado da m\u00e3e vai alterar o curso do seu destino. Quando o Monte do Pavor entra em erup\u00e7\u00e3o, deixando um rasto de terror e viol\u00eancia, estas mulheres ter\u00e3o de encontrar for\u00e7as para proteger a humanidade de uma amea\u00e7a devastadora.<\/p>\n<p>Intrincado e \u00e9pico,\u00a0<i>O Dia em que a Noite Caiu<\/i>\u00a0transporta-nos de volta ao universo de\u00a0<i>O Priorado da Laranjeira<\/i>, mostrando os acontecimentos que moldaram esse mundo durante gera\u00e7\u00f5es.<\/p>\n<p>Antes do Priorado, houve um dia que mudou tudo.<\/p>\n","protected":false},"author":2,"featured_media":11440,"template":"","meta":[],"product_cat":[477],"product_tag":[],"cat_produtos":[1915],"yoast_head":"<!-- This site is optimized with the Yoast SEO plugin v16.6 - https:\/\/yoast.com\/wordpress\/plugins\/seo\/ -->\n<title>O Dia em que a Noite Caiu - Livraria Solmar - Livraria online<\/title>\n<meta name=\"robots\" content=\"index, follow, max-snippet:-1, max-image-preview:large, max-video-preview:-1\" \/>\n<link rel=\"canonical\" href=\"https:\/\/livrariasolmar.pt\/en\/produto\/o-dia-em-que-a-noite-caiu\/\" \/>\n<meta property=\"og:locale\" content=\"en_US\" \/>\n<meta property=\"og:type\" content=\"article\" \/>\n<meta property=\"og:title\" content=\"O Dia em que a Noite Caiu - Livraria Solmar - Livraria online\" \/>\n<meta property=\"og:description\" content=\"Tunuva Melim \u00e9 irm\u00e3 do Priorado. Durante cinquenta anos treinou para ca\u00e7ar os wyrms \u2014 mas nenhum reapareceu desde o Inomin\u00e1vel, e as gera\u00e7\u00f5es mais jovens come\u00e7am a duvidar da raz\u00e3o de ser do Priorado.  A norte, no Rainhado de Inys, Sabran, a Ambiciosa, casou-se com o novo rei de Hr\u00f3th, salvando ambos os reinos da ru\u00edna iminente. A sua filha, Glorian, mant\u00e9m-se na sombra dos pais \u2014 exatamente onde deseja estar.  No Oriente, os drag\u00f5es dormem h\u00e1 s\u00e9culos. Dumai dedica a vida num templo montanhoso seiikine a despertar os deuses do seu longo sono. Agora, algu\u00e9m do passado da m\u00e3e vai alterar o curso do seu destino. Quando o Monte do Pavor entra em erup\u00e7\u00e3o, deixando um rasto de terror e viol\u00eancia, estas mulheres ter\u00e3o de encontrar for\u00e7as para proteger a humanidade de uma amea\u00e7a devastadora.  Intrincado e \u00e9pico,\u00a0O Dia em que a Noite Caiu\u00a0transporta-nos de volta ao universo de\u00a0O Priorado da Laranjeira, mostrando os acontecimentos que moldaram esse mundo durante gera\u00e7\u00f5es.  Antes do Priorado, houve um dia que mudou tudo.\" \/>\n<meta property=\"og:url\" content=\"https:\/\/livrariasolmar.pt\/produto\/o-dia-em-que-a-noite-caiu\/\" \/>\n<meta property=\"og:site_name\" content=\"Livraria Solmar - Livraria online\" \/>\n<meta property=\"article:modified_time\" content=\"2026-02-08T17:43:12+00:00\" \/>\n<meta property=\"og:image\" content=\"https:\/\/livrariasolmar.pt\/wp-content\/uploads\/2026\/01\/1507-1.jpg\" \/>\n\t<meta property=\"og:image:width\" content=\"400\" \/>\n\t<meta property=\"og:image:height\" content=\"448\" \/>\n<meta name=\"twitter:card\" content=\"summary_large_image\" \/>\n<script type=\"application\/ld+json\" class=\"yoast-schema-graph\">{\"@context\":\"https:\/\/schema.org\",\"@graph\":[{\"@type\":\"WebSite\",\"@id\":\"https:\/\/livrariasolmar.pt\/#website\",\"url\":\"https:\/\/livrariasolmar.pt\/\",\"name\":\"Livraria Solmar - Livraria online\",\"description\":\"Com\\u00e9rcio Livros E Objetos De Arte, Lda - Ponta Delgada, A\\u00e7ores\",\"potentialAction\":[{\"@type\":\"SearchAction\",\"target\":{\"@type\":\"EntryPoint\",\"urlTemplate\":\"https:\/\/livrariasolmar.pt\/?s={search_term_string}\"},\"query-input\":\"required name=search_term_string\"}],\"inLanguage\":\"en-US\"},{\"@type\":\"ImageObject\",\"@id\":\"https:\/\/livrariasolmar.pt\/produto\/o-dia-em-que-a-noite-caiu\/#primaryimage\",\"inLanguage\":\"en-US\",\"url\":\"https:\/\/livrariasolmar.pt\/wp-content\/uploads\/2026\/01\/1507-1.jpg\",\"contentUrl\":\"https:\/\/livrariasolmar.pt\/wp-content\/uploads\/2026\/01\/1507-1.jpg\",\"width\":400,\"height\":448},{\"@type\":\"WebPage\",\"@id\":\"https:\/\/livrariasolmar.pt\/produto\/o-dia-em-que-a-noite-caiu\/#webpage\",\"url\":\"https:\/\/livrariasolmar.pt\/produto\/o-dia-em-que-a-noite-caiu\/\",\"name\":\"O Dia em que a Noite Caiu - Livraria Solmar - Livraria online\",\"isPartOf\":{\"@id\":\"https:\/\/livrariasolmar.pt\/#website\"},\"primaryImageOfPage\":{\"@id\":\"https:\/\/livrariasolmar.pt\/produto\/o-dia-em-que-a-noite-caiu\/#primaryimage\"},\"datePublished\":\"2026-01-31T15:50:22+00:00\",\"dateModified\":\"2026-02-08T17:43:12+00:00\",\"breadcrumb\":{\"@id\":\"https:\/\/livrariasolmar.pt\/produto\/o-dia-em-que-a-noite-caiu\/#breadcrumb\"},\"inLanguage\":\"en-US\",\"potentialAction\":[{\"@type\":\"ReadAction\",\"target\":[\"https:\/\/livrariasolmar.pt\/produto\/o-dia-em-que-a-noite-caiu\/\"]}]},{\"@type\":\"BreadcrumbList\",\"@id\":\"https:\/\/livrariasolmar.pt\/produto\/o-dia-em-que-a-noite-caiu\/#breadcrumb\",\"itemListElement\":[{\"@type\":\"ListItem\",\"position\":1,\"name\":\"In\\u00edcio\",\"item\":\"https:\/\/livrariasolmar.pt\/en\/\"},{\"@type\":\"ListItem\",\"position\":2,\"name\":\"Shop\",\"item\":\"https:\/\/livrariasolmar.pt\/en\/shop\/\"},{\"@type\":\"ListItem\",\"position\":3,\"name\":\"O Dia em que a Noite Caiu\"}]}]}<\/script>\n<!-- \/ Yoast SEO plugin. -->","_links":{"self":[{"href":"https:\/\/livrariasolmar.pt\/en\/wp-json\/wp\/v2\/product\/11439"}],"collection":[{"href":"https:\/\/livrariasolmar.pt\/en\/wp-json\/wp\/v2\/product"}],"about":[{"href":"https:\/\/livrariasolmar.pt\/en\/wp-json\/wp\/v2\/types\/product"}],"author":[{"embeddable":true,"href":"https:\/\/livrariasolmar.pt\/en\/wp-json\/wp\/v2\/users\/2"}],"wp:featuredmedia":[{"embeddable":true,"href":"https:\/\/livrariasolmar.pt\/en\/wp-json\/wp\/v2\/media\/11440"}],"wp:attachment":[{"href":"https:\/\/livrariasolmar.pt\/en\/wp-json\/wp\/v2\/media?parent=11439"}],"wp:term":[{"taxonomy":"product_cat","embeddable":true,"href":"https:\/\/livrariasolmar.pt\/en\/wp-json\/wp\/v2\/product_cat?post=11439"},{"taxonomy":"product_tag","embeddable":true,"href":"https:\/\/livrariasolmar.pt\/en\/wp-json\/wp\/v2\/product_tag?post=11439"},{"taxonomy":"cat_produtos","embeddable":true,"href":"https:\/\/livrariasolmar.pt\/en\/wp-json\/wp\/v2\/cat_produtos?post=11439"}],"curies":[{"name":"wp","href":"https:\/\/api.w.org\/{rel}","templated":true}]}}