{"id":11442,"date":"2026-01-31T17:13:05","date_gmt":"2026-01-31T17:13:05","guid":{"rendered":"https:\/\/livrariasolmar.pt\/?post_type=product&#038;p=11442"},"modified":"2026-02-08T17:43:25","modified_gmt":"2026-02-08T17:43:25","slug":"os-gatos-de-coracao-selvagem","status":"publish","type":"product","link":"https:\/\/livrariasolmar.pt\/en\/produto\/os-gatos-de-coracao-selvagem\/","title":{"rendered":"Os Gatos de Cora\u00e7\u00e3o Selvagem"},"content":{"rendered":"","protected":false},"excerpt":{"rendered":"<p>Num bairro misterioso da Velha Deli, na \u00cdndia, vive um pequeno cl\u00e3 de gatos que domina o labirinto de ruelas e ru\u00ednas desde tempos imemoriais: Miu-Miu, uma s\u00e1bia siamesa; Katar, temido pelos seus inimigos; Hulo, o grande guerreiro; Beraal, r\u00e1pida e mort\u00edfera quando desafiada; e Canhoto, cuja curiosidade o mete sempre em sarilhos.<\/p>\n<p>Livres e indom\u00e1veis, s\u00e3o destemidos como os seus cora\u00e7\u00f5es selvagens, os cora\u00e7\u00f5es de \u00e2mbar, a pedra s\u00edmbolo da vitalidade e da coragem.<\/p>\n<p>At\u00e9 que um dia\u2026 um gato com poderes extraordin\u00e1rios cai no meio deles &#8211; o primeiro de uma s\u00e9rie de acontecimentos que amea\u00e7a p\u00f4r em perigo tudo quanto lhes \u00e9 mais querido e precioso. \u00c9 que, segundo as lendas felinas, a chegada daquele visitante \u00e9 um press\u00e1gio de eventos extraordin\u00e1rios\u2026<\/p>\n<p>Com uma escrita envolvente e pormenores deliciosos, este \u00e9 um romance aconchegante sobre como enfrentar os nossos medos e reaprender a confiar, passado num cen\u00e1rio deslumbrante.<\/p>\n","protected":false},"author":2,"featured_media":11443,"template":"","meta":[],"product_cat":[477],"product_tag":[],"cat_produtos":[1916],"yoast_head":"<!-- This site is optimized with the Yoast SEO plugin v16.6 - https:\/\/yoast.com\/wordpress\/plugins\/seo\/ -->\n<title>Os Gatos de Cora\u00e7\u00e3o Selvagem - Livraria Solmar - Livraria online<\/title>\n<meta name=\"robots\" content=\"index, follow, max-snippet:-1, max-image-preview:large, max-video-preview:-1\" \/>\n<link rel=\"canonical\" href=\"https:\/\/livrariasolmar.pt\/en\/produto\/os-gatos-de-coracao-selvagem\/\" \/>\n<meta property=\"og:locale\" content=\"en_US\" \/>\n<meta property=\"og:type\" content=\"article\" \/>\n<meta property=\"og:title\" content=\"Os Gatos de Cora\u00e7\u00e3o Selvagem - Livraria Solmar - Livraria online\" \/>\n<meta property=\"og:description\" content=\"Num bairro misterioso da Velha Deli, na \u00cdndia, vive um pequeno cl\u00e3 de gatos que domina o labirinto de ruelas e ru\u00ednas desde tempos imemoriais: Miu-Miu, uma s\u00e1bia siamesa; Katar, temido pelos seus inimigos; Hulo, o grande guerreiro; Beraal, r\u00e1pida e mort\u00edfera quando desafiada; e Canhoto, cuja curiosidade o mete sempre em sarilhos.  Livres e indom\u00e1veis, s\u00e3o destemidos como os seus cora\u00e7\u00f5es selvagens, os cora\u00e7\u00f5es de \u00e2mbar, a pedra s\u00edmbolo da vitalidade e da coragem.  At\u00e9 que um dia\u2026 um gato com poderes extraordin\u00e1rios cai no meio deles - o primeiro de uma s\u00e9rie de acontecimentos que amea\u00e7a p\u00f4r em perigo tudo quanto lhes \u00e9 mais querido e precioso. \u00c9 que, segundo as lendas felinas, a chegada daquele visitante \u00e9 um press\u00e1gio de eventos extraordin\u00e1rios\u2026  Com uma escrita envolvente e pormenores deliciosos, este \u00e9 um romance aconchegante sobre como enfrentar os nossos medos e reaprender a confiar, passado num cen\u00e1rio deslumbrante.\" \/>\n<meta property=\"og:url\" content=\"https:\/\/livrariasolmar.pt\/produto\/os-gatos-de-coracao-selvagem\/\" \/>\n<meta property=\"og:site_name\" content=\"Livraria Solmar - Livraria online\" \/>\n<meta property=\"article:modified_time\" content=\"2026-02-08T17:43:25+00:00\" \/>\n<meta property=\"og:image\" content=\"https:\/\/livrariasolmar.pt\/wp-content\/uploads\/2026\/01\/1540-1-3.jpg\" \/>\n\t<meta property=\"og:image:width\" content=\"340\" \/>\n\t<meta property=\"og:image:height\" content=\"340\" \/>\n<meta name=\"twitter:card\" content=\"summary_large_image\" \/>\n<script type=\"application\/ld+json\" class=\"yoast-schema-graph\">{\"@context\":\"https:\/\/schema.org\",\"@graph\":[{\"@type\":\"WebSite\",\"@id\":\"https:\/\/livrariasolmar.pt\/#website\",\"url\":\"https:\/\/livrariasolmar.pt\/\",\"name\":\"Livraria Solmar - Livraria online\",\"description\":\"Com\\u00e9rcio Livros E Objetos De Arte, Lda - Ponta Delgada, A\\u00e7ores\",\"potentialAction\":[{\"@type\":\"SearchAction\",\"target\":{\"@type\":\"EntryPoint\",\"urlTemplate\":\"https:\/\/livrariasolmar.pt\/?s={search_term_string}\"},\"query-input\":\"required name=search_term_string\"}],\"inLanguage\":\"en-US\"},{\"@type\":\"ImageObject\",\"@id\":\"https:\/\/livrariasolmar.pt\/produto\/os-gatos-de-coracao-selvagem\/#primaryimage\",\"inLanguage\":\"en-US\",\"url\":\"https:\/\/livrariasolmar.pt\/wp-content\/uploads\/2026\/01\/1540-1-3.jpg\",\"contentUrl\":\"https:\/\/livrariasolmar.pt\/wp-content\/uploads\/2026\/01\/1540-1-3.jpg\",\"width\":340,\"height\":340},{\"@type\":\"WebPage\",\"@id\":\"https:\/\/livrariasolmar.pt\/produto\/os-gatos-de-coracao-selvagem\/#webpage\",\"url\":\"https:\/\/livrariasolmar.pt\/produto\/os-gatos-de-coracao-selvagem\/\",\"name\":\"Os Gatos de Cora\\u00e7\\u00e3o Selvagem - Livraria Solmar - Livraria online\",\"isPartOf\":{\"@id\":\"https:\/\/livrariasolmar.pt\/#website\"},\"primaryImageOfPage\":{\"@id\":\"https:\/\/livrariasolmar.pt\/produto\/os-gatos-de-coracao-selvagem\/#primaryimage\"},\"datePublished\":\"2026-01-31T17:13:05+00:00\",\"dateModified\":\"2026-02-08T17:43:25+00:00\",\"breadcrumb\":{\"@id\":\"https:\/\/livrariasolmar.pt\/produto\/os-gatos-de-coracao-selvagem\/#breadcrumb\"},\"inLanguage\":\"en-US\",\"potentialAction\":[{\"@type\":\"ReadAction\",\"target\":[\"https:\/\/livrariasolmar.pt\/produto\/os-gatos-de-coracao-selvagem\/\"]}]},{\"@type\":\"BreadcrumbList\",\"@id\":\"https:\/\/livrariasolmar.pt\/produto\/os-gatos-de-coracao-selvagem\/#breadcrumb\",\"itemListElement\":[{\"@type\":\"ListItem\",\"position\":1,\"name\":\"In\\u00edcio\",\"item\":\"https:\/\/livrariasolmar.pt\/en\/\"},{\"@type\":\"ListItem\",\"position\":2,\"name\":\"Shop\",\"item\":\"https:\/\/livrariasolmar.pt\/en\/shop\/\"},{\"@type\":\"ListItem\",\"position\":3,\"name\":\"Os Gatos de Cora\\u00e7\\u00e3o Selvagem\"}]}]}<\/script>\n<!-- \/ Yoast SEO plugin. -->","_links":{"self":[{"href":"https:\/\/livrariasolmar.pt\/en\/wp-json\/wp\/v2\/product\/11442"}],"collection":[{"href":"https:\/\/livrariasolmar.pt\/en\/wp-json\/wp\/v2\/product"}],"about":[{"href":"https:\/\/livrariasolmar.pt\/en\/wp-json\/wp\/v2\/types\/product"}],"author":[{"embeddable":true,"href":"https:\/\/livrariasolmar.pt\/en\/wp-json\/wp\/v2\/users\/2"}],"wp:featuredmedia":[{"embeddable":true,"href":"https:\/\/livrariasolmar.pt\/en\/wp-json\/wp\/v2\/media\/11443"}],"wp:attachment":[{"href":"https:\/\/livrariasolmar.pt\/en\/wp-json\/wp\/v2\/media?parent=11442"}],"wp:term":[{"taxonomy":"product_cat","embeddable":true,"href":"https:\/\/livrariasolmar.pt\/en\/wp-json\/wp\/v2\/product_cat?post=11442"},{"taxonomy":"product_tag","embeddable":true,"href":"https:\/\/livrariasolmar.pt\/en\/wp-json\/wp\/v2\/product_tag?post=11442"},{"taxonomy":"cat_produtos","embeddable":true,"href":"https:\/\/livrariasolmar.pt\/en\/wp-json\/wp\/v2\/cat_produtos?post=11442"}],"curies":[{"name":"wp","href":"https:\/\/api.w.org\/{rel}","templated":true}]}}